{"id":9,"date":"2024-07-12T08:55:51","date_gmt":"2024-07-12T08:55:51","guid":{"rendered":"http:\/\/yaxne.com\/?page_id=9"},"modified":"2024-07-12T08:55:55","modified_gmt":"2024-07-12T08:55:55","slug":"refund_returns","status":"publish","type":"page","link":"https:\/\/yaxne.com\/tr\/refund_returns\/","title":{"rendered":"Para \u0130adesi ve \u0130ade Politikas\u0131"},"content":{"rendered":"<h1 class=\"wp-block-heading\">Geri d\u00f6n\u00fc\u015fler<\/h1>\n\n\n\n<h3 class=\"wp-block-heading\">\u0130ade ve Geri \u00d6deme Politikas\u0131<\/h3>\n\n\n\n<p>Sipari\u015finizi 30 g\u00fcn i\u00e7inde herhangi bir gerek\u00e7e g\u00f6stermeksizin iptal etme hakk\u0131na sahipsiniz.<\/p>\n\n\n\n<p>Bir sipari\u015fi iptal etmek i\u00e7in son tarih, mallar\u0131 teslim ald\u0131\u011f\u0131n\u0131z veya tayin etti\u011finiz ve ta\u015f\u0131y\u0131c\u0131 olmayan \u00fc\u00e7\u00fcnc\u00fc bir taraf\u0131n teslim edilen \u00fcr\u00fcn\u00fc teslim ald\u0131\u011f\u0131 tarihten itibaren 30 g\u00fcnd\u00fcr.<\/p>\n\n\n\n<p>\u0130ptal hakk\u0131n\u0131z\u0131 kullanmak i\u00e7in, karar\u0131n\u0131z\u0131 a\u00e7\u0131k bir beyanla bize bildirmeniz gerekir.<\/p>\n\n\n\n<p>Karar\u0131n\u0131z\u0131 bize e-posta ile bildirebilirsiniz&nbsp;<a target=\"_blank\" href=\"mailto:tianke1223@gmail.com\" rel=\"noreferrer noopener\">tianke1223@gmail.com<\/a><\/p>\n\n\n\n<p>\u0130ade edilen mallar\u0131 ald\u0131\u011f\u0131m\u0131z g\u00fcnden itibaren en ge\u00e7 30 g\u00fcn i\u00e7inde size geri \u00f6deme yapaca\u011f\u0131z. Sipari\u015f i\u00e7in kulland\u0131\u011f\u0131n\u0131z \u00f6deme y\u00f6nteminin ayn\u0131s\u0131n\u0131 kullanaca\u011f\u0131z ve bu geri \u00f6deme i\u00e7in herhangi bir \u00fccret \u00f6demeyeceksiniz.<\/p>\n\n\n\n<h6 class=\"wp-block-heading\">\u0130ade ko\u015fullar\u0131:<\/h6>\n\n\n\n<p>\u00dcr\u00fcnlerin iadeye uygun olabilmesi i\u00e7in l\u00fctfen \u015funlardan emin olun:<\/p>\n\n\n\n<ul class=\"wp-block-list\">\n<li>Mallar son 30 g\u00fcn i\u00e7inde sat\u0131n al\u0131nm\u0131\u015ft\u0131r<\/li>\n\n\n\n<li>\u00dcr\u00fcnlerin orijinal ambalaj\u0131nda olmas\u0131<\/li>\n<\/ul>\n\n\n\n<p>A\u015fa\u011f\u0131daki \u00fcr\u00fcnler iade edilemez:<\/p>\n\n\n\n<ul class=\"wp-block-list\">\n<li>Spesifikasyonlar\u0131n\u0131za g\u00f6re yap\u0131lm\u0131\u015f veya a\u00e7\u0131k\u00e7a ki\u015fiselle\u015ftirilmi\u015f mallar\u0131n tedariki.<\/li>\n\n\n\n<li>Do\u011fas\u0131 gere\u011fi iade edilmeye uygun olmayan mallar\u0131n tedariki, \u00f6rne\u011fin h\u0131zla bozulan veya son kullanma tarihi ge\u00e7en mallar.<\/li>\n\n\n\n<li>Sa\u011fl\u0131\u011f\u0131n korunmas\u0131 veya hijyen nedenleriyle iadeye uygun olmayan ve teslimattan sonra m\u00fchr\u00fc a\u00e7\u0131lm\u0131\u015f mallar\u0131n tedariki.<\/li>\n\n\n\n<li>Teslimattan sonra, do\u011fas\u0131 gere\u011fi, di\u011fer kalemlerle ayr\u0131lmaz bir \u015fekilde kar\u0131\u015fan mallar\u0131n tedariki.<\/li>\n<\/ul>\n\n\n\n<p>Yukar\u0131daki iade ko\u015fullar\u0131n\u0131 kar\u015f\u0131lamayan herhangi bir mal\u0131n iadesini tamamen kendi takdirimize ba\u011fl\u0131 olarak reddetme hakk\u0131m\u0131z sakl\u0131d\u0131r.<\/p>\n\n\n\n<h6 class=\"wp-block-heading\">Mallar\u0131n \u0130adesi<\/h6>\n\n\n\n<p>Mallar\u0131 bize iade etmenin maliyetinden ve riskinden siz sorumlusunuz. Mallar\u0131 a\u015fa\u011f\u0131daki adrese g\u00f6ndermelisiniz:<\/p>\n\n\n\n<p>Global Center S1, 1137, CHENGDU, \u00c7\u0130N, 610000<\/p>\n\n\n\n<p>\u0130ade sevkiyat\u0131nda hasar g\u00f6ren veya kaybolan mallardan sorumlu tutulamay\u0131z. Bu nedenle, sigortal\u0131 ve izlenebilir bir posta hizmeti \u00f6neriyoruz. Mallar\u0131n fiilen teslim al\u0131nd\u0131\u011f\u0131na veya iade teslimat\u0131n\u0131n al\u0131nd\u0131\u011f\u0131na dair kan\u0131t olmadan para iadesi yapam\u0131yoruz.<\/p>\n\n\n\n<h6 class=\"wp-block-heading\">Hediyeler:<\/h6>\n\n\n\n<p>\u00dcr\u00fcnler sat\u0131n al\u0131n\u0131rken hediye olarak i\u015faretlenmi\u015f ve daha sonra do\u011frudan size g\u00f6nderilmi\u015fse, iadenizin de\u011feri kadar bir hediye kredisi alacaks\u0131n\u0131z. \u0130ade edilen \u00fcr\u00fcn teslim al\u0131nd\u0131\u011f\u0131nda, size bir hediye sertifikas\u0131 postalanacakt\u0131r.<\/p>\n\n\n\n<p>\u00dcr\u00fcnler sat\u0131n al\u0131n\u0131rken hediye olarak i\u015faretlenmediyse veya hediye veren ki\u015fi sipari\u015fi daha sonra size vermek \u00fczere kendisine g\u00f6nderdiyse, para iadesini hediye verene g\u00f6nderece\u011fiz.<\/p>\n\n\n\n<h6 class=\"wp-block-heading\">Bize Ula\u015f\u0131n<\/h6>\n\n\n\n<p>\u0130ade ve Geri \u00d6deme Politikam\u0131z hakk\u0131nda herhangi bir sorunuz varsa, l\u00fctfen bizimle e-posta yoluyla ileti\u015fime ge\u00e7in&nbsp;<a target=\"_blank\" href=\"mailto:tianke1223@gmail.com\" rel=\"noreferrer noopener\">tianke1223@gmail.com<\/a><\/p>","protected":false},"excerpt":{"rendered":"<p>Returns Returns &amp; Refunds policy You are entitled to cancel your order within 30 days without giving any reason for doing so. The deadline for canceling an order is 30 days from the date you received the goods or on which a third party you have appointed, who is not the carrier, takes possession of [&hellip;]<\/p>\n","protected":false},"author":1,"featured_media":0,"parent":0,"menu_order":0,"comment_status":"closed","ping_status":"closed","template":"","meta":{"_uag_custom_page_level_css":"","site-sidebar-layout":"default","site-content-layout":"","ast-site-content-layout":"default","site-content-style":"default","site-sidebar-style":"default","ast-global-header-display":"","ast-banner-title-visibility":"","ast-main-header-display":"","ast-hfb-above-header-display":"","ast-hfb-below-header-display":"","ast-hfb-mobile-header-display":"","site-post-title":"","ast-breadcrumbs-content":"","ast-featured-img":"","footer-sml-layout":"","ast-disable-related-posts":"","theme-transparent-header-meta":"","adv-header-id-meta":"","stick-header-meta":"","header-above-stick-meta":"","header-main-stick-meta":"","header-below-stick-meta":"","astra-migrate-meta-layouts":"set","ast-page-background-enabled":"default","ast-page-background-meta":{"desktop":{"background-color":"var(--ast-global-color-4)","background-image":"","background-repeat":"repeat","background-position":"center center","background-size":"auto","background-attachment":"scroll","background-type":"","background-media":"","overlay-type":"","overlay-color":"","overlay-opacity":"","overlay-gradient":""},"tablet":{"background-color":"","background-image":"","background-repeat":"repeat","background-position":"center center","background-size":"auto","background-attachment":"scroll","background-type":"","background-media":"","overlay-type":"","overlay-color":"","overlay-opacity":"","overlay-gradient":""},"mobile":{"background-color":"","background-image":"","background-repeat":"repeat","background-position":"center center","background-size":"auto","background-attachment":"scroll","background-type":"","background-media":"","overlay-type":"","overlay-color":"","overlay-opacity":"","overlay-gradient":""}},"ast-content-background-meta":{"desktop":{"background-color":"var(--ast-global-color-5)","background-image":"","background-repeat":"repeat","background-position":"center center","background-size":"auto","background-attachment":"scroll","background-type":"","background-media":"","overlay-type":"","overlay-color":"","overlay-opacity":"","overlay-gradient":""},"tablet":{"background-color":"var(--ast-global-color-5)","background-image":"","background-repeat":"repeat","background-position":"center center","background-size":"auto","background-attachment":"scroll","background-type":"","background-media":"","overlay-type":"","overlay-color":"","overlay-opacity":"","overlay-gradient":""},"mobile":{"background-color":"var(--ast-global-color-5)","background-image":"","background-repeat":"repeat","background-position":"center center","background-size":"auto","background-attachment":"scroll","background-type":"","background-media":"","overlay-type":"","overlay-color":"","overlay-opacity":"","overlay-gradient":""}},"footnotes":""},"class_list":["post-9","page","type-page","status-publish","hentry"],"yoast_head":"<!-- This site is optimized with the Yoast SEO plugin v27.4 - https:\/\/yoast.com\/product\/yoast-seo-wordpress\/ -->\n<title>Returns Policy-Period Panties,Thong,G-Strings,Compression Sock<\/title>\n<meta name=\"description\" content=\"Understand our returns policy for period panties,thongs,G-strings,compression socks,and more. Shop confidently with our hassle-free returns.\" \/>\n<meta name=\"robots\" content=\"index, follow, max-snippet:-1, max-image-preview:large, max-video-preview:-1\" \/>\n<link rel=\"canonical\" href=\"https:\/\/yaxne.com\/tr\/refund_returns\/\" \/>\n<meta property=\"og:locale\" content=\"tr_TR\" \/>\n<meta property=\"og:type\" content=\"article\" \/>\n<meta property=\"og:title\" content=\"Returns Policy-Period Panties,Thong,G-Strings,Compression Sock\" \/>\n<meta property=\"og:description\" content=\"Understand our returns policy for period panties,thongs,G-strings,compression socks,and more. Shop confidently with our hassle-free returns.\" \/>\n<meta property=\"og:url\" content=\"https:\/\/yaxne.com\/tr\/refund_returns\/\" \/>\n<meta property=\"og:site_name\" content=\"Yaxne\" \/>\n<meta property=\"article:modified_time\" content=\"2024-07-12T08:55:55+00:00\" \/>\n<meta name=\"twitter:card\" content=\"summary_large_image\" \/>\n<meta name=\"twitter:label1\" content=\"Tahmini okuma s\u00fcresi\" \/>\n\t<meta name=\"twitter:data1\" content=\"3 dakika\" \/>\n<script type=\"application\/ld+json\" class=\"yoast-schema-graph\">{\"@context\":\"https:\\\/\\\/schema.org\",\"@graph\":[{\"@type\":\"WebPage\",\"@id\":\"https:\\\/\\\/yaxne.com\\\/refund_returns\\\/\",\"url\":\"https:\\\/\\\/yaxne.com\\\/refund_returns\\\/\",\"name\":\"Returns Policy-Period Panties,Thong,G-Strings,Compression Sock\",\"isPartOf\":{\"@id\":\"https:\\\/\\\/yaxne.com\\\/#website\"},\"datePublished\":\"2024-07-12T08:55:51+00:00\",\"dateModified\":\"2024-07-12T08:55:55+00:00\",\"description\":\"Understand our returns policy for period panties,thongs,G-strings,compression socks,and more. Shop confidently with our hassle-free returns.\",\"breadcrumb\":{\"@id\":\"https:\\\/\\\/yaxne.com\\\/refund_returns\\\/#breadcrumb\"},\"inLanguage\":\"tr\",\"potentialAction\":[{\"@type\":\"ReadAction\",\"target\":[\"https:\\\/\\\/yaxne.com\\\/refund_returns\\\/\"]}]},{\"@type\":\"BreadcrumbList\",\"@id\":\"https:\\\/\\\/yaxne.com\\\/refund_returns\\\/#breadcrumb\",\"itemListElement\":[{\"@type\":\"ListItem\",\"position\":1,\"name\":\"\u9996\u9875\",\"item\":\"https:\\\/\\\/yaxne.com\\\/\"},{\"@type\":\"ListItem\",\"position\":2,\"name\":\"Refund and Returns Policy\"}]},{\"@type\":\"WebSite\",\"@id\":\"https:\\\/\\\/yaxne.com\\\/#website\",\"url\":\"https:\\\/\\\/yaxne.com\\\/\",\"name\":\"yaxne.com\",\"description\":\"\",\"publisher\":{\"@id\":\"https:\\\/\\\/yaxne.com\\\/#organization\"},\"potentialAction\":[{\"@type\":\"SearchAction\",\"target\":{\"@type\":\"EntryPoint\",\"urlTemplate\":\"https:\\\/\\\/yaxne.com\\\/?s={search_term_string}\"},\"query-input\":{\"@type\":\"PropertyValueSpecification\",\"valueRequired\":true,\"valueName\":\"search_term_string\"}}],\"inLanguage\":\"tr\"},{\"@type\":\"Organization\",\"@id\":\"https:\\\/\\\/yaxne.com\\\/#organization\",\"name\":\"yaxne.com\",\"url\":\"https:\\\/\\\/yaxne.com\\\/\",\"logo\":{\"@type\":\"ImageObject\",\"inLanguage\":\"tr\",\"@id\":\"https:\\\/\\\/yaxne.com\\\/#\\\/schema\\\/logo\\\/image\\\/\",\"url\":\"https:\\\/\\\/yaxne.com\\\/wp-content\\\/uploads\\\/2024\\\/07\\\/logo.png\",\"contentUrl\":\"https:\\\/\\\/yaxne.com\\\/wp-content\\\/uploads\\\/2024\\\/07\\\/logo.png\",\"width\":967,\"height\":246,\"caption\":\"yaxne.com\"},\"image\":{\"@id\":\"https:\\\/\\\/yaxne.com\\\/#\\\/schema\\\/logo\\\/image\\\/\"}}]}<\/script>\n<!-- \/ Yoast SEO plugin. -->","yoast_head_json":{"title":"\u0130ade Politikas\u0131-D\u00f6nem K\u00fclotu, Tanga, G-String, Kompresyon \u00c7orab\u0131","description":"Regl k\u00fclotlar\u0131, tangalar, G-stringler, kompresyon \u00e7oraplar\u0131 ve daha fazlas\u0131 i\u00e7in iade politikam\u0131z\u0131 anlay\u0131n. Sorunsuz iadelerimizle g\u00fcvenle al\u0131\u015fveri\u015f yap\u0131n.","robots":{"index":"index","follow":"follow","max-snippet":"max-snippet:-1","max-image-preview":"max-image-preview:large","max-video-preview":"max-video-preview:-1"},"canonical":"https:\/\/yaxne.com\/tr\/refund_returns\/","og_locale":"tr_TR","og_type":"article","og_title":"Returns Policy-Period Panties,Thong,G-Strings,Compression Sock","og_description":"Understand our returns policy for period panties,thongs,G-strings,compression socks,and more. Shop confidently with our hassle-free returns.","og_url":"https:\/\/yaxne.com\/tr\/refund_returns\/","og_site_name":"Yaxne","article_modified_time":"2024-07-12T08:55:55+00:00","twitter_card":"summary_large_image","twitter_misc":{"Tahmini okuma s\u00fcresi":"3 dakika"},"schema":{"@context":"https:\/\/schema.org","@graph":[{"@type":"WebPage","@id":"https:\/\/yaxne.com\/refund_returns\/","url":"https:\/\/yaxne.com\/refund_returns\/","name":"\u0130ade Politikas\u0131-D\u00f6nem K\u00fclotu, Tanga, G-String, Kompresyon \u00c7orab\u0131","isPartOf":{"@id":"https:\/\/yaxne.com\/#website"},"datePublished":"2024-07-12T08:55:51+00:00","dateModified":"2024-07-12T08:55:55+00:00","description":"Regl k\u00fclotlar\u0131, tangalar, G-stringler, kompresyon \u00e7oraplar\u0131 ve daha fazlas\u0131 i\u00e7in iade politikam\u0131z\u0131 anlay\u0131n. Sorunsuz iadelerimizle g\u00fcvenle al\u0131\u015fveri\u015f yap\u0131n.","breadcrumb":{"@id":"https:\/\/yaxne.com\/refund_returns\/#breadcrumb"},"inLanguage":"tr","potentialAction":[{"@type":"ReadAction","target":["https:\/\/yaxne.com\/refund_returns\/"]}]},{"@type":"BreadcrumbList","@id":"https:\/\/yaxne.com\/refund_returns\/#breadcrumb","itemListElement":[{"@type":"ListItem","position":1,"name":"\u9996\u9875","item":"https:\/\/yaxne.com\/"},{"@type":"ListItem","position":2,"name":"Refund and Returns Policy"}]},{"@type":"WebSite","@id":"https:\/\/yaxne.com\/#website","url":"https:\/\/yaxne.com\/","name":"yaxne.com","description":"","publisher":{"@id":"https:\/\/yaxne.com\/#organization"},"potentialAction":[{"@type":"SearchAction","target":{"@type":"EntryPoint","urlTemplate":"https:\/\/yaxne.com\/?s={search_term_string}"},"query-input":{"@type":"PropertyValueSpecification","valueRequired":true,"valueName":"search_term_string"}}],"inLanguage":"tr"},{"@type":"Organization","@id":"https:\/\/yaxne.com\/#organization","name":"yaxne.com","url":"https:\/\/yaxne.com\/","logo":{"@type":"ImageObject","inLanguage":"tr","@id":"https:\/\/yaxne.com\/#\/schema\/logo\/image\/","url":"https:\/\/yaxne.com\/wp-content\/uploads\/2024\/07\/logo.png","contentUrl":"https:\/\/yaxne.com\/wp-content\/uploads\/2024\/07\/logo.png","width":967,"height":246,"caption":"yaxne.com"},"image":{"@id":"https:\/\/yaxne.com\/#\/schema\/logo\/image\/"}}]}},"uagb_featured_image_src":{"full":false,"thumbnail":false,"medium":false,"medium_large":false,"large":false,"1536x1536":false,"2048x2048":false,"trp-custom-language-flag":false,"woocommerce_thumbnail":false,"woocommerce_single":false,"woocommerce_gallery_thumbnail":false},"uagb_author_info":{"display_name":"tianke1223@gmail.com","author_link":"https:\/\/yaxne.com\/tr\/author\/tianke1223gmail-com\/"},"uagb_comment_info":0,"uagb_excerpt":"Returns Returns &amp; Refunds policy You are entitled to cancel your order within 30 days without giving any reason for doing so. The deadline for canceling an order is 30 days from the date you received the goods or on which a third party you have appointed, who is not the carrier, takes possession of&hellip;","jetpack_sharing_enabled":true,"_links":{"self":[{"href":"https:\/\/yaxne.com\/tr\/wp-json\/wp\/v2\/pages\/9","targetHints":{"allow":["GET"]}}],"collection":[{"href":"https:\/\/yaxne.com\/tr\/wp-json\/wp\/v2\/pages"}],"about":[{"href":"https:\/\/yaxne.com\/tr\/wp-json\/wp\/v2\/types\/page"}],"author":[{"embeddable":true,"href":"https:\/\/yaxne.com\/tr\/wp-json\/wp\/v2\/users\/1"}],"replies":[{"embeddable":true,"href":"https:\/\/yaxne.com\/tr\/wp-json\/wp\/v2\/comments?post=9"}],"version-history":[{"count":1,"href":"https:\/\/yaxne.com\/tr\/wp-json\/wp\/v2\/pages\/9\/revisions"}],"predecessor-version":[{"id":2452,"href":"https:\/\/yaxne.com\/tr\/wp-json\/wp\/v2\/pages\/9\/revisions\/2452"}],"wp:attachment":[{"href":"https:\/\/yaxne.com\/tr\/wp-json\/wp\/v2\/media?parent=9"}],"curies":[{"name":"wp","href":"https:\/\/api.w.org\/{rel}","templated":true}]}}