{"id":3,"date":"2024-07-08T02:26:21","date_gmt":"2024-07-08T02:26:21","guid":{"rendered":"http:\/\/yaxne.com\/?page_id=3"},"modified":"2024-07-12T08:49:36","modified_gmt":"2024-07-12T08:49:36","slug":"privacy-policy","status":"publish","type":"page","link":"https:\/\/yaxne.com\/tr\/gizlilik-politikasi\/","title":{"rendered":"Gizlilik Politikas\u0131"},"content":{"rendered":"<h3 class=\"wp-block-heading\">Gizlilik Politikas\u0131<\/h3>\n\n\n\n<p>Yaxne.com web sitesi, ki\u015fisel verilerinizin veri denetleyicisi olan Yaxne'ye aittir.<\/p>\n\n\n\n<p>Yaxne.com taraf\u0131ndan toplanan bilgileri nas\u0131l i\u015fledi\u011fimizi belirleyen ve ayr\u0131ca sizinle ilgili belirli ki\u015fisel verileri neden toplamam\u0131z gerekti\u011finin nedenlerini sa\u011flayan bu Gizlilik Politikas\u0131n\u0131 kabul ettik. Bu nedenle, Yaxne.com web sitesini kullanmadan \u00f6nce bu Gizlilik Politikas\u0131n\u0131 okumal\u0131s\u0131n\u0131z.<\/p>\n\n\n\n<p>Ki\u015fisel verilerinize \u00f6zen g\u00f6steriyor ve bunlar\u0131n gizlili\u011fini ve g\u00fcvenli\u011fini garanti etmeyi taahh\u00fct ediyoruz.<\/p>\n\n\n\n<h6 class=\"wp-block-heading\"><strong>Toplad\u0131\u011f\u0131m\u0131z ki\u015fisel bilgiler:<\/strong><\/h6>\n\n\n\n<p>Yaxne.com'u ziyaret etti\u011finizde, web taray\u0131c\u0131n\u0131z, IP adresiniz, saat diliminiz ve cihaz\u0131n\u0131zda y\u00fckl\u00fc \u00e7erezlerden baz\u0131lar\u0131 hakk\u0131nda bilgiler dahil olmak \u00fczere cihaz\u0131n\u0131z hakk\u0131nda belirli bilgileri otomatik olarak toplar\u0131z. Ayr\u0131ca, Sitede gezinirken, g\u00f6r\u00fcnt\u00fcledi\u011finiz tek tek web sayfalar\u0131 veya \u00fcr\u00fcnler, sizi Siteye y\u00f6nlendiren web siteleri veya arama terimleri ve Site ile nas\u0131l etkile\u015fimde bulundu\u011funuz hakk\u0131nda bilgi toplar\u0131z. Otomatik olarak toplanan bu bilgileri \"Cihaz Bilgileri\" olarak adland\u0131r\u0131yoruz. Ayr\u0131ca, s\u00f6zle\u015fmeyi yerine getirebilmek i\u00e7in kay\u0131t s\u0131ras\u0131nda bize sa\u011flad\u0131\u011f\u0131n\u0131z ki\u015fisel verileri (Ad, Soyad\u0131, Adres, \u00f6deme bilgileri vb. dahil ancak bunlarla s\u0131n\u0131rl\u0131 olmamak \u00fczere) toplayabiliriz.<\/p>\n\n\n\n<h6 class=\"wp-block-heading\"><strong>Verilerinizi neden i\u015fliyoruz?<\/strong><\/h6>\n\n\n\n<p>En \u00f6nemli \u00f6nceli\u011fimiz m\u00fc\u015fteri veri g\u00fcvenli\u011fidir ve bu nedenle, yaln\u0131zca web sitesini s\u00fcrd\u00fcrmek i\u00e7in kesinlikle gerekli oldu\u011fu kadar minimum kullan\u0131c\u0131 verilerini i\u015fleyebiliriz. Otomatik olarak toplanan bilgiler yaln\u0131zca olas\u0131 k\u00f6t\u00fcye kullan\u0131m vakalar\u0131n\u0131 belirlemek ve web sitesi kullan\u0131m\u0131na ili\u015fkin istatistiksel bilgiler olu\u015fturmak i\u00e7in kullan\u0131l\u0131r. Bu istatistiksel bilgiler, sistemin belirli bir kullan\u0131c\u0131s\u0131n\u0131 tan\u0131mlayacak \u015fekilde bir araya getirilmez.<\/p>\n\n\n\n<p>Web sitesini bize kim oldu\u011funuzu s\u00f6ylemeden veya birisinin sizi belirli, tan\u0131mlanabilir bir birey olarak tan\u0131mlayabilece\u011fi herhangi bir bilgiyi if\u015fa etmeden ziyaret edebilirsiniz. Bununla birlikte, web sitesinin baz\u0131 \u00f6zelliklerini kullanmak veya haber b\u00fcltenimizi almak ya da bir form doldurarak di\u011fer ayr\u0131nt\u0131lar\u0131 sa\u011flamak isterseniz, bize e-posta adresiniz, ad\u0131n\u0131z, soyad\u0131n\u0131z, ikamet etti\u011finiz \u015fehir, kurulu\u015funuz, telefon numaran\u0131z gibi ki\u015fisel verilerinizi sa\u011flayabilirsiniz. Bize ki\u015fisel verilerinizi vermemeyi se\u00e7ebilirsiniz, ancak bu durumda web sitesinin baz\u0131 \u00f6zelliklerinden yararlanamayabilirsiniz. \u00d6rne\u011fin, B\u00fcltenimizi alamayacak veya do\u011frudan web sitesinden bizimle ileti\u015fime ge\u00e7emeyeceksiniz. Hangi bilgilerin zorunlu oldu\u011fu konusunda emin olmayan kullan\u0131c\u0131lar a\u015fa\u011f\u0131daki yollarla bizimle ileti\u015fime ge\u00e7ebilirler <a target=\"_blank\" href=\"mailto:tianke1223@gmail.com\" rel=\"noreferrer noopener\">tianke1223@gmail.com<\/a>.<\/p>\n\n\n\n<h6 class=\"wp-block-heading\"><strong>Sizin haklar\u0131n\u0131z:<\/strong><\/h6>\n\n\n\n<p>Avrupa'da ikamet ediyorsan\u0131z, ki\u015fisel verilerinizle ilgili olarak a\u015fa\u011f\u0131daki haklara sahipsiniz:<\/p>\n\n\n\n<ul class=\"wp-block-list\">\n<li>Bilgilendirilme hakk\u0131.<\/li>\n\n\n\n<li>Eri\u015fim hakk\u0131.<\/li>\n\n\n\n<li>D\u00fczeltme hakk\u0131.<\/li>\n\n\n\n<li>Silme hakk\u0131.<\/li>\n\n\n\n<li>\u0130\u015flemeyi k\u0131s\u0131tlama hakk\u0131.<\/li>\n\n\n\n<li>Veri ta\u015f\u0131nabilirli\u011fi hakk\u0131.<\/li>\n\n\n\n<li>\u0130tiraz etme hakk\u0131.<\/li>\n\n\n\n<li>Otomatik karar verme ve profil olu\u015fturma ile ilgili haklar.<\/li>\n<\/ul>\n\n\n\n<p>Bu hakk\u0131n\u0131z\u0131 kullanmak isterseniz, l\u00fctfen a\u015fa\u011f\u0131daki ileti\u015fim bilgileri arac\u0131l\u0131\u011f\u0131yla bizimle ileti\u015fime ge\u00e7in.<\/p>\n\n\n\n<p>Ayr\u0131ca, Avrupa'da ikamet ediyorsan\u0131z, bilgilerinizi sizinle yapabilece\u011fimiz s\u00f6zle\u015fmeleri yerine getirmek i\u00e7in (\u00f6rne\u011fin, Site \u00fczerinden bir sipari\u015f vermeniz durumunda) veya yukar\u0131da listelenen me\u015fru ticari \u00e7\u0131karlar\u0131m\u0131z\u0131 takip etmek i\u00e7in i\u015fledi\u011fimizi belirtiyoruz. Ayr\u0131ca, bilgilerinizin Kanada ve Amerika Birle\u015fik Devletleri de dahil olmak \u00fczere Avrupa d\u0131\u015f\u0131na aktar\u0131labilece\u011fini l\u00fctfen unutmay\u0131n.<\/p>\n\n\n\n<h6 class=\"wp-block-heading\"><strong>Di\u011fer web sitelerine ba\u011flant\u0131lar:<\/strong><\/h6>\n\n\n\n<p>Web sitemiz, bize ait olmayan veya bizim taraf\u0131m\u0131zdan kontrol edilmeyen di\u011fer web sitelerine ba\u011flant\u0131lar i\u00e7erebilir. L\u00fctfen bu t\u00fcr di\u011fer web sitelerinden veya \u00fc\u00e7\u00fcnc\u00fc taraflar\u0131n gizlilik uygulamalar\u0131ndan sorumlu olmad\u0131\u011f\u0131m\u0131z\u0131 unutmay\u0131n. Web sitemizden ayr\u0131ld\u0131\u011f\u0131n\u0131zda dikkatli olman\u0131z\u0131 ve ki\u015fisel bilgi toplayabilecek her web sitesinin gizlilik bildirimlerini okuman\u0131z\u0131 \u00f6neririz.<\/p>\n\n\n\n<h6 class=\"wp-block-heading\"><strong>Bilgi g\u00fcvenli\u011fi:<\/strong><\/h6>\n\n\n\n<p>Sa\u011flad\u0131\u011f\u0131n\u0131z bilgileri, yetkisiz eri\u015fim, kullan\u0131m veya if\u015fadan korunan kontroll\u00fc, g\u00fcvenli bir ortamda bilgisayar sunucular\u0131nda g\u00fcvence alt\u0131na al\u0131r\u0131z. Yetkisiz eri\u015fim, kullan\u0131m, de\u011fi\u015fiklik ve ki\u015fisel verilerin if\u015fas\u0131na kar\u015f\u0131 koruma sa\u011flamak i\u00e7in makul idari, teknik ve fiziksel \u00f6nlemleri kontrol ve g\u00f6zetim alt\u0131nda tutar\u0131z. Ancak, \u0130nternet veya kablosuz a\u011f \u00fczerinden hi\u00e7bir veri aktar\u0131m\u0131 garanti edilemez.<\/p>\n\n\n\n<h6 class=\"wp-block-heading\"><strong>Yasal a\u00e7\u0131klama:<\/strong><\/h6>\n\n\n\n<p>Toplad\u0131\u011f\u0131m\u0131z, kulland\u0131\u011f\u0131m\u0131z veya ald\u0131\u011f\u0131m\u0131z bilgileri, mahkeme celbi veya benzeri bir yasal s\u00fcrece uymak gibi yasalar\u0131n gerektirdi\u011fi veya izin verdi\u011fi durumlarda ve haklar\u0131m\u0131z\u0131 korumak, sizin veya ba\u015fkalar\u0131n\u0131n g\u00fcvenli\u011fini korumak, doland\u0131r\u0131c\u0131l\u0131\u011f\u0131 ara\u015ft\u0131rmak veya bir devlet talebine yan\u0131t vermek i\u00e7in if\u015fa etmenin gerekli oldu\u011funa iyi niyetle inand\u0131\u011f\u0131m\u0131zda if\u015fa edece\u011fiz.<\/p>\n\n\n\n<h6 class=\"wp-block-heading\"><strong>\u0130leti\u015fim bilgileri:<\/strong><\/h6>\n\n\n\n<p>Bu Politika hakk\u0131nda daha fazla bilgi edinmek i\u00e7in bizimle ileti\u015fime ge\u00e7mek isterseniz veya bireysel haklar\u0131n\u0131z ve Ki\u015fisel Bilgilerinizle ilgili herhangi bir konuda bizimle ileti\u015fime ge\u00e7mek isterseniz, a\u015fa\u011f\u0131daki adrese bir e-posta g\u00f6nderebilirsiniz <a target=\"_blank\" href=\"mailto:tianke1223@gmail.com\" rel=\"noreferrer noopener\">tianke1223@gmail.com<\/a>.<\/p>","protected":false},"excerpt":{"rendered":"<p>Privacy Policy Yaxne.com website is owned by Yaxne, which is a data controller of your personal data. We have adopted this Privacy Policy, which determines how we are processing the information collected by Yaxne.com, which also provides the reasons why we must collect certain personal data about you. Therefore, you must read this Privacy Policy [&hellip;]<\/p>\n","protected":false},"author":1,"featured_media":0,"parent":0,"menu_order":0,"comment_status":"closed","ping_status":"open","template":"","meta":{"_uag_custom_page_level_css":"","site-sidebar-layout":"default","site-content-layout":"","ast-site-content-layout":"default","site-content-style":"default","site-sidebar-style":"default","ast-global-header-display":"","ast-banner-title-visibility":"","ast-main-header-display":"","ast-hfb-above-header-display":"","ast-hfb-below-header-display":"","ast-hfb-mobile-header-display":"","site-post-title":"","ast-breadcrumbs-content":"","ast-featured-img":"","footer-sml-layout":"","ast-disable-related-posts":"","theme-transparent-header-meta":"","adv-header-id-meta":"","stick-header-meta":"","header-above-stick-meta":"","header-main-stick-meta":"","header-below-stick-meta":"","astra-migrate-meta-layouts":"set","ast-page-background-enabled":"default","ast-page-background-meta":{"desktop":{"background-color":"var(--ast-global-color-4)","background-image":"","background-repeat":"repeat","background-position":"center center","background-size":"auto","background-attachment":"scroll","background-type":"","background-media":"","overlay-type":"","overlay-color":"","overlay-opacity":"","overlay-gradient":""},"tablet":{"background-color":"","background-image":"","background-repeat":"repeat","background-position":"center center","background-size":"auto","background-attachment":"scroll","background-type":"","background-media":"","overlay-type":"","overlay-color":"","overlay-opacity":"","overlay-gradient":""},"mobile":{"background-color":"","background-image":"","background-repeat":"repeat","background-position":"center center","background-size":"auto","background-attachment":"scroll","background-type":"","background-media":"","overlay-type":"","overlay-color":"","overlay-opacity":"","overlay-gradient":""}},"ast-content-background-meta":{"desktop":{"background-color":"var(--ast-global-color-5)","background-image":"","background-repeat":"repeat","background-position":"center center","background-size":"auto","background-attachment":"scroll","background-type":"","background-media":"","overlay-type":"","overlay-color":"","overlay-opacity":"","overlay-gradient":""},"tablet":{"background-color":"var(--ast-global-color-5)","background-image":"","background-repeat":"repeat","background-position":"center center","background-size":"auto","background-attachment":"scroll","background-type":"","background-media":"","overlay-type":"","overlay-color":"","overlay-opacity":"","overlay-gradient":""},"mobile":{"background-color":"var(--ast-global-color-5)","background-image":"","background-repeat":"repeat","background-position":"center center","background-size":"auto","background-attachment":"scroll","background-type":"","background-media":"","overlay-type":"","overlay-color":"","overlay-opacity":"","overlay-gradient":""}},"footnotes":""},"class_list":["post-3","page","type-page","status-publish","hentry"],"yoast_head":"<!-- This site is optimized with the Yoast SEO plugin v27.4 - https:\/\/yoast.com\/product\/yoast-seo-wordpress\/ -->\n<title>Privacy Policy-Period Panties,G-Strings,Thongs,Compression Sock<\/title>\n<meta name=\"description\" content=\"Learn how we protect your privacy when you shop for period panties,thongs,G-strings, and compression socks.Your data security is our priority.\" \/>\n<meta name=\"robots\" content=\"index, follow, max-snippet:-1, max-image-preview:large, max-video-preview:-1\" \/>\n<link rel=\"canonical\" href=\"https:\/\/yaxne.com\/tr\/gizlilik-politikasi\/\" \/>\n<meta property=\"og:locale\" content=\"tr_TR\" \/>\n<meta property=\"og:type\" content=\"article\" \/>\n<meta property=\"og:title\" content=\"Privacy Policy-Period Panties,G-Strings,Thongs,Compression Sock\" \/>\n<meta property=\"og:description\" content=\"Learn how we protect your privacy when you shop for period panties,thongs,G-strings, and compression socks.Your data security is our priority.\" \/>\n<meta property=\"og:url\" content=\"https:\/\/yaxne.com\/tr\/gizlilik-politikasi\/\" \/>\n<meta property=\"og:site_name\" content=\"Yaxne\" \/>\n<meta property=\"article:modified_time\" content=\"2024-07-12T08:49:36+00:00\" \/>\n<meta name=\"twitter:card\" content=\"summary_large_image\" \/>\n<meta name=\"twitter:label1\" content=\"Tahmini okuma s\u00fcresi\" \/>\n\t<meta name=\"twitter:data1\" content=\"5 dakika\" \/>\n<script type=\"application\/ld+json\" class=\"yoast-schema-graph\">{\"@context\":\"https:\\\/\\\/schema.org\",\"@graph\":[{\"@type\":\"WebPage\",\"@id\":\"https:\\\/\\\/yaxne.com\\\/privacy-policy\\\/\",\"url\":\"https:\\\/\\\/yaxne.com\\\/privacy-policy\\\/\",\"name\":\"Privacy Policy-Period Panties,G-Strings,Thongs,Compression Sock\",\"isPartOf\":{\"@id\":\"https:\\\/\\\/yaxne.com\\\/#website\"},\"datePublished\":\"2024-07-08T02:26:21+00:00\",\"dateModified\":\"2024-07-12T08:49:36+00:00\",\"description\":\"Learn how we protect your privacy when you shop for period panties,thongs,G-strings, and compression socks.Your data security is our priority.\",\"breadcrumb\":{\"@id\":\"https:\\\/\\\/yaxne.com\\\/privacy-policy\\\/#breadcrumb\"},\"inLanguage\":\"tr\",\"potentialAction\":[{\"@type\":\"ReadAction\",\"target\":[\"https:\\\/\\\/yaxne.com\\\/privacy-policy\\\/\"]}]},{\"@type\":\"BreadcrumbList\",\"@id\":\"https:\\\/\\\/yaxne.com\\\/privacy-policy\\\/#breadcrumb\",\"itemListElement\":[{\"@type\":\"ListItem\",\"position\":1,\"name\":\"\u9996\u9875\",\"item\":\"https:\\\/\\\/yaxne.com\\\/\"},{\"@type\":\"ListItem\",\"position\":2,\"name\":\"Privacy Policy\"}]},{\"@type\":\"WebSite\",\"@id\":\"https:\\\/\\\/yaxne.com\\\/#website\",\"url\":\"https:\\\/\\\/yaxne.com\\\/\",\"name\":\"yaxne.com\",\"description\":\"\",\"publisher\":{\"@id\":\"https:\\\/\\\/yaxne.com\\\/#organization\"},\"potentialAction\":[{\"@type\":\"SearchAction\",\"target\":{\"@type\":\"EntryPoint\",\"urlTemplate\":\"https:\\\/\\\/yaxne.com\\\/?s={search_term_string}\"},\"query-input\":{\"@type\":\"PropertyValueSpecification\",\"valueRequired\":true,\"valueName\":\"search_term_string\"}}],\"inLanguage\":\"tr\"},{\"@type\":\"Organization\",\"@id\":\"https:\\\/\\\/yaxne.com\\\/#organization\",\"name\":\"yaxne.com\",\"url\":\"https:\\\/\\\/yaxne.com\\\/\",\"logo\":{\"@type\":\"ImageObject\",\"inLanguage\":\"tr\",\"@id\":\"https:\\\/\\\/yaxne.com\\\/#\\\/schema\\\/logo\\\/image\\\/\",\"url\":\"https:\\\/\\\/yaxne.com\\\/wp-content\\\/uploads\\\/2024\\\/07\\\/logo.png\",\"contentUrl\":\"https:\\\/\\\/yaxne.com\\\/wp-content\\\/uploads\\\/2024\\\/07\\\/logo.png\",\"width\":967,\"height\":246,\"caption\":\"yaxne.com\"},\"image\":{\"@id\":\"https:\\\/\\\/yaxne.com\\\/#\\\/schema\\\/logo\\\/image\\\/\"}}]}<\/script>\n<!-- \/ Yoast SEO plugin. -->","yoast_head_json":{"title":"Gizlilik Politikas\u0131-Period K\u00fclot,G-String,Tanga,Kompresyon \u00c7orab\u0131","description":"Regl k\u00fclotlar\u0131, tangalar, G-stringler ve kompresyon \u00e7oraplar\u0131 i\u00e7in al\u0131\u015fveri\u015f yaparken gizlili\u011finizi nas\u0131l korudu\u011fumuzu \u00f6\u011frenin Veri g\u00fcvenli\u011finiz bizim \u00f6nceli\u011fimizdir.","robots":{"index":"index","follow":"follow","max-snippet":"max-snippet:-1","max-image-preview":"max-image-preview:large","max-video-preview":"max-video-preview:-1"},"canonical":"https:\/\/yaxne.com\/tr\/gizlilik-politikasi\/","og_locale":"tr_TR","og_type":"article","og_title":"Privacy Policy-Period Panties,G-Strings,Thongs,Compression Sock","og_description":"Learn how we protect your privacy when you shop for period panties,thongs,G-strings, and compression socks.Your data security is our priority.","og_url":"https:\/\/yaxne.com\/tr\/gizlilik-politikasi\/","og_site_name":"Yaxne","article_modified_time":"2024-07-12T08:49:36+00:00","twitter_card":"summary_large_image","twitter_misc":{"Tahmini okuma s\u00fcresi":"5 dakika"},"schema":{"@context":"https:\/\/schema.org","@graph":[{"@type":"WebPage","@id":"https:\/\/yaxne.com\/privacy-policy\/","url":"https:\/\/yaxne.com\/privacy-policy\/","name":"Gizlilik Politikas\u0131-Period K\u00fclot,G-String,Tanga,Kompresyon \u00c7orab\u0131","isPartOf":{"@id":"https:\/\/yaxne.com\/#website"},"datePublished":"2024-07-08T02:26:21+00:00","dateModified":"2024-07-12T08:49:36+00:00","description":"Regl k\u00fclotlar\u0131, tangalar, G-stringler ve kompresyon \u00e7oraplar\u0131 i\u00e7in al\u0131\u015fveri\u015f yaparken gizlili\u011finizi nas\u0131l korudu\u011fumuzu \u00f6\u011frenin Veri g\u00fcvenli\u011finiz bizim \u00f6nceli\u011fimizdir.","breadcrumb":{"@id":"https:\/\/yaxne.com\/privacy-policy\/#breadcrumb"},"inLanguage":"tr","potentialAction":[{"@type":"ReadAction","target":["https:\/\/yaxne.com\/privacy-policy\/"]}]},{"@type":"BreadcrumbList","@id":"https:\/\/yaxne.com\/privacy-policy\/#breadcrumb","itemListElement":[{"@type":"ListItem","position":1,"name":"\u9996\u9875","item":"https:\/\/yaxne.com\/"},{"@type":"ListItem","position":2,"name":"Privacy Policy"}]},{"@type":"WebSite","@id":"https:\/\/yaxne.com\/#website","url":"https:\/\/yaxne.com\/","name":"yaxne.com","description":"","publisher":{"@id":"https:\/\/yaxne.com\/#organization"},"potentialAction":[{"@type":"SearchAction","target":{"@type":"EntryPoint","urlTemplate":"https:\/\/yaxne.com\/?s={search_term_string}"},"query-input":{"@type":"PropertyValueSpecification","valueRequired":true,"valueName":"search_term_string"}}],"inLanguage":"tr"},{"@type":"Organization","@id":"https:\/\/yaxne.com\/#organization","name":"yaxne.com","url":"https:\/\/yaxne.com\/","logo":{"@type":"ImageObject","inLanguage":"tr","@id":"https:\/\/yaxne.com\/#\/schema\/logo\/image\/","url":"https:\/\/yaxne.com\/wp-content\/uploads\/2024\/07\/logo.png","contentUrl":"https:\/\/yaxne.com\/wp-content\/uploads\/2024\/07\/logo.png","width":967,"height":246,"caption":"yaxne.com"},"image":{"@id":"https:\/\/yaxne.com\/#\/schema\/logo\/image\/"}}]}},"uagb_featured_image_src":{"full":false,"thumbnail":false,"medium":false,"medium_large":false,"large":false,"1536x1536":false,"2048x2048":false,"trp-custom-language-flag":false,"woocommerce_thumbnail":false,"woocommerce_single":false,"woocommerce_gallery_thumbnail":false},"uagb_author_info":{"display_name":"tianke1223@gmail.com","author_link":"https:\/\/yaxne.com\/tr\/author\/tianke1223gmail-com\/"},"uagb_comment_info":0,"uagb_excerpt":"Privacy Policy Yaxne.com website is owned by Yaxne, which is a data controller of your personal data. We have adopted this Privacy Policy, which determines how we are processing the information collected by Yaxne.com, which also provides the reasons why we must collect certain personal data about you. Therefore, you must read this Privacy Policy&hellip;","jetpack_sharing_enabled":true,"_links":{"self":[{"href":"https:\/\/yaxne.com\/tr\/wp-json\/wp\/v2\/pages\/3","targetHints":{"allow":["GET"]}}],"collection":[{"href":"https:\/\/yaxne.com\/tr\/wp-json\/wp\/v2\/pages"}],"about":[{"href":"https:\/\/yaxne.com\/tr\/wp-json\/wp\/v2\/types\/page"}],"author":[{"embeddable":true,"href":"https:\/\/yaxne.com\/tr\/wp-json\/wp\/v2\/users\/1"}],"replies":[{"embeddable":true,"href":"https:\/\/yaxne.com\/tr\/wp-json\/wp\/v2\/comments?post=3"}],"version-history":[{"count":2,"href":"https:\/\/yaxne.com\/tr\/wp-json\/wp\/v2\/pages\/3\/revisions"}],"predecessor-version":[{"id":2451,"href":"https:\/\/yaxne.com\/tr\/wp-json\/wp\/v2\/pages\/3\/revisions\/2451"}],"wp:attachment":[{"href":"https:\/\/yaxne.com\/tr\/wp-json\/wp\/v2\/media?parent=3"}],"curies":[{"name":"wp","href":"https:\/\/api.w.org\/{rel}","templated":true}]}}