{"id":2453,"date":"2024-07-12T09:04:28","date_gmt":"2024-07-12T09:04:28","guid":{"rendered":"https:\/\/yaxne.com\/?page_id=2453"},"modified":"2024-07-15T13:32:01","modified_gmt":"2024-07-15T13:32:01","slug":"payment-policy","status":"publish","type":"page","link":"https:\/\/yaxne.com\/tr\/odeme-poli\u0307ti\u0307kasi\/","title":{"rendered":"\u00d6deme Politikas\u0131"},"content":{"rendered":"<p>\u00d6DEME Y\u00d6NTEM\u0130<\/p>\n\n\n\n<p>Visa, MasterCard ve American Express kartlar\u0131n\u0131 kabul ediyoruz.<\/p>\n\n\n\n<p>PayPal ile \u00f6deme yapmay\u0131 da se\u00e7ebilirsiniz. \u00d6deme s\u0131ras\u0131nda bu se\u00e7ene\u011fi se\u00e7ti\u011finizde, Yaxne.com'a d\u00f6nmeden \u00f6nce sat\u0131n alma i\u015fleminizi tamamlamak i\u00e7in PayPal sitesine y\u00f6nlendirileceksiniz.<\/p>\n\n\n\n<p>Kart i\u015flemi onaylan\u0131rsa, tutar hemen Yaxne.com'da rezerve edilecek ve e-postan\u0131za bir sipari\u015f onay\u0131 alacaks\u0131n\u0131z. Kredi kart\u0131 i\u015flemi onaylanmazsa, sipari\u015finiz iptal edilecektir. Bu konuda herhangi bir sorunuz varsa l\u00fctfen bankan\u0131zla veya kart sa\u011flay\u0131c\u0131n\u0131zla ileti\u015fime ge\u00e7in.<\/p>\n\n\n\n<p>\u00d6DEME G\u00dcVENLI\u011eI<\/p>\n\n\n\n<p>Yaxne.com, internet \u00fczerinden bize g\u00f6nderdi\u011finiz verileri \u015fifrelemek ve korumak i\u00e7in Secure Socket Layer (SSL) teknolojisini kullan\u0131r. SSL etkinle\u015ftirilmi\u015fse, taray\u0131c\u0131n\u0131z\u0131n \u00fcst k\u0131sm\u0131nda bir asma kilit g\u00f6receksiniz ve SSL dijital sertifika kayd\u0131 hakk\u0131nda daha fazla bilgi edinmek i\u00e7in buna t\u0131klayabilirsiniz.<\/p>\n\n\n\n<p>Ayr\u0131ca, taray\u0131c\u0131n\u0131n \u00fcst k\u0131sm\u0131ndaki URL'ye bakt\u0131\u011f\u0131n\u0131zda 'http' yerine 'https' ile ba\u015flad\u0131\u011f\u0131n\u0131 g\u00f6receksiniz. Bu, g\u00fcvenli modda oldu\u011funuz anlam\u0131na gelir.<\/p>\n\n\n\n<p>Yaxne.com, Cybertrust'a \u00f6zg\u00fcn bir site olarak kay\u0131tl\u0131d\u0131r. Bu, bilgilerinizin web taray\u0131c\u0131n\u0131z ile web sunucumuz aras\u0131nda gizli tutulmas\u0131n\u0131 sa\u011flar.<\/p>\n\n\n\n<p>Kart\u0131n\u0131z\u0131 d\u00fczenleyen kurum AB'de bulunuyorsa, ikinci \u00d6deme Hizmetleri Direktifi (PSD2) kapsam\u0131ndaki yeni bir gereklilik nedeniyle \u00f6demenizi do\u011frulaman\u0131z istenebilir. Daha fazla bilgi girmeniz i\u00e7in \u00f6zel bir sayfaya y\u00f6nlendirileceksiniz veya cep telefonunuzu kullanarak \u00f6demeyi yetkilendirmeniz istenecektir. \u0130\u015flem tamamland\u0131\u011f\u0131nda Yaxne.com'a geri d\u00f6neceksiniz.<\/p>","protected":false},"excerpt":{"rendered":"<p>PAYMENT METHOD We accept Visa, MasterCard and American Express cards. You can also choose to pay with PayPal. When selecting this option at checkout, you will be directed to the PayPal site to complete your purchase before returning to Yaxne.com. If the card transaction is approved, the amount will be reserved immediately Yaxne.com and you [&hellip;]<\/p>\n","protected":false},"author":1,"featured_media":0,"parent":0,"menu_order":0,"comment_status":"closed","ping_status":"closed","template":"","meta":{"_uag_custom_page_level_css":"","site-sidebar-layout":"default","site-content-layout":"","ast-site-content-layout":"default","site-content-style":"default","site-sidebar-style":"default","ast-global-header-display":"","ast-banner-title-visibility":"","ast-main-header-display":"","ast-hfb-above-header-display":"","ast-hfb-below-header-display":"","ast-hfb-mobile-header-display":"","site-post-title":"","ast-breadcrumbs-content":"","ast-featured-img":"","footer-sml-layout":"","ast-disable-related-posts":"","theme-transparent-header-meta":"","adv-header-id-meta":"","stick-header-meta":"","header-above-stick-meta":"","header-main-stick-meta":"","header-below-stick-meta":"","astra-migrate-meta-layouts":"set","ast-page-background-enabled":"default","ast-page-background-meta":{"desktop":{"background-color":"var(--ast-global-color-4)","background-image":"","background-repeat":"repeat","background-position":"center center","background-size":"auto","background-attachment":"scroll","background-type":"","background-media":"","overlay-type":"","overlay-color":"","overlay-opacity":"","overlay-gradient":""},"tablet":{"background-color":"","background-image":"","background-repeat":"repeat","background-position":"center center","background-size":"auto","background-attachment":"scroll","background-type":"","background-media":"","overlay-type":"","overlay-color":"","overlay-opacity":"","overlay-gradient":""},"mobile":{"background-color":"","background-image":"","background-repeat":"repeat","background-position":"center center","background-size":"auto","background-attachment":"scroll","background-type":"","background-media":"","overlay-type":"","overlay-color":"","overlay-opacity":"","overlay-gradient":""}},"ast-content-background-meta":{"desktop":{"background-color":"var(--ast-global-color-5)","background-image":"","background-repeat":"repeat","background-position":"center center","background-size":"auto","background-attachment":"scroll","background-type":"","background-media":"","overlay-type":"","overlay-color":"","overlay-opacity":"","overlay-gradient":""},"tablet":{"background-color":"var(--ast-global-color-5)","background-image":"","background-repeat":"repeat","background-position":"center center","background-size":"auto","background-attachment":"scroll","background-type":"","background-media":"","overlay-type":"","overlay-color":"","overlay-opacity":"","overlay-gradient":""},"mobile":{"background-color":"var(--ast-global-color-5)","background-image":"","background-repeat":"repeat","background-position":"center center","background-size":"auto","background-attachment":"scroll","background-type":"","background-media":"","overlay-type":"","overlay-color":"","overlay-opacity":"","overlay-gradient":""}},"footnotes":""},"class_list":["post-2453","page","type-page","status-publish","hentry"],"yoast_head":"<!-- This site is optimized with the Yoast SEO plugin v27.4 - https:\/\/yoast.com\/product\/yoast-seo-wordpress\/ -->\n<title>Payment Policy-Period Panties,Thong,G-Strings,Compression Sock<\/title>\n<meta name=\"description\" content=\"Learn about our payment policy for period panties,thong,G-strings,micro thong,and compression sock.Secure and easy payment options available.\" \/>\n<meta name=\"robots\" content=\"index, follow, max-snippet:-1, max-image-preview:large, max-video-preview:-1\" \/>\n<link rel=\"canonical\" href=\"https:\/\/yaxne.com\/tr\/odeme-poli\u0307ti\u0307kasi\/\" \/>\n<meta property=\"og:locale\" content=\"tr_TR\" \/>\n<meta property=\"og:type\" content=\"article\" \/>\n<meta property=\"og:title\" content=\"Payment Policy-Period Panties,Thong,G-Strings,Compression Sock\" \/>\n<meta property=\"og:description\" content=\"Learn about our payment policy for period panties,thong,G-strings,micro thong,and compression sock.Secure and easy payment options available.\" \/>\n<meta property=\"og:url\" content=\"https:\/\/yaxne.com\/tr\/odeme-poli\u0307ti\u0307kasi\/\" \/>\n<meta property=\"og:site_name\" content=\"Yaxne\" \/>\n<meta property=\"article:modified_time\" content=\"2024-07-15T13:32:01+00:00\" \/>\n<meta name=\"twitter:card\" content=\"summary_large_image\" \/>\n<meta name=\"twitter:label1\" content=\"Tahmini okuma s\u00fcresi\" \/>\n\t<meta name=\"twitter:data1\" content=\"2 dakika\" \/>\n<script type=\"application\/ld+json\" class=\"yoast-schema-graph\">{\"@context\":\"https:\\\/\\\/schema.org\",\"@graph\":[{\"@type\":\"WebPage\",\"@id\":\"https:\\\/\\\/yaxne.com\\\/payment-policy\\\/\",\"url\":\"https:\\\/\\\/yaxne.com\\\/payment-policy\\\/\",\"name\":\"Payment Policy-Period Panties,Thong,G-Strings,Compression Sock\",\"isPartOf\":{\"@id\":\"https:\\\/\\\/yaxne.com\\\/#website\"},\"datePublished\":\"2024-07-12T09:04:28+00:00\",\"dateModified\":\"2024-07-15T13:32:01+00:00\",\"description\":\"Learn about our payment policy for period panties,thong,G-strings,micro thong,and compression sock.Secure and easy payment options available.\",\"breadcrumb\":{\"@id\":\"https:\\\/\\\/yaxne.com\\\/payment-policy\\\/#breadcrumb\"},\"inLanguage\":\"tr\",\"potentialAction\":[{\"@type\":\"ReadAction\",\"target\":[\"https:\\\/\\\/yaxne.com\\\/payment-policy\\\/\"]}]},{\"@type\":\"BreadcrumbList\",\"@id\":\"https:\\\/\\\/yaxne.com\\\/payment-policy\\\/#breadcrumb\",\"itemListElement\":[{\"@type\":\"ListItem\",\"position\":1,\"name\":\"\u9996\u9875\",\"item\":\"https:\\\/\\\/yaxne.com\\\/\"},{\"@type\":\"ListItem\",\"position\":2,\"name\":\"Payment Policy\"}]},{\"@type\":\"WebSite\",\"@id\":\"https:\\\/\\\/yaxne.com\\\/#website\",\"url\":\"https:\\\/\\\/yaxne.com\\\/\",\"name\":\"yaxne.com\",\"description\":\"\",\"publisher\":{\"@id\":\"https:\\\/\\\/yaxne.com\\\/#organization\"},\"potentialAction\":[{\"@type\":\"SearchAction\",\"target\":{\"@type\":\"EntryPoint\",\"urlTemplate\":\"https:\\\/\\\/yaxne.com\\\/?s={search_term_string}\"},\"query-input\":{\"@type\":\"PropertyValueSpecification\",\"valueRequired\":true,\"valueName\":\"search_term_string\"}}],\"inLanguage\":\"tr\"},{\"@type\":\"Organization\",\"@id\":\"https:\\\/\\\/yaxne.com\\\/#organization\",\"name\":\"yaxne.com\",\"url\":\"https:\\\/\\\/yaxne.com\\\/\",\"logo\":{\"@type\":\"ImageObject\",\"inLanguage\":\"tr\",\"@id\":\"https:\\\/\\\/yaxne.com\\\/#\\\/schema\\\/logo\\\/image\\\/\",\"url\":\"https:\\\/\\\/yaxne.com\\\/wp-content\\\/uploads\\\/2024\\\/07\\\/logo.png\",\"contentUrl\":\"https:\\\/\\\/yaxne.com\\\/wp-content\\\/uploads\\\/2024\\\/07\\\/logo.png\",\"width\":967,\"height\":246,\"caption\":\"yaxne.com\"},\"image\":{\"@id\":\"https:\\\/\\\/yaxne.com\\\/#\\\/schema\\\/logo\\\/image\\\/\"}}]}<\/script>\n<!-- \/ Yoast SEO plugin. -->","yoast_head_json":{"title":"\u00d6deme Politikas\u0131-Period K\u00fclot, Tanga, G-String, Kompresyon \u00c7orab\u0131","description":"D\u00f6nem k\u00fclotlar\u0131, tanga, G-stringler, mikro tanga ve kompresyon \u00e7oraplar\u0131 i\u00e7in \u00f6deme politikam\u0131z hakk\u0131nda bilgi edinin G\u00fcvenli ve kolay \u00f6deme se\u00e7enekleri mevcuttur.","robots":{"index":"index","follow":"follow","max-snippet":"max-snippet:-1","max-image-preview":"max-image-preview:large","max-video-preview":"max-video-preview:-1"},"canonical":"https:\/\/yaxne.com\/tr\/odeme-poli\u0307ti\u0307kasi\/","og_locale":"tr_TR","og_type":"article","og_title":"Payment Policy-Period Panties,Thong,G-Strings,Compression Sock","og_description":"Learn about our payment policy for period panties,thong,G-strings,micro thong,and compression sock.Secure and easy payment options available.","og_url":"https:\/\/yaxne.com\/tr\/odeme-poli\u0307ti\u0307kasi\/","og_site_name":"Yaxne","article_modified_time":"2024-07-15T13:32:01+00:00","twitter_card":"summary_large_image","twitter_misc":{"Tahmini okuma s\u00fcresi":"2 dakika"},"schema":{"@context":"https:\/\/schema.org","@graph":[{"@type":"WebPage","@id":"https:\/\/yaxne.com\/payment-policy\/","url":"https:\/\/yaxne.com\/payment-policy\/","name":"\u00d6deme Politikas\u0131-Period K\u00fclot, Tanga, G-String, Kompresyon \u00c7orab\u0131","isPartOf":{"@id":"https:\/\/yaxne.com\/#website"},"datePublished":"2024-07-12T09:04:28+00:00","dateModified":"2024-07-15T13:32:01+00:00","description":"D\u00f6nem k\u00fclotlar\u0131, tanga, G-stringler, mikro tanga ve kompresyon \u00e7oraplar\u0131 i\u00e7in \u00f6deme politikam\u0131z hakk\u0131nda bilgi edinin G\u00fcvenli ve kolay \u00f6deme se\u00e7enekleri mevcuttur.","breadcrumb":{"@id":"https:\/\/yaxne.com\/payment-policy\/#breadcrumb"},"inLanguage":"tr","potentialAction":[{"@type":"ReadAction","target":["https:\/\/yaxne.com\/payment-policy\/"]}]},{"@type":"BreadcrumbList","@id":"https:\/\/yaxne.com\/payment-policy\/#breadcrumb","itemListElement":[{"@type":"ListItem","position":1,"name":"\u9996\u9875","item":"https:\/\/yaxne.com\/"},{"@type":"ListItem","position":2,"name":"Payment Policy"}]},{"@type":"WebSite","@id":"https:\/\/yaxne.com\/#website","url":"https:\/\/yaxne.com\/","name":"yaxne.com","description":"","publisher":{"@id":"https:\/\/yaxne.com\/#organization"},"potentialAction":[{"@type":"SearchAction","target":{"@type":"EntryPoint","urlTemplate":"https:\/\/yaxne.com\/?s={search_term_string}"},"query-input":{"@type":"PropertyValueSpecification","valueRequired":true,"valueName":"search_term_string"}}],"inLanguage":"tr"},{"@type":"Organization","@id":"https:\/\/yaxne.com\/#organization","name":"yaxne.com","url":"https:\/\/yaxne.com\/","logo":{"@type":"ImageObject","inLanguage":"tr","@id":"https:\/\/yaxne.com\/#\/schema\/logo\/image\/","url":"https:\/\/yaxne.com\/wp-content\/uploads\/2024\/07\/logo.png","contentUrl":"https:\/\/yaxne.com\/wp-content\/uploads\/2024\/07\/logo.png","width":967,"height":246,"caption":"yaxne.com"},"image":{"@id":"https:\/\/yaxne.com\/#\/schema\/logo\/image\/"}}]}},"uagb_featured_image_src":{"full":false,"thumbnail":false,"medium":false,"medium_large":false,"large":false,"1536x1536":false,"2048x2048":false,"trp-custom-language-flag":false,"woocommerce_thumbnail":false,"woocommerce_single":false,"woocommerce_gallery_thumbnail":false},"uagb_author_info":{"display_name":"tianke1223@gmail.com","author_link":"https:\/\/yaxne.com\/tr\/author\/tianke1223gmail-com\/"},"uagb_comment_info":0,"uagb_excerpt":"PAYMENT METHOD We accept Visa, MasterCard and American Express cards. You can also choose to pay with PayPal. When selecting this option at checkout, you will be directed to the PayPal site to complete your purchase before returning to Yaxne.com. If the card transaction is approved, the amount will be reserved immediately Yaxne.com and you&hellip;","jetpack_sharing_enabled":true,"_links":{"self":[{"href":"https:\/\/yaxne.com\/tr\/wp-json\/wp\/v2\/pages\/2453","targetHints":{"allow":["GET"]}}],"collection":[{"href":"https:\/\/yaxne.com\/tr\/wp-json\/wp\/v2\/pages"}],"about":[{"href":"https:\/\/yaxne.com\/tr\/wp-json\/wp\/v2\/types\/page"}],"author":[{"embeddable":true,"href":"https:\/\/yaxne.com\/tr\/wp-json\/wp\/v2\/users\/1"}],"replies":[{"embeddable":true,"href":"https:\/\/yaxne.com\/tr\/wp-json\/wp\/v2\/comments?post=2453"}],"version-history":[{"count":3,"href":"https:\/\/yaxne.com\/tr\/wp-json\/wp\/v2\/pages\/2453\/revisions"}],"predecessor-version":[{"id":2588,"href":"https:\/\/yaxne.com\/tr\/wp-json\/wp\/v2\/pages\/2453\/revisions\/2588"}],"wp:attachment":[{"href":"https:\/\/yaxne.com\/tr\/wp-json\/wp\/v2\/media?parent=2453"}],"curies":[{"name":"wp","href":"https:\/\/api.w.org\/{rel}","templated":true}]}}