{"id":1004,"date":"2024-07-08T02:27:58","date_gmt":"2024-07-08T02:27:58","guid":{"rendered":"https:\/\/yaxne.com\/contact\/"},"modified":"2024-07-12T08:25:55","modified_gmt":"2024-07-12T08:25:55","slug":"contact","status":"publish","type":"page","link":"https:\/\/yaxne.com\/tr\/iletisim\/","title":{"rendered":"\u0130leti\u015fim"},"content":{"rendered":"<div class=\"wp-block-uagb-container uagb-block-a1c61af9 alignfull uagb-is-root-container\"><div class=\"uagb-container-inner-blocks-wrap\">\n<div class=\"wp-block-uagb-container uagb-block-96b92018\">\n<div class=\"wp-block-uagb-advanced-heading uagb-block-c78c0aa7\"><h1 class=\"uagb-heading-text\">\u0130leti\u015fime Ge\u00e7in<\/h1><p class=\"uagb-desc-text\">Daha fazla bilgi i\u00e7in l\u00fctfen bizimle ileti\u015fime ge\u00e7mekten veya kapsaml\u0131 \u00fcr\u00fcn yelpazemize g\u00f6z atmaktan \u00e7ekinmeyin.<\/p><\/div>\n\n\n\n<div class=\"wp-block-uagb-info-box uagb-block-84b4a5ce uagb-infobox__content-wrap  uagb-infobox-icon-left uagb-infobox-left uagb-infobox-stacked-mobile uagb-infobox-image-valign-top\"><div class=\"uagb-ifb-icon-wrap\"><svg xmlns=\"https:\/\/www.w3.org\/2000\/svg\" viewbox=\"0 0 384 512\"><path d=\"M168.3 499.2C116.1 435 0 279.4 0 192C0 85.96 85.96 0 192 0C298 0 384 85.96 384 192C384 279.4 267 435 215.7 499.2C203.4 514.5 180.6 514.5 168.3 499.2H168.3zM192 256C227.3 256 256 227.3 256 192C256 156.7 227.3 128 192 128C156.7 128 128 156.7 128 192C128 227.3 156.7 256 192 256z\"><\/path><\/svg><\/div><div class=\"uagb-ifb-content\"><div class=\"uagb-ifb-title-wrap\"><h6 class=\"uagb-ifb-title\">Bizi Ziyaret Edin<\/h6><\/div><p class=\"uagb-ifb-desc\">Global Center S1, 1137, CHENGDU, \u00c7\u0130N, 610000<\/p><\/div><\/div>\n\n\n\n<div class=\"wp-block-uagb-info-box uagb-block-24d3d39f uagb-infobox__content-wrap  uagb-infobox-icon-left uagb-infobox-left uagb-infobox-stacked-mobile uagb-infobox-image-valign-top\"><div class=\"uagb-ifb-icon-wrap\"><svg xmlns=\"https:\/\/www.w3.org\/2000\/svg\" viewbox=\"0 0 512 512\"><path d=\"M18.92 351.2l108.5-46.52c12.78-5.531 27.77-1.801 36.45 8.98l44.09 53.82c69.25-34 125.5-90.31 159.5-159.5l-53.81-44.04c-10.75-8.781-14.41-23.69-8.974-36.47l46.51-108.5c6.094-13.91 21.1-21.52 35.79-18.11l100.8 23.25c14.25 3.25 24.22 15.8 24.22 30.46c0 252.3-205.2 457.5-457.5 457.5c-14.67 0-27.18-9.968-30.45-24.22l-23.25-100.8C-2.571 372.4 5.018 357.2 18.92 351.2z\"><\/path><\/svg><\/div><div class=\"uagb-ifb-content\"><div class=\"uagb-ifb-title-wrap\"><h6 class=\"uagb-ifb-title\">Bizi Aray\u0131n<\/h6><\/div><p class=\"uagb-ifb-desc\">+86 158-0285-9969<\/p><\/div><\/div>\n\n\n\n<div class=\"wp-block-uagb-info-box uagb-block-3b3d8a1d uagb-infobox__content-wrap  uagb-infobox-icon-left uagb-infobox-left uagb-infobox-stacked-mobile uagb-infobox-image-valign-top\"><div class=\"uagb-ifb-icon-wrap\"><svg xmlns=\"https:\/\/www.w3.org\/2000\/svg\" viewbox=\"0 0 512 512\"><path d=\"M464 64C490.5 64 512 85.49 512 112C512 127.1 504.9 141.3 492.8 150.4L275.2 313.6C263.8 322.1 248.2 322.1 236.8 313.6L19.2 150.4C7.113 141.3 0 127.1 0 112C0 85.49 21.49 64 48 64H464zM217.6 339.2C240.4 356.3 271.6 356.3 294.4 339.2L512 176V384C512 419.3 483.3 448 448 448H64C28.65 448 0 419.3 0 384V176L217.6 339.2z\"><\/path><\/svg><\/div><div class=\"uagb-ifb-content\"><div class=\"uagb-ifb-title-wrap\"><h6 class=\"uagb-ifb-title\">Bize E-posta G\u00f6nderin<\/h6><\/div><p class=\"uagb-ifb-desc\">Taxne@outlook.com<\/p><div class=\"uagb-ifb-separator\"><\/div><\/div><\/div>\n\n\n\n<div class=\"wp-block-uagb-advanced-heading uagb-block-1add04e9\"><h6 class=\"uagb-heading-text\">Bizi Takip Edin<\/h6><\/div>\n\n\n\n<div class=\"wp-block-uagb-social-share uagb-social-share__outer-wrap uagb-social-share__layout-horizontal uagb-block-e65e63fc\">\n<div class=\"wp-block-uagb-social-share-child uagb-ss-repeater uagb-ss__wrapper uagb-block-becae680\"><span class=\"uagb-ss__link\" data-href=\"https:\/\/www.facebook.com\/sharer.php?u=\" tabindex=\"0\" role=\"button\" aria-label=\"facebook\"><span class=\"uagb-ss__source-wrap\"><span class=\"uagb-ss__source-icon\"><svg xmlns=\"https:\/\/www.w3.org\/2000\/svg\" viewbox=\"0 0 448 512\"><path d=\"M224.1 141c-63.6 0-114.9 51.3-114.9 114.9s51.3 114.9 114.9 114.9S339 319.5 339 255.9 287.7 141 224.1 141zm0 189.6c-41.1 0-74.7-33.5-74.7-74.7s33.5-74.7 74.7-74.7 74.7 33.5 74.7 74.7-33.6 74.7-74.7 74.7zm146.4-194.3c0 14.9-12 26.8-26.8 26.8-14.9 0-26.8-12-26.8-26.8s12-26.8 26.8-26.8 26.8 12 26.8 26.8zm76.1 27.2c-1.7-35.9-9.9-67.7-36.2-93.9-26.2-26.2-58-34.4-93.9-36.2-37-2.1-147.9-2.1-184.9 0-35.8 1.7-67.6 9.9-93.9 36.1s-34.4 58-36.2 93.9c-2.1 37-2.1 147.9 0 184.9 1.7 35.9 9.9 67.7 36.2 93.9s58 34.4 93.9 36.2c37 2.1 147.9 2.1 184.9 0 35.9-1.7 67.7-9.9 93.9-36.2 26.2-26.2 34.4-58 36.2-93.9 2.1-37 2.1-147.8 0-184.8zM398.8 388c-7.8 19.6-22.9 34.7-42.6 42.6-29.5 11.7-99.5 9-132.1 9s-102.7 2.6-132.1-9c-19.6-7.8-34.7-22.9-42.6-42.6-11.7-29.5-9-99.5-9-132.1s-2.6-102.7 9-132.1c7.8-19.6 22.9-34.7 42.6-42.6 29.5-11.7 99.5-9 132.1-9s102.7-2.6 132.1 9c19.6 7.8 34.7 22.9 42.6 42.6 11.7 29.5 9 99.5 9 132.1s2.7 102.7-9 132.1z\"><\/path><\/svg><\/span><\/span><\/span><\/div>\n\n\n\n<div class=\"wp-block-uagb-social-share-child uagb-ss-repeater uagb-ss__wrapper uagb-block-3f522f52\"><span class=\"uagb-ss__link\" data-href=\"https:\/\/pinterest.com\/pin\/create\/link\/?url=\" tabindex=\"0\" role=\"button\" aria-label=\"pinterest\"><span class=\"uagb-ss__source-wrap\"><span class=\"uagb-ss__source-icon\"><svg xmlns=\"https:\/\/www.w3.org\/2000\/svg\" viewbox=\"0 0 448 512\"><path d=\"M448 80v352c0 26.5-21.5 48-48 48H154.4c9.8-16.4 22.4-40 27.4-59.3 3-11.5 15.3-58.4 15.3-58.4 8 15.3 31.4 28.2 56.3 28.2 74.1 0 127.4-68.1 127.4-152.7 0-81.1-66.2-141.8-151.4-141.8-106 0-162.2 71.1-162.2 148.6 0 36 19.2 80.8 49.8 95.1 4.7 2.2 7.1 1.2 8.2-3.3 .8-3.4 5-20.1 6.8-27.8 .6-2.5 .3-4.6-1.7-7-10.1-12.3-18.3-34.9-18.3-56 0-54.2 41-106.6 110.9-106.6 60.3 0 102.6 41.1 102.6 99.9 0 66.4-33.5 112.4-77.2 112.4-24.1 0-42.1-19.9-36.4-44.4 6.9-29.2 20.3-60.7 20.3-81.8 0-53-75.5-45.7-75.5 25 0 21.7 7.3 36.5 7.3 36.5-31.4 132.8-36.1 134.5-29.6 192.6l2.2 .8H48c-26.5 0-48-21.5-48-48V80c0-26.5 21.5-48 48-48h352c26.5 0 48 21.5 48 48z\"><\/path><\/svg><\/span><\/span><\/span><\/div>\n\n\n\n<div class=\"wp-block-uagb-social-share-child uagb-ss-repeater uagb-ss__wrapper uagb-block-9c0b0c11\"><span class=\"uagb-ss__link\" data-href=\"https:\/\/www.facebook.com\/sharer.php?u=\" tabindex=\"0\" role=\"button\" aria-label=\"facebook\"><span class=\"uagb-ss__source-wrap\"><span class=\"uagb-ss__source-icon\"><svg xmlns=\"https:\/\/www.w3.org\/2000\/svg\" viewbox=\"0 0 512 512\"><path d=\"M504 256C504 119 393 8 256 8S8 119 8 256c0 123.8 90.69 226.4 209.3 245V327.7h-63V256h63v-54.64c0-62.15 37-96.48 93.67-96.48 27.14 0 55.52 4.84 55.52 4.84v61h-31.28c-30.8 0-40.41 19.12-40.41 38.73V256h68.78l-11 71.69h-57.78V501C413.3 482.4 504 379.8 504 256z\"><\/path><\/svg><\/span><\/span><\/span><\/div>\n\n\n\n<div class=\"wp-block-uagb-social-share-child uagb-ss-repeater uagb-ss__wrapper uagb-block-1d3dbdcc\"><span class=\"uagb-ss__link\" data-href=\"https:\/\/www.linkedin.com\/shareArticle?url=\" tabindex=\"0\" role=\"button\" aria-label=\"linkedin\"><span class=\"uagb-ss__source-wrap\"><span class=\"uagb-ss__source-icon\"><svg xmlns=\"https:\/\/www.w3.org\/2000\/svg\" viewbox=\"0 0 576 512\"><path d=\"M549.7 124.1c-6.281-23.65-24.79-42.28-48.28-48.6C458.8 64 288 64 288 64S117.2 64 74.63 75.49c-23.5 6.322-42 24.95-48.28 48.6-11.41 42.87-11.41 132.3-11.41 132.3s0 89.44 11.41 132.3c6.281 23.65 24.79 41.5 48.28 47.82C117.2 448 288 448 288 448s170.8 0 213.4-11.49c23.5-6.321 42-24.17 48.28-47.82 11.41-42.87 11.41-132.3 11.41-132.3s0-89.44-11.41-132.3zm-317.5 213.5V175.2l142.7 81.21-142.7 81.2z\"><\/path><\/svg><\/span><\/span><\/span><\/div>\n<\/div>\n<\/div>\n\n\n\n<div class=\"wp-block-uagb-container uagb-block-29375e57\">\n<div class=\"wp-block-uagb-advanced-heading uagb-block-414fa467\"><h3 class=\"uagb-heading-text\">Bize bir iki sat\u0131r b\u0131rak\u0131n<\/h3><\/div>\n\n\n\n<div class=\"wp-block-uagb-forms uagb-forms__outer-wrap uagb-block-e05b0f4b uagb-forms__default-btn\"><form class=\"uagb-forms-main-form\" method=\"post\" autocomplete=\"on\" name=\"uagb-form-e05b0f4b\" action=\"\">\n<div class=\"wp-block-uagb-forms-name uagb-forms-name-wrap uagb-forms-field-set uagb-block-3e51448a\"><div class=\"uagb-forms-name-label required uagb-forms-input-label\" id=\"3e51448a\">\u0130sim<\/div><input type=\"text\" placeholder=\"Tam ad\u0131n\u0131z\" required class=\"uagb-forms-name-input uagb-forms-input\" name=\"3e51448a\" autocomplete=\"given-name\"\/><\/div>\n\n\n\n<div class=\"wp-block-uagb-forms-email uagb-forms-email-wrap uagb-forms-field-set uagb-block-f7e0adcb\"><div class=\"uagb-forms-email-label required uagb-forms-input-label\" id=\"f7e0adcb\">E-posta<\/div><input type=\"email\" class=\"uagb-forms-email-input uagb-forms-input\" placeholder=\"E-posta adresi\" required name=\"f7e0adcb\" autocomplete=\"email\"\/><\/div>\n\n\n\n<div class=\"wp-block-uagb-forms-textarea uagb-forms-textarea-wrap uagb-forms-field-set uagb-block-80a1191b\"><div class=\"uagb-forms-textarea-label required uagb-forms-input-label\" id=\"80a1191b\">Yorum veya Mesaj<\/div><textarea required class=\"uagb-forms-textarea-input uagb-forms-input\" rows=\"4\" placeholder=\"Mesaj\u0131n\u0131z\" name=\"80a1191b\" autocomplete=\"off\"><\/textarea><\/div>\n<div class=\"uagb-forms-form-hidden-data\"><input type=\"hidden\" class=\"uagb_forms_form_label\" value=\"Spectra Form\"\/><input type=\"hidden\" class=\"uagb_forms_form_id\" value=\"uagb-form-e05b0f4b\"\/><\/div><div class=\"uagb-form-reacaptcha-error-e05b0f4b\"><\/div><div class=\"uagb-forms-main-submit-button-wrap wp-block-button\"><button class=\"uagb-forms-main-submit-button wp-block-button__link\"><div class=\"uagb-forms-main-submit-button-text\">G\u00f6nder<\/div><\/button><\/div><input type=\"hidden\" name=\"trp-form-language\" value=\"tr\"\/><\/form><div class=\"uagb-forms-success-message-e05b0f4b uagb-forms-submit-message-hide\"><span>Form ba\u015far\u0131yla g\u00f6nderildi!<\/span><\/div><div class=\"uagb-forms-failed-message-e05b0f4b uagb-forms-submit-message-hide\"><span>Formu g\u00f6nderirken bir hata olu\u015ftu. L\u00fctfen t\u00fcm form alanlar\u0131n\u0131 tekrar do\u011frulay\u0131n.<\/span><\/div><\/div>\n<\/div>\n<\/div><\/div>\n\n\n\n<div class=\"wp-block-uagb-container uagb-block-b596b686 alignfull uagb-is-root-container\">\t\t\t<div \n\t\t\tclass=\"wp-block-uagb-google-map uagb-google-map__wrap uagb-block-de9d5794\"\n\t\t\tstyle=\"\" >\n\t\t\t\t<embed\n\t\t\t\t\tclass=\"uagb-google-map__iframe\"\n\t\t\t\t\ttitle=\"Google Map for \"\n\t\t\t\t\tsrc=\"https:\/\/maps.google.com\/maps?q=Global%20Center%2C%20CHENGDU%2C%20CHINA%2C%20&#038;z=16&#038;hl=en&#038;t=m&#038;output=embed&#038;iwloc=near\"\n\t\t\t\t\twidth=\"640\"\n\t\t\t\t\theight=\"350\"\n\t\t\t\t\tloading=\"lazy\"\n\t\t\t\t><\/embed>\n\t\t\t<\/div>\n\t\t\t<\/div>","protected":false},"excerpt":{"rendered":"<p>Get In Touch For more information, please feel free to contact us or browse our extensive product range. Follow Us Drop us a line or two<\/p>","protected":false},"author":1,"featured_media":0,"parent":0,"menu_order":0,"comment_status":"closed","ping_status":"closed","template":"","meta":{"_uag_custom_page_level_css":"","site-sidebar-layout":"no-sidebar","site-content-layout":"plain-container","ast-site-content-layout":"full-width-container","site-content-style":"unboxed","site-sidebar-style":"unboxed","ast-global-header-display":"","ast-banner-title-visibility":"","ast-main-header-display":"","ast-hfb-above-header-display":"","ast-hfb-below-header-display":"","ast-hfb-mobile-header-display":"","site-post-title":"disabled","ast-breadcrumbs-content":"","ast-featured-img":"disabled","footer-sml-layout":"","ast-disable-related-posts":"","theme-transparent-header-meta":"disabled","adv-header-id-meta":"","stick-header-meta":"","header-above-stick-meta":"","header-main-stick-meta":"","header-below-stick-meta":"","astra-migrate-meta-layouts":"set","ast-page-background-enabled":"default","ast-page-background-meta":{"desktop":{"background-color":"var(--ast-global-color-4)","background-image":"","background-repeat":"repeat","background-position":"center center","background-size":"auto","background-attachment":"scroll","background-type":"","background-media":"","overlay-type":"","overlay-color":"","overlay-opacity":"","overlay-gradient":""},"tablet":{"background-color":"","background-image":"","background-repeat":"repeat","background-position":"center center","background-size":"auto","background-attachment":"scroll","background-type":"","background-media":"","overlay-type":"","overlay-color":"","overlay-opacity":"","overlay-gradient":""},"mobile":{"background-color":"","background-image":"","background-repeat":"repeat","background-position":"center center","background-size":"auto","background-attachment":"scroll","background-type":"","background-media":"","overlay-type":"","overlay-color":"","overlay-opacity":"","overlay-gradient":""}},"ast-content-background-meta":{"desktop":{"background-color":"var(--ast-global-color-5)","background-image":"","background-repeat":"repeat","background-position":"center center","background-size":"auto","background-attachment":"scroll","background-type":"","background-media":"","overlay-type":"","overlay-color":"","overlay-opacity":"","overlay-gradient":""},"tablet":{"background-color":"var(--ast-global-color-5)","background-image":"","background-repeat":"repeat","background-position":"center center","background-size":"auto","background-attachment":"scroll","background-type":"","background-media":"","overlay-type":"","overlay-color":"","overlay-opacity":"","overlay-gradient":""},"mobile":{"background-color":"var(--ast-global-color-5)","background-image":"","background-repeat":"repeat","background-position":"center center","background-size":"auto","background-attachment":"scroll","background-type":"","background-media":"","overlay-type":"","overlay-color":"","overlay-opacity":"","overlay-gradient":""}},"footnotes":""},"class_list":["post-1004","page","type-page","status-publish","hentry"],"yoast_head":"<!-- This site is optimized with the Yoast SEO plugin v27.1.1 - https:\/\/yoast.com\/product\/yoast-seo-wordpress\/ -->\n<title>Contact Us - Period Panties,Thongs,G-Strings,Compression Socks - Yaxne<\/title>\n<meta name=\"description\" content=\"Reach out for inquiries about period panties,thongs,G-strings .We&#039;re here to help with your underwear and compression socks needs.\" \/>\n<meta name=\"robots\" content=\"index, follow, max-snippet:-1, max-image-preview:large, max-video-preview:-1\" \/>\n<link rel=\"canonical\" href=\"https:\/\/yaxne.com\/tr\/iletisim\/\" \/>\n<meta property=\"og:locale\" content=\"tr_TR\" \/>\n<meta property=\"og:type\" content=\"article\" \/>\n<meta property=\"og:title\" content=\"Contact Us - Period Panties,Thongs,G-Strings,Compression Socks - Yaxne\" \/>\n<meta property=\"og:description\" content=\"Reach out for inquiries about period panties,thongs,G-strings .We&#039;re here to help with your underwear and compression socks needs.\" \/>\n<meta property=\"og:url\" content=\"https:\/\/yaxne.com\/tr\/iletisim\/\" \/>\n<meta property=\"og:site_name\" content=\"Yaxne\" \/>\n<meta property=\"article:modified_time\" content=\"2024-07-12T08:25:55+00:00\" \/>\n<meta name=\"twitter:card\" content=\"summary_large_image\" \/>\n<meta name=\"twitter:label1\" content=\"Tahmini okuma s\u00fcresi\" \/>\n\t<meta name=\"twitter:data1\" content=\"1 dakika\" \/>\n<script type=\"application\/ld+json\" class=\"yoast-schema-graph\">{\"@context\":\"https:\/\/schema.org\",\"@graph\":[{\"@type\":\"WebPage\",\"@id\":\"https:\/\/yaxne.com\/contact\/\",\"url\":\"https:\/\/yaxne.com\/contact\/\",\"name\":\"Contact Us - Period Panties,Thongs,G-Strings,Compression Socks - Yaxne\",\"isPartOf\":{\"@id\":\"https:\/\/yaxne.com\/#website\"},\"datePublished\":\"2024-07-08T02:27:58+00:00\",\"dateModified\":\"2024-07-12T08:25:55+00:00\",\"description\":\"Reach out for inquiries about period panties,thongs,G-strings .We're here to help with your underwear and compression socks needs.\",\"breadcrumb\":{\"@id\":\"https:\/\/yaxne.com\/contact\/#breadcrumb\"},\"inLanguage\":\"tr\",\"potentialAction\":[{\"@type\":\"ReadAction\",\"target\":[\"https:\/\/yaxne.com\/contact\/\"]}]},{\"@type\":\"BreadcrumbList\",\"@id\":\"https:\/\/yaxne.com\/contact\/#breadcrumb\",\"itemListElement\":[{\"@type\":\"ListItem\",\"position\":1,\"name\":\"\u9996\u9875\",\"item\":\"https:\/\/yaxne.com\/\"},{\"@type\":\"ListItem\",\"position\":2,\"name\":\"Contact\"}]},{\"@type\":\"WebSite\",\"@id\":\"https:\/\/yaxne.com\/#website\",\"url\":\"https:\/\/yaxne.com\/\",\"name\":\"yaxne.com\",\"description\":\"\",\"publisher\":{\"@id\":\"https:\/\/yaxne.com\/#organization\"},\"potentialAction\":[{\"@type\":\"SearchAction\",\"target\":{\"@type\":\"EntryPoint\",\"urlTemplate\":\"https:\/\/yaxne.com\/?s={search_term_string}\"},\"query-input\":{\"@type\":\"PropertyValueSpecification\",\"valueRequired\":true,\"valueName\":\"search_term_string\"}}],\"inLanguage\":\"tr\"},{\"@type\":\"Organization\",\"@id\":\"https:\/\/yaxne.com\/#organization\",\"name\":\"yaxne.com\",\"url\":\"https:\/\/yaxne.com\/\",\"logo\":{\"@type\":\"ImageObject\",\"inLanguage\":\"tr\",\"@id\":\"https:\/\/yaxne.com\/#\/schema\/logo\/image\/\",\"url\":\"https:\/\/yaxne.com\/wp-content\/uploads\/2024\/07\/logo.png\",\"contentUrl\":\"https:\/\/yaxne.com\/wp-content\/uploads\/2024\/07\/logo.png\",\"width\":967,\"height\":246,\"caption\":\"yaxne.com\"},\"image\":{\"@id\":\"https:\/\/yaxne.com\/#\/schema\/logo\/image\/\"}}]}<\/script>\n<!-- \/ Yoast SEO plugin. -->","yoast_head_json":{"title":"Bize Ula\u015f\u0131n - Regl K\u00fclotlar\u0131,Tangalar,G-Stringler,Kompresyon \u00c7oraplar\u0131 - Yaxne","description":"Regl k\u00fclotlar\u0131, tangalar, G-stringler hakk\u0131nda sorular\u0131n\u0131z i\u00e7in bize ula\u015f\u0131n. \u0130\u00e7 \u00e7ama\u015f\u0131r\u0131 ve kompresyon \u00e7oraplar\u0131 ihtiya\u00e7lar\u0131n\u0131za yard\u0131mc\u0131 olmak i\u00e7in buraday\u0131z.","robots":{"index":"index","follow":"follow","max-snippet":"max-snippet:-1","max-image-preview":"max-image-preview:large","max-video-preview":"max-video-preview:-1"},"canonical":"https:\/\/yaxne.com\/tr\/iletisim\/","og_locale":"tr_TR","og_type":"article","og_title":"Contact Us - Period Panties,Thongs,G-Strings,Compression Socks - Yaxne","og_description":"Reach out for inquiries about period panties,thongs,G-strings .We're here to help with your underwear and compression socks needs.","og_url":"https:\/\/yaxne.com\/tr\/iletisim\/","og_site_name":"Yaxne","article_modified_time":"2024-07-12T08:25:55+00:00","twitter_card":"summary_large_image","twitter_misc":{"Tahmini okuma s\u00fcresi":"1 dakika"},"schema":{"@context":"https:\/\/schema.org","@graph":[{"@type":"WebPage","@id":"https:\/\/yaxne.com\/contact\/","url":"https:\/\/yaxne.com\/contact\/","name":"Bize Ula\u015f\u0131n - Regl K\u00fclotlar\u0131,Tangalar,G-Stringler,Kompresyon \u00c7oraplar\u0131 - Yaxne","isPartOf":{"@id":"https:\/\/yaxne.com\/#website"},"datePublished":"2024-07-08T02:27:58+00:00","dateModified":"2024-07-12T08:25:55+00:00","description":"Regl k\u00fclotlar\u0131, tangalar, G-stringler hakk\u0131nda sorular\u0131n\u0131z i\u00e7in bize ula\u015f\u0131n. \u0130\u00e7 \u00e7ama\u015f\u0131r\u0131 ve kompresyon \u00e7oraplar\u0131 ihtiya\u00e7lar\u0131n\u0131za yard\u0131mc\u0131 olmak i\u00e7in buraday\u0131z.","breadcrumb":{"@id":"https:\/\/yaxne.com\/contact\/#breadcrumb"},"inLanguage":"tr","potentialAction":[{"@type":"ReadAction","target":["https:\/\/yaxne.com\/contact\/"]}]},{"@type":"BreadcrumbList","@id":"https:\/\/yaxne.com\/contact\/#breadcrumb","itemListElement":[{"@type":"ListItem","position":1,"name":"\u9996\u9875","item":"https:\/\/yaxne.com\/"},{"@type":"ListItem","position":2,"name":"Contact"}]},{"@type":"WebSite","@id":"https:\/\/yaxne.com\/#website","url":"https:\/\/yaxne.com\/","name":"yaxne.com","description":"","publisher":{"@id":"https:\/\/yaxne.com\/#organization"},"potentialAction":[{"@type":"SearchAction","target":{"@type":"EntryPoint","urlTemplate":"https:\/\/yaxne.com\/?s={search_term_string}"},"query-input":{"@type":"PropertyValueSpecification","valueRequired":true,"valueName":"search_term_string"}}],"inLanguage":"tr"},{"@type":"Organization","@id":"https:\/\/yaxne.com\/#organization","name":"yaxne.com","url":"https:\/\/yaxne.com\/","logo":{"@type":"ImageObject","inLanguage":"tr","@id":"https:\/\/yaxne.com\/#\/schema\/logo\/image\/","url":"https:\/\/yaxne.com\/wp-content\/uploads\/2024\/07\/logo.png","contentUrl":"https:\/\/yaxne.com\/wp-content\/uploads\/2024\/07\/logo.png","width":967,"height":246,"caption":"yaxne.com"},"image":{"@id":"https:\/\/yaxne.com\/#\/schema\/logo\/image\/"}}]}},"uagb_featured_image_src":{"full":false,"thumbnail":false,"medium":false,"medium_large":false,"large":false,"1536x1536":false,"2048x2048":false,"trp-custom-language-flag":false,"woocommerce_thumbnail":false,"woocommerce_single":false,"woocommerce_gallery_thumbnail":false},"uagb_author_info":{"display_name":"tianke1223@gmail.com","author_link":"https:\/\/yaxne.com\/tr\/author\/tianke1223gmail-com\/"},"uagb_comment_info":0,"uagb_excerpt":"Get In Touch For more information, please feel free to contact us or browse our extensive product range. Follow Us Drop us a line or two","jetpack_sharing_enabled":true,"_links":{"self":[{"href":"https:\/\/yaxne.com\/tr\/wp-json\/wp\/v2\/pages\/1004","targetHints":{"allow":["GET"]}}],"collection":[{"href":"https:\/\/yaxne.com\/tr\/wp-json\/wp\/v2\/pages"}],"about":[{"href":"https:\/\/yaxne.com\/tr\/wp-json\/wp\/v2\/types\/page"}],"author":[{"embeddable":true,"href":"https:\/\/yaxne.com\/tr\/wp-json\/wp\/v2\/users\/1"}],"replies":[{"embeddable":true,"href":"https:\/\/yaxne.com\/tr\/wp-json\/wp\/v2\/comments?post=1004"}],"version-history":[{"count":5,"href":"https:\/\/yaxne.com\/tr\/wp-json\/wp\/v2\/pages\/1004\/revisions"}],"predecessor-version":[{"id":2589,"href":"https:\/\/yaxne.com\/tr\/wp-json\/wp\/v2\/pages\/1004\/revisions\/2589"}],"wp:attachment":[{"href":"https:\/\/yaxne.com\/tr\/wp-json\/wp\/v2\/media?parent=1004"}],"curies":[{"name":"wp","href":"https:\/\/api.w.org\/{rel}","templated":true}]}}