{"id":9,"date":"2024-07-12T08:55:51","date_gmt":"2024-07-12T08:55:51","guid":{"rendered":"http:\/\/yaxne.com\/?page_id=9"},"modified":"2024-07-12T08:55:55","modified_gmt":"2024-07-12T08:55:55","slug":"refund_returns","status":"publish","type":"page","link":"https:\/\/yaxne.com\/pt\/refund_returns\/","title":{"rendered":"Pol\u00edtica de reembolso e devolu\u00e7\u00e3o"},"content":{"rendered":"<h1 class=\"wp-block-heading\">Devolu\u00e7\u00f5es<\/h1>\n\n\n\n<h3 class=\"wp-block-heading\">Pol\u00edtica de devolu\u00e7\u00f5es e reembolsos<\/h3>\n\n\n\n<p>O utilizador tem o direito de anular a sua encomenda no prazo de 30 dias, sem necessidade de indicar qualquer motivo.<\/p>\n\n\n\n<p>O prazo para anular uma encomenda \u00e9 de 30 dias a contar da data de rece\u00e7\u00e3o da mercadoria ou da data em que um terceiro por si designado, que n\u00e3o seja o transportador, toma posse do produto entregue.<\/p>\n\n\n\n<p>Para exercer o seu direito de anula\u00e7\u00e3o, deve informar-nos da sua decis\u00e3o atrav\u00e9s de uma declara\u00e7\u00e3o clara.<\/p>\n\n\n\n<p>Pode informar-nos da sua decis\u00e3o por correio eletr\u00f3nico&nbsp;<a target=\"_blank\" href=\"mailto:tianke1223@gmail.com\" rel=\"noreferrer noopener\">tianke1223@gmail.com<\/a><\/p>\n\n\n\n<p>O reembolso ser\u00e1 efectuado no prazo m\u00e1ximo de 30 dias a contar da data de rece\u00e7\u00e3o da mercadoria devolvida. Utilizaremos os mesmos meios de pagamento que o utilizador utilizou para a encomenda e o utilizador n\u00e3o incorrer\u00e1 em quaisquer taxas para esse reembolso.<\/p>\n\n\n\n<h6 class=\"wp-block-heading\">Condi\u00e7\u00f5es de devolu\u00e7\u00e3o:<\/h6>\n\n\n\n<p>Para que os bens sejam eleg\u00edveis para devolu\u00e7\u00e3o, \u00e9 necess\u00e1rio certificar-se de que<\/p>\n\n\n\n<ul class=\"wp-block-list\">\n<li>Os bens foram comprados nos \u00faltimos 30 dias<\/li>\n\n\n\n<li>Os produtos est\u00e3o na embalagem original<\/li>\n<\/ul>\n\n\n\n<p>Os seguintes produtos n\u00e3o podem ser devolvidos:<\/p>\n\n\n\n<ul class=\"wp-block-list\">\n<li>O fornecimento de bens feitos de acordo com as suas especifica\u00e7\u00f5es ou claramente personalizados.<\/li>\n\n\n\n<li>Fornecimento de bens que, pela sua natureza, n\u00e3o s\u00e3o suscept\u00edveis de serem devolvidos, por exemplo, bens que se deterioram rapidamente ou cuja data de validade j\u00e1 expirou.<\/li>\n\n\n\n<li>O fornecimento de bens que n\u00e3o s\u00e3o adequados para devolu\u00e7\u00e3o devido a raz\u00f5es de prote\u00e7\u00e3o da sa\u00fade ou de higiene e que n\u00e3o foram selados ap\u00f3s a entrega.<\/li>\n\n\n\n<li>As entregas de bens que, ap\u00f3s a sua entrega, s\u00e3o, pela sua natureza, inseparavelmente misturados com outros artigos.<\/li>\n<\/ul>\n\n\n\n<p>Reservamo-nos o direito de recusar a devolu\u00e7\u00e3o de qualquer mercadoria que n\u00e3o cumpra as condi\u00e7\u00f5es de devolu\u00e7\u00e3o acima referidas, \u00e0 nossa inteira discri\u00e7\u00e3o.<\/p>\n\n\n\n<h6 class=\"wp-block-heading\">Devolu\u00e7\u00e3o de mercadorias<\/h6>\n\n\n\n<p>O comprador \u00e9 respons\u00e1vel pelos custos e riscos da devolu\u00e7\u00e3o da mercadoria. Deve enviar os bens para o seguinte endere\u00e7o:<\/p>\n\n\n\n<p>Global Center S1, 1137, CHENGDU, CHINA, 610000<\/p>\n\n\n\n<p>N\u00e3o podemos ser responsabilizados por bens danificados ou perdidos no envio de devolu\u00e7\u00e3o. Por conseguinte, recomendamos um servi\u00e7o de correio com seguro e rastre\u00e1vel. N\u00e3o podemos emitir um reembolso sem a rece\u00e7\u00e3o efectiva dos bens ou sem o comprovativo de rece\u00e7\u00e3o da devolu\u00e7\u00e3o.<\/p>\n\n\n\n<h6 class=\"wp-block-heading\">Presentes:<\/h6>\n\n\n\n<p>Se a mercadoria tiver sido marcada como oferta quando foi comprada e depois enviada diretamente para si, receber\u00e1 um cr\u00e9dito de oferta no valor da sua devolu\u00e7\u00e3o. Assim que o produto devolvido for recebido, ser-lhe-\u00e1 enviado um certificado de oferta.<\/p>\n\n\n\n<p>Se a mercadoria n\u00e3o tiver sido marcada como presente aquando da compra ou se o presenteador tiver enviado a encomenda para ele pr\u00f3prio para a entregar mais tarde, enviaremos o reembolso para o presenteador.<\/p>\n\n\n\n<h6 class=\"wp-block-heading\">Contactar-nos<\/h6>\n\n\n\n<p>Se tiver alguma d\u00favida sobre a nossa Pol\u00edtica de Devolu\u00e7\u00f5es e Reembolsos, contacte-nos por correio eletr\u00f3nico&nbsp;<a target=\"_blank\" href=\"mailto:tianke1223@gmail.com\" rel=\"noreferrer noopener\">tianke1223@gmail.com<\/a><\/p>","protected":false},"excerpt":{"rendered":"<p>Returns Returns &amp; Refunds policy You are entitled to cancel your order within 30 days without giving any reason for doing so. The deadline for canceling an order is 30 days from the date you received the goods or on which a third party you have appointed, who is not the carrier, takes possession of [&hellip;]<\/p>\n","protected":false},"author":1,"featured_media":0,"parent":0,"menu_order":0,"comment_status":"closed","ping_status":"closed","template":"","meta":{"_uag_custom_page_level_css":"","site-sidebar-layout":"default","site-content-layout":"","ast-site-content-layout":"default","site-content-style":"default","site-sidebar-style":"default","ast-global-header-display":"","ast-banner-title-visibility":"","ast-main-header-display":"","ast-hfb-above-header-display":"","ast-hfb-below-header-display":"","ast-hfb-mobile-header-display":"","site-post-title":"","ast-breadcrumbs-content":"","ast-featured-img":"","footer-sml-layout":"","ast-disable-related-posts":"","theme-transparent-header-meta":"","adv-header-id-meta":"","stick-header-meta":"","header-above-stick-meta":"","header-main-stick-meta":"","header-below-stick-meta":"","astra-migrate-meta-layouts":"set","ast-page-background-enabled":"default","ast-page-background-meta":{"desktop":{"background-color":"var(--ast-global-color-4)","background-image":"","background-repeat":"repeat","background-position":"center center","background-size":"auto","background-attachment":"scroll","background-type":"","background-media":"","overlay-type":"","overlay-color":"","overlay-opacity":"","overlay-gradient":""},"tablet":{"background-color":"","background-image":"","background-repeat":"repeat","background-position":"center center","background-size":"auto","background-attachment":"scroll","background-type":"","background-media":"","overlay-type":"","overlay-color":"","overlay-opacity":"","overlay-gradient":""},"mobile":{"background-color":"","background-image":"","background-repeat":"repeat","background-position":"center center","background-size":"auto","background-attachment":"scroll","background-type":"","background-media":"","overlay-type":"","overlay-color":"","overlay-opacity":"","overlay-gradient":""}},"ast-content-background-meta":{"desktop":{"background-color":"var(--ast-global-color-5)","background-image":"","background-repeat":"repeat","background-position":"center center","background-size":"auto","background-attachment":"scroll","background-type":"","background-media":"","overlay-type":"","overlay-color":"","overlay-opacity":"","overlay-gradient":""},"tablet":{"background-color":"var(--ast-global-color-5)","background-image":"","background-repeat":"repeat","background-position":"center center","background-size":"auto","background-attachment":"scroll","background-type":"","background-media":"","overlay-type":"","overlay-color":"","overlay-opacity":"","overlay-gradient":""},"mobile":{"background-color":"var(--ast-global-color-5)","background-image":"","background-repeat":"repeat","background-position":"center center","background-size":"auto","background-attachment":"scroll","background-type":"","background-media":"","overlay-type":"","overlay-color":"","overlay-opacity":"","overlay-gradient":""}},"footnotes":""},"class_list":["post-9","page","type-page","status-publish","hentry"],"yoast_head":"<!-- This site is optimized with the Yoast SEO plugin v27.4 - https:\/\/yoast.com\/product\/yoast-seo-wordpress\/ -->\n<title>Returns Policy-Period Panties,Thong,G-Strings,Compression Sock<\/title>\n<meta name=\"description\" content=\"Understand our returns policy for period panties,thongs,G-strings,compression socks,and more. Shop confidently with our hassle-free returns.\" \/>\n<meta name=\"robots\" content=\"index, follow, max-snippet:-1, max-image-preview:large, max-video-preview:-1\" \/>\n<link rel=\"canonical\" href=\"https:\/\/yaxne.com\/pt\/refund_returns\/\" \/>\n<meta property=\"og:locale\" content=\"pt_PT\" \/>\n<meta property=\"og:type\" content=\"article\" \/>\n<meta property=\"og:title\" content=\"Returns Policy-Period Panties,Thong,G-Strings,Compression Sock\" \/>\n<meta property=\"og:description\" content=\"Understand our returns policy for period panties,thongs,G-strings,compression socks,and more. Shop confidently with our hassle-free returns.\" \/>\n<meta property=\"og:url\" content=\"https:\/\/yaxne.com\/pt\/refund_returns\/\" \/>\n<meta property=\"og:site_name\" content=\"Yaxne\" \/>\n<meta property=\"article:modified_time\" content=\"2024-07-12T08:55:55+00:00\" \/>\n<meta name=\"twitter:card\" content=\"summary_large_image\" \/>\n<meta name=\"twitter:label1\" content=\"Est. reading time\" \/>\n\t<meta name=\"twitter:data1\" content=\"3 minutos\" \/>\n<script type=\"application\/ld+json\" class=\"yoast-schema-graph\">{\"@context\":\"https:\\\/\\\/schema.org\",\"@graph\":[{\"@type\":\"WebPage\",\"@id\":\"https:\\\/\\\/yaxne.com\\\/refund_returns\\\/\",\"url\":\"https:\\\/\\\/yaxne.com\\\/refund_returns\\\/\",\"name\":\"Returns Policy-Period Panties,Thong,G-Strings,Compression Sock\",\"isPartOf\":{\"@id\":\"https:\\\/\\\/yaxne.com\\\/#website\"},\"datePublished\":\"2024-07-12T08:55:51+00:00\",\"dateModified\":\"2024-07-12T08:55:55+00:00\",\"description\":\"Understand our returns policy for period panties,thongs,G-strings,compression socks,and more. Shop confidently with our hassle-free returns.\",\"breadcrumb\":{\"@id\":\"https:\\\/\\\/yaxne.com\\\/refund_returns\\\/#breadcrumb\"},\"inLanguage\":\"pt-PT\",\"potentialAction\":[{\"@type\":\"ReadAction\",\"target\":[\"https:\\\/\\\/yaxne.com\\\/refund_returns\\\/\"]}]},{\"@type\":\"BreadcrumbList\",\"@id\":\"https:\\\/\\\/yaxne.com\\\/refund_returns\\\/#breadcrumb\",\"itemListElement\":[{\"@type\":\"ListItem\",\"position\":1,\"name\":\"\u9996\u9875\",\"item\":\"https:\\\/\\\/yaxne.com\\\/\"},{\"@type\":\"ListItem\",\"position\":2,\"name\":\"Refund and Returns Policy\"}]},{\"@type\":\"WebSite\",\"@id\":\"https:\\\/\\\/yaxne.com\\\/#website\",\"url\":\"https:\\\/\\\/yaxne.com\\\/\",\"name\":\"yaxne.com\",\"description\":\"\",\"publisher\":{\"@id\":\"https:\\\/\\\/yaxne.com\\\/#organization\"},\"potentialAction\":[{\"@type\":\"SearchAction\",\"target\":{\"@type\":\"EntryPoint\",\"urlTemplate\":\"https:\\\/\\\/yaxne.com\\\/?s={search_term_string}\"},\"query-input\":{\"@type\":\"PropertyValueSpecification\",\"valueRequired\":true,\"valueName\":\"search_term_string\"}}],\"inLanguage\":\"pt-PT\"},{\"@type\":\"Organization\",\"@id\":\"https:\\\/\\\/yaxne.com\\\/#organization\",\"name\":\"yaxne.com\",\"url\":\"https:\\\/\\\/yaxne.com\\\/\",\"logo\":{\"@type\":\"ImageObject\",\"inLanguage\":\"pt-PT\",\"@id\":\"https:\\\/\\\/yaxne.com\\\/#\\\/schema\\\/logo\\\/image\\\/\",\"url\":\"https:\\\/\\\/yaxne.com\\\/wp-content\\\/uploads\\\/2024\\\/07\\\/logo.png\",\"contentUrl\":\"https:\\\/\\\/yaxne.com\\\/wp-content\\\/uploads\\\/2024\\\/07\\\/logo.png\",\"width\":967,\"height\":246,\"caption\":\"yaxne.com\"},\"image\":{\"@id\":\"https:\\\/\\\/yaxne.com\\\/#\\\/schema\\\/logo\\\/image\\\/\"}}]}<\/script>\n<!-- \/ Yoast SEO plugin. -->","yoast_head_json":{"title":"Pol\u00edtica de devolu\u00e7\u00e3o - Calcinhas de per\u00edodo, tanga, fio dental, meia de compress\u00e3o","description":"Compreender a nossa pol\u00edtica de devolu\u00e7\u00f5es para cuecas de per\u00edodo, tangas, fio dental, meias de compress\u00e3o e muito mais. Compre com confian\u00e7a com as nossas devolu\u00e7\u00f5es sem complica\u00e7\u00f5es.","robots":{"index":"index","follow":"follow","max-snippet":"max-snippet:-1","max-image-preview":"max-image-preview:large","max-video-preview":"max-video-preview:-1"},"canonical":"https:\/\/yaxne.com\/pt\/refund_returns\/","og_locale":"pt_PT","og_type":"article","og_title":"Returns Policy-Period Panties,Thong,G-Strings,Compression Sock","og_description":"Understand our returns policy for period panties,thongs,G-strings,compression socks,and more. Shop confidently with our hassle-free returns.","og_url":"https:\/\/yaxne.com\/pt\/refund_returns\/","og_site_name":"Yaxne","article_modified_time":"2024-07-12T08:55:55+00:00","twitter_card":"summary_large_image","twitter_misc":{"Est. reading time":"3 minutos"},"schema":{"@context":"https:\/\/schema.org","@graph":[{"@type":"WebPage","@id":"https:\/\/yaxne.com\/refund_returns\/","url":"https:\/\/yaxne.com\/refund_returns\/","name":"Pol\u00edtica de devolu\u00e7\u00e3o - Calcinhas de per\u00edodo, tanga, fio dental, meia de compress\u00e3o","isPartOf":{"@id":"https:\/\/yaxne.com\/#website"},"datePublished":"2024-07-12T08:55:51+00:00","dateModified":"2024-07-12T08:55:55+00:00","description":"Compreender a nossa pol\u00edtica de devolu\u00e7\u00f5es para cuecas de per\u00edodo, tangas, fio dental, meias de compress\u00e3o e muito mais. Compre com confian\u00e7a com as nossas devolu\u00e7\u00f5es sem complica\u00e7\u00f5es.","breadcrumb":{"@id":"https:\/\/yaxne.com\/refund_returns\/#breadcrumb"},"inLanguage":"pt-PT","potentialAction":[{"@type":"ReadAction","target":["https:\/\/yaxne.com\/refund_returns\/"]}]},{"@type":"BreadcrumbList","@id":"https:\/\/yaxne.com\/refund_returns\/#breadcrumb","itemListElement":[{"@type":"ListItem","position":1,"name":"\u9996\u9875","item":"https:\/\/yaxne.com\/"},{"@type":"ListItem","position":2,"name":"Refund and Returns Policy"}]},{"@type":"WebSite","@id":"https:\/\/yaxne.com\/#website","url":"https:\/\/yaxne.com\/","name":"yaxne.com","description":"","publisher":{"@id":"https:\/\/yaxne.com\/#organization"},"potentialAction":[{"@type":"SearchAction","target":{"@type":"EntryPoint","urlTemplate":"https:\/\/yaxne.com\/?s={search_term_string}"},"query-input":{"@type":"PropertyValueSpecification","valueRequired":true,"valueName":"search_term_string"}}],"inLanguage":"pt-PT"},{"@type":"Organization","@id":"https:\/\/yaxne.com\/#organization","name":"yaxne.com","url":"https:\/\/yaxne.com\/","logo":{"@type":"ImageObject","inLanguage":"pt-PT","@id":"https:\/\/yaxne.com\/#\/schema\/logo\/image\/","url":"https:\/\/yaxne.com\/wp-content\/uploads\/2024\/07\/logo.png","contentUrl":"https:\/\/yaxne.com\/wp-content\/uploads\/2024\/07\/logo.png","width":967,"height":246,"caption":"yaxne.com"},"image":{"@id":"https:\/\/yaxne.com\/#\/schema\/logo\/image\/"}}]}},"uagb_featured_image_src":{"full":false,"thumbnail":false,"medium":false,"medium_large":false,"large":false,"1536x1536":false,"2048x2048":false,"trp-custom-language-flag":false,"woocommerce_thumbnail":false,"woocommerce_single":false,"woocommerce_gallery_thumbnail":false},"uagb_author_info":{"display_name":"tianke1223@gmail.com","author_link":"https:\/\/yaxne.com\/pt\/author\/tianke1223gmail-com\/"},"uagb_comment_info":0,"uagb_excerpt":"Returns Returns &amp; Refunds policy You are entitled to cancel your order within 30 days without giving any reason for doing so. The deadline for canceling an order is 30 days from the date you received the goods or on which a third party you have appointed, who is not the carrier, takes possession of&hellip;","jetpack_sharing_enabled":true,"_links":{"self":[{"href":"https:\/\/yaxne.com\/pt\/wp-json\/wp\/v2\/pages\/9","targetHints":{"allow":["GET"]}}],"collection":[{"href":"https:\/\/yaxne.com\/pt\/wp-json\/wp\/v2\/pages"}],"about":[{"href":"https:\/\/yaxne.com\/pt\/wp-json\/wp\/v2\/types\/page"}],"author":[{"embeddable":true,"href":"https:\/\/yaxne.com\/pt\/wp-json\/wp\/v2\/users\/1"}],"replies":[{"embeddable":true,"href":"https:\/\/yaxne.com\/pt\/wp-json\/wp\/v2\/comments?post=9"}],"version-history":[{"count":1,"href":"https:\/\/yaxne.com\/pt\/wp-json\/wp\/v2\/pages\/9\/revisions"}],"predecessor-version":[{"id":2452,"href":"https:\/\/yaxne.com\/pt\/wp-json\/wp\/v2\/pages\/9\/revisions\/2452"}],"wp:attachment":[{"href":"https:\/\/yaxne.com\/pt\/wp-json\/wp\/v2\/media?parent=9"}],"curies":[{"name":"wp","href":"https:\/\/api.w.org\/{rel}","templated":true}]}}