{"id":3,"date":"2024-07-08T02:26:21","date_gmt":"2024-07-08T02:26:21","guid":{"rendered":"http:\/\/yaxne.com\/?page_id=3"},"modified":"2024-07-12T08:49:36","modified_gmt":"2024-07-12T08:49:36","slug":"privacy-policy","status":"publish","type":"page","link":"https:\/\/yaxne.com\/pt\/politica-de-privacidade\/","title":{"rendered":"Pol\u00edtica de privacidade"},"content":{"rendered":"<h3 class=\"wp-block-heading\">Pol\u00edtica de privacidade<\/h3>\n\n\n\n<p>O s\u00edtio Web Yaxne.com \u00e9 propriedade da Yaxne, que \u00e9 o respons\u00e1vel pelo tratamento dos dados pessoais do utilizador.<\/p>\n\n\n\n<p>Adopt\u00e1mos a presente Pol\u00edtica de Privacidade, que determina a forma como processamos as informa\u00e7\u00f5es recolhidas pela Yaxne.com, que tamb\u00e9m fornece as raz\u00f5es pelas quais temos de recolher determinados dados pessoais sobre o utilizador. Por conseguinte, o utilizador deve ler a presente Pol\u00edtica de Privacidade antes de utilizar o s\u00edtio Web da Yaxne.com.<\/p>\n\n\n\n<p>Cuidamos dos seus dados pessoais e comprometemo-nos a garantir a sua confidencialidade e seguran\u00e7a.<\/p>\n\n\n\n<h6 class=\"wp-block-heading\"><strong>Informa\u00e7\u00f5es pessoais que recolhemos:<\/strong><\/h6>\n\n\n\n<p>Quando visita o Yaxne.com, recolhemos automaticamente determinadas informa\u00e7\u00f5es sobre o seu dispositivo, incluindo informa\u00e7\u00f5es sobre o seu navegador Web, endere\u00e7o IP, fuso hor\u00e1rio e alguns dos cookies instalados no seu dispositivo. Al\u00e9m disso, \u00e0 medida que o utilizador navega no S\u00edtio, recolhemos informa\u00e7\u00f5es sobre as p\u00e1ginas Web ou produtos individuais que visualiza, que s\u00edtios Web ou termos de pesquisa o encaminharam para o S\u00edtio e como interage com o S\u00edtio. Referimo-nos a estas informa\u00e7\u00f5es recolhidas automaticamente como \"Informa\u00e7\u00f5es do dispositivo\". Al\u00e9m disso, podemos recolher os dados pessoais que nos fornece (incluindo, mas n\u00e3o se limitando a, Nome, Apelido, Endere\u00e7o, informa\u00e7\u00f5es de pagamento, etc.) durante o registo para podermos cumprir o acordo.<\/p>\n\n\n\n<h6 class=\"wp-block-heading\"><strong>Porque \u00e9 que processamos os seus dados?<\/strong><\/h6>\n\n\n\n<p>A nossa principal prioridade \u00e9 a seguran\u00e7a dos dados do cliente e, como tal, s\u00f3 podemos processar dados m\u00ednimos do utilizador, apenas na medida em que tal seja absolutamente necess\u00e1rio para manter o s\u00edtio Web. As informa\u00e7\u00f5es recolhidas automaticamente s\u00e3o utilizadas apenas para identificar potenciais casos de abuso e estabelecer informa\u00e7\u00f5es estat\u00edsticas relativas \u00e0 utiliza\u00e7\u00e3o do s\u00edtio Web. Estas informa\u00e7\u00f5es estat\u00edsticas n\u00e3o s\u00e3o agregadas de forma a identificar qualquer utilizador espec\u00edfico do sistema.<\/p>\n\n\n\n<p>O utilizador pode visitar o s\u00edtio Web sem nos dizer quem \u00e9 ou revelar qualquer informa\u00e7\u00e3o atrav\u00e9s da qual algu\u00e9m o possa identificar como um indiv\u00edduo espec\u00edfico e identific\u00e1vel. No entanto, se pretender utilizar algumas das funcionalidades do s\u00edtio Web, ou se pretender receber a nossa newsletter ou fornecer outros dados atrav\u00e9s do preenchimento de um formul\u00e1rio, poder\u00e1 fornecer-nos dados pessoais, tais como o seu e-mail, nome pr\u00f3prio, apelido, cidade de resid\u00eancia, organiza\u00e7\u00e3o e n\u00famero de telefone. O utilizador pode optar por n\u00e3o nos fornecer os seus dados pessoais, mas nesse caso poder\u00e1 n\u00e3o conseguir tirar partido de algumas das funcionalidades do s\u00edtio Web. Por exemplo, n\u00e3o poder\u00e1 receber a nossa Newsletter ou contactar-nos diretamente a partir do s\u00edtio Web. Os utilizadores que n\u00e3o tenham a certeza de quais as informa\u00e7\u00f5es obrigat\u00f3rias podem contactar-nos atrav\u00e9s de <a target=\"_blank\" href=\"mailto:tianke1223@gmail.com\" rel=\"noreferrer noopener\">tianke1223@gmail.com<\/a>.<\/p>\n\n\n\n<h6 class=\"wp-block-heading\"><strong>Os seus direitos:<\/strong><\/h6>\n\n\n\n<p>Se \u00e9 um residente europeu, tem os seguintes direitos relacionados com os seus dados pessoais:<\/p>\n\n\n\n<ul class=\"wp-block-list\">\n<li>O direito de ser informado.<\/li>\n\n\n\n<li>O direito de acesso.<\/li>\n\n\n\n<li>O direito de retifica\u00e7\u00e3o.<\/li>\n\n\n\n<li>O direito ao apagamento.<\/li>\n\n\n\n<li>O direito de restringir o tratamento.<\/li>\n\n\n\n<li>O direito \u00e0 portabilidade dos dados.<\/li>\n\n\n\n<li>O direito de oposi\u00e7\u00e3o.<\/li>\n\n\n\n<li>Direitos em rela\u00e7\u00e3o \u00e0 tomada de decis\u00f5es automatizada e \u00e0 defini\u00e7\u00e3o de perfis.<\/li>\n<\/ul>\n\n\n\n<p>Se pretender exercer este direito, contacte-nos atrav\u00e9s das informa\u00e7\u00f5es de contacto abaixo.<\/p>\n\n\n\n<p>Al\u00e9m disso, se o utilizador for residente na Europa, informamos que estamos a processar as suas informa\u00e7\u00f5es para cumprir contratos que possamos ter com o utilizador (por exemplo, se fizer uma encomenda atrav\u00e9s do S\u00edtio), ou para prosseguir os nossos interesses comerciais leg\u00edtimos acima referidos. Al\u00e9m disso, note que as suas informa\u00e7\u00f5es podem ser transferidas para fora da Europa, incluindo o Canad\u00e1 e os Estados Unidos.<\/p>\n\n\n\n<h6 class=\"wp-block-heading\"><strong>Liga\u00e7\u00f5es a outros s\u00edtios Web:<\/strong><\/h6>\n\n\n\n<p>O nosso s\u00edtio Web pode conter liga\u00e7\u00f5es a outros s\u00edtios Web que n\u00e3o s\u00e3o detidos ou controlados por n\u00f3s. Tenha em aten\u00e7\u00e3o que n\u00e3o somos respons\u00e1veis por esses outros s\u00edtios Web ou pelas pr\u00e1ticas de privacidade de terceiros. Recomendamos que esteja atento ao sair do nosso s\u00edtio Web e que leia as declara\u00e7\u00f5es de privacidade de cada s\u00edtio Web que possa recolher informa\u00e7\u00f5es pessoais.<\/p>\n\n\n\n<h6 class=\"wp-block-heading\"><strong>Seguran\u00e7a da informa\u00e7\u00e3o:<\/strong><\/h6>\n\n\n\n<p>Asseguramos as informa\u00e7\u00f5es fornecidas pelo utilizador em servidores inform\u00e1ticos num ambiente controlado e seguro, protegido contra o acesso, utiliza\u00e7\u00e3o ou divulga\u00e7\u00e3o n\u00e3o autorizados. Mantemos salvaguardas administrativas, t\u00e9cnicas e f\u00edsicas razo\u00e1veis para proteger contra o acesso n\u00e3o autorizado, a utiliza\u00e7\u00e3o, a modifica\u00e7\u00e3o e a divulga\u00e7\u00e3o de dados pessoais sob o seu controlo e cust\u00f3dia. No entanto, nenhuma transmiss\u00e3o de dados atrav\u00e9s da Internet ou de uma rede sem fios pode ser garantida.<\/p>\n\n\n\n<h6 class=\"wp-block-heading\"><strong>Divulga\u00e7\u00e3o legal:<\/strong><\/h6>\n\n\n\n<p>Divulgaremos quaisquer informa\u00e7\u00f5es que recolhemos, utilizamos ou recebemos se tal for exigido ou permitido por lei, como, por exemplo, para cumprir uma intima\u00e7\u00e3o ou um processo legal semelhante, e quando acreditamos de boa f\u00e9 que a divulga\u00e7\u00e3o \u00e9 necess\u00e1ria para proteger os nossos direitos, proteger a sua seguran\u00e7a ou a seguran\u00e7a de terceiros, investigar fraudes ou responder a um pedido do governo.<\/p>\n\n\n\n<h6 class=\"wp-block-heading\"><strong>Informa\u00e7\u00f5es de contacto:<\/strong><\/h6>\n\n\n\n<p>Se pretender contactar-nos para saber mais sobre esta Pol\u00edtica ou se pretender contactar-nos relativamente a qualquer assunto relacionado com os direitos individuais e as suas Informa\u00e7\u00f5es Pessoais, pode enviar uma mensagem de correio eletr\u00f3nico para <a target=\"_blank\" href=\"mailto:tianke1223@gmail.com\" rel=\"noreferrer noopener\">tianke1223@gmail.com<\/a>.<\/p>","protected":false},"excerpt":{"rendered":"<p>Privacy Policy Yaxne.com website is owned by Yaxne, which is a data controller of your personal data. We have adopted this Privacy Policy, which determines how we are processing the information collected by Yaxne.com, which also provides the reasons why we must collect certain personal data about you. Therefore, you must read this Privacy Policy [&hellip;]<\/p>\n","protected":false},"author":1,"featured_media":0,"parent":0,"menu_order":0,"comment_status":"closed","ping_status":"open","template":"","meta":{"_uag_custom_page_level_css":"","site-sidebar-layout":"default","site-content-layout":"","ast-site-content-layout":"default","site-content-style":"default","site-sidebar-style":"default","ast-global-header-display":"","ast-banner-title-visibility":"","ast-main-header-display":"","ast-hfb-above-header-display":"","ast-hfb-below-header-display":"","ast-hfb-mobile-header-display":"","site-post-title":"","ast-breadcrumbs-content":"","ast-featured-img":"","footer-sml-layout":"","ast-disable-related-posts":"","theme-transparent-header-meta":"","adv-header-id-meta":"","stick-header-meta":"","header-above-stick-meta":"","header-main-stick-meta":"","header-below-stick-meta":"","astra-migrate-meta-layouts":"set","ast-page-background-enabled":"default","ast-page-background-meta":{"desktop":{"background-color":"var(--ast-global-color-4)","background-image":"","background-repeat":"repeat","background-position":"center center","background-size":"auto","background-attachment":"scroll","background-type":"","background-media":"","overlay-type":"","overlay-color":"","overlay-opacity":"","overlay-gradient":""},"tablet":{"background-color":"","background-image":"","background-repeat":"repeat","background-position":"center center","background-size":"auto","background-attachment":"scroll","background-type":"","background-media":"","overlay-type":"","overlay-color":"","overlay-opacity":"","overlay-gradient":""},"mobile":{"background-color":"","background-image":"","background-repeat":"repeat","background-position":"center center","background-size":"auto","background-attachment":"scroll","background-type":"","background-media":"","overlay-type":"","overlay-color":"","overlay-opacity":"","overlay-gradient":""}},"ast-content-background-meta":{"desktop":{"background-color":"var(--ast-global-color-5)","background-image":"","background-repeat":"repeat","background-position":"center center","background-size":"auto","background-attachment":"scroll","background-type":"","background-media":"","overlay-type":"","overlay-color":"","overlay-opacity":"","overlay-gradient":""},"tablet":{"background-color":"var(--ast-global-color-5)","background-image":"","background-repeat":"repeat","background-position":"center center","background-size":"auto","background-attachment":"scroll","background-type":"","background-media":"","overlay-type":"","overlay-color":"","overlay-opacity":"","overlay-gradient":""},"mobile":{"background-color":"var(--ast-global-color-5)","background-image":"","background-repeat":"repeat","background-position":"center center","background-size":"auto","background-attachment":"scroll","background-type":"","background-media":"","overlay-type":"","overlay-color":"","overlay-opacity":"","overlay-gradient":""}},"footnotes":""},"class_list":["post-3","page","type-page","status-publish","hentry"],"yoast_head":"<!-- This site is optimized with the Yoast SEO plugin v27.4 - https:\/\/yoast.com\/product\/yoast-seo-wordpress\/ -->\n<title>Privacy Policy-Period Panties,G-Strings,Thongs,Compression Sock<\/title>\n<meta name=\"description\" content=\"Learn how we protect your privacy when you shop for period panties,thongs,G-strings, and compression socks.Your data security is our priority.\" \/>\n<meta name=\"robots\" content=\"index, follow, max-snippet:-1, max-image-preview:large, max-video-preview:-1\" \/>\n<link rel=\"canonical\" href=\"https:\/\/yaxne.com\/pt\/politica-de-privacidade\/\" \/>\n<meta property=\"og:locale\" content=\"pt_PT\" \/>\n<meta property=\"og:type\" content=\"article\" \/>\n<meta property=\"og:title\" content=\"Privacy Policy-Period Panties,G-Strings,Thongs,Compression Sock\" \/>\n<meta property=\"og:description\" content=\"Learn how we protect your privacy when you shop for period panties,thongs,G-strings, and compression socks.Your data security is our priority.\" \/>\n<meta property=\"og:url\" content=\"https:\/\/yaxne.com\/pt\/politica-de-privacidade\/\" \/>\n<meta property=\"og:site_name\" content=\"Yaxne\" \/>\n<meta property=\"article:modified_time\" content=\"2024-07-12T08:49:36+00:00\" \/>\n<meta name=\"twitter:card\" content=\"summary_large_image\" \/>\n<meta name=\"twitter:label1\" content=\"Est. reading time\" \/>\n\t<meta name=\"twitter:data1\" content=\"5 minutos\" \/>\n<script type=\"application\/ld+json\" class=\"yoast-schema-graph\">{\"@context\":\"https:\\\/\\\/schema.org\",\"@graph\":[{\"@type\":\"WebPage\",\"@id\":\"https:\\\/\\\/yaxne.com\\\/privacy-policy\\\/\",\"url\":\"https:\\\/\\\/yaxne.com\\\/privacy-policy\\\/\",\"name\":\"Privacy Policy-Period Panties,G-Strings,Thongs,Compression Sock\",\"isPartOf\":{\"@id\":\"https:\\\/\\\/yaxne.com\\\/#website\"},\"datePublished\":\"2024-07-08T02:26:21+00:00\",\"dateModified\":\"2024-07-12T08:49:36+00:00\",\"description\":\"Learn how we protect your privacy when you shop for period panties,thongs,G-strings, and compression socks.Your data security is our priority.\",\"breadcrumb\":{\"@id\":\"https:\\\/\\\/yaxne.com\\\/privacy-policy\\\/#breadcrumb\"},\"inLanguage\":\"pt-PT\",\"potentialAction\":[{\"@type\":\"ReadAction\",\"target\":[\"https:\\\/\\\/yaxne.com\\\/privacy-policy\\\/\"]}]},{\"@type\":\"BreadcrumbList\",\"@id\":\"https:\\\/\\\/yaxne.com\\\/privacy-policy\\\/#breadcrumb\",\"itemListElement\":[{\"@type\":\"ListItem\",\"position\":1,\"name\":\"\u9996\u9875\",\"item\":\"https:\\\/\\\/yaxne.com\\\/\"},{\"@type\":\"ListItem\",\"position\":2,\"name\":\"Privacy Policy\"}]},{\"@type\":\"WebSite\",\"@id\":\"https:\\\/\\\/yaxne.com\\\/#website\",\"url\":\"https:\\\/\\\/yaxne.com\\\/\",\"name\":\"yaxne.com\",\"description\":\"\",\"publisher\":{\"@id\":\"https:\\\/\\\/yaxne.com\\\/#organization\"},\"potentialAction\":[{\"@type\":\"SearchAction\",\"target\":{\"@type\":\"EntryPoint\",\"urlTemplate\":\"https:\\\/\\\/yaxne.com\\\/?s={search_term_string}\"},\"query-input\":{\"@type\":\"PropertyValueSpecification\",\"valueRequired\":true,\"valueName\":\"search_term_string\"}}],\"inLanguage\":\"pt-PT\"},{\"@type\":\"Organization\",\"@id\":\"https:\\\/\\\/yaxne.com\\\/#organization\",\"name\":\"yaxne.com\",\"url\":\"https:\\\/\\\/yaxne.com\\\/\",\"logo\":{\"@type\":\"ImageObject\",\"inLanguage\":\"pt-PT\",\"@id\":\"https:\\\/\\\/yaxne.com\\\/#\\\/schema\\\/logo\\\/image\\\/\",\"url\":\"https:\\\/\\\/yaxne.com\\\/wp-content\\\/uploads\\\/2024\\\/07\\\/logo.png\",\"contentUrl\":\"https:\\\/\\\/yaxne.com\\\/wp-content\\\/uploads\\\/2024\\\/07\\\/logo.png\",\"width\":967,\"height\":246,\"caption\":\"yaxne.com\"},\"image\":{\"@id\":\"https:\\\/\\\/yaxne.com\\\/#\\\/schema\\\/logo\\\/image\\\/\"}}]}<\/script>\n<!-- \/ Yoast SEO plugin. -->","yoast_head_json":{"title":"Pol\u00edtica de privacidade-Calcinhas de per\u00edodo, fio dental, tanga, meia de compress\u00e3o","description":"Saiba como protegemos a sua privacidade quando compra cuecas de per\u00edodo, tangas, fio dental e meias de compress\u00e3o. A seguran\u00e7a dos seus dados \u00e9 a nossa prioridade.","robots":{"index":"index","follow":"follow","max-snippet":"max-snippet:-1","max-image-preview":"max-image-preview:large","max-video-preview":"max-video-preview:-1"},"canonical":"https:\/\/yaxne.com\/pt\/politica-de-privacidade\/","og_locale":"pt_PT","og_type":"article","og_title":"Privacy Policy-Period Panties,G-Strings,Thongs,Compression Sock","og_description":"Learn how we protect your privacy when you shop for period panties,thongs,G-strings, and compression socks.Your data security is our priority.","og_url":"https:\/\/yaxne.com\/pt\/politica-de-privacidade\/","og_site_name":"Yaxne","article_modified_time":"2024-07-12T08:49:36+00:00","twitter_card":"summary_large_image","twitter_misc":{"Est. reading time":"5 minutos"},"schema":{"@context":"https:\/\/schema.org","@graph":[{"@type":"WebPage","@id":"https:\/\/yaxne.com\/privacy-policy\/","url":"https:\/\/yaxne.com\/privacy-policy\/","name":"Pol\u00edtica de privacidade-Calcinhas de per\u00edodo, fio dental, tanga, meia de compress\u00e3o","isPartOf":{"@id":"https:\/\/yaxne.com\/#website"},"datePublished":"2024-07-08T02:26:21+00:00","dateModified":"2024-07-12T08:49:36+00:00","description":"Saiba como protegemos a sua privacidade quando compra cuecas de per\u00edodo, tangas, fio dental e meias de compress\u00e3o. A seguran\u00e7a dos seus dados \u00e9 a nossa prioridade.","breadcrumb":{"@id":"https:\/\/yaxne.com\/privacy-policy\/#breadcrumb"},"inLanguage":"pt-PT","potentialAction":[{"@type":"ReadAction","target":["https:\/\/yaxne.com\/privacy-policy\/"]}]},{"@type":"BreadcrumbList","@id":"https:\/\/yaxne.com\/privacy-policy\/#breadcrumb","itemListElement":[{"@type":"ListItem","position":1,"name":"\u9996\u9875","item":"https:\/\/yaxne.com\/"},{"@type":"ListItem","position":2,"name":"Privacy Policy"}]},{"@type":"WebSite","@id":"https:\/\/yaxne.com\/#website","url":"https:\/\/yaxne.com\/","name":"yaxne.com","description":"","publisher":{"@id":"https:\/\/yaxne.com\/#organization"},"potentialAction":[{"@type":"SearchAction","target":{"@type":"EntryPoint","urlTemplate":"https:\/\/yaxne.com\/?s={search_term_string}"},"query-input":{"@type":"PropertyValueSpecification","valueRequired":true,"valueName":"search_term_string"}}],"inLanguage":"pt-PT"},{"@type":"Organization","@id":"https:\/\/yaxne.com\/#organization","name":"yaxne.com","url":"https:\/\/yaxne.com\/","logo":{"@type":"ImageObject","inLanguage":"pt-PT","@id":"https:\/\/yaxne.com\/#\/schema\/logo\/image\/","url":"https:\/\/yaxne.com\/wp-content\/uploads\/2024\/07\/logo.png","contentUrl":"https:\/\/yaxne.com\/wp-content\/uploads\/2024\/07\/logo.png","width":967,"height":246,"caption":"yaxne.com"},"image":{"@id":"https:\/\/yaxne.com\/#\/schema\/logo\/image\/"}}]}},"uagb_featured_image_src":{"full":false,"thumbnail":false,"medium":false,"medium_large":false,"large":false,"1536x1536":false,"2048x2048":false,"trp-custom-language-flag":false,"woocommerce_thumbnail":false,"woocommerce_single":false,"woocommerce_gallery_thumbnail":false},"uagb_author_info":{"display_name":"tianke1223@gmail.com","author_link":"https:\/\/yaxne.com\/pt\/author\/tianke1223gmail-com\/"},"uagb_comment_info":0,"uagb_excerpt":"Privacy Policy Yaxne.com website is owned by Yaxne, which is a data controller of your personal data. We have adopted this Privacy Policy, which determines how we are processing the information collected by Yaxne.com, which also provides the reasons why we must collect certain personal data about you. Therefore, you must read this Privacy Policy&hellip;","jetpack_sharing_enabled":true,"_links":{"self":[{"href":"https:\/\/yaxne.com\/pt\/wp-json\/wp\/v2\/pages\/3","targetHints":{"allow":["GET"]}}],"collection":[{"href":"https:\/\/yaxne.com\/pt\/wp-json\/wp\/v2\/pages"}],"about":[{"href":"https:\/\/yaxne.com\/pt\/wp-json\/wp\/v2\/types\/page"}],"author":[{"embeddable":true,"href":"https:\/\/yaxne.com\/pt\/wp-json\/wp\/v2\/users\/1"}],"replies":[{"embeddable":true,"href":"https:\/\/yaxne.com\/pt\/wp-json\/wp\/v2\/comments?post=3"}],"version-history":[{"count":2,"href":"https:\/\/yaxne.com\/pt\/wp-json\/wp\/v2\/pages\/3\/revisions"}],"predecessor-version":[{"id":2451,"href":"https:\/\/yaxne.com\/pt\/wp-json\/wp\/v2\/pages\/3\/revisions\/2451"}],"wp:attachment":[{"href":"https:\/\/yaxne.com\/pt\/wp-json\/wp\/v2\/media?parent=3"}],"curies":[{"name":"wp","href":"https:\/\/api.w.org\/{rel}","templated":true}]}}