{"id":2459,"date":"2024-07-12T09:30:42","date_gmt":"2024-07-12T09:30:42","guid":{"rendered":"https:\/\/yaxne.com\/?page_id=2459"},"modified":"2024-07-12T09:31:04","modified_gmt":"2024-07-12T09:31:04","slug":"shipping-policy","status":"publish","type":"page","link":"https:\/\/yaxne.com\/pt\/politica-de-envio\/","title":{"rendered":"Pol\u00edtica de envio"},"content":{"rendered":"<h1 class=\"wp-block-heading\">POL\u00cdTICA DE ENVIO<\/h1>\n\n\n\n<p>A. Custos de envio<br><br><strong>Tempo de processamento: Dentro de 48 horas<\/strong><br><strong>Taxa de envio: Frete gr\u00e1tis\uff01<\/strong><br><br>B. Tempo limite de tr\u00e2nsito, manuseamento e odores<br><br>Todas as encomendas s\u00e3o processadas no prazo de 1-2 dias \u00fateis<br>Todos os pre\u00e7os s\u00e3o em USD<br>Durante os per\u00edodos de saldos e feriados, a entrega pode demorar mais do que os prazos estimados acima.<br>Uma vez expedida, a encomenda n\u00e3o pode ser cancelada<br><strong>Yaxne<\/strong> estar\u00e3o sujeitos a direitos aduaneiros em todos os pa\u00edses durante o processo de envio, pelo que os consumidores n\u00e3o ser\u00e3o respons\u00e1veis por custos excessivos<br>Se n\u00e3o receber a encomenda no prazo de 40 dias, pedimos-lhe que nos contacte atempadamente. Ajud\u00e1-lo-emos a localizar a encomenda ou a decidir se devemos reenviar o produto<br><br>C. Tempo de envio\uff1a<br><br>EUA\/CA: 10-20 dias \u00fateis<br>Europa: 10-20 dias \u00fateis<br>M\u00e9dio Oriente: 10-25 dias \u00fateis<br>Outros: 10-25 dias \u00fateis<br><br>DEVOLU\u00c7\u00d5ES E TROCAS<br>F\u00e1cil 30 dias<br>Ver condi\u00e7\u00f5es e procedimentos na nossa pol\u00edtica de devolu\u00e7\u00f5es e reembolsos<br><br><br><br><strong>Temos um cuidado acrescido na verifica\u00e7\u00e3o de todas as encomendas que recebemos. Este processo \u00e9 um dos que nos esfor\u00e7amos por realizar dentro do prazo de envio da sua encomenda ou de envio para o fabricante que envia a sua encomenda. Em determinadas situa\u00e7\u00f5es, o nosso processo de verifica\u00e7\u00e3o de encomendas pode atrasar o envio da sua encomenda. Por favor, certifique-se de que inclui informa\u00e7\u00f5es corretas quando fizer a sua encomenda para que, se necess\u00e1rio, possamos contact\u00e1-lo atrav\u00e9s das informa\u00e7\u00f5es indicadas numa tentativa de enviar a sua encomenda no mesmo dia (se estiver em stock no nosso armaz\u00e9m).<\/strong><br><br><strong>Verifique o estado do stock antes de efetuar uma encomenda, uma vez que n\u00e3o podemos estimar com exatid\u00e3o os tempos de tr\u00e2nsito para artigos fora de stock.<\/strong><br><br><strong>A Yaxne n\u00e3o se responsabiliza por encomendas perdidas e roubadas. Se achar que a sua encomenda foi mal entregue, pode contactar a nossa equipa de servi\u00e7o ao cliente e podemos coordenar com o servi\u00e7o de tratamento de encomendas para iniciar uma investiga\u00e7\u00e3o de encomenda perdida. Se o servi\u00e7o de manuseamento de encomendas n\u00e3o conseguir localizar a encomenda ou fornecer documenta\u00e7\u00e3o que comprove que a encomenda foi entregue na morada correta, a Yaxne fica ao crit\u00e9rio exclusivo da Yaxne quanto \u00e0 resolu\u00e7\u00e3o, n\u00e3o podendo garantir uma substitui\u00e7\u00e3o ou reembolso em fun\u00e7\u00e3o do resultado da investiga\u00e7\u00e3o da encomenda perdida.<\/strong><\/p>","protected":false},"excerpt":{"rendered":"<p>SHIPPING POLICY A. Shipping Costs Processing time: Within 48 hoursShipping fee: Free Shipping\uff01 B. Transit, Handling &amp; Oders Cut Off Time All orders are processed within 1-2 business daysAll prices are in USDPlease note there could be slight During sale and holiday periods, delivery may take longer than the estimated time frames above.Once shipped, order [&hellip;]<\/p>\n","protected":false},"author":1,"featured_media":0,"parent":0,"menu_order":0,"comment_status":"closed","ping_status":"closed","template":"","meta":{"_uag_custom_page_level_css":"","site-sidebar-layout":"default","site-content-layout":"","ast-site-content-layout":"default","site-content-style":"default","site-sidebar-style":"default","ast-global-header-display":"","ast-banner-title-visibility":"","ast-main-header-display":"","ast-hfb-above-header-display":"","ast-hfb-below-header-display":"","ast-hfb-mobile-header-display":"","site-post-title":"","ast-breadcrumbs-content":"","ast-featured-img":"","footer-sml-layout":"","ast-disable-related-posts":"","theme-transparent-header-meta":"","adv-header-id-meta":"","stick-header-meta":"","header-above-stick-meta":"","header-main-stick-meta":"","header-below-stick-meta":"","astra-migrate-meta-layouts":"set","ast-page-background-enabled":"default","ast-page-background-meta":{"desktop":{"background-color":"var(--ast-global-color-4)","background-image":"","background-repeat":"repeat","background-position":"center center","background-size":"auto","background-attachment":"scroll","background-type":"","background-media":"","overlay-type":"","overlay-color":"","overlay-opacity":"","overlay-gradient":""},"tablet":{"background-color":"","background-image":"","background-repeat":"repeat","background-position":"center center","background-size":"auto","background-attachment":"scroll","background-type":"","background-media":"","overlay-type":"","overlay-color":"","overlay-opacity":"","overlay-gradient":""},"mobile":{"background-color":"","background-image":"","background-repeat":"repeat","background-position":"center center","background-size":"auto","background-attachment":"scroll","background-type":"","background-media":"","overlay-type":"","overlay-color":"","overlay-opacity":"","overlay-gradient":""}},"ast-content-background-meta":{"desktop":{"background-color":"var(--ast-global-color-5)","background-image":"","background-repeat":"repeat","background-position":"center center","background-size":"auto","background-attachment":"scroll","background-type":"","background-media":"","overlay-type":"","overlay-color":"","overlay-opacity":"","overlay-gradient":""},"tablet":{"background-color":"var(--ast-global-color-5)","background-image":"","background-repeat":"repeat","background-position":"center center","background-size":"auto","background-attachment":"scroll","background-type":"","background-media":"","overlay-type":"","overlay-color":"","overlay-opacity":"","overlay-gradient":""},"mobile":{"background-color":"var(--ast-global-color-5)","background-image":"","background-repeat":"repeat","background-position":"center center","background-size":"auto","background-attachment":"scroll","background-type":"","background-media":"","overlay-type":"","overlay-color":"","overlay-opacity":"","overlay-gradient":""}},"footnotes":""},"class_list":["post-2459","page","type-page","status-publish","hentry"],"yoast_head":"<!-- This site is optimized with the Yoast SEO plugin v27.4 - https:\/\/yoast.com\/product\/yoast-seo-wordpress\/ -->\n<title>Shipping Policy: Period Panties, Compression Socks &amp; More - Yaxne<\/title>\n<meta name=\"description\" content=\"Learn about our shipping policy for period underwear, G-strings, thongs, and compression wear. Fast, reliable delivery guaranteed.\" \/>\n<meta name=\"robots\" content=\"index, follow, max-snippet:-1, max-image-preview:large, max-video-preview:-1\" \/>\n<link rel=\"canonical\" href=\"https:\/\/yaxne.com\/pt\/politica-de-envio\/\" \/>\n<meta property=\"og:locale\" content=\"pt_PT\" \/>\n<meta property=\"og:type\" content=\"article\" \/>\n<meta property=\"og:title\" content=\"Shipping Policy: Period Panties, Compression Socks &amp; More - Yaxne\" \/>\n<meta property=\"og:description\" content=\"Learn about our shipping policy for period underwear, G-strings, thongs, and compression wear. Fast, reliable delivery guaranteed.\" \/>\n<meta property=\"og:url\" content=\"https:\/\/yaxne.com\/pt\/politica-de-envio\/\" \/>\n<meta property=\"og:site_name\" content=\"Yaxne\" \/>\n<meta property=\"article:modified_time\" content=\"2024-07-12T09:31:04+00:00\" \/>\n<meta name=\"twitter:card\" content=\"summary_large_image\" \/>\n<meta name=\"twitter:label1\" content=\"Est. reading time\" \/>\n\t<meta name=\"twitter:data1\" content=\"2 minutos\" \/>\n<script type=\"application\/ld+json\" class=\"yoast-schema-graph\">{\"@context\":\"https:\\\/\\\/schema.org\",\"@graph\":[{\"@type\":\"WebPage\",\"@id\":\"https:\\\/\\\/yaxne.com\\\/shipping-policy\\\/\",\"url\":\"https:\\\/\\\/yaxne.com\\\/shipping-policy\\\/\",\"name\":\"Shipping Policy: Period Panties, Compression Socks & More - Yaxne\",\"isPartOf\":{\"@id\":\"https:\\\/\\\/yaxne.com\\\/#website\"},\"datePublished\":\"2024-07-12T09:30:42+00:00\",\"dateModified\":\"2024-07-12T09:31:04+00:00\",\"description\":\"Learn about our shipping policy for period underwear, G-strings, thongs, and compression wear. Fast, reliable delivery guaranteed.\",\"breadcrumb\":{\"@id\":\"https:\\\/\\\/yaxne.com\\\/shipping-policy\\\/#breadcrumb\"},\"inLanguage\":\"pt-PT\",\"potentialAction\":[{\"@type\":\"ReadAction\",\"target\":[\"https:\\\/\\\/yaxne.com\\\/shipping-policy\\\/\"]}]},{\"@type\":\"BreadcrumbList\",\"@id\":\"https:\\\/\\\/yaxne.com\\\/shipping-policy\\\/#breadcrumb\",\"itemListElement\":[{\"@type\":\"ListItem\",\"position\":1,\"name\":\"\u9996\u9875\",\"item\":\"https:\\\/\\\/yaxne.com\\\/\"},{\"@type\":\"ListItem\",\"position\":2,\"name\":\"Shipping Policy\"}]},{\"@type\":\"WebSite\",\"@id\":\"https:\\\/\\\/yaxne.com\\\/#website\",\"url\":\"https:\\\/\\\/yaxne.com\\\/\",\"name\":\"yaxne.com\",\"description\":\"\",\"publisher\":{\"@id\":\"https:\\\/\\\/yaxne.com\\\/#organization\"},\"potentialAction\":[{\"@type\":\"SearchAction\",\"target\":{\"@type\":\"EntryPoint\",\"urlTemplate\":\"https:\\\/\\\/yaxne.com\\\/?s={search_term_string}\"},\"query-input\":{\"@type\":\"PropertyValueSpecification\",\"valueRequired\":true,\"valueName\":\"search_term_string\"}}],\"inLanguage\":\"pt-PT\"},{\"@type\":\"Organization\",\"@id\":\"https:\\\/\\\/yaxne.com\\\/#organization\",\"name\":\"yaxne.com\",\"url\":\"https:\\\/\\\/yaxne.com\\\/\",\"logo\":{\"@type\":\"ImageObject\",\"inLanguage\":\"pt-PT\",\"@id\":\"https:\\\/\\\/yaxne.com\\\/#\\\/schema\\\/logo\\\/image\\\/\",\"url\":\"https:\\\/\\\/yaxne.com\\\/wp-content\\\/uploads\\\/2024\\\/07\\\/logo.png\",\"contentUrl\":\"https:\\\/\\\/yaxne.com\\\/wp-content\\\/uploads\\\/2024\\\/07\\\/logo.png\",\"width\":967,\"height\":246,\"caption\":\"yaxne.com\"},\"image\":{\"@id\":\"https:\\\/\\\/yaxne.com\\\/#\\\/schema\\\/logo\\\/image\\\/\"}}]}<\/script>\n<!-- \/ Yoast SEO plugin. -->","yoast_head_json":{"title":"Pol\u00edtica de envio: Cuecas de per\u00edodo, meias de compress\u00e3o e muito mais - Yaxne","description":"Saiba mais sobre a nossa pol\u00edtica de envio de roupa interior para o per\u00edodo, fio dental, tanga e roupa de compress\u00e3o. Entrega r\u00e1pida e fi\u00e1vel garantida.","robots":{"index":"index","follow":"follow","max-snippet":"max-snippet:-1","max-image-preview":"max-image-preview:large","max-video-preview":"max-video-preview:-1"},"canonical":"https:\/\/yaxne.com\/pt\/politica-de-envio\/","og_locale":"pt_PT","og_type":"article","og_title":"Shipping Policy: Period Panties, Compression Socks & More - Yaxne","og_description":"Learn about our shipping policy for period underwear, G-strings, thongs, and compression wear. Fast, reliable delivery guaranteed.","og_url":"https:\/\/yaxne.com\/pt\/politica-de-envio\/","og_site_name":"Yaxne","article_modified_time":"2024-07-12T09:31:04+00:00","twitter_card":"summary_large_image","twitter_misc":{"Est. reading time":"2 minutos"},"schema":{"@context":"https:\/\/schema.org","@graph":[{"@type":"WebPage","@id":"https:\/\/yaxne.com\/shipping-policy\/","url":"https:\/\/yaxne.com\/shipping-policy\/","name":"Pol\u00edtica de envio: Cuecas de per\u00edodo, meias de compress\u00e3o e muito mais - Yaxne","isPartOf":{"@id":"https:\/\/yaxne.com\/#website"},"datePublished":"2024-07-12T09:30:42+00:00","dateModified":"2024-07-12T09:31:04+00:00","description":"Saiba mais sobre a nossa pol\u00edtica de envio de roupa interior para o per\u00edodo, fio dental, tanga e roupa de compress\u00e3o. Entrega r\u00e1pida e fi\u00e1vel garantida.","breadcrumb":{"@id":"https:\/\/yaxne.com\/shipping-policy\/#breadcrumb"},"inLanguage":"pt-PT","potentialAction":[{"@type":"ReadAction","target":["https:\/\/yaxne.com\/shipping-policy\/"]}]},{"@type":"BreadcrumbList","@id":"https:\/\/yaxne.com\/shipping-policy\/#breadcrumb","itemListElement":[{"@type":"ListItem","position":1,"name":"\u9996\u9875","item":"https:\/\/yaxne.com\/"},{"@type":"ListItem","position":2,"name":"Shipping Policy"}]},{"@type":"WebSite","@id":"https:\/\/yaxne.com\/#website","url":"https:\/\/yaxne.com\/","name":"yaxne.com","description":"","publisher":{"@id":"https:\/\/yaxne.com\/#organization"},"potentialAction":[{"@type":"SearchAction","target":{"@type":"EntryPoint","urlTemplate":"https:\/\/yaxne.com\/?s={search_term_string}"},"query-input":{"@type":"PropertyValueSpecification","valueRequired":true,"valueName":"search_term_string"}}],"inLanguage":"pt-PT"},{"@type":"Organization","@id":"https:\/\/yaxne.com\/#organization","name":"yaxne.com","url":"https:\/\/yaxne.com\/","logo":{"@type":"ImageObject","inLanguage":"pt-PT","@id":"https:\/\/yaxne.com\/#\/schema\/logo\/image\/","url":"https:\/\/yaxne.com\/wp-content\/uploads\/2024\/07\/logo.png","contentUrl":"https:\/\/yaxne.com\/wp-content\/uploads\/2024\/07\/logo.png","width":967,"height":246,"caption":"yaxne.com"},"image":{"@id":"https:\/\/yaxne.com\/#\/schema\/logo\/image\/"}}]}},"uagb_featured_image_src":{"full":false,"thumbnail":false,"medium":false,"medium_large":false,"large":false,"1536x1536":false,"2048x2048":false,"trp-custom-language-flag":false,"woocommerce_thumbnail":false,"woocommerce_single":false,"woocommerce_gallery_thumbnail":false},"uagb_author_info":{"display_name":"tianke1223@gmail.com","author_link":"https:\/\/yaxne.com\/pt\/author\/tianke1223gmail-com\/"},"uagb_comment_info":0,"uagb_excerpt":"SHIPPING POLICY A. Shipping Costs Processing time: Within 48 hoursShipping fee: Free Shipping\uff01 B. Transit, Handling &amp; Oders Cut Off Time All orders are processed within 1-2 business daysAll prices are in USDPlease note there could be slight During sale and holiday periods, delivery may take longer than the estimated time frames above.Once shipped, order&hellip;","jetpack_sharing_enabled":true,"_links":{"self":[{"href":"https:\/\/yaxne.com\/pt\/wp-json\/wp\/v2\/pages\/2459","targetHints":{"allow":["GET"]}}],"collection":[{"href":"https:\/\/yaxne.com\/pt\/wp-json\/wp\/v2\/pages"}],"about":[{"href":"https:\/\/yaxne.com\/pt\/wp-json\/wp\/v2\/types\/page"}],"author":[{"embeddable":true,"href":"https:\/\/yaxne.com\/pt\/wp-json\/wp\/v2\/users\/1"}],"replies":[{"embeddable":true,"href":"https:\/\/yaxne.com\/pt\/wp-json\/wp\/v2\/comments?post=2459"}],"version-history":[{"count":2,"href":"https:\/\/yaxne.com\/pt\/wp-json\/wp\/v2\/pages\/2459\/revisions"}],"predecessor-version":[{"id":2461,"href":"https:\/\/yaxne.com\/pt\/wp-json\/wp\/v2\/pages\/2459\/revisions\/2461"}],"wp:attachment":[{"href":"https:\/\/yaxne.com\/pt\/wp-json\/wp\/v2\/media?parent=2459"}],"curies":[{"name":"wp","href":"https:\/\/api.w.org\/{rel}","templated":true}]}}