{"id":3,"date":"2024-07-08T02:26:21","date_gmt":"2024-07-08T02:26:21","guid":{"rendered":"http:\/\/yaxne.com\/?page_id=3"},"modified":"2024-07-12T08:49:36","modified_gmt":"2024-07-12T08:49:36","slug":"privacy-policy","status":"publish","type":"page","link":"https:\/\/yaxne.com\/hu\/adatvedelmi-politika\/","title":{"rendered":"Adatv\u00e9delmi ir\u00e1nyelvek"},"content":{"rendered":"<h3 class=\"wp-block-heading\">Adatv\u00e9delmi ir\u00e1nyelvek<\/h3>\n\n\n\n<p>A Yaxne.com weboldal tulajdonosa a Yaxne, amely az \u00d6n szem\u00e9lyes adatainak adatkezel\u0151je.<\/p>\n\n\n\n<p>Elfogadtuk ezt az Adatv\u00e9delmi szab\u00e1lyzatot, amely meghat\u00e1rozza, hogyan kezelj\u00fck a Yaxne.com \u00e1ltal gy\u0171jt\u00f6tt inform\u00e1ci\u00f3kat, \u00e9s amely azt is megadja, hogy mi\u00e9rt kell bizonyos szem\u00e9lyes adatokat gy\u0171jten\u00fcnk \u00d6nr\u0151l. Ez\u00e9rt a Yaxne.com weboldal haszn\u00e1lata el\u0151tt el kell olvasnia ezt az Adatv\u00e9delmi szab\u00e1lyzatot.<\/p>\n\n\n\n<p>Vigy\u00e1zunk az \u00d6n szem\u00e9lyes adataira, \u00e9s v\u00e1llaljuk, hogy garant\u00e1ljuk azok bizalmas kezel\u00e9s\u00e9t \u00e9s biztons\u00e1g\u00e1t.<\/p>\n\n\n\n<h6 class=\"wp-block-heading\"><strong>Az \u00e1ltalunk gy\u0171jt\u00f6tt szem\u00e9lyes adatok:<\/strong><\/h6>\n\n\n\n<p>A Yaxne.com oldal megl\u00e1togat\u00e1sakor automatikusan gy\u0171jt\u00fcnk bizonyos inform\u00e1ci\u00f3kat az \u00d6n eszk\u00f6z\u00e9r\u0151l, bele\u00e9rtve a webb\u00f6ng\u00e9sz\u0151j\u00e9re, IP-c\u00edm\u00e9re, id\u0151z\u00f3n\u00e1j\u00e1ra \u00e9s az eszk\u00f6z\u00e9re telep\u00edtett n\u00e9h\u00e1ny cookie-ra vonatkoz\u00f3 inform\u00e1ci\u00f3kat. Ezen t\u00falmen\u0151en a Webhely b\u00f6ng\u00e9sz\u00e9se sor\u00e1n inform\u00e1ci\u00f3kat gy\u0171jt\u00fcnk az \u00d6n \u00e1ltal megtekintett egyes weboldalakr\u00f3l vagy term\u00e9kekr\u0151l, arr\u00f3l, hogy milyen weboldalak vagy keres\u0151kifejez\u00e9sek ir\u00e1ny\u00edtott\u00e1k \u00d6nt a Webhelyre, \u00e9s hogyan l\u00e9p kapcsolatba a Webhellyel. Ezeket az automatikusan gy\u0171jt\u00f6tt inform\u00e1ci\u00f3kat \"Eszk\u00f6zinform\u00e1ci\u00f3nak\" nevezz\u00fck. Ezen t\u00falmen\u0151en a regisztr\u00e1ci\u00f3 sor\u00e1n gy\u0171jthetj\u00fck az \u00d6n \u00e1ltal megadott szem\u00e9lyes adatokat (t\u00f6bbek k\u00f6z\u00f6tt, de nem kiz\u00e1r\u00f3lagosan a N\u00e9v, Vezet\u00e9kn\u00e9v, C\u00edm, fizet\u00e9si inform\u00e1ci\u00f3k stb.), hogy teljes\u00edteni tudjuk a szerz\u0151d\u00e9st.<\/p>\n\n\n\n<h6 class=\"wp-block-heading\"><strong>Mi\u00e9rt dolgozzuk fel az \u00d6n adatait?<\/strong><\/h6>\n\n\n\n<p>Legf\u0151bb priorit\u00e1sunk az \u00fcgyfelek adatainak biztons\u00e1ga, ez\u00e9rt csak minim\u00e1lis felhaszn\u00e1l\u00f3i adatokat dolgozhatunk fel, csak annyit, amennyi a weboldal fenntart\u00e1s\u00e1hoz felt\u00e9tlen\u00fcl sz\u00fcks\u00e9ges. Az automatikusan gy\u0171jt\u00f6tt inform\u00e1ci\u00f3kat kiz\u00e1r\u00f3lag a lehets\u00e9ges vissza\u00e9l\u00e9sek azonos\u00edt\u00e1s\u00e1ra \u00e9s a weboldal haszn\u00e1lat\u00e1ra vonatkoz\u00f3 statisztikai adatok meg\u00e1llap\u00edt\u00e1s\u00e1ra haszn\u00e1ljuk fel. Ezeket a statisztikai inform\u00e1ci\u00f3kat egy\u00e9bk\u00e9nt nem \u00f6sszes\u00edtett\u00fck oly m\u00f3don, hogy azok alapj\u00e1n a rendszer b\u00e1rmely konkr\u00e9t felhaszn\u00e1l\u00f3j\u00e1t azonos\u00edtani lehetne.<\/p>\n\n\n\n<p>\u00d6n an\u00e9lk\u00fcl l\u00e1togathatja meg a weboldalt, hogy megmondan\u00e1 nek\u00fcnk, hogy ki \u00d6n, vagy olyan inform\u00e1ci\u00f3t adna meg, amely alapj\u00e1n valaki \u00d6nt konkr\u00e9t, azonos\u00edthat\u00f3 szem\u00e9lyk\u00e9nt azonos\u00edthatn\u00e1. Ha azonban a weboldal egyes funkci\u00f3it szeretn\u00e9 haszn\u00e1lni, vagy h\u00edrlevel\u00fcnket szeretn\u00e9 megkapni, vagy egy\u00e9b adatokat k\u00edv\u00e1n megadni egy \u0171rlap kit\u00f6lt\u00e9s\u00e9vel, akkor szem\u00e9lyes adatokat adhat meg nek\u00fcnk, p\u00e9ld\u00e1ul az e-mail c\u00edm\u00e9t, keresztnev\u00e9t, vezet\u00e9knev\u00e9t, lak\u00f3hely\u00e9t, szervezet\u00e9t, telefonsz\u00e1m\u00e1t. \u00d6n d\u00f6nthet \u00fagy is, hogy nem adja meg nek\u00fcnk szem\u00e9lyes adatait, de ekkor el\u0151fordulhat, hogy nem tudja kihaszn\u00e1lni a weboldal egyes funkci\u00f3it. P\u00e9ld\u00e1ul nem tudja majd megkapni h\u00edrlevel\u00fcnket, vagy nem tud k\u00f6zvetlen\u00fcl a weboldalr\u00f3l kapcsolatba l\u00e9pni vel\u00fcnk. Azok a felhaszn\u00e1l\u00f3k, akik bizonytalanok abban, hogy mely adatok megad\u00e1sa k\u00f6telez\u0151, sz\u00edvesen l\u00e1tjuk, ha kapcsolatba l\u00e9pnek vel\u00fcnk az al\u00e1bbi el\u00e9rhet\u0151s\u00e9geken kereszt\u00fcl <a target=\"_blank\" href=\"mailto:tianke1223@gmail.com\" rel=\"noreferrer noopener\">tianke1223@gmail.com<\/a>.<\/p>\n\n\n\n<h6 class=\"wp-block-heading\"><strong>Az \u00d6n jogai:<\/strong><\/h6>\n\n\n\n<p>Ha \u00d6n eur\u00f3pai lakos, a k\u00f6vetkez\u0151 jogokkal rendelkezik szem\u00e9lyes adataival kapcsolatban:<\/p>\n\n\n\n<ul class=\"wp-block-list\">\n<li>A t\u00e1j\u00e9koztat\u00e1shoz val\u00f3 jog.<\/li>\n\n\n\n<li>A hozz\u00e1f\u00e9r\u00e9si jog.<\/li>\n\n\n\n<li>A helyesb\u00edt\u00e9shez val\u00f3 jog.<\/li>\n\n\n\n<li>A t\u00f6rl\u00e9shez val\u00f3 jog.<\/li>\n\n\n\n<li>Az adatkezel\u00e9s korl\u00e1toz\u00e1s\u00e1hoz val\u00f3 jog.<\/li>\n\n\n\n<li>Az adathordozhat\u00f3s\u00e1ghoz val\u00f3 jog.<\/li>\n\n\n\n<li>A tiltakoz\u00e1s joga.<\/li>\n\n\n\n<li>Az automatiz\u00e1lt d\u00f6nt\u00e9shozatallal \u00e9s profilalkot\u00e1ssal kapcsolatos jogok.<\/li>\n<\/ul>\n\n\n\n<p>Ha \u00e9lni szeretne ezzel a jog\u00e1val, k\u00e9rj\u00fck, l\u00e9pjen kapcsolatba vel\u00fcnk az al\u00e1bbi el\u00e9rhet\u0151s\u00e9geken kereszt\u00fcl.<\/p>\n\n\n\n<p>Tov\u00e1bb\u00e1, ha \u00d6n eur\u00f3pai lakos, megjegyezz\u00fck, hogy az \u00d6n adatait az \u00d6nnel k\u00f6t\u00f6tt szerz\u0151d\u00e9s\u00fcnk teljes\u00edt\u00e9se \u00e9rdek\u00e9ben dolgozzuk fel (p\u00e9ld\u00e1ul, ha \u00d6n a Weboldalon kereszt\u00fcl rendel\u00e9st ad le), vagy egy\u00e9bk\u00e9nt a fent felsorolt jogos \u00fczleti \u00e9rdekeink \u00e9rv\u00e9nyes\u00edt\u00e9se \u00e9rdek\u00e9ben. Tov\u00e1bb\u00e1 k\u00e9rj\u00fck, vegye figyelembe, hogy az \u00d6n adatait Eur\u00f3p\u00e1n k\u00edv\u00fclre is tov\u00e1bb\u00edthatjuk, bele\u00e9rtve Kanad\u00e1t \u00e9s az Egyes\u00fclt \u00c1llamokat.<\/p>\n\n\n\n<h6 class=\"wp-block-heading\"><strong>M\u00e1s weboldalakra mutat\u00f3 linkek:<\/strong><\/h6>\n\n\n\n<p>Weboldalunk tartalmazhat olyan m\u00e1s weboldalakra mutat\u00f3 hivatkoz\u00e1sokat, amelyek nem a mi tulajdonunkban vannak, illetve nem a mi ir\u00e1ny\u00edt\u00e1sunk alatt \u00e1llnak. K\u00e9rj\u00fck, vegye figyelembe, hogy nem vagyunk felel\u0151sek az ilyen m\u00e1s weboldalak\u00e9rt vagy harmadik felek adatv\u00e9delmi gyakorlat\u00e1\u00e9rt. Javasoljuk, hogy amikor elhagyja weboldalunkat, legyen k\u00f6r\u00fcltekint\u0151, \u00e9s olvassa el minden olyan weboldal adatv\u00e9delmi nyilatkozat\u00e1t, amely szem\u00e9lyes adatokat gy\u0171jthet.<\/p>\n\n\n\n<h6 class=\"wp-block-heading\"><strong>Inform\u00e1ci\u00f3biztons\u00e1g:<\/strong><\/h6>\n\n\n\n<p>Az \u00d6n \u00e1ltal megadott adatokat sz\u00e1m\u00edt\u00f3g\u00e9pes szervereken, ellen\u0151rz\u00f6tt, biztons\u00e1gos k\u00f6rnyezetben, a jogosulatlan hozz\u00e1f\u00e9r\u00e9st\u0151l, felhaszn\u00e1l\u00e1st\u00f3l \u00e9s nyilv\u00e1noss\u00e1gra hozatalt\u00f3l v\u00e9dve t\u00e1roljuk. Az ellen\u0151rz\u00e9se \u00e9s fel\u00fcgyelete alatt \u00e9sszer\u0171 adminisztrat\u00edv, technikai \u00e9s fizikai biztos\u00edt\u00e9kokat tartunk fenn a jogosulatlan hozz\u00e1f\u00e9r\u00e9s, felhaszn\u00e1l\u00e1s, m\u00f3dos\u00edt\u00e1s \u00e9s a szem\u00e9lyes adatok nyilv\u00e1noss\u00e1gra hozatala elleni v\u00e9delem \u00e9rdek\u00e9ben. Az interneten vagy vezet\u00e9k n\u00e9lk\u00fcli h\u00e1l\u00f3zaton kereszt\u00fcl t\u00f6rt\u00e9n\u0151 adat\u00e1tvitel azonban nem garant\u00e1lhat\u00f3.<\/p>\n\n\n\n<h6 class=\"wp-block-heading\"><strong>Jogi t\u00e1j\u00e9koztat\u00e1s:<\/strong><\/h6>\n\n\n\n<p>Az \u00e1ltalunk gy\u0171jt\u00f6tt, felhaszn\u00e1lt vagy kapott inform\u00e1ci\u00f3kat nyilv\u00e1noss\u00e1gra hozzuk, ha azt a t\u00f6rv\u00e9ny megk\u00f6veteli vagy enged\u00e9lyezi, p\u00e9ld\u00e1ul az id\u00e9z\u00e9snek vagy hasonl\u00f3 jogi elj\u00e1r\u00e1snak val\u00f3 megfelel\u00e9s \u00e9rdek\u00e9ben, illetve ha j\u00f3hiszem\u0171en \u00fagy gondoljuk, hogy a nyilv\u00e1noss\u00e1gra hozatal sz\u00fcks\u00e9ges jogaink v\u00e9delm\u00e9hez, az \u00d6n vagy m\u00e1sok biztons\u00e1g\u00e1nak v\u00e9delm\u00e9hez, csal\u00e1s kivizsg\u00e1l\u00e1s\u00e1hoz vagy korm\u00e1nyzati k\u00e9r\u00e9sre val\u00f3 reag\u00e1l\u00e1shoz.<\/p>\n\n\n\n<h6 class=\"wp-block-heading\"><strong>El\u00e9rhet\u0151s\u00e9gek:<\/strong><\/h6>\n\n\n\n<p>Ha kapcsolatba szeretne l\u00e9pni vel\u00fcnk, hogy t\u00f6bbet megtudjon a jelen Szab\u00e1lyzatr\u00f3l, vagy kapcsolatba k\u00edv\u00e1n l\u00e9pni vel\u00fcnk az egy\u00e9ni jogokkal \u00e9s az \u00d6n szem\u00e9lyes adataival kapcsolatos b\u00e1rmely k\u00e9rd\u00e9sben, k\u00fcldj\u00f6n e-mailt a k\u00f6vetkez\u0151 c\u00edmre <a target=\"_blank\" href=\"mailto:tianke1223@gmail.com\" rel=\"noreferrer noopener\">tianke1223@gmail.com<\/a>.<\/p>","protected":false},"excerpt":{"rendered":"<p>Privacy Policy Yaxne.com website is owned by Yaxne, which is a data controller of your personal data. We have adopted this Privacy Policy, which determines how we are processing the information collected by Yaxne.com, which also provides the reasons why we must collect certain personal data about you. Therefore, you must read this Privacy Policy [&hellip;]<\/p>\n","protected":false},"author":1,"featured_media":0,"parent":0,"menu_order":0,"comment_status":"closed","ping_status":"open","template":"","meta":{"_uag_custom_page_level_css":"","site-sidebar-layout":"default","site-content-layout":"","ast-site-content-layout":"default","site-content-style":"default","site-sidebar-style":"default","ast-global-header-display":"","ast-banner-title-visibility":"","ast-main-header-display":"","ast-hfb-above-header-display":"","ast-hfb-below-header-display":"","ast-hfb-mobile-header-display":"","site-post-title":"","ast-breadcrumbs-content":"","ast-featured-img":"","footer-sml-layout":"","ast-disable-related-posts":"","theme-transparent-header-meta":"","adv-header-id-meta":"","stick-header-meta":"","header-above-stick-meta":"","header-main-stick-meta":"","header-below-stick-meta":"","astra-migrate-meta-layouts":"set","ast-page-background-enabled":"default","ast-page-background-meta":{"desktop":{"background-color":"var(--ast-global-color-4)","background-image":"","background-repeat":"repeat","background-position":"center center","background-size":"auto","background-attachment":"scroll","background-type":"","background-media":"","overlay-type":"","overlay-color":"","overlay-opacity":"","overlay-gradient":""},"tablet":{"background-color":"","background-image":"","background-repeat":"repeat","background-position":"center center","background-size":"auto","background-attachment":"scroll","background-type":"","background-media":"","overlay-type":"","overlay-color":"","overlay-opacity":"","overlay-gradient":""},"mobile":{"background-color":"","background-image":"","background-repeat":"repeat","background-position":"center center","background-size":"auto","background-attachment":"scroll","background-type":"","background-media":"","overlay-type":"","overlay-color":"","overlay-opacity":"","overlay-gradient":""}},"ast-content-background-meta":{"desktop":{"background-color":"var(--ast-global-color-5)","background-image":"","background-repeat":"repeat","background-position":"center center","background-size":"auto","background-attachment":"scroll","background-type":"","background-media":"","overlay-type":"","overlay-color":"","overlay-opacity":"","overlay-gradient":""},"tablet":{"background-color":"var(--ast-global-color-5)","background-image":"","background-repeat":"repeat","background-position":"center center","background-size":"auto","background-attachment":"scroll","background-type":"","background-media":"","overlay-type":"","overlay-color":"","overlay-opacity":"","overlay-gradient":""},"mobile":{"background-color":"var(--ast-global-color-5)","background-image":"","background-repeat":"repeat","background-position":"center center","background-size":"auto","background-attachment":"scroll","background-type":"","background-media":"","overlay-type":"","overlay-color":"","overlay-opacity":"","overlay-gradient":""}},"footnotes":""},"class_list":["post-3","page","type-page","status-publish","hentry"],"yoast_head":"<!-- This site is optimized with the Yoast SEO plugin v27.4 - https:\/\/yoast.com\/product\/yoast-seo-wordpress\/ -->\n<title>Privacy Policy-Period Panties,G-Strings,Thongs,Compression Sock<\/title>\n<meta name=\"description\" content=\"Learn how we protect your privacy when you shop for period panties,thongs,G-strings, and compression socks.Your data security is our priority.\" \/>\n<meta name=\"robots\" content=\"index, follow, max-snippet:-1, max-image-preview:large, max-video-preview:-1\" \/>\n<link rel=\"canonical\" href=\"https:\/\/yaxne.com\/hu\/adatvedelmi-politika\/\" \/>\n<meta property=\"og:locale\" content=\"hu_HU\" \/>\n<meta property=\"og:type\" content=\"article\" \/>\n<meta property=\"og:title\" content=\"Privacy Policy-Period Panties,G-Strings,Thongs,Compression Sock\" \/>\n<meta property=\"og:description\" content=\"Learn how we protect your privacy when you shop for period panties,thongs,G-strings, and compression socks.Your data security is our priority.\" \/>\n<meta property=\"og:url\" content=\"https:\/\/yaxne.com\/hu\/adatvedelmi-politika\/\" \/>\n<meta property=\"og:site_name\" content=\"Yaxne\" \/>\n<meta property=\"article:modified_time\" content=\"2024-07-12T08:49:36+00:00\" \/>\n<meta name=\"twitter:card\" content=\"summary_large_image\" \/>\n<meta name=\"twitter:label1\" content=\"Becs\u00fclt olvas\u00e1si id\u0151\" \/>\n\t<meta name=\"twitter:data1\" content=\"5 perc\" \/>\n<script type=\"application\/ld+json\" class=\"yoast-schema-graph\">{\"@context\":\"https:\\\/\\\/schema.org\",\"@graph\":[{\"@type\":\"WebPage\",\"@id\":\"https:\\\/\\\/yaxne.com\\\/privacy-policy\\\/\",\"url\":\"https:\\\/\\\/yaxne.com\\\/privacy-policy\\\/\",\"name\":\"Privacy Policy-Period Panties,G-Strings,Thongs,Compression Sock\",\"isPartOf\":{\"@id\":\"https:\\\/\\\/yaxne.com\\\/#website\"},\"datePublished\":\"2024-07-08T02:26:21+00:00\",\"dateModified\":\"2024-07-12T08:49:36+00:00\",\"description\":\"Learn how we protect your privacy when you shop for period panties,thongs,G-strings, and compression socks.Your data security is our priority.\",\"breadcrumb\":{\"@id\":\"https:\\\/\\\/yaxne.com\\\/privacy-policy\\\/#breadcrumb\"},\"inLanguage\":\"hu\",\"potentialAction\":[{\"@type\":\"ReadAction\",\"target\":[\"https:\\\/\\\/yaxne.com\\\/privacy-policy\\\/\"]}]},{\"@type\":\"BreadcrumbList\",\"@id\":\"https:\\\/\\\/yaxne.com\\\/privacy-policy\\\/#breadcrumb\",\"itemListElement\":[{\"@type\":\"ListItem\",\"position\":1,\"name\":\"\u9996\u9875\",\"item\":\"https:\\\/\\\/yaxne.com\\\/\"},{\"@type\":\"ListItem\",\"position\":2,\"name\":\"Privacy Policy\"}]},{\"@type\":\"WebSite\",\"@id\":\"https:\\\/\\\/yaxne.com\\\/#website\",\"url\":\"https:\\\/\\\/yaxne.com\\\/\",\"name\":\"yaxne.com\",\"description\":\"\",\"publisher\":{\"@id\":\"https:\\\/\\\/yaxne.com\\\/#organization\"},\"potentialAction\":[{\"@type\":\"SearchAction\",\"target\":{\"@type\":\"EntryPoint\",\"urlTemplate\":\"https:\\\/\\\/yaxne.com\\\/?s={search_term_string}\"},\"query-input\":{\"@type\":\"PropertyValueSpecification\",\"valueRequired\":true,\"valueName\":\"search_term_string\"}}],\"inLanguage\":\"hu\"},{\"@type\":\"Organization\",\"@id\":\"https:\\\/\\\/yaxne.com\\\/#organization\",\"name\":\"yaxne.com\",\"url\":\"https:\\\/\\\/yaxne.com\\\/\",\"logo\":{\"@type\":\"ImageObject\",\"inLanguage\":\"hu\",\"@id\":\"https:\\\/\\\/yaxne.com\\\/#\\\/schema\\\/logo\\\/image\\\/\",\"url\":\"https:\\\/\\\/yaxne.com\\\/wp-content\\\/uploads\\\/2024\\\/07\\\/logo.png\",\"contentUrl\":\"https:\\\/\\\/yaxne.com\\\/wp-content\\\/uploads\\\/2024\\\/07\\\/logo.png\",\"width\":967,\"height\":246,\"caption\":\"yaxne.com\"},\"image\":{\"@id\":\"https:\\\/\\\/yaxne.com\\\/#\\\/schema\\\/logo\\\/image\\\/\"}}]}<\/script>\n<!-- \/ Yoast SEO plugin. -->","yoast_head_json":{"title":"Adatv\u00e9delmi szab\u00e1lyzat-Peri\u00f3dus bugyi,G-Strings,Tanga,kompresszi\u00f3s zokni","description":"Tudja meg, hogyan v\u00e9dj\u00fck az \u00d6n adatait, amikor id\u0151szakos bugyikat, tang\u00e1kat, G-stringeket \u00e9s kompresszi\u00f3s zoknikat v\u00e1s\u00e1rol.Az \u00d6n adatbiztons\u00e1ga a mi priorit\u00e1sunk.","robots":{"index":"index","follow":"follow","max-snippet":"max-snippet:-1","max-image-preview":"max-image-preview:large","max-video-preview":"max-video-preview:-1"},"canonical":"https:\/\/yaxne.com\/hu\/adatvedelmi-politika\/","og_locale":"hu_HU","og_type":"article","og_title":"Privacy Policy-Period Panties,G-Strings,Thongs,Compression Sock","og_description":"Learn how we protect your privacy when you shop for period panties,thongs,G-strings, and compression socks.Your data security is our priority.","og_url":"https:\/\/yaxne.com\/hu\/adatvedelmi-politika\/","og_site_name":"Yaxne","article_modified_time":"2024-07-12T08:49:36+00:00","twitter_card":"summary_large_image","twitter_misc":{"Becs\u00fclt olvas\u00e1si id\u0151":"5 perc"},"schema":{"@context":"https:\/\/schema.org","@graph":[{"@type":"WebPage","@id":"https:\/\/yaxne.com\/privacy-policy\/","url":"https:\/\/yaxne.com\/privacy-policy\/","name":"Adatv\u00e9delmi szab\u00e1lyzat-Peri\u00f3dus bugyi,G-Strings,Tanga,kompresszi\u00f3s zokni","isPartOf":{"@id":"https:\/\/yaxne.com\/#website"},"datePublished":"2024-07-08T02:26:21+00:00","dateModified":"2024-07-12T08:49:36+00:00","description":"Tudja meg, hogyan v\u00e9dj\u00fck az \u00d6n adatait, amikor id\u0151szakos bugyikat, tang\u00e1kat, G-stringeket \u00e9s kompresszi\u00f3s zoknikat v\u00e1s\u00e1rol.Az \u00d6n adatbiztons\u00e1ga a mi priorit\u00e1sunk.","breadcrumb":{"@id":"https:\/\/yaxne.com\/privacy-policy\/#breadcrumb"},"inLanguage":"hu","potentialAction":[{"@type":"ReadAction","target":["https:\/\/yaxne.com\/privacy-policy\/"]}]},{"@type":"BreadcrumbList","@id":"https:\/\/yaxne.com\/privacy-policy\/#breadcrumb","itemListElement":[{"@type":"ListItem","position":1,"name":"\u9996\u9875","item":"https:\/\/yaxne.com\/"},{"@type":"ListItem","position":2,"name":"Privacy Policy"}]},{"@type":"WebSite","@id":"https:\/\/yaxne.com\/#website","url":"https:\/\/yaxne.com\/","name":"yaxne.com","description":"","publisher":{"@id":"https:\/\/yaxne.com\/#organization"},"potentialAction":[{"@type":"SearchAction","target":{"@type":"EntryPoint","urlTemplate":"https:\/\/yaxne.com\/?s={search_term_string}"},"query-input":{"@type":"PropertyValueSpecification","valueRequired":true,"valueName":"search_term_string"}}],"inLanguage":"hu"},{"@type":"Organization","@id":"https:\/\/yaxne.com\/#organization","name":"yaxne.com","url":"https:\/\/yaxne.com\/","logo":{"@type":"ImageObject","inLanguage":"hu","@id":"https:\/\/yaxne.com\/#\/schema\/logo\/image\/","url":"https:\/\/yaxne.com\/wp-content\/uploads\/2024\/07\/logo.png","contentUrl":"https:\/\/yaxne.com\/wp-content\/uploads\/2024\/07\/logo.png","width":967,"height":246,"caption":"yaxne.com"},"image":{"@id":"https:\/\/yaxne.com\/#\/schema\/logo\/image\/"}}]}},"uagb_featured_image_src":{"full":false,"thumbnail":false,"medium":false,"medium_large":false,"large":false,"1536x1536":false,"2048x2048":false,"trp-custom-language-flag":false,"woocommerce_thumbnail":false,"woocommerce_single":false,"woocommerce_gallery_thumbnail":false},"uagb_author_info":{"display_name":"tianke1223@gmail.com","author_link":"https:\/\/yaxne.com\/hu\/author\/tianke1223gmail-com\/"},"uagb_comment_info":0,"uagb_excerpt":"Privacy Policy Yaxne.com website is owned by Yaxne, which is a data controller of your personal data. We have adopted this Privacy Policy, which determines how we are processing the information collected by Yaxne.com, which also provides the reasons why we must collect certain personal data about you. Therefore, you must read this Privacy Policy&hellip;","jetpack_sharing_enabled":true,"_links":{"self":[{"href":"https:\/\/yaxne.com\/hu\/wp-json\/wp\/v2\/pages\/3","targetHints":{"allow":["GET"]}}],"collection":[{"href":"https:\/\/yaxne.com\/hu\/wp-json\/wp\/v2\/pages"}],"about":[{"href":"https:\/\/yaxne.com\/hu\/wp-json\/wp\/v2\/types\/page"}],"author":[{"embeddable":true,"href":"https:\/\/yaxne.com\/hu\/wp-json\/wp\/v2\/users\/1"}],"replies":[{"embeddable":true,"href":"https:\/\/yaxne.com\/hu\/wp-json\/wp\/v2\/comments?post=3"}],"version-history":[{"count":2,"href":"https:\/\/yaxne.com\/hu\/wp-json\/wp\/v2\/pages\/3\/revisions"}],"predecessor-version":[{"id":2451,"href":"https:\/\/yaxne.com\/hu\/wp-json\/wp\/v2\/pages\/3\/revisions\/2451"}],"wp:attachment":[{"href":"https:\/\/yaxne.com\/hu\/wp-json\/wp\/v2\/media?parent=3"}],"curies":[{"name":"wp","href":"https:\/\/api.w.org\/{rel}","templated":true}]}}