{"id":2459,"date":"2024-07-12T09:30:42","date_gmt":"2024-07-12T09:30:42","guid":{"rendered":"https:\/\/yaxne.com\/?page_id=2459"},"modified":"2024-07-12T09:31:04","modified_gmt":"2024-07-12T09:31:04","slug":"shipping-policy","status":"publish","type":"page","link":"https:\/\/yaxne.com\/hu\/szallitasi-politika\/","title":{"rendered":"Sz\u00e1ll\u00edt\u00e1si politika"},"content":{"rendered":"<h1 class=\"wp-block-heading\">SZ\u00c1LL\u00cdT\u00c1SI POLITIKA<\/h1>\n\n\n\n<p>A. Sz\u00e1ll\u00edt\u00e1si k\u00f6lts\u00e9gek<br><br><strong>Feldolgoz\u00e1si id\u0151: 48 \u00f3r\u00e1n bel\u00fcl<\/strong><br><strong>Sz\u00e1ll\u00edt\u00e1si d\u00edj: Ingyenes sz\u00e1ll\u00edt\u00e1s\uff01<\/strong><br><br>B. Tranzit, kezel\u00e9si \u00e9s szagos\u00edt\u00e1si hat\u00e1rideje<br><br>Minden megrendel\u00e9st 1-2 munkanapon bel\u00fcl feldolgozunk<br>Minden \u00e1r USD-ben \u00e9rtend\u0151<br>K\u00e9rj\u00fck, vegye figyelembe, hogy az elad\u00e1si \u00e9s \u00fcnnepi id\u0151szakokban a sz\u00e1ll\u00edt\u00e1s a fenti becs\u00fclt id\u0151keretekn\u00e9l hosszabb id\u0151t vehet ig\u00e9nybe.<br>A megrendel\u00e9s a sz\u00e1ll\u00edt\u00e1s ut\u00e1n nem t\u00f6r\u00f6lhet\u0151.<br><strong>Yaxne<\/strong> a post\u00e1z\u00e1s sor\u00e1n minden orsz\u00e1gban v\u00e1mot kell fizetni, \u00edgy a fogyaszt\u00f3kat nem terhelik t\u00f6bbletk\u00f6lts\u00e9gek.<br>Ha nem kapja meg a csomagot 40 napon bel\u00fcl, k\u00e9rj\u00fck, id\u0151ben l\u00e9pjen kapcsolatba vel\u00fcnk. Seg\u00edt\u00fcnk \u00d6nnek a csomag nyomon k\u00f6vet\u00e9s\u00e9ben, vagy eld\u00f6ntj\u00fck, hogy visszak\u00fcldj\u00fck-e a term\u00e9ket.<br><br>C. Sz\u00e1ll\u00edt\u00e1si id\u0151\uff1a<br><br>USA\/CA: 10-20 munkanap<br>Eur\u00f3pa: 10-20 munkanap<br>K\u00f6zel-Kelet: 10-25 munkanap<br>M\u00e1sok: 10-25 munkanap<br><br>VISSZAT\u00c9R\u00cdT\u00c9S \u00c9S CSERE<br>K\u00f6nny\u0171 30 nap<br>L\u00e1sd a visszak\u00fcld\u00e9si \u00e9s visszat\u00e9r\u00edt\u00e9si szab\u00e1lyzatunkban szerepl\u0151 felt\u00e9teleket \u00e9s elj\u00e1r\u00e1st.<br><br><br><br><strong>K\u00fcl\u00f6n\u00f6s gondot ford\u00edtunk minden egyes megrendel\u00e9s ellen\u0151rz\u00e9s\u00e9re. Ezt a folyamatot arra t\u00f6reksz\u00fcnk, hogy a megrendel\u00e9s\u00e9nek kisz\u00e1ll\u00edt\u00e1s\u00e1ra vagy a megrendel\u00e9s\u00e9t a gy\u00e1rt\u00f3hoz, aki a megrendel\u00e9s\u00e9t kisz\u00e1ll\u00edtja, megadott hat\u00e1rid\u0151n bel\u00fcl elv\u00e9gezz\u00fck. Bizonyos helyzetekben a megrendel\u00e9s\u00fcnk ellen\u0151rz\u00e9s\u00e9nek folyamata k\u00e9sleltetheti a megrendel\u00e9s\u00e9nek kisz\u00e1ll\u00edt\u00e1s\u00e1t. K\u00e9rj\u00fck, gy\u0151z\u0151dj\u00f6n meg r\u00f3la, hogy pontos inform\u00e1ci\u00f3kat ad meg a megrendel\u00e9s lead\u00e1sakor, \u00edgy sz\u00fcks\u00e9g eset\u00e9n kapcsolatba tudunk l\u00e9pni \u00d6nnel a megadott adatokon, hogy megpr\u00f3b\u00e1ljuk m\u00e9g aznap elk\u00fcldeni a megrendel\u00e9s\u00e9t (ha rakt\u00e1runkban van k\u00e9szleten).<\/strong><br><br><strong>K\u00e9rj\u00fck, rendel\u00e9s lead\u00e1sa el\u0151tt ellen\u0151rizze a rakt\u00e1rk\u00e9szlet \u00e1llapot\u00e1t, mivel a k\u00e9szleten k\u00edv\u00fcli term\u00e9kek eset\u00e9ben nem tudjuk pontosan megbecs\u00fclni a sz\u00e1ll\u00edt\u00e1si id\u0151t.<\/strong><br><br><strong>A Yaxne nem felel\u0151s az elveszett, ellopott csomagok\u00e9rt. Ha \u00fagy \u00e9rzi, hogy csomagj\u00e1t rosszul k\u00e9zbes\u00edtett\u00e9k, l\u00e9pjen kapcsolatba \u00fcgyf\u00e9lszolg\u00e1latunkkal, \u00e9s mi egyeztethet\u00fcnk a csomagkezel\u0151 szolg\u00e1lattal az elveszett csomagok kivizsg\u00e1l\u00e1s\u00e1nak kezdem\u00e9nyez\u00e9se \u00e9rdek\u00e9ben. Ha a csomagk\u00fcld\u0151 szolg\u00e1lat nem tudja megtal\u00e1lni a csomagot, vagy nem tud dokument\u00e1ci\u00f3t szolg\u00e1ltatni arr\u00f3l, hogy a csomagot a helyes c\u00edmre k\u00e9zbes\u00edtett\u00e9k, a Yaxne kiz\u00e1r\u00f3lagos bel\u00e1t\u00e1sa szerint d\u00f6nthet a megold\u00e1sr\u00f3l, nem tudjuk garant\u00e1lni a csere vagy visszat\u00e9r\u00edt\u00e9s lehet\u0151s\u00e9g\u00e9t az elveszett csomag kivizsg\u00e1l\u00e1s\u00e1nak eredm\u00e9ny\u00e9t\u0151l f\u00fcgg\u0151en.<\/strong><\/p>","protected":false},"excerpt":{"rendered":"<p>SHIPPING POLICY A. Shipping Costs Processing time: Within 48 hoursShipping fee: Free Shipping\uff01 B. Transit, Handling &amp; Oders Cut Off Time All orders are processed within 1-2 business daysAll prices are in USDPlease note there could be slight During sale and holiday periods, delivery may take longer than the estimated time frames above.Once shipped, order [&hellip;]<\/p>\n","protected":false},"author":1,"featured_media":0,"parent":0,"menu_order":0,"comment_status":"closed","ping_status":"closed","template":"","meta":{"_uag_custom_page_level_css":"","site-sidebar-layout":"default","site-content-layout":"","ast-site-content-layout":"default","site-content-style":"default","site-sidebar-style":"default","ast-global-header-display":"","ast-banner-title-visibility":"","ast-main-header-display":"","ast-hfb-above-header-display":"","ast-hfb-below-header-display":"","ast-hfb-mobile-header-display":"","site-post-title":"","ast-breadcrumbs-content":"","ast-featured-img":"","footer-sml-layout":"","ast-disable-related-posts":"","theme-transparent-header-meta":"","adv-header-id-meta":"","stick-header-meta":"","header-above-stick-meta":"","header-main-stick-meta":"","header-below-stick-meta":"","astra-migrate-meta-layouts":"set","ast-page-background-enabled":"default","ast-page-background-meta":{"desktop":{"background-color":"var(--ast-global-color-4)","background-image":"","background-repeat":"repeat","background-position":"center center","background-size":"auto","background-attachment":"scroll","background-type":"","background-media":"","overlay-type":"","overlay-color":"","overlay-opacity":"","overlay-gradient":""},"tablet":{"background-color":"","background-image":"","background-repeat":"repeat","background-position":"center center","background-size":"auto","background-attachment":"scroll","background-type":"","background-media":"","overlay-type":"","overlay-color":"","overlay-opacity":"","overlay-gradient":""},"mobile":{"background-color":"","background-image":"","background-repeat":"repeat","background-position":"center center","background-size":"auto","background-attachment":"scroll","background-type":"","background-media":"","overlay-type":"","overlay-color":"","overlay-opacity":"","overlay-gradient":""}},"ast-content-background-meta":{"desktop":{"background-color":"var(--ast-global-color-5)","background-image":"","background-repeat":"repeat","background-position":"center center","background-size":"auto","background-attachment":"scroll","background-type":"","background-media":"","overlay-type":"","overlay-color":"","overlay-opacity":"","overlay-gradient":""},"tablet":{"background-color":"var(--ast-global-color-5)","background-image":"","background-repeat":"repeat","background-position":"center center","background-size":"auto","background-attachment":"scroll","background-type":"","background-media":"","overlay-type":"","overlay-color":"","overlay-opacity":"","overlay-gradient":""},"mobile":{"background-color":"var(--ast-global-color-5)","background-image":"","background-repeat":"repeat","background-position":"center center","background-size":"auto","background-attachment":"scroll","background-type":"","background-media":"","overlay-type":"","overlay-color":"","overlay-opacity":"","overlay-gradient":""}},"footnotes":""},"class_list":["post-2459","page","type-page","status-publish","hentry"],"yoast_head":"<!-- This site is optimized with the Yoast SEO plugin v27.1.1 - https:\/\/yoast.com\/product\/yoast-seo-wordpress\/ -->\n<title>Shipping Policy: Period Panties, Compression Socks &amp; More - Yaxne<\/title>\n<meta name=\"description\" content=\"Learn about our shipping policy for period underwear, G-strings, thongs, and compression wear. Fast, reliable delivery guaranteed.\" \/>\n<meta name=\"robots\" content=\"index, follow, max-snippet:-1, max-image-preview:large, max-video-preview:-1\" \/>\n<link rel=\"canonical\" href=\"https:\/\/yaxne.com\/hu\/szallitasi-politika\/\" \/>\n<meta property=\"og:locale\" content=\"hu_HU\" \/>\n<meta property=\"og:type\" content=\"article\" \/>\n<meta property=\"og:title\" content=\"Shipping Policy: Period Panties, Compression Socks &amp; More - Yaxne\" \/>\n<meta property=\"og:description\" content=\"Learn about our shipping policy for period underwear, G-strings, thongs, and compression wear. Fast, reliable delivery guaranteed.\" \/>\n<meta property=\"og:url\" content=\"https:\/\/yaxne.com\/hu\/szallitasi-politika\/\" \/>\n<meta property=\"og:site_name\" content=\"Yaxne\" \/>\n<meta property=\"article:modified_time\" content=\"2024-07-12T09:31:04+00:00\" \/>\n<meta name=\"twitter:card\" content=\"summary_large_image\" \/>\n<meta name=\"twitter:label1\" content=\"Becs\u00fclt olvas\u00e1si id\u0151\" \/>\n\t<meta name=\"twitter:data1\" content=\"2 perc\" \/>\n<script type=\"application\/ld+json\" class=\"yoast-schema-graph\">{\"@context\":\"https:\/\/schema.org\",\"@graph\":[{\"@type\":\"WebPage\",\"@id\":\"https:\/\/yaxne.com\/shipping-policy\/\",\"url\":\"https:\/\/yaxne.com\/shipping-policy\/\",\"name\":\"Shipping Policy: Period Panties, Compression Socks & More - Yaxne\",\"isPartOf\":{\"@id\":\"https:\/\/yaxne.com\/#website\"},\"datePublished\":\"2024-07-12T09:30:42+00:00\",\"dateModified\":\"2024-07-12T09:31:04+00:00\",\"description\":\"Learn about our shipping policy for period underwear, G-strings, thongs, and compression wear. Fast, reliable delivery guaranteed.\",\"breadcrumb\":{\"@id\":\"https:\/\/yaxne.com\/shipping-policy\/#breadcrumb\"},\"inLanguage\":\"hu\",\"potentialAction\":[{\"@type\":\"ReadAction\",\"target\":[\"https:\/\/yaxne.com\/shipping-policy\/\"]}]},{\"@type\":\"BreadcrumbList\",\"@id\":\"https:\/\/yaxne.com\/shipping-policy\/#breadcrumb\",\"itemListElement\":[{\"@type\":\"ListItem\",\"position\":1,\"name\":\"\u9996\u9875\",\"item\":\"https:\/\/yaxne.com\/\"},{\"@type\":\"ListItem\",\"position\":2,\"name\":\"Shipping Policy\"}]},{\"@type\":\"WebSite\",\"@id\":\"https:\/\/yaxne.com\/#website\",\"url\":\"https:\/\/yaxne.com\/\",\"name\":\"yaxne.com\",\"description\":\"\",\"publisher\":{\"@id\":\"https:\/\/yaxne.com\/#organization\"},\"potentialAction\":[{\"@type\":\"SearchAction\",\"target\":{\"@type\":\"EntryPoint\",\"urlTemplate\":\"https:\/\/yaxne.com\/?s={search_term_string}\"},\"query-input\":{\"@type\":\"PropertyValueSpecification\",\"valueRequired\":true,\"valueName\":\"search_term_string\"}}],\"inLanguage\":\"hu\"},{\"@type\":\"Organization\",\"@id\":\"https:\/\/yaxne.com\/#organization\",\"name\":\"yaxne.com\",\"url\":\"https:\/\/yaxne.com\/\",\"logo\":{\"@type\":\"ImageObject\",\"inLanguage\":\"hu\",\"@id\":\"https:\/\/yaxne.com\/#\/schema\/logo\/image\/\",\"url\":\"https:\/\/yaxne.com\/wp-content\/uploads\/2024\/07\/logo.png\",\"contentUrl\":\"https:\/\/yaxne.com\/wp-content\/uploads\/2024\/07\/logo.png\",\"width\":967,\"height\":246,\"caption\":\"yaxne.com\"},\"image\":{\"@id\":\"https:\/\/yaxne.com\/#\/schema\/logo\/image\/\"}}]}<\/script>\n<!-- \/ Yoast SEO plugin. -->","yoast_head_json":{"title":"Sz\u00e1ll\u00edt\u00e1si politika: Yaxne - Yaxne","description":"Ismerje meg az id\u0151szakos feh\u00e9rnem\u0171k, G-stringek, tang\u00e1k \u00e9s kompresszi\u00f3s ruh\u00e1k sz\u00e1ll\u00edt\u00e1si szab\u00e1lyait. Gyors, megb\u00edzhat\u00f3 sz\u00e1ll\u00edt\u00e1s garant\u00e1lt.","robots":{"index":"index","follow":"follow","max-snippet":"max-snippet:-1","max-image-preview":"max-image-preview:large","max-video-preview":"max-video-preview:-1"},"canonical":"https:\/\/yaxne.com\/hu\/szallitasi-politika\/","og_locale":"hu_HU","og_type":"article","og_title":"Shipping Policy: Period Panties, Compression Socks & More - Yaxne","og_description":"Learn about our shipping policy for period underwear, G-strings, thongs, and compression wear. Fast, reliable delivery guaranteed.","og_url":"https:\/\/yaxne.com\/hu\/szallitasi-politika\/","og_site_name":"Yaxne","article_modified_time":"2024-07-12T09:31:04+00:00","twitter_card":"summary_large_image","twitter_misc":{"Becs\u00fclt olvas\u00e1si id\u0151":"2 perc"},"schema":{"@context":"https:\/\/schema.org","@graph":[{"@type":"WebPage","@id":"https:\/\/yaxne.com\/shipping-policy\/","url":"https:\/\/yaxne.com\/shipping-policy\/","name":"Sz\u00e1ll\u00edt\u00e1si politika: Yaxne - Yaxne","isPartOf":{"@id":"https:\/\/yaxne.com\/#website"},"datePublished":"2024-07-12T09:30:42+00:00","dateModified":"2024-07-12T09:31:04+00:00","description":"Ismerje meg az id\u0151szakos feh\u00e9rnem\u0171k, G-stringek, tang\u00e1k \u00e9s kompresszi\u00f3s ruh\u00e1k sz\u00e1ll\u00edt\u00e1si szab\u00e1lyait. Gyors, megb\u00edzhat\u00f3 sz\u00e1ll\u00edt\u00e1s garant\u00e1lt.","breadcrumb":{"@id":"https:\/\/yaxne.com\/shipping-policy\/#breadcrumb"},"inLanguage":"hu","potentialAction":[{"@type":"ReadAction","target":["https:\/\/yaxne.com\/shipping-policy\/"]}]},{"@type":"BreadcrumbList","@id":"https:\/\/yaxne.com\/shipping-policy\/#breadcrumb","itemListElement":[{"@type":"ListItem","position":1,"name":"\u9996\u9875","item":"https:\/\/yaxne.com\/"},{"@type":"ListItem","position":2,"name":"Shipping Policy"}]},{"@type":"WebSite","@id":"https:\/\/yaxne.com\/#website","url":"https:\/\/yaxne.com\/","name":"yaxne.com","description":"","publisher":{"@id":"https:\/\/yaxne.com\/#organization"},"potentialAction":[{"@type":"SearchAction","target":{"@type":"EntryPoint","urlTemplate":"https:\/\/yaxne.com\/?s={search_term_string}"},"query-input":{"@type":"PropertyValueSpecification","valueRequired":true,"valueName":"search_term_string"}}],"inLanguage":"hu"},{"@type":"Organization","@id":"https:\/\/yaxne.com\/#organization","name":"yaxne.com","url":"https:\/\/yaxne.com\/","logo":{"@type":"ImageObject","inLanguage":"hu","@id":"https:\/\/yaxne.com\/#\/schema\/logo\/image\/","url":"https:\/\/yaxne.com\/wp-content\/uploads\/2024\/07\/logo.png","contentUrl":"https:\/\/yaxne.com\/wp-content\/uploads\/2024\/07\/logo.png","width":967,"height":246,"caption":"yaxne.com"},"image":{"@id":"https:\/\/yaxne.com\/#\/schema\/logo\/image\/"}}]}},"uagb_featured_image_src":{"full":false,"thumbnail":false,"medium":false,"medium_large":false,"large":false,"1536x1536":false,"2048x2048":false,"trp-custom-language-flag":false,"woocommerce_thumbnail":false,"woocommerce_single":false,"woocommerce_gallery_thumbnail":false},"uagb_author_info":{"display_name":"tianke1223@gmail.com","author_link":"https:\/\/yaxne.com\/hu\/author\/tianke1223gmail-com\/"},"uagb_comment_info":0,"uagb_excerpt":"SHIPPING POLICY A. Shipping Costs Processing time: Within 48 hoursShipping fee: Free Shipping\uff01 B. Transit, Handling &amp; Oders Cut Off Time All orders are processed within 1-2 business daysAll prices are in USDPlease note there could be slight During sale and holiday periods, delivery may take longer than the estimated time frames above.Once shipped, order&hellip;","jetpack_sharing_enabled":true,"_links":{"self":[{"href":"https:\/\/yaxne.com\/hu\/wp-json\/wp\/v2\/pages\/2459","targetHints":{"allow":["GET"]}}],"collection":[{"href":"https:\/\/yaxne.com\/hu\/wp-json\/wp\/v2\/pages"}],"about":[{"href":"https:\/\/yaxne.com\/hu\/wp-json\/wp\/v2\/types\/page"}],"author":[{"embeddable":true,"href":"https:\/\/yaxne.com\/hu\/wp-json\/wp\/v2\/users\/1"}],"replies":[{"embeddable":true,"href":"https:\/\/yaxne.com\/hu\/wp-json\/wp\/v2\/comments?post=2459"}],"version-history":[{"count":2,"href":"https:\/\/yaxne.com\/hu\/wp-json\/wp\/v2\/pages\/2459\/revisions"}],"predecessor-version":[{"id":2461,"href":"https:\/\/yaxne.com\/hu\/wp-json\/wp\/v2\/pages\/2459\/revisions\/2461"}],"wp:attachment":[{"href":"https:\/\/yaxne.com\/hu\/wp-json\/wp\/v2\/media?parent=2459"}],"curies":[{"name":"wp","href":"https:\/\/api.w.org\/{rel}","templated":true}]}}