{"id":2453,"date":"2024-07-12T09:04:28","date_gmt":"2024-07-12T09:04:28","guid":{"rendered":"https:\/\/yaxne.com\/?page_id=2453"},"modified":"2024-07-15T13:32:01","modified_gmt":"2024-07-15T13:32:01","slug":"payment-policy","status":"publish","type":"page","link":"https:\/\/yaxne.com\/hu\/fizetesi-politika\/","title":{"rendered":"Fizet\u00e9si politika"},"content":{"rendered":"<p>FIZET\u00c9SI M\u00d3D<\/p>\n\n\n\n<p>Elfogadjuk a Visa, MasterCard \u00e9s American Express k\u00e1rty\u00e1kat.<\/p>\n\n\n\n<p>A PayPal fizet\u00e9st is v\u00e1laszthatja. Ha ezt a lehet\u0151s\u00e9get v\u00e1lasztja a p\u00e9nzt\u00e1rn\u00e1l, a PayPal oldal\u00e1ra ir\u00e1ny\u00edtjuk, hogy befejezze a v\u00e1s\u00e1rl\u00e1st, miel\u0151tt visszat\u00e9rne a Yaxne.com oldalra.<\/p>\n\n\n\n<p>Ha a k\u00e1rtyatranzakci\u00f3t j\u00f3v\u00e1hagyj\u00e1k, az \u00f6sszeget azonnal lefoglalj\u00e1k a Yaxne.com-on, \u00e9s \u00d6n kap egy visszaigazol\u00e1st a megrendel\u00e9s\u00e9r\u0151l az e-mail c\u00edm\u00e9re. Ha a hitelk\u00e1rtya-tranzakci\u00f3t nem hagyj\u00e1k j\u00f3v\u00e1, a rendel\u00e9s t\u00f6rl\u00e9sre ker\u00fcl. K\u00e9rj\u00fck, forduljon bankj\u00e1hoz vagy k\u00e1rtyaszolg\u00e1ltat\u00f3j\u00e1hoz, ha b\u00e1rmilyen k\u00e9rd\u00e9se van ezzel kapcsolatban.<\/p>\n\n\n\n<p>FIZET\u00c9SI BIZTONS\u00c1G<\/p>\n\n\n\n<p>A Yaxne.com Secure Socket Layer (SSL) technol\u00f3gi\u00e1t haszn\u00e1l az interneten kereszt\u00fcl k\u00fcld\u00f6tt adatok titkos\u00edt\u00e1s\u00e1ra \u00e9s v\u00e9delm\u00e9re. Ha az SSL enged\u00e9lyezve van, akkor a b\u00f6ng\u00e9sz\u0151je tetej\u00e9n egy lakatot fog l\u00e1tni, \u00e9s erre kattintva tov\u00e1bbi inform\u00e1ci\u00f3kat kaphat az SSL digit\u00e1lis tan\u00fas\u00edtv\u00e1ny regisztr\u00e1ci\u00f3j\u00e1r\u00f3l.<\/p>\n\n\n\n<p>Azt is \u00e9szre fogja venni, hogy ha megn\u00e9zi az URL-t a b\u00f6ng\u00e9sz\u0151 tetej\u00e9n, akkor l\u00e1tni fogja, hogy az \"http\" helyett \"https\"-szel kezd\u0151dik. Ez azt jelenti, hogy biztons\u00e1gos m\u00f3dban van.<\/p>\n\n\n\n<p>A Yaxne.com a Cybertrustn\u00e1l hiteles webhelyk\u00e9nt van regisztr\u00e1lva. Ez biztos\u00edtja, hogy az \u00d6n adatai a b\u00f6ng\u00e9sz\u0151je \u00e9s a mi webszerver\u00fcnk k\u00f6z\u00f6tt bizalmasan kezelhet\u0151k.<\/p>\n\n\n\n<p>Ha k\u00e1rtyakibocs\u00e1t\u00f3ja az EU-ban sz\u00e9khellyel rendelkezik, el\u0151fordulhat, hogy a m\u00e1sodik p\u00e9nzforgalmi ir\u00e1nyelv (PSD2) \u00faj k\u00f6vetelm\u00e9nye miatt felsz\u00f3l\u00edtj\u00e1k \u00d6nt a fizet\u00e9s ellen\u0151rz\u00e9s\u00e9re. Egy erre a c\u00e9lra l\u00e9trehozott oldalra ir\u00e1ny\u00edtj\u00e1k, ahol tov\u00e1bbi inform\u00e1ci\u00f3kat adhat meg, vagy arra k\u00e9rik, hogy enged\u00e9lyezze a fizet\u00e9st mobiltelefonja seg\u00edts\u00e9g\u00e9vel. Ha befejezte, visszat\u00e9r a Yaxne.com oldalra.<\/p>","protected":false},"excerpt":{"rendered":"<p>PAYMENT METHOD We accept Visa, MasterCard and American Express cards. You can also choose to pay with PayPal. When selecting this option at checkout, you will be directed to the PayPal site to complete your purchase before returning to Yaxne.com. If the card transaction is approved, the amount will be reserved immediately Yaxne.com and you [&hellip;]<\/p>\n","protected":false},"author":1,"featured_media":0,"parent":0,"menu_order":0,"comment_status":"closed","ping_status":"closed","template":"","meta":{"_uag_custom_page_level_css":"","site-sidebar-layout":"default","site-content-layout":"","ast-site-content-layout":"default","site-content-style":"default","site-sidebar-style":"default","ast-global-header-display":"","ast-banner-title-visibility":"","ast-main-header-display":"","ast-hfb-above-header-display":"","ast-hfb-below-header-display":"","ast-hfb-mobile-header-display":"","site-post-title":"","ast-breadcrumbs-content":"","ast-featured-img":"","footer-sml-layout":"","ast-disable-related-posts":"","theme-transparent-header-meta":"","adv-header-id-meta":"","stick-header-meta":"","header-above-stick-meta":"","header-main-stick-meta":"","header-below-stick-meta":"","astra-migrate-meta-layouts":"set","ast-page-background-enabled":"default","ast-page-background-meta":{"desktop":{"background-color":"var(--ast-global-color-4)","background-image":"","background-repeat":"repeat","background-position":"center center","background-size":"auto","background-attachment":"scroll","background-type":"","background-media":"","overlay-type":"","overlay-color":"","overlay-opacity":"","overlay-gradient":""},"tablet":{"background-color":"","background-image":"","background-repeat":"repeat","background-position":"center center","background-size":"auto","background-attachment":"scroll","background-type":"","background-media":"","overlay-type":"","overlay-color":"","overlay-opacity":"","overlay-gradient":""},"mobile":{"background-color":"","background-image":"","background-repeat":"repeat","background-position":"center center","background-size":"auto","background-attachment":"scroll","background-type":"","background-media":"","overlay-type":"","overlay-color":"","overlay-opacity":"","overlay-gradient":""}},"ast-content-background-meta":{"desktop":{"background-color":"var(--ast-global-color-5)","background-image":"","background-repeat":"repeat","background-position":"center center","background-size":"auto","background-attachment":"scroll","background-type":"","background-media":"","overlay-type":"","overlay-color":"","overlay-opacity":"","overlay-gradient":""},"tablet":{"background-color":"var(--ast-global-color-5)","background-image":"","background-repeat":"repeat","background-position":"center center","background-size":"auto","background-attachment":"scroll","background-type":"","background-media":"","overlay-type":"","overlay-color":"","overlay-opacity":"","overlay-gradient":""},"mobile":{"background-color":"var(--ast-global-color-5)","background-image":"","background-repeat":"repeat","background-position":"center center","background-size":"auto","background-attachment":"scroll","background-type":"","background-media":"","overlay-type":"","overlay-color":"","overlay-opacity":"","overlay-gradient":""}},"footnotes":""},"class_list":["post-2453","page","type-page","status-publish","hentry"],"yoast_head":"<!-- This site is optimized with the Yoast SEO plugin v27.4 - https:\/\/yoast.com\/product\/yoast-seo-wordpress\/ -->\n<title>Payment Policy-Period Panties,Thong,G-Strings,Compression Sock<\/title>\n<meta name=\"description\" content=\"Learn about our payment policy for period panties,thong,G-strings,micro thong,and compression sock.Secure and easy payment options available.\" \/>\n<meta name=\"robots\" content=\"index, follow, max-snippet:-1, max-image-preview:large, max-video-preview:-1\" \/>\n<link rel=\"canonical\" href=\"https:\/\/yaxne.com\/hu\/fizetesi-politika\/\" \/>\n<meta property=\"og:locale\" content=\"hu_HU\" \/>\n<meta property=\"og:type\" content=\"article\" \/>\n<meta property=\"og:title\" content=\"Payment Policy-Period Panties,Thong,G-Strings,Compression Sock\" \/>\n<meta property=\"og:description\" content=\"Learn about our payment policy for period panties,thong,G-strings,micro thong,and compression sock.Secure and easy payment options available.\" \/>\n<meta property=\"og:url\" content=\"https:\/\/yaxne.com\/hu\/fizetesi-politika\/\" \/>\n<meta property=\"og:site_name\" content=\"Yaxne\" \/>\n<meta property=\"article:modified_time\" content=\"2024-07-15T13:32:01+00:00\" \/>\n<meta name=\"twitter:card\" content=\"summary_large_image\" \/>\n<meta name=\"twitter:label1\" content=\"Becs\u00fclt olvas\u00e1si id\u0151\" \/>\n\t<meta name=\"twitter:data1\" content=\"2 perc\" \/>\n<script type=\"application\/ld+json\" class=\"yoast-schema-graph\">{\"@context\":\"https:\\\/\\\/schema.org\",\"@graph\":[{\"@type\":\"WebPage\",\"@id\":\"https:\\\/\\\/yaxne.com\\\/payment-policy\\\/\",\"url\":\"https:\\\/\\\/yaxne.com\\\/payment-policy\\\/\",\"name\":\"Payment Policy-Period Panties,Thong,G-Strings,Compression Sock\",\"isPartOf\":{\"@id\":\"https:\\\/\\\/yaxne.com\\\/#website\"},\"datePublished\":\"2024-07-12T09:04:28+00:00\",\"dateModified\":\"2024-07-15T13:32:01+00:00\",\"description\":\"Learn about our payment policy for period panties,thong,G-strings,micro thong,and compression sock.Secure and easy payment options available.\",\"breadcrumb\":{\"@id\":\"https:\\\/\\\/yaxne.com\\\/payment-policy\\\/#breadcrumb\"},\"inLanguage\":\"hu\",\"potentialAction\":[{\"@type\":\"ReadAction\",\"target\":[\"https:\\\/\\\/yaxne.com\\\/payment-policy\\\/\"]}]},{\"@type\":\"BreadcrumbList\",\"@id\":\"https:\\\/\\\/yaxne.com\\\/payment-policy\\\/#breadcrumb\",\"itemListElement\":[{\"@type\":\"ListItem\",\"position\":1,\"name\":\"\u9996\u9875\",\"item\":\"https:\\\/\\\/yaxne.com\\\/\"},{\"@type\":\"ListItem\",\"position\":2,\"name\":\"Payment Policy\"}]},{\"@type\":\"WebSite\",\"@id\":\"https:\\\/\\\/yaxne.com\\\/#website\",\"url\":\"https:\\\/\\\/yaxne.com\\\/\",\"name\":\"yaxne.com\",\"description\":\"\",\"publisher\":{\"@id\":\"https:\\\/\\\/yaxne.com\\\/#organization\"},\"potentialAction\":[{\"@type\":\"SearchAction\",\"target\":{\"@type\":\"EntryPoint\",\"urlTemplate\":\"https:\\\/\\\/yaxne.com\\\/?s={search_term_string}\"},\"query-input\":{\"@type\":\"PropertyValueSpecification\",\"valueRequired\":true,\"valueName\":\"search_term_string\"}}],\"inLanguage\":\"hu\"},{\"@type\":\"Organization\",\"@id\":\"https:\\\/\\\/yaxne.com\\\/#organization\",\"name\":\"yaxne.com\",\"url\":\"https:\\\/\\\/yaxne.com\\\/\",\"logo\":{\"@type\":\"ImageObject\",\"inLanguage\":\"hu\",\"@id\":\"https:\\\/\\\/yaxne.com\\\/#\\\/schema\\\/logo\\\/image\\\/\",\"url\":\"https:\\\/\\\/yaxne.com\\\/wp-content\\\/uploads\\\/2024\\\/07\\\/logo.png\",\"contentUrl\":\"https:\\\/\\\/yaxne.com\\\/wp-content\\\/uploads\\\/2024\\\/07\\\/logo.png\",\"width\":967,\"height\":246,\"caption\":\"yaxne.com\"},\"image\":{\"@id\":\"https:\\\/\\\/yaxne.com\\\/#\\\/schema\\\/logo\\\/image\\\/\"}}]}<\/script>\n<!-- \/ Yoast SEO plugin. -->","yoast_head_json":{"title":"Fizet\u00e9si politika-Peri\u00f3dus bugyi, tang\u00e1k, G-stringek, kompresszi\u00f3s zokni","description":"Ismerje meg a fizet\u00e9si politik\u00e1nkat az id\u0151szakos bugyik, tang\u00e1k, G-stringek, mikro tang\u00e1k \u00e9s kompresszi\u00f3s zoknik eset\u00e9ben.Biztons\u00e1gos \u00e9s egyszer\u0171 fizet\u00e9si lehet\u0151s\u00e9gek \u00e1llnak rendelkez\u00e9sre.","robots":{"index":"index","follow":"follow","max-snippet":"max-snippet:-1","max-image-preview":"max-image-preview:large","max-video-preview":"max-video-preview:-1"},"canonical":"https:\/\/yaxne.com\/hu\/fizetesi-politika\/","og_locale":"hu_HU","og_type":"article","og_title":"Payment Policy-Period Panties,Thong,G-Strings,Compression Sock","og_description":"Learn about our payment policy for period panties,thong,G-strings,micro thong,and compression sock.Secure and easy payment options available.","og_url":"https:\/\/yaxne.com\/hu\/fizetesi-politika\/","og_site_name":"Yaxne","article_modified_time":"2024-07-15T13:32:01+00:00","twitter_card":"summary_large_image","twitter_misc":{"Becs\u00fclt olvas\u00e1si id\u0151":"2 perc"},"schema":{"@context":"https:\/\/schema.org","@graph":[{"@type":"WebPage","@id":"https:\/\/yaxne.com\/payment-policy\/","url":"https:\/\/yaxne.com\/payment-policy\/","name":"Fizet\u00e9si politika-Peri\u00f3dus bugyi, tang\u00e1k, G-stringek, kompresszi\u00f3s zokni","isPartOf":{"@id":"https:\/\/yaxne.com\/#website"},"datePublished":"2024-07-12T09:04:28+00:00","dateModified":"2024-07-15T13:32:01+00:00","description":"Ismerje meg a fizet\u00e9si politik\u00e1nkat az id\u0151szakos bugyik, tang\u00e1k, G-stringek, mikro tang\u00e1k \u00e9s kompresszi\u00f3s zoknik eset\u00e9ben.Biztons\u00e1gos \u00e9s egyszer\u0171 fizet\u00e9si lehet\u0151s\u00e9gek \u00e1llnak rendelkez\u00e9sre.","breadcrumb":{"@id":"https:\/\/yaxne.com\/payment-policy\/#breadcrumb"},"inLanguage":"hu","potentialAction":[{"@type":"ReadAction","target":["https:\/\/yaxne.com\/payment-policy\/"]}]},{"@type":"BreadcrumbList","@id":"https:\/\/yaxne.com\/payment-policy\/#breadcrumb","itemListElement":[{"@type":"ListItem","position":1,"name":"\u9996\u9875","item":"https:\/\/yaxne.com\/"},{"@type":"ListItem","position":2,"name":"Payment Policy"}]},{"@type":"WebSite","@id":"https:\/\/yaxne.com\/#website","url":"https:\/\/yaxne.com\/","name":"yaxne.com","description":"","publisher":{"@id":"https:\/\/yaxne.com\/#organization"},"potentialAction":[{"@type":"SearchAction","target":{"@type":"EntryPoint","urlTemplate":"https:\/\/yaxne.com\/?s={search_term_string}"},"query-input":{"@type":"PropertyValueSpecification","valueRequired":true,"valueName":"search_term_string"}}],"inLanguage":"hu"},{"@type":"Organization","@id":"https:\/\/yaxne.com\/#organization","name":"yaxne.com","url":"https:\/\/yaxne.com\/","logo":{"@type":"ImageObject","inLanguage":"hu","@id":"https:\/\/yaxne.com\/#\/schema\/logo\/image\/","url":"https:\/\/yaxne.com\/wp-content\/uploads\/2024\/07\/logo.png","contentUrl":"https:\/\/yaxne.com\/wp-content\/uploads\/2024\/07\/logo.png","width":967,"height":246,"caption":"yaxne.com"},"image":{"@id":"https:\/\/yaxne.com\/#\/schema\/logo\/image\/"}}]}},"uagb_featured_image_src":{"full":false,"thumbnail":false,"medium":false,"medium_large":false,"large":false,"1536x1536":false,"2048x2048":false,"trp-custom-language-flag":false,"woocommerce_thumbnail":false,"woocommerce_single":false,"woocommerce_gallery_thumbnail":false},"uagb_author_info":{"display_name":"tianke1223@gmail.com","author_link":"https:\/\/yaxne.com\/hu\/author\/tianke1223gmail-com\/"},"uagb_comment_info":0,"uagb_excerpt":"PAYMENT METHOD We accept Visa, MasterCard and American Express cards. You can also choose to pay with PayPal. When selecting this option at checkout, you will be directed to the PayPal site to complete your purchase before returning to Yaxne.com. If the card transaction is approved, the amount will be reserved immediately Yaxne.com and you&hellip;","jetpack_sharing_enabled":true,"_links":{"self":[{"href":"https:\/\/yaxne.com\/hu\/wp-json\/wp\/v2\/pages\/2453","targetHints":{"allow":["GET"]}}],"collection":[{"href":"https:\/\/yaxne.com\/hu\/wp-json\/wp\/v2\/pages"}],"about":[{"href":"https:\/\/yaxne.com\/hu\/wp-json\/wp\/v2\/types\/page"}],"author":[{"embeddable":true,"href":"https:\/\/yaxne.com\/hu\/wp-json\/wp\/v2\/users\/1"}],"replies":[{"embeddable":true,"href":"https:\/\/yaxne.com\/hu\/wp-json\/wp\/v2\/comments?post=2453"}],"version-history":[{"count":3,"href":"https:\/\/yaxne.com\/hu\/wp-json\/wp\/v2\/pages\/2453\/revisions"}],"predecessor-version":[{"id":2588,"href":"https:\/\/yaxne.com\/hu\/wp-json\/wp\/v2\/pages\/2453\/revisions\/2588"}],"wp:attachment":[{"href":"https:\/\/yaxne.com\/hu\/wp-json\/wp\/v2\/media?parent=2453"}],"curies":[{"name":"wp","href":"https:\/\/api.w.org\/{rel}","templated":true}]}}