{"id":2459,"date":"2024-07-12T09:30:42","date_gmt":"2024-07-12T09:30:42","guid":{"rendered":"https:\/\/yaxne.com\/?page_id=2459"},"modified":"2024-07-12T09:31:04","modified_gmt":"2024-07-12T09:31:04","slug":"shipping-policy","status":"publish","type":"page","link":"https:\/\/yaxne.com\/fr\/politique-dexpedition\/","title":{"rendered":"Politique d'exp\u00e9dition"},"content":{"rendered":"<h1 class=\"wp-block-heading\">POLITIQUE D'EXP\u00c9DITION<\/h1>\n\n\n\n<p>A. Frais d'exp\u00e9dition<br><br><strong>D\u00e9lai de traitement : Dans les 48 heures<\/strong><br><strong>Frais d'exp\u00e9dition : Livraison gratuite\uff01<\/strong><br><br>B. Heure limite de transit, de manutention et d'odeur<br><br>Toutes les commandes sont trait\u00e9es dans un d\u00e9lai de 1 \u00e0 2 jours ouvrables<br>Tous les prix sont en USD<br>Veuillez noter qu'il peut y avoir un l\u00e9ger d\u00e9calage. Pendant les p\u00e9riodes de soldes et de vacances, la livraison peut prendre plus de temps que les d\u00e9lais estim\u00e9s ci-dessus.<br>Une fois exp\u00e9di\u00e9e, la commande ne peut \u00eatre annul\u00e9e.<br><strong>Yaxne<\/strong> seront soumis \u00e0 des droits de douane dans tous les pays au cours du processus d'envoi, de sorte que les consommateurs ne seront pas responsables des co\u00fbts exc\u00e9dentaires.<br>Si vous ne recevez pas le colis dans les 40 jours, nous vous demandons de nous contacter \u00e0 temps. Nous vous aiderons \u00e0 suivre le colis ou nous d\u00e9ciderons de vous renvoyer le produit.<br><br>C. D\u00e9lai d'exp\u00e9dition\uff1a<br><br>USA\/CA : 10-20 jours ouvrables<br>Europe : 10-20 jours ouvrables<br>Moyen-Orient : 10-25 jours ouvrables<br>Autres : 10-25 jours ouvrables<br><br>RETOURS ET \u00c9CHANGES<br>Easy 30 Day<br>Voir les conditions et la proc\u00e9dure dans notre politique de retour et de remboursement.<br><br><br><br><strong>Nous prenons un soin particulier \u00e0 v\u00e9rifier chaque commande que nous recevons. Nous nous effor\u00e7ons d'effectuer cette v\u00e9rification dans les d\u00e9lais impartis pour l'exp\u00e9dition de votre commande ou pour son envoi au fabricant qui l'a livr\u00e9e. Dans certaines situations, notre processus de v\u00e9rification des commandes peut retarder l'exp\u00e9dition de votre commande. Veillez \u00e0 fournir des informations exactes lorsque vous passez votre commande afin que nous puissions, le cas \u00e9ch\u00e9ant, vous contacter aux coordonn\u00e9es indiqu\u00e9es pour tenter d'exp\u00e9dier votre commande le jour m\u00eame (si elle est en stock dans notre entrep\u00f4t).<\/strong><br><br><strong>Veuillez v\u00e9rifier l'\u00e9tat des stocks avant de passer votre commande, car nous ne pouvons pas estimer avec pr\u00e9cision les d\u00e9lais d'acheminement des articles en rupture de stock.<\/strong><br><br><strong>Yaxne n'est pas responsable des colis perdus et vol\u00e9s. Si vous pensez que votre colis a \u00e9t\u00e9 mal livr\u00e9, vous pouvez contacter notre service client\u00e8le et nous pouvons coordonner avec le service de traitement des colis pour initier une enqu\u00eate sur la perte du colis. Si le service de traitement des colis n'est pas en mesure de localiser le colis ou de fournir des documents attestant que le colis a \u00e9t\u00e9 livr\u00e9 \u00e0 la bonne adresse, la solution est laiss\u00e9e \u00e0 l'enti\u00e8re discr\u00e9tion de Yaxne, nous ne pouvons pas garantir un remplacement ou un remboursement en fonction du r\u00e9sultat de l'enqu\u00eate sur le colis perdu.<\/strong><\/p>","protected":false},"excerpt":{"rendered":"<p>SHIPPING POLICY A. Shipping Costs Processing time: Within 48 hoursShipping fee: Free Shipping\uff01 B. Transit, Handling &amp; Oders Cut Off Time All orders are processed within 1-2 business daysAll prices are in USDPlease note there could be slight During sale and holiday periods, delivery may take longer than the estimated time frames above.Once shipped, order [&hellip;]<\/p>\n","protected":false},"author":1,"featured_media":0,"parent":0,"menu_order":0,"comment_status":"closed","ping_status":"closed","template":"","meta":{"_uag_custom_page_level_css":"","site-sidebar-layout":"default","site-content-layout":"","ast-site-content-layout":"default","site-content-style":"default","site-sidebar-style":"default","ast-global-header-display":"","ast-banner-title-visibility":"","ast-main-header-display":"","ast-hfb-above-header-display":"","ast-hfb-below-header-display":"","ast-hfb-mobile-header-display":"","site-post-title":"","ast-breadcrumbs-content":"","ast-featured-img":"","footer-sml-layout":"","ast-disable-related-posts":"","theme-transparent-header-meta":"","adv-header-id-meta":"","stick-header-meta":"","header-above-stick-meta":"","header-main-stick-meta":"","header-below-stick-meta":"","astra-migrate-meta-layouts":"set","ast-page-background-enabled":"default","ast-page-background-meta":{"desktop":{"background-color":"var(--ast-global-color-4)","background-image":"","background-repeat":"repeat","background-position":"center center","background-size":"auto","background-attachment":"scroll","background-type":"","background-media":"","overlay-type":"","overlay-color":"","overlay-opacity":"","overlay-gradient":""},"tablet":{"background-color":"","background-image":"","background-repeat":"repeat","background-position":"center center","background-size":"auto","background-attachment":"scroll","background-type":"","background-media":"","overlay-type":"","overlay-color":"","overlay-opacity":"","overlay-gradient":""},"mobile":{"background-color":"","background-image":"","background-repeat":"repeat","background-position":"center center","background-size":"auto","background-attachment":"scroll","background-type":"","background-media":"","overlay-type":"","overlay-color":"","overlay-opacity":"","overlay-gradient":""}},"ast-content-background-meta":{"desktop":{"background-color":"var(--ast-global-color-5)","background-image":"","background-repeat":"repeat","background-position":"center center","background-size":"auto","background-attachment":"scroll","background-type":"","background-media":"","overlay-type":"","overlay-color":"","overlay-opacity":"","overlay-gradient":""},"tablet":{"background-color":"var(--ast-global-color-5)","background-image":"","background-repeat":"repeat","background-position":"center center","background-size":"auto","background-attachment":"scroll","background-type":"","background-media":"","overlay-type":"","overlay-color":"","overlay-opacity":"","overlay-gradient":""},"mobile":{"background-color":"var(--ast-global-color-5)","background-image":"","background-repeat":"repeat","background-position":"center center","background-size":"auto","background-attachment":"scroll","background-type":"","background-media":"","overlay-type":"","overlay-color":"","overlay-opacity":"","overlay-gradient":""}},"footnotes":""},"class_list":["post-2459","page","type-page","status-publish","hentry"],"yoast_head":"<!-- This site is optimized with the Yoast SEO plugin v27.4 - https:\/\/yoast.com\/product\/yoast-seo-wordpress\/ -->\n<title>Shipping Policy: Period Panties, Compression Socks &amp; More - Yaxne<\/title>\n<meta name=\"description\" content=\"Learn about our shipping policy for period underwear, G-strings, thongs, and compression wear. Fast, reliable delivery guaranteed.\" \/>\n<meta name=\"robots\" content=\"index, follow, max-snippet:-1, max-image-preview:large, max-video-preview:-1\" \/>\n<link rel=\"canonical\" href=\"https:\/\/yaxne.com\/fr\/politique-dexpedition\/\" \/>\n<meta property=\"og:locale\" content=\"fr_FR\" \/>\n<meta property=\"og:type\" content=\"article\" \/>\n<meta property=\"og:title\" content=\"Shipping Policy: Period Panties, Compression Socks &amp; More - Yaxne\" \/>\n<meta property=\"og:description\" content=\"Learn about our shipping policy for period underwear, G-strings, thongs, and compression wear. Fast, reliable delivery guaranteed.\" \/>\n<meta property=\"og:url\" content=\"https:\/\/yaxne.com\/fr\/politique-dexpedition\/\" \/>\n<meta property=\"og:site_name\" content=\"Yaxne\" \/>\n<meta property=\"article:modified_time\" content=\"2024-07-12T09:31:04+00:00\" \/>\n<meta name=\"twitter:card\" content=\"summary_large_image\" \/>\n<meta name=\"twitter:label1\" content=\"Dur\u00e9e de lecture estim\u00e9e\" \/>\n\t<meta name=\"twitter:data1\" content=\"2 minutes\" \/>\n<script type=\"application\/ld+json\" class=\"yoast-schema-graph\">{\"@context\":\"https:\\\/\\\/schema.org\",\"@graph\":[{\"@type\":\"WebPage\",\"@id\":\"https:\\\/\\\/yaxne.com\\\/shipping-policy\\\/\",\"url\":\"https:\\\/\\\/yaxne.com\\\/shipping-policy\\\/\",\"name\":\"Shipping Policy: Period Panties, Compression Socks & More - Yaxne\",\"isPartOf\":{\"@id\":\"https:\\\/\\\/yaxne.com\\\/#website\"},\"datePublished\":\"2024-07-12T09:30:42+00:00\",\"dateModified\":\"2024-07-12T09:31:04+00:00\",\"description\":\"Learn about our shipping policy for period underwear, G-strings, thongs, and compression wear. Fast, reliable delivery guaranteed.\",\"breadcrumb\":{\"@id\":\"https:\\\/\\\/yaxne.com\\\/shipping-policy\\\/#breadcrumb\"},\"inLanguage\":\"fr-FR\",\"potentialAction\":[{\"@type\":\"ReadAction\",\"target\":[\"https:\\\/\\\/yaxne.com\\\/shipping-policy\\\/\"]}]},{\"@type\":\"BreadcrumbList\",\"@id\":\"https:\\\/\\\/yaxne.com\\\/shipping-policy\\\/#breadcrumb\",\"itemListElement\":[{\"@type\":\"ListItem\",\"position\":1,\"name\":\"\u9996\u9875\",\"item\":\"https:\\\/\\\/yaxne.com\\\/\"},{\"@type\":\"ListItem\",\"position\":2,\"name\":\"Shipping Policy\"}]},{\"@type\":\"WebSite\",\"@id\":\"https:\\\/\\\/yaxne.com\\\/#website\",\"url\":\"https:\\\/\\\/yaxne.com\\\/\",\"name\":\"yaxne.com\",\"description\":\"\",\"publisher\":{\"@id\":\"https:\\\/\\\/yaxne.com\\\/#organization\"},\"potentialAction\":[{\"@type\":\"SearchAction\",\"target\":{\"@type\":\"EntryPoint\",\"urlTemplate\":\"https:\\\/\\\/yaxne.com\\\/?s={search_term_string}\"},\"query-input\":{\"@type\":\"PropertyValueSpecification\",\"valueRequired\":true,\"valueName\":\"search_term_string\"}}],\"inLanguage\":\"fr-FR\"},{\"@type\":\"Organization\",\"@id\":\"https:\\\/\\\/yaxne.com\\\/#organization\",\"name\":\"yaxne.com\",\"url\":\"https:\\\/\\\/yaxne.com\\\/\",\"logo\":{\"@type\":\"ImageObject\",\"inLanguage\":\"fr-FR\",\"@id\":\"https:\\\/\\\/yaxne.com\\\/#\\\/schema\\\/logo\\\/image\\\/\",\"url\":\"https:\\\/\\\/yaxne.com\\\/wp-content\\\/uploads\\\/2024\\\/07\\\/logo.png\",\"contentUrl\":\"https:\\\/\\\/yaxne.com\\\/wp-content\\\/uploads\\\/2024\\\/07\\\/logo.png\",\"width\":967,\"height\":246,\"caption\":\"yaxne.com\"},\"image\":{\"@id\":\"https:\\\/\\\/yaxne.com\\\/#\\\/schema\\\/logo\\\/image\\\/\"}}]}<\/script>\n<!-- \/ Yoast SEO plugin. -->","yoast_head_json":{"title":"Politique d'exp\u00e9dition : Culottes p\u00e9riodiques, chaussettes de compression et autres - Yaxne","description":"D\u00e9couvrez notre politique de livraison pour les sous-v\u00eatements de grossesse, les strings, les tangas et les v\u00eatements de compression. Livraison rapide et fiable garantie.","robots":{"index":"index","follow":"follow","max-snippet":"max-snippet:-1","max-image-preview":"max-image-preview:large","max-video-preview":"max-video-preview:-1"},"canonical":"https:\/\/yaxne.com\/fr\/politique-dexpedition\/","og_locale":"fr_FR","og_type":"article","og_title":"Shipping Policy: Period Panties, Compression Socks & More - Yaxne","og_description":"Learn about our shipping policy for period underwear, G-strings, thongs, and compression wear. Fast, reliable delivery guaranteed.","og_url":"https:\/\/yaxne.com\/fr\/politique-dexpedition\/","og_site_name":"Yaxne","article_modified_time":"2024-07-12T09:31:04+00:00","twitter_card":"summary_large_image","twitter_misc":{"Dur\u00e9e de lecture estim\u00e9e":"2 minutes"},"schema":{"@context":"https:\/\/schema.org","@graph":[{"@type":"WebPage","@id":"https:\/\/yaxne.com\/shipping-policy\/","url":"https:\/\/yaxne.com\/shipping-policy\/","name":"Politique d'exp\u00e9dition : Culottes p\u00e9riodiques, chaussettes de compression et autres - Yaxne","isPartOf":{"@id":"https:\/\/yaxne.com\/#website"},"datePublished":"2024-07-12T09:30:42+00:00","dateModified":"2024-07-12T09:31:04+00:00","description":"D\u00e9couvrez notre politique de livraison pour les sous-v\u00eatements de grossesse, les strings, les tangas et les v\u00eatements de compression. Livraison rapide et fiable garantie.","breadcrumb":{"@id":"https:\/\/yaxne.com\/shipping-policy\/#breadcrumb"},"inLanguage":"fr-FR","potentialAction":[{"@type":"ReadAction","target":["https:\/\/yaxne.com\/shipping-policy\/"]}]},{"@type":"BreadcrumbList","@id":"https:\/\/yaxne.com\/shipping-policy\/#breadcrumb","itemListElement":[{"@type":"ListItem","position":1,"name":"\u9996\u9875","item":"https:\/\/yaxne.com\/"},{"@type":"ListItem","position":2,"name":"Shipping Policy"}]},{"@type":"WebSite","@id":"https:\/\/yaxne.com\/#website","url":"https:\/\/yaxne.com\/","name":"yaxne.com","description":"","publisher":{"@id":"https:\/\/yaxne.com\/#organization"},"potentialAction":[{"@type":"SearchAction","target":{"@type":"EntryPoint","urlTemplate":"https:\/\/yaxne.com\/?s={search_term_string}"},"query-input":{"@type":"PropertyValueSpecification","valueRequired":true,"valueName":"search_term_string"}}],"inLanguage":"fr-FR"},{"@type":"Organization","@id":"https:\/\/yaxne.com\/#organization","name":"yaxne.com","url":"https:\/\/yaxne.com\/","logo":{"@type":"ImageObject","inLanguage":"fr-FR","@id":"https:\/\/yaxne.com\/#\/schema\/logo\/image\/","url":"https:\/\/yaxne.com\/wp-content\/uploads\/2024\/07\/logo.png","contentUrl":"https:\/\/yaxne.com\/wp-content\/uploads\/2024\/07\/logo.png","width":967,"height":246,"caption":"yaxne.com"},"image":{"@id":"https:\/\/yaxne.com\/#\/schema\/logo\/image\/"}}]}},"uagb_featured_image_src":{"full":false,"thumbnail":false,"medium":false,"medium_large":false,"large":false,"1536x1536":false,"2048x2048":false,"trp-custom-language-flag":false,"woocommerce_thumbnail":false,"woocommerce_single":false,"woocommerce_gallery_thumbnail":false},"uagb_author_info":{"display_name":"tianke1223@gmail.com","author_link":"https:\/\/yaxne.com\/fr\/author\/tianke1223gmail-com\/"},"uagb_comment_info":0,"uagb_excerpt":"SHIPPING POLICY A. Shipping Costs Processing time: Within 48 hoursShipping fee: Free Shipping\uff01 B. Transit, Handling &amp; Oders Cut Off Time All orders are processed within 1-2 business daysAll prices are in USDPlease note there could be slight During sale and holiday periods, delivery may take longer than the estimated time frames above.Once shipped, order\u2026","jetpack_sharing_enabled":true,"_links":{"self":[{"href":"https:\/\/yaxne.com\/fr\/wp-json\/wp\/v2\/pages\/2459","targetHints":{"allow":["GET"]}}],"collection":[{"href":"https:\/\/yaxne.com\/fr\/wp-json\/wp\/v2\/pages"}],"about":[{"href":"https:\/\/yaxne.com\/fr\/wp-json\/wp\/v2\/types\/page"}],"author":[{"embeddable":true,"href":"https:\/\/yaxne.com\/fr\/wp-json\/wp\/v2\/users\/1"}],"replies":[{"embeddable":true,"href":"https:\/\/yaxne.com\/fr\/wp-json\/wp\/v2\/comments?post=2459"}],"version-history":[{"count":2,"href":"https:\/\/yaxne.com\/fr\/wp-json\/wp\/v2\/pages\/2459\/revisions"}],"predecessor-version":[{"id":2461,"href":"https:\/\/yaxne.com\/fr\/wp-json\/wp\/v2\/pages\/2459\/revisions\/2461"}],"wp:attachment":[{"href":"https:\/\/yaxne.com\/fr\/wp-json\/wp\/v2\/media?parent=2459"}],"curies":[{"name":"wp","href":"https:\/\/api.w.org\/{rel}","templated":true}]}}