{"id":2453,"date":"2024-07-12T09:04:28","date_gmt":"2024-07-12T09:04:28","guid":{"rendered":"https:\/\/yaxne.com\/?page_id=2453"},"modified":"2024-07-15T13:32:01","modified_gmt":"2024-07-15T13:32:01","slug":"payment-policy","status":"publish","type":"page","link":"https:\/\/yaxne.com\/fr\/politique-de-paiement\/","title":{"rendered":"Politique de paiement"},"content":{"rendered":"<p>MODE DE PAIEMENT<\/p>\n\n\n\n<p>Nous acceptons les cartes Visa, MasterCard et American Express.<\/p>\n\n\n\n<p>Vous pouvez \u00e9galement choisir de payer avec PayPal. Lorsque vous s\u00e9lectionnez cette option au moment du paiement, vous serez dirig\u00e9 vers le site de PayPal pour terminer votre achat avant de revenir \u00e0 Yaxne.com.<\/p>\n\n\n\n<p>Si la transaction par carte de cr\u00e9dit est approuv\u00e9e, le montant sera r\u00e9serv\u00e9 imm\u00e9diatement par Yaxne.com et vous recevrez une confirmation de commande \u00e0 votre e-mail. Si la transaction par carte de cr\u00e9dit n'est pas approuv\u00e9e, votre commande sera annul\u00e9e. Veuillez contacter votre banque ou votre fournisseur de carte si vous avez des questions \u00e0 ce sujet.<\/p>\n\n\n\n<p>S\u00c9CURIT\u00c9 DES PAIEMENTS<\/p>\n\n\n\n<p>Yaxne.com utilise la technologie Secure Socket Layer (SSL) pour crypter et prot\u00e9ger les donn\u00e9es que vous nous envoyez sur Internet. Si le protocole SSL est activ\u00e9, vous verrez un cadenas en haut de votre navigateur et vous pourrez cliquer dessus pour obtenir plus d'informations sur l'enregistrement du certificat num\u00e9rique SSL.<\/p>\n\n\n\n<p>Vous remarquerez \u00e9galement que l'URL en haut du navigateur commence par \"https\" au lieu de \"http\". Cela signifie que vous \u00eates en mode s\u00e9curis\u00e9.<\/p>\n\n\n\n<p>Yaxne.com est enregistr\u00e9 aupr\u00e8s de Cybertrust en tant que site authentique. Cela garantit que vos informations restent confidentielles entre votre navigateur web et notre serveur web.<\/p>\n\n\n\n<p>Si l'\u00e9metteur de votre carte est bas\u00e9 dans l'UE, il peut vous \u00eatre demand\u00e9 de v\u00e9rifier votre paiement en raison d'une nouvelle exigence de la deuxi\u00e8me directive sur les services de paiement (DSP2). Vous serez dirig\u00e9 vers une page d\u00e9di\u00e9e pour saisir des informations suppl\u00e9mentaires ou pour autoriser le paiement \u00e0 l'aide de votre t\u00e9l\u00e9phone portable. Une fois l'op\u00e9ration termin\u00e9e, vous reviendrez sur Yaxne.com.<\/p>","protected":false},"excerpt":{"rendered":"<p>PAYMENT METHOD We accept Visa, MasterCard and American Express cards. You can also choose to pay with PayPal. When selecting this option at checkout, you will be directed to the PayPal site to complete your purchase before returning to Yaxne.com. If the card transaction is approved, the amount will be reserved immediately Yaxne.com and you [&hellip;]<\/p>\n","protected":false},"author":1,"featured_media":0,"parent":0,"menu_order":0,"comment_status":"closed","ping_status":"closed","template":"","meta":{"_uag_custom_page_level_css":"","site-sidebar-layout":"default","site-content-layout":"","ast-site-content-layout":"default","site-content-style":"default","site-sidebar-style":"default","ast-global-header-display":"","ast-banner-title-visibility":"","ast-main-header-display":"","ast-hfb-above-header-display":"","ast-hfb-below-header-display":"","ast-hfb-mobile-header-display":"","site-post-title":"","ast-breadcrumbs-content":"","ast-featured-img":"","footer-sml-layout":"","ast-disable-related-posts":"","theme-transparent-header-meta":"","adv-header-id-meta":"","stick-header-meta":"","header-above-stick-meta":"","header-main-stick-meta":"","header-below-stick-meta":"","astra-migrate-meta-layouts":"set","ast-page-background-enabled":"default","ast-page-background-meta":{"desktop":{"background-color":"var(--ast-global-color-4)","background-image":"","background-repeat":"repeat","background-position":"center center","background-size":"auto","background-attachment":"scroll","background-type":"","background-media":"","overlay-type":"","overlay-color":"","overlay-opacity":"","overlay-gradient":""},"tablet":{"background-color":"","background-image":"","background-repeat":"repeat","background-position":"center center","background-size":"auto","background-attachment":"scroll","background-type":"","background-media":"","overlay-type":"","overlay-color":"","overlay-opacity":"","overlay-gradient":""},"mobile":{"background-color":"","background-image":"","background-repeat":"repeat","background-position":"center center","background-size":"auto","background-attachment":"scroll","background-type":"","background-media":"","overlay-type":"","overlay-color":"","overlay-opacity":"","overlay-gradient":""}},"ast-content-background-meta":{"desktop":{"background-color":"var(--ast-global-color-5)","background-image":"","background-repeat":"repeat","background-position":"center center","background-size":"auto","background-attachment":"scroll","background-type":"","background-media":"","overlay-type":"","overlay-color":"","overlay-opacity":"","overlay-gradient":""},"tablet":{"background-color":"var(--ast-global-color-5)","background-image":"","background-repeat":"repeat","background-position":"center center","background-size":"auto","background-attachment":"scroll","background-type":"","background-media":"","overlay-type":"","overlay-color":"","overlay-opacity":"","overlay-gradient":""},"mobile":{"background-color":"var(--ast-global-color-5)","background-image":"","background-repeat":"repeat","background-position":"center center","background-size":"auto","background-attachment":"scroll","background-type":"","background-media":"","overlay-type":"","overlay-color":"","overlay-opacity":"","overlay-gradient":""}},"footnotes":""},"class_list":["post-2453","page","type-page","status-publish","hentry"],"yoast_head":"<!-- This site is optimized with the Yoast SEO plugin v27.4 - https:\/\/yoast.com\/product\/yoast-seo-wordpress\/ -->\n<title>Payment Policy-Period Panties,Thong,G-Strings,Compression Sock<\/title>\n<meta name=\"description\" content=\"Learn about our payment policy for period panties,thong,G-strings,micro thong,and compression sock.Secure and easy payment options available.\" \/>\n<meta name=\"robots\" content=\"index, follow, max-snippet:-1, max-image-preview:large, max-video-preview:-1\" \/>\n<link rel=\"canonical\" href=\"https:\/\/yaxne.com\/fr\/politique-de-paiement\/\" \/>\n<meta property=\"og:locale\" content=\"fr_FR\" \/>\n<meta property=\"og:type\" content=\"article\" \/>\n<meta property=\"og:title\" content=\"Payment Policy-Period Panties,Thong,G-Strings,Compression Sock\" \/>\n<meta property=\"og:description\" content=\"Learn about our payment policy for period panties,thong,G-strings,micro thong,and compression sock.Secure and easy payment options available.\" \/>\n<meta property=\"og:url\" content=\"https:\/\/yaxne.com\/fr\/politique-de-paiement\/\" \/>\n<meta property=\"og:site_name\" content=\"Yaxne\" \/>\n<meta property=\"article:modified_time\" content=\"2024-07-15T13:32:01+00:00\" \/>\n<meta name=\"twitter:card\" content=\"summary_large_image\" \/>\n<meta name=\"twitter:label1\" content=\"Dur\u00e9e de lecture estim\u00e9e\" \/>\n\t<meta name=\"twitter:data1\" content=\"2 minutes\" \/>\n<script type=\"application\/ld+json\" class=\"yoast-schema-graph\">{\"@context\":\"https:\\\/\\\/schema.org\",\"@graph\":[{\"@type\":\"WebPage\",\"@id\":\"https:\\\/\\\/yaxne.com\\\/payment-policy\\\/\",\"url\":\"https:\\\/\\\/yaxne.com\\\/payment-policy\\\/\",\"name\":\"Payment Policy-Period Panties,Thong,G-Strings,Compression Sock\",\"isPartOf\":{\"@id\":\"https:\\\/\\\/yaxne.com\\\/#website\"},\"datePublished\":\"2024-07-12T09:04:28+00:00\",\"dateModified\":\"2024-07-15T13:32:01+00:00\",\"description\":\"Learn about our payment policy for period panties,thong,G-strings,micro thong,and compression sock.Secure and easy payment options available.\",\"breadcrumb\":{\"@id\":\"https:\\\/\\\/yaxne.com\\\/payment-policy\\\/#breadcrumb\"},\"inLanguage\":\"fr-FR\",\"potentialAction\":[{\"@type\":\"ReadAction\",\"target\":[\"https:\\\/\\\/yaxne.com\\\/payment-policy\\\/\"]}]},{\"@type\":\"BreadcrumbList\",\"@id\":\"https:\\\/\\\/yaxne.com\\\/payment-policy\\\/#breadcrumb\",\"itemListElement\":[{\"@type\":\"ListItem\",\"position\":1,\"name\":\"\u9996\u9875\",\"item\":\"https:\\\/\\\/yaxne.com\\\/\"},{\"@type\":\"ListItem\",\"position\":2,\"name\":\"Payment Policy\"}]},{\"@type\":\"WebSite\",\"@id\":\"https:\\\/\\\/yaxne.com\\\/#website\",\"url\":\"https:\\\/\\\/yaxne.com\\\/\",\"name\":\"yaxne.com\",\"description\":\"\",\"publisher\":{\"@id\":\"https:\\\/\\\/yaxne.com\\\/#organization\"},\"potentialAction\":[{\"@type\":\"SearchAction\",\"target\":{\"@type\":\"EntryPoint\",\"urlTemplate\":\"https:\\\/\\\/yaxne.com\\\/?s={search_term_string}\"},\"query-input\":{\"@type\":\"PropertyValueSpecification\",\"valueRequired\":true,\"valueName\":\"search_term_string\"}}],\"inLanguage\":\"fr-FR\"},{\"@type\":\"Organization\",\"@id\":\"https:\\\/\\\/yaxne.com\\\/#organization\",\"name\":\"yaxne.com\",\"url\":\"https:\\\/\\\/yaxne.com\\\/\",\"logo\":{\"@type\":\"ImageObject\",\"inLanguage\":\"fr-FR\",\"@id\":\"https:\\\/\\\/yaxne.com\\\/#\\\/schema\\\/logo\\\/image\\\/\",\"url\":\"https:\\\/\\\/yaxne.com\\\/wp-content\\\/uploads\\\/2024\\\/07\\\/logo.png\",\"contentUrl\":\"https:\\\/\\\/yaxne.com\\\/wp-content\\\/uploads\\\/2024\\\/07\\\/logo.png\",\"width\":967,\"height\":246,\"caption\":\"yaxne.com\"},\"image\":{\"@id\":\"https:\\\/\\\/yaxne.com\\\/#\\\/schema\\\/logo\\\/image\\\/\"}}]}<\/script>\n<!-- \/ Yoast SEO plugin. -->","yoast_head_json":{"title":"Politique de paiement - Culotte de grossesse, string, collant de compression, chaussette de compression","description":"D\u00e9couvrez notre politique de paiement pour les culottes, les strings, les micro-strings et les chaussettes de compression.","robots":{"index":"index","follow":"follow","max-snippet":"max-snippet:-1","max-image-preview":"max-image-preview:large","max-video-preview":"max-video-preview:-1"},"canonical":"https:\/\/yaxne.com\/fr\/politique-de-paiement\/","og_locale":"fr_FR","og_type":"article","og_title":"Payment Policy-Period Panties,Thong,G-Strings,Compression Sock","og_description":"Learn about our payment policy for period panties,thong,G-strings,micro thong,and compression sock.Secure and easy payment options available.","og_url":"https:\/\/yaxne.com\/fr\/politique-de-paiement\/","og_site_name":"Yaxne","article_modified_time":"2024-07-15T13:32:01+00:00","twitter_card":"summary_large_image","twitter_misc":{"Dur\u00e9e de lecture estim\u00e9e":"2 minutes"},"schema":{"@context":"https:\/\/schema.org","@graph":[{"@type":"WebPage","@id":"https:\/\/yaxne.com\/payment-policy\/","url":"https:\/\/yaxne.com\/payment-policy\/","name":"Politique de paiement - Culotte de grossesse, string, collant de compression, chaussette de compression","isPartOf":{"@id":"https:\/\/yaxne.com\/#website"},"datePublished":"2024-07-12T09:04:28+00:00","dateModified":"2024-07-15T13:32:01+00:00","description":"D\u00e9couvrez notre politique de paiement pour les culottes, les strings, les micro-strings et les chaussettes de compression.","breadcrumb":{"@id":"https:\/\/yaxne.com\/payment-policy\/#breadcrumb"},"inLanguage":"fr-FR","potentialAction":[{"@type":"ReadAction","target":["https:\/\/yaxne.com\/payment-policy\/"]}]},{"@type":"BreadcrumbList","@id":"https:\/\/yaxne.com\/payment-policy\/#breadcrumb","itemListElement":[{"@type":"ListItem","position":1,"name":"\u9996\u9875","item":"https:\/\/yaxne.com\/"},{"@type":"ListItem","position":2,"name":"Payment Policy"}]},{"@type":"WebSite","@id":"https:\/\/yaxne.com\/#website","url":"https:\/\/yaxne.com\/","name":"yaxne.com","description":"","publisher":{"@id":"https:\/\/yaxne.com\/#organization"},"potentialAction":[{"@type":"SearchAction","target":{"@type":"EntryPoint","urlTemplate":"https:\/\/yaxne.com\/?s={search_term_string}"},"query-input":{"@type":"PropertyValueSpecification","valueRequired":true,"valueName":"search_term_string"}}],"inLanguage":"fr-FR"},{"@type":"Organization","@id":"https:\/\/yaxne.com\/#organization","name":"yaxne.com","url":"https:\/\/yaxne.com\/","logo":{"@type":"ImageObject","inLanguage":"fr-FR","@id":"https:\/\/yaxne.com\/#\/schema\/logo\/image\/","url":"https:\/\/yaxne.com\/wp-content\/uploads\/2024\/07\/logo.png","contentUrl":"https:\/\/yaxne.com\/wp-content\/uploads\/2024\/07\/logo.png","width":967,"height":246,"caption":"yaxne.com"},"image":{"@id":"https:\/\/yaxne.com\/#\/schema\/logo\/image\/"}}]}},"uagb_featured_image_src":{"full":false,"thumbnail":false,"medium":false,"medium_large":false,"large":false,"1536x1536":false,"2048x2048":false,"trp-custom-language-flag":false,"woocommerce_thumbnail":false,"woocommerce_single":false,"woocommerce_gallery_thumbnail":false},"uagb_author_info":{"display_name":"tianke1223@gmail.com","author_link":"https:\/\/yaxne.com\/fr\/author\/tianke1223gmail-com\/"},"uagb_comment_info":0,"uagb_excerpt":"PAYMENT METHOD We accept Visa, MasterCard and American Express cards. You can also choose to pay with PayPal. When selecting this option at checkout, you will be directed to the PayPal site to complete your purchase before returning to Yaxne.com. If the card transaction is approved, the amount will be reserved immediately Yaxne.com and you\u2026","jetpack_sharing_enabled":true,"_links":{"self":[{"href":"https:\/\/yaxne.com\/fr\/wp-json\/wp\/v2\/pages\/2453","targetHints":{"allow":["GET"]}}],"collection":[{"href":"https:\/\/yaxne.com\/fr\/wp-json\/wp\/v2\/pages"}],"about":[{"href":"https:\/\/yaxne.com\/fr\/wp-json\/wp\/v2\/types\/page"}],"author":[{"embeddable":true,"href":"https:\/\/yaxne.com\/fr\/wp-json\/wp\/v2\/users\/1"}],"replies":[{"embeddable":true,"href":"https:\/\/yaxne.com\/fr\/wp-json\/wp\/v2\/comments?post=2453"}],"version-history":[{"count":3,"href":"https:\/\/yaxne.com\/fr\/wp-json\/wp\/v2\/pages\/2453\/revisions"}],"predecessor-version":[{"id":2588,"href":"https:\/\/yaxne.com\/fr\/wp-json\/wp\/v2\/pages\/2453\/revisions\/2588"}],"wp:attachment":[{"href":"https:\/\/yaxne.com\/fr\/wp-json\/wp\/v2\/media?parent=2453"}],"curies":[{"name":"wp","href":"https:\/\/api.w.org\/{rel}","templated":true}]}}