{"id":1002,"date":"2024-07-08T02:27:58","date_gmt":"2024-07-08T02:27:58","guid":{"rendered":"https:\/\/yaxne.com\/about\/"},"modified":"2024-07-12T07:55:21","modified_gmt":"2024-07-12T07:55:21","slug":"about","status":"publish","type":"page","link":"https:\/\/yaxne.com\/fr\/a-propos-de\/","title":{"rendered":"A propos de"},"content":{"rendered":"<div class=\"wp-block-uagb-container uagb-block-48ef2a71 alignfull uagb-is-root-container\"><div class=\"uagb-container-inner-blocks-wrap\">\n<div class=\"wp-block-uagb-container uagb-layout-grid uagb-block-7f826306 alignfull uagb-is-root-container\"><div class=\"uagb-container-inner-blocks-wrap\">\n<div class=\"wp-block-uagb-advanced-heading uagb-block-fccb81b8\"><h1 class=\"uagb-heading-text\">A propos de<\/h1><\/div>\n\n\n\n<div class=\"wp-block-uagb-info-box uagb-block-6eae1f46 uagb-infobox__content-wrap  uagb-infobox-icon-above-title uagb-infobox-image-valign-top\"><div class=\"uagb-ifb-content\"><div class=\"uagb-ifb-separator\"><\/div><div class=\"uagb-ifb-title-wrap\"><h3 class=\"uagb-ifb-title\">Faites l'exp\u00e9rience d'un confort et d'un style in\u00e9gal\u00e9s gr\u00e2ce \u00e0 notre lingerie innovante et \u00e0 nos v\u00eatements de compression.<\/h3><\/div><p class=\"uagb-ifb-desc\">Bienvenue chez Yaxne, o\u00f9 l'innovation rencontre le confort et le style. En tant qu'entreprise leader dans le domaine des culottes de grossesse, nous sommes sp\u00e9cialis\u00e9s dans la recherche, le d\u00e9veloppement, la production et la vente de culottes de grossesse de haute qualit\u00e9, de culottes, de strings, de tangas, de micro-tongs, de sous-v\u00eatements f\u00e9minins de type string et de chaussettes de compression. Notre engagement en faveur de l'excellence se refl\u00e8te dans tous les produits que nous proposons, garantissant ainsi la fiabilit\u00e9 et la satisfaction de nos clients.<\/p><\/div><\/div>\n<\/div><\/div>\n\n\n\n<div class=\"wp-block-uagb-container uagb-block-78d5481f alignfull uagb-is-root-container\"><div class=\"uagb-container__video-wrap\"><video autoplay loop muted playsinline><source src=\"https:\/\/yaxne.com\/wp-content\/uploads\/2024\/07\/\u89c6\u98912.mov\" type=\"video\/mp4\"\/><\/video><\/div><div class=\"uagb-container-inner-blocks-wrap\">\n<div class=\"wp-block-uagb-info-box uagb-block-fa3d48d2 uagb-infobox__content-wrap  uagb-infobox-icon-above-title uagb-infobox-image-valign-top\"><div class=\"uagb-ifb-content\"><div class=\"uagb-ifb-icon-wrap\"><div class=\"uagb-iconbox-icon-wrap uagb-infobox-shape-circle\"><svg xmlns=\"https:\/\/www.w3.org\/2000\/svg\" viewbox=\"0 0 384 512\"><path d=\"M361 215C375.3 223.8 384 239.3 384 256C384 272.7 375.3 288.2 361 296.1L73.03 472.1C58.21 482 39.66 482.4 24.52 473.9C9.377 465.4 0 449.4 0 432V80C0 62.64 9.377 46.63 24.52 38.13C39.66 29.64 58.21 29.99 73.03 39.04L361 215z\"><\/path><\/svg><\/div><\/div><div class=\"uagb-ifb-title-wrap\"><\/div><\/div><\/div>\n<\/div><\/div>\n\n\n\n<div class=\"wp-block-uagb-container uagb-layout-grid uagb-block-cb8a27eb alignfull uagb-is-root-container\"><div class=\"uagb-container-inner-blocks-wrap\">\n<div class=\"wp-block-uagb-advanced-heading uagb-block-27f47db3\"><h6 class=\"uagb-heading-text\">Notre histoire<\/h6><\/div>\n\n\n\n<div class=\"wp-block-uagb-container uagb-block-6fd6ef76\">\n<div class=\"wp-block-uagb-advanced-heading uagb-block-ee1428ea\"><p class=\"uagb-desc-text\">Bienvenue chez Yaxne, o\u00f9 l'innovation rencontre le confort et le style. En tant qu'entreprise leader dans le domaine des culottes de grossesse, nous sommes sp\u00e9cialis\u00e9s dans la recherche, le d\u00e9veloppement, la production et la vente de culottes de grossesse de haute qualit\u00e9, de culottes, de strings, de tangas, de micro-tongs, de sous-v\u00eatements f\u00e9minins de type string et de chaussettes de compression. Notre engagement en faveur de l'excellence se refl\u00e8te dans tous les produits que nous proposons, garantissant ainsi la fiabilit\u00e9 et la satisfaction de nos clients.<br><br>Chez Yaxne, nous sommes fiers de nos processus de fabrication de pointe et de nos normes rigoureuses de contr\u00f4le de la qualit\u00e9. Notre \u00e9quipe d'experts d\u00e9vou\u00e9s innove en permanence pour vous offrir les derni\u00e8res technologies en mati\u00e8re de lingerie et de v\u00eatements de compression. Des strings en coton biologique les plus doux aux collants de compression les plus souples, notre gamme vari\u00e9e de produits est con\u00e7ue pour r\u00e9pondre \u00e0 vos besoins et d\u00e9passer vos attentes.<br><br>Rejoignez les milliers de clients satisfaits qui font confiance \u00e0 Yaxne pour leurs besoins en mati\u00e8re de lingerie et de v\u00eatements de compression. Faites l'exp\u00e9rience d'un m\u00e9lange parfait de confort, de style et de performance avec nos produits m\u00e9ticuleusement con\u00e7us. Achetez en toute confiance, en sachant que vous choisissez une marque qui valorise avant tout la qualit\u00e9, l'innovation et la satisfaction du client.<\/p><\/div>\n\n\n\n<div class=\"wp-block-uagb-info-box uagb-block-e82b10f6 uagb-infobox__content-wrap  uagb-infobox-icon-above-title uagb-infobox-image-valign-top\"><div class=\"uagb-ifb-content\"><div class=\"uagb-ifb-icon-wrap\"><svg xmlns=\"https:\/\/www.w3.org\/2000\/svg\" viewbox=\"0 0 448 512\"><path d=\"M96 224C84.72 224 74.05 226.3 64 229.9V224c0-35.3 28.7-64 64-64c17.67 0 32-14.33 32-32S145.7 96 128 96C57.42 96 0 153.4 0 224v96c0 53.02 42.98 96 96 96s96-42.98 96-96S149 224 96 224zM352 224c-11.28 0-21.95 2.305-32 5.879V224c0-35.3 28.7-64 64-64c17.67 0 32-14.33 32-32s-14.33-32-32-32c-70.58 0-128 57.42-128 128v96c0 53.02 42.98 96 96 96s96-42.98 96-96S405 224 352 224z\"><\/path><\/svg><\/div><div class=\"uagb-ifb-title-wrap\"><\/div><p class=\"uagb-ifb-desc\">J'adore les culottes p\u00e9riodiques, les micro-strings et les chaussettes de compression de Yaxne ! Tr\u00e8s confortables, \u00e9l\u00e9gants et de tr\u00e8s bonne qualit\u00e9. A recommander vivement !<\/p><\/div><\/div>\n\n\n\n<div class=\"wp-block-uagb-info-box uagb-block-6cedd68b uagb-infobox__content-wrap  uagb-infobox-icon-left uagb-infobox-left uagb-infobox-image-valign-top\"><div class=\"uagb-ifb-image-content\"><img decoding=\"async\" src=\"https:\/\/yaxne.com\/wp-content\/uploads\/2021\/08\/plants-store-owner-avatar-img.jpg\" alt=\"\" width=\"40\" height=\"40\" loading=\"lazy\"\/><\/div><div class=\"uagb-ifb-content\"><div class=\"uagb-ifb-title-wrap\"><p class=\"uagb-ifb-title\">Emily Evergreen<\/p><\/div><p class=\"uagb-ifb-desc\">Fondateur, propri\u00e9taire<\/p><\/div><\/div>\n<\/div>\n<\/div><\/div>\n\n\n\t\t\t\t\t<div\n\t\t\t\t\t\tclass=\"wp-block-uagb-image-gallery uagb-block-e43a6d5e\"\n\t\t\t\t\t\tstyle=\"\"\n\t\t\t\t\t>\n\t\t\t\t\t\t\t\t\t\t\t<div class=\"spectra-image-gallery spectra-image-gallery__layout--masonry spectra-image-gallery__layout--masonry-col-3 spectra-image-gallery__layout--masonry-col-tab-3 spectra-image-gallery__layout--masonry-col-mob-1\">\n\t\t\t\t\t\t\t\t\t\t\t<div class='spectra-image-gallery__media-wrapper--isotope'>\n\t\t\t\t\t\t\t<div class='spectra-image-gallery__media-wrapper' data-spectra-gallery-image-id='2347' tabindex=\"0\">\n\t\t\t\t\t\t\t<div class=\"spectra-image-gallery__media spectra-image-gallery__media--masonry\">\n\t\t\t\t<picture>\n\t\t\t\t\t<source media=\"(min-width: 1024px)\" srcset=\"https:\/\/yaxne.com\/wp-content\/uploads\/2024\/07\/store_01HTFFQMNTPG7AJY6TZQTQVDCX_assets_1713513374588-H622fa9ba37ef4e25977d043a28455865E.avif\">\n\t\t\t\t\t<source media=\"(min-width: 768px)\" srcset=\"https:\/\/yaxne.com\/wp-content\/uploads\/2024\/07\/store_01HTFFQMNTPG7AJY6TZQTQVDCX_assets_1713513374588-H622fa9ba37ef4e25977d043a28455865E.avif\">\n\t\t\t\t\t<img decoding=\"async\" class=\"spectra-image-gallery__media-thumbnail spectra-image-gallery__media-thumbnail--masonry\" src=\"https:\/\/yaxne.com\/wp-content\/uploads\/2024\/07\/store_01HTFFQMNTPG7AJY6TZQTQVDCX_assets_1713513374588-H622fa9ba37ef4e25977d043a28455865E-300x300.avif\" alt=\"\" loading=\"lazy\" \/>\n\t\t\t\t<\/picture>\n\t\t\t\t<div class=\"spectra-image-gallery__media-thumbnail-blurrer\"><\/div>\n\t\t\t\t\t\t\t\t\t\t\t<div class=\"spectra-image-gallery__media-thumbnail-caption-wrapper spectra-image-gallery__media-thumbnail-caption-wrapper--overlay\"><\/div>\n\t\t\t\t\t\t\t\t<\/div>\n\t\t\t\t\t\t<\/div>\n\t\t\t\t\t\t<\/div>\n\t\t\t\t\t\t<div class='spectra-image-gallery__media-wrapper--isotope'>\n\t\t\t\t\t\t\t<div class='spectra-image-gallery__media-wrapper' data-spectra-gallery-image-id='2325' tabindex=\"0\">\n\t\t\t\t\t\t\t<div class=\"spectra-image-gallery__media spectra-image-gallery__media--masonry\">\n\t\t\t\t<picture>\n\t\t\t\t\t<source media=\"(min-width: 1024px)\" srcset=\"https:\/\/yaxne.com\/wp-content\/uploads\/2024\/07\/store_01HTFFQMNTPG7AJY6TZQTQVDCX_assets_1713511079942-5.avif\">\n\t\t\t\t\t<source media=\"(min-width: 768px)\" srcset=\"https:\/\/yaxne.com\/wp-content\/uploads\/2024\/07\/store_01HTFFQMNTPG7AJY6TZQTQVDCX_assets_1713511079942-5.avif\">\n\t\t\t\t\t<img decoding=\"async\" class=\"spectra-image-gallery__media-thumbnail spectra-image-gallery__media-thumbnail--masonry\" src=\"https:\/\/yaxne.com\/wp-content\/uploads\/2024\/07\/store_01HTFFQMNTPG7AJY6TZQTQVDCX_assets_1713511079942-5-300x300.avif\" alt=\"culottes hygi\u00e9niques r\u00e9utilisables\" loading=\"lazy\" \/>\n\t\t\t\t<\/picture>\n\t\t\t\t<div class=\"spectra-image-gallery__media-thumbnail-blurrer\"><\/div>\n\t\t\t\t\t\t\t\t\t\t\t<div class=\"spectra-image-gallery__media-thumbnail-caption-wrapper spectra-image-gallery__media-thumbnail-caption-wrapper--overlay\"><\/div>\n\t\t\t\t\t\t\t\t<\/div>\n\t\t\t\t\t\t<\/div>\n\t\t\t\t\t\t<\/div>\n\t\t\t\t\t\t<div class='spectra-image-gallery__media-wrapper--isotope'>\n\t\t\t\t\t\t\t<div class='spectra-image-gallery__media-wrapper' data-spectra-gallery-image-id='2304' tabindex=\"0\">\n\t\t\t\t\t\t\t<div class=\"spectra-image-gallery__media spectra-image-gallery__media--masonry\">\n\t\t\t\t<picture>\n\t\t\t\t\t<source media=\"(min-width: 1024px)\" srcset=\"https:\/\/yaxne.com\/wp-content\/uploads\/2024\/07\/O1CN01UJDDrc1jLhg3S4lyw_963684532-0-cib-1.jpg\">\n\t\t\t\t\t<source media=\"(min-width: 768px)\" srcset=\"https:\/\/yaxne.com\/wp-content\/uploads\/2024\/07\/O1CN01UJDDrc1jLhg3S4lyw_963684532-0-cib-1.jpg\">\n\t\t\t\t\t<img decoding=\"async\" class=\"spectra-image-gallery__media-thumbnail spectra-image-gallery__media-thumbnail--masonry\" src=\"https:\/\/yaxne.com\/wp-content\/uploads\/2024\/07\/O1CN01UJDDrc1jLhg3S4lyw_963684532-0-cib-1-300x300.jpg\" alt=\"\" loading=\"lazy\" \/>\n\t\t\t\t<\/picture>\n\t\t\t\t<div class=\"spectra-image-gallery__media-thumbnail-blurrer\"><\/div>\n\t\t\t\t\t\t\t\t\t\t\t<div class=\"spectra-image-gallery__media-thumbnail-caption-wrapper spectra-image-gallery__media-thumbnail-caption-wrapper--overlay\"><\/div>\n\t\t\t\t\t\t\t\t<\/div>\n\t\t\t\t\t\t<\/div>\n\t\t\t\t\t\t<\/div>\n\t\t\t\t\t\t<div class='spectra-image-gallery__media-wrapper--isotope'>\n\t\t\t\t\t\t\t<div class='spectra-image-gallery__media-wrapper' data-spectra-gallery-image-id='2384' tabindex=\"0\">\n\t\t\t\t\t\t\t<div class=\"spectra-image-gallery__media spectra-image-gallery__media--masonry\">\n\t\t\t\t<picture>\n\t\t\t\t\t<source media=\"(min-width: 1024px)\" srcset=\"https:\/\/yaxne.com\/wp-content\/uploads\/2024\/07\/O1CN01czdeXL1jLhkR2yOxO_963684532-0-cib.jpg\">\n\t\t\t\t\t<source media=\"(min-width: 768px)\" srcset=\"https:\/\/yaxne.com\/wp-content\/uploads\/2024\/07\/O1CN01czdeXL1jLhkR2yOxO_963684532-0-cib.jpg\">\n\t\t\t\t\t<img decoding=\"async\" class=\"spectra-image-gallery__media-thumbnail spectra-image-gallery__media-thumbnail--masonry\" src=\"https:\/\/yaxne.com\/wp-content\/uploads\/2024\/07\/O1CN01czdeXL1jLhkR2yOxO_963684532-0-cib-300x300.jpg\" alt=\"cordon l\u00e9opard\" loading=\"lazy\" \/>\n\t\t\t\t<\/picture>\n\t\t\t\t<div class=\"spectra-image-gallery__media-thumbnail-blurrer\"><\/div>\n\t\t\t\t\t\t\t\t\t\t\t<div class=\"spectra-image-gallery__media-thumbnail-caption-wrapper spectra-image-gallery__media-thumbnail-caption-wrapper--overlay\"><\/div>\n\t\t\t\t\t\t\t\t<\/div>\n\t\t\t\t\t\t<\/div>\n\t\t\t\t\t\t<\/div>\n\t\t\t\t\t\t<div class='spectra-image-gallery__media-wrapper--isotope'>\n\t\t\t\t\t\t\t<div class='spectra-image-gallery__media-wrapper' data-spectra-gallery-image-id='2130' tabindex=\"0\">\n\t\t\t\t\t\t\t<div class=\"spectra-image-gallery__media spectra-image-gallery__media--masonry\">\n\t\t\t\t<picture>\n\t\t\t\t\t<source media=\"(min-width: 1024px)\" srcset=\"https:\/\/yaxne.com\/wp-content\/uploads\/2024\/07\/Hb91cbcacf94049fc9d608979aa003554J.jpg\">\n\t\t\t\t\t<source media=\"(min-width: 768px)\" srcset=\"https:\/\/yaxne.com\/wp-content\/uploads\/2024\/07\/Hb91cbcacf94049fc9d608979aa003554J.jpg\">\n\t\t\t\t\t<img decoding=\"async\" class=\"spectra-image-gallery__media-thumbnail spectra-image-gallery__media-thumbnail--masonry\" src=\"https:\/\/yaxne.com\/wp-content\/uploads\/2024\/07\/Hb91cbcacf94049fc9d608979aa003554J-300x300.jpg\" alt=\"\" loading=\"lazy\" \/>\n\t\t\t\t<\/picture>\n\t\t\t\t<div class=\"spectra-image-gallery__media-thumbnail-blurrer\"><\/div>\n\t\t\t\t\t\t\t\t\t\t\t<div class=\"spectra-image-gallery__media-thumbnail-caption-wrapper spectra-image-gallery__media-thumbnail-caption-wrapper--overlay\"><\/div>\n\t\t\t\t\t\t\t\t<\/div>\n\t\t\t\t\t\t<\/div>\n\t\t\t\t\t\t<\/div>\n\t\t\t\t\t\t<div class='spectra-image-gallery__media-wrapper--isotope'>\n\t\t\t\t\t\t\t<div class='spectra-image-gallery__media-wrapper' data-spectra-gallery-image-id='2276' tabindex=\"0\">\n\t\t\t\t\t\t\t<div class=\"spectra-image-gallery__media spectra-image-gallery__media--masonry\">\n\t\t\t\t<picture>\n\t\t\t\t\t<source media=\"(min-width: 1024px)\" srcset=\"https:\/\/yaxne.com\/wp-content\/uploads\/2024\/07\/O1CN018efLJN1jLhfjAhZ4d_963684532-0-cib-1.jpg\">\n\t\t\t\t\t<source media=\"(min-width: 768px)\" srcset=\"https:\/\/yaxne.com\/wp-content\/uploads\/2024\/07\/O1CN018efLJN1jLhfjAhZ4d_963684532-0-cib-1.jpg\">\n\t\t\t\t\t<img decoding=\"async\" class=\"spectra-image-gallery__media-thumbnail spectra-image-gallery__media-thumbnail--masonry\" src=\"https:\/\/yaxne.com\/wp-content\/uploads\/2024\/07\/O1CN018efLJN1jLhfjAhZ4d_963684532-0-cib-1-300x300.jpg\" alt=\"\" loading=\"lazy\" \/>\n\t\t\t\t<\/picture>\n\t\t\t\t<div class=\"spectra-image-gallery__media-thumbnail-blurrer\"><\/div>\n\t\t\t\t\t\t\t\t\t\t\t<div class=\"spectra-image-gallery__media-thumbnail-caption-wrapper spectra-image-gallery__media-thumbnail-caption-wrapper--overlay\"><\/div>\n\t\t\t\t\t\t\t\t<\/div>\n\t\t\t\t\t\t<\/div>\n\t\t\t\t\t\t<\/div>\n\t\t\t\t\t\t\t\t\t\t<\/div>\n\t\t\t\t\t\t\t\t\t\t\t\t\t\t\t\t\t\t<\/div>\n\t\t\t\t\t\t\t\t\t<\/div><\/div>","protected":false},"excerpt":{"rendered":"<p>About Our Story Welcome to Yaxne, where innovation meets comfort and style. As a leading period panties enterprise, we specialize in the research, development, production, and sale of high-quality period panties, panties, G-strings, thongs, micro thongs, thong underwear for women, and compression socks. Our commitment to excellence is reflected in every product we offer, ensuring [&hellip;]<\/p>\n","protected":false},"author":1,"featured_media":0,"parent":0,"menu_order":0,"comment_status":"closed","ping_status":"closed","template":"","meta":{"_uag_custom_page_level_css":"","site-sidebar-layout":"no-sidebar","site-content-layout":"plain-container","ast-site-content-layout":"normal-width-container","site-content-style":"unboxed","site-sidebar-style":"unboxed","ast-global-header-display":"","ast-banner-title-visibility":"","ast-main-header-display":"","ast-hfb-above-header-display":"","ast-hfb-below-header-display":"","ast-hfb-mobile-header-display":"","site-post-title":"disabled","ast-breadcrumbs-content":"","ast-featured-img":"disabled","footer-sml-layout":"","ast-disable-related-posts":"","theme-transparent-header-meta":"disabled","adv-header-id-meta":"","stick-header-meta":"","header-above-stick-meta":"","header-main-stick-meta":"","header-below-stick-meta":"","astra-migrate-meta-layouts":"set","ast-page-background-enabled":"default","ast-page-background-meta":{"desktop":{"background-color":"var(--ast-global-color-4)","background-image":"","background-repeat":"repeat","background-position":"center center","background-size":"auto","background-attachment":"scroll","background-type":"","background-media":"","overlay-type":"","overlay-color":"","overlay-opacity":"","overlay-gradient":""},"tablet":{"background-color":"","background-image":"","background-repeat":"repeat","background-position":"center center","background-size":"auto","background-attachment":"scroll","background-type":"","background-media":"","overlay-type":"","overlay-color":"","overlay-opacity":"","overlay-gradient":""},"mobile":{"background-color":"","background-image":"","background-repeat":"repeat","background-position":"center center","background-size":"auto","background-attachment":"scroll","background-type":"","background-media":"","overlay-type":"","overlay-color":"","overlay-opacity":"","overlay-gradient":""}},"ast-content-background-meta":{"desktop":{"background-color":"var(--ast-global-color-5)","background-image":"","background-repeat":"repeat","background-position":"center center","background-size":"auto","background-attachment":"scroll","background-type":"","background-media":"","overlay-type":"","overlay-color":"","overlay-opacity":"","overlay-gradient":""},"tablet":{"background-color":"var(--ast-global-color-5)","background-image":"","background-repeat":"repeat","background-position":"center center","background-size":"auto","background-attachment":"scroll","background-type":"","background-media":"","overlay-type":"","overlay-color":"","overlay-opacity":"","overlay-gradient":""},"mobile":{"background-color":"var(--ast-global-color-5)","background-image":"","background-repeat":"repeat","background-position":"center center","background-size":"auto","background-attachment":"scroll","background-type":"","background-media":"","overlay-type":"","overlay-color":"","overlay-opacity":"","overlay-gradient":""}},"footnotes":""},"class_list":["post-1002","page","type-page","status-publish","hentry"],"yoast_head":"<!-- This site is optimized with the Yoast SEO plugin v27.1.1 - https:\/\/yoast.com\/product\/yoast-seo-wordpress\/ -->\n<title>About Us - Period Panties, Thongs, G-Strings, Compression Socks - Yaxne<\/title>\n<meta name=\"description\" content=\"Learn about our range of products, including period panties, thongs, G-strings, micro thongs, compression socks, stockings, and sleeves.\" \/>\n<meta name=\"robots\" content=\"index, follow, max-snippet:-1, max-image-preview:large, max-video-preview:-1\" \/>\n<link rel=\"canonical\" href=\"https:\/\/yaxne.com\/fr\/a-propos-de\/\" \/>\n<meta property=\"og:locale\" content=\"fr_FR\" \/>\n<meta property=\"og:type\" content=\"article\" \/>\n<meta property=\"og:title\" content=\"About Us - Period Panties, Thongs, G-Strings, Compression Socks - Yaxne\" \/>\n<meta property=\"og:description\" content=\"Learn about our range of products, including period panties, thongs, G-strings, micro thongs, compression socks, stockings, and sleeves.\" \/>\n<meta property=\"og:url\" content=\"https:\/\/yaxne.com\/fr\/a-propos-de\/\" \/>\n<meta property=\"og:site_name\" content=\"Yaxne\" \/>\n<meta property=\"article:modified_time\" content=\"2024-07-12T07:55:21+00:00\" \/>\n<meta property=\"og:image\" content=\"https:\/\/yaxne.com\/wp-content\/uploads\/2021\/08\/plants-store-owner-avatar-img.jpg\" \/>\n<meta name=\"twitter:card\" content=\"summary_large_image\" \/>\n<meta name=\"twitter:label1\" content=\"Dur\u00e9e de lecture estim\u00e9e\" \/>\n\t<meta name=\"twitter:data1\" content=\"2 minutes\" \/>\n<script type=\"application\/ld+json\" class=\"yoast-schema-graph\">{\"@context\":\"https:\/\/schema.org\",\"@graph\":[{\"@type\":\"WebPage\",\"@id\":\"https:\/\/yaxne.com\/about\/\",\"url\":\"https:\/\/yaxne.com\/about\/\",\"name\":\"About Us - Period Panties, Thongs, G-Strings, Compression Socks - Yaxne\",\"isPartOf\":{\"@id\":\"https:\/\/yaxne.com\/#website\"},\"primaryImageOfPage\":{\"@id\":\"https:\/\/yaxne.com\/about\/#primaryimage\"},\"image\":{\"@id\":\"https:\/\/yaxne.com\/about\/#primaryimage\"},\"thumbnailUrl\":\"https:\/\/yaxne.com\/wp-content\/uploads\/2021\/08\/plants-store-owner-avatar-img.jpg\",\"datePublished\":\"2024-07-08T02:27:58+00:00\",\"dateModified\":\"2024-07-12T07:55:21+00:00\",\"description\":\"Learn about our range of products, including period panties, thongs, G-strings, micro thongs, compression socks, stockings, and sleeves.\",\"breadcrumb\":{\"@id\":\"https:\/\/yaxne.com\/about\/#breadcrumb\"},\"inLanguage\":\"fr-FR\",\"potentialAction\":[{\"@type\":\"ReadAction\",\"target\":[\"https:\/\/yaxne.com\/about\/\"]}]},{\"@type\":\"ImageObject\",\"inLanguage\":\"fr-FR\",\"@id\":\"https:\/\/yaxne.com\/about\/#primaryimage\",\"url\":\"https:\/\/yaxne.com\/wp-content\/uploads\/2021\/08\/plants-store-owner-avatar-img.jpg\",\"contentUrl\":\"https:\/\/yaxne.com\/wp-content\/uploads\/2021\/08\/plants-store-owner-avatar-img.jpg\"},{\"@type\":\"BreadcrumbList\",\"@id\":\"https:\/\/yaxne.com\/about\/#breadcrumb\",\"itemListElement\":[{\"@type\":\"ListItem\",\"position\":1,\"name\":\"\u9996\u9875\",\"item\":\"https:\/\/yaxne.com\/\"},{\"@type\":\"ListItem\",\"position\":2,\"name\":\"About\"}]},{\"@type\":\"WebSite\",\"@id\":\"https:\/\/yaxne.com\/#website\",\"url\":\"https:\/\/yaxne.com\/\",\"name\":\"yaxne.com\",\"description\":\"\",\"publisher\":{\"@id\":\"https:\/\/yaxne.com\/#organization\"},\"potentialAction\":[{\"@type\":\"SearchAction\",\"target\":{\"@type\":\"EntryPoint\",\"urlTemplate\":\"https:\/\/yaxne.com\/?s={search_term_string}\"},\"query-input\":{\"@type\":\"PropertyValueSpecification\",\"valueRequired\":true,\"valueName\":\"search_term_string\"}}],\"inLanguage\":\"fr-FR\"},{\"@type\":\"Organization\",\"@id\":\"https:\/\/yaxne.com\/#organization\",\"name\":\"yaxne.com\",\"url\":\"https:\/\/yaxne.com\/\",\"logo\":{\"@type\":\"ImageObject\",\"inLanguage\":\"fr-FR\",\"@id\":\"https:\/\/yaxne.com\/#\/schema\/logo\/image\/\",\"url\":\"https:\/\/yaxne.com\/wp-content\/uploads\/2024\/07\/logo.png\",\"contentUrl\":\"https:\/\/yaxne.com\/wp-content\/uploads\/2024\/07\/logo.png\",\"width\":967,\"height\":246,\"caption\":\"yaxne.com\"},\"image\":{\"@id\":\"https:\/\/yaxne.com\/#\/schema\/logo\/image\/\"}}]}<\/script>\n<!-- \/ Yoast SEO plugin. -->","yoast_head_json":{"title":"\u00c0 propos de nous - Culottes p\u00e9riodiques, strings et chaussettes de compression - Yaxne","description":"D\u00e9couvrez notre gamme de produits, notamment les culottes de grossesse, les strings, les micro-strings, les chaussettes de compression, les bas et les manchons.","robots":{"index":"index","follow":"follow","max-snippet":"max-snippet:-1","max-image-preview":"max-image-preview:large","max-video-preview":"max-video-preview:-1"},"canonical":"https:\/\/yaxne.com\/fr\/a-propos-de\/","og_locale":"fr_FR","og_type":"article","og_title":"About Us - Period Panties, Thongs, G-Strings, Compression Socks - Yaxne","og_description":"Learn about our range of products, including period panties, thongs, G-strings, micro thongs, compression socks, stockings, and sleeves.","og_url":"https:\/\/yaxne.com\/fr\/a-propos-de\/","og_site_name":"Yaxne","article_modified_time":"2024-07-12T07:55:21+00:00","og_image":[{"url":"https:\/\/yaxne.com\/wp-content\/uploads\/2021\/08\/plants-store-owner-avatar-img.jpg","type":"","width":"","height":""}],"twitter_card":"summary_large_image","twitter_misc":{"Dur\u00e9e de lecture estim\u00e9e":"2 minutes"},"schema":{"@context":"https:\/\/schema.org","@graph":[{"@type":"WebPage","@id":"https:\/\/yaxne.com\/about\/","url":"https:\/\/yaxne.com\/about\/","name":"\u00c0 propos de nous - Culottes p\u00e9riodiques, strings et chaussettes de compression - Yaxne","isPartOf":{"@id":"https:\/\/yaxne.com\/#website"},"primaryImageOfPage":{"@id":"https:\/\/yaxne.com\/about\/#primaryimage"},"image":{"@id":"https:\/\/yaxne.com\/about\/#primaryimage"},"thumbnailUrl":"https:\/\/yaxne.com\/wp-content\/uploads\/2021\/08\/plants-store-owner-avatar-img.jpg","datePublished":"2024-07-08T02:27:58+00:00","dateModified":"2024-07-12T07:55:21+00:00","description":"D\u00e9couvrez notre gamme de produits, notamment les culottes de grossesse, les strings, les micro-strings, les chaussettes de compression, les bas et les manchons.","breadcrumb":{"@id":"https:\/\/yaxne.com\/about\/#breadcrumb"},"inLanguage":"fr-FR","potentialAction":[{"@type":"ReadAction","target":["https:\/\/yaxne.com\/about\/"]}]},{"@type":"ImageObject","inLanguage":"fr-FR","@id":"https:\/\/yaxne.com\/about\/#primaryimage","url":"https:\/\/yaxne.com\/wp-content\/uploads\/2021\/08\/plants-store-owner-avatar-img.jpg","contentUrl":"https:\/\/yaxne.com\/wp-content\/uploads\/2021\/08\/plants-store-owner-avatar-img.jpg"},{"@type":"BreadcrumbList","@id":"https:\/\/yaxne.com\/about\/#breadcrumb","itemListElement":[{"@type":"ListItem","position":1,"name":"\u9996\u9875","item":"https:\/\/yaxne.com\/"},{"@type":"ListItem","position":2,"name":"About"}]},{"@type":"WebSite","@id":"https:\/\/yaxne.com\/#website","url":"https:\/\/yaxne.com\/","name":"yaxne.com","description":"","publisher":{"@id":"https:\/\/yaxne.com\/#organization"},"potentialAction":[{"@type":"SearchAction","target":{"@type":"EntryPoint","urlTemplate":"https:\/\/yaxne.com\/?s={search_term_string}"},"query-input":{"@type":"PropertyValueSpecification","valueRequired":true,"valueName":"search_term_string"}}],"inLanguage":"fr-FR"},{"@type":"Organization","@id":"https:\/\/yaxne.com\/#organization","name":"yaxne.com","url":"https:\/\/yaxne.com\/","logo":{"@type":"ImageObject","inLanguage":"fr-FR","@id":"https:\/\/yaxne.com\/#\/schema\/logo\/image\/","url":"https:\/\/yaxne.com\/wp-content\/uploads\/2024\/07\/logo.png","contentUrl":"https:\/\/yaxne.com\/wp-content\/uploads\/2024\/07\/logo.png","width":967,"height":246,"caption":"yaxne.com"},"image":{"@id":"https:\/\/yaxne.com\/#\/schema\/logo\/image\/"}}]}},"uagb_featured_image_src":{"full":false,"thumbnail":false,"medium":false,"medium_large":false,"large":false,"1536x1536":false,"2048x2048":false,"trp-custom-language-flag":false,"woocommerce_thumbnail":false,"woocommerce_single":false,"woocommerce_gallery_thumbnail":false},"uagb_author_info":{"display_name":"tianke1223@gmail.com","author_link":"https:\/\/yaxne.com\/fr\/author\/tianke1223gmail-com\/"},"uagb_comment_info":0,"uagb_excerpt":"About Our Story Welcome to Yaxne, where innovation meets comfort and style. As a leading period panties enterprise, we specialize in the research, development, production, and sale of high-quality period panties, panties, G-strings, thongs, micro thongs, thong underwear for women, and compression socks. Our commitment to excellence is reflected in every product we offer, ensuring\u2026","jetpack_sharing_enabled":true,"_links":{"self":[{"href":"https:\/\/yaxne.com\/fr\/wp-json\/wp\/v2\/pages\/1002","targetHints":{"allow":["GET"]}}],"collection":[{"href":"https:\/\/yaxne.com\/fr\/wp-json\/wp\/v2\/pages"}],"about":[{"href":"https:\/\/yaxne.com\/fr\/wp-json\/wp\/v2\/types\/page"}],"author":[{"embeddable":true,"href":"https:\/\/yaxne.com\/fr\/wp-json\/wp\/v2\/users\/1"}],"replies":[{"embeddable":true,"href":"https:\/\/yaxne.com\/fr\/wp-json\/wp\/v2\/comments?post=1002"}],"version-history":[{"count":8,"href":"https:\/\/yaxne.com\/fr\/wp-json\/wp\/v2\/pages\/1002\/revisions"}],"predecessor-version":[{"id":2444,"href":"https:\/\/yaxne.com\/fr\/wp-json\/wp\/v2\/pages\/1002\/revisions\/2444"}],"wp:attachment":[{"href":"https:\/\/yaxne.com\/fr\/wp-json\/wp\/v2\/media?parent=1002"}],"curies":[{"name":"wp","href":"https:\/\/api.w.org\/{rel}","templated":true}]}}