{"id":9,"date":"2024-07-12T08:55:51","date_gmt":"2024-07-12T08:55:51","guid":{"rendered":"http:\/\/yaxne.com\/?page_id=9"},"modified":"2024-07-12T08:55:55","modified_gmt":"2024-07-12T08:55:55","slug":"refund_returns","status":"publish","type":"page","link":"https:\/\/yaxne.com\/fi\/refund_returns\/","title":{"rendered":"Palautus- ja palautusk\u00e4yt\u00e4nt\u00f6"},"content":{"rendered":"<h1 class=\"wp-block-heading\">Palauttaa<\/h1>\n\n\n\n<h3 class=\"wp-block-heading\">Palautukset ja hyvitykset<\/h3>\n\n\n\n<p>Sinulla on oikeus peruuttaa tilauksesi 30 p\u00e4iv\u00e4n kuluessa ilman perusteluja.<\/p>\n\n\n\n<p>M\u00e4\u00e4r\u00e4aika tilauksen peruuttamiselle on 30 p\u00e4iv\u00e4\u00e4 siit\u00e4 p\u00e4iv\u00e4st\u00e4, jona olet vastaanottanut tavarat tai jona nime\u00e4m\u00e4si kolmas osapuoli, joka ei ole rahdinkuljettaja, on ottanut toimitetun tuotteen haltuunsa.<\/p>\n\n\n\n<p>Jotta voit k\u00e4ytt\u00e4\u00e4 peruutusoikeuttasi, sinun on ilmoitettava meille p\u00e4\u00e4t\u00f6ksest\u00e4si selke\u00e4ll\u00e4 ilmoituksella.<\/p>\n\n\n\n<p>Voit ilmoittaa p\u00e4\u00e4t\u00f6ksest\u00e4si meille s\u00e4hk\u00f6postitse&nbsp;<a target=\"_blank\" href=\"mailto:tianke1223@gmail.com\" rel=\"noreferrer noopener\">tianke1223@gmail.com<\/a><\/p>\n\n\n\n<p>Korvaus maksetaan viimeist\u00e4\u00e4n 30 p\u00e4iv\u00e4n kuluessa siit\u00e4 p\u00e4iv\u00e4st\u00e4, jona saamme palautetut tavarat. K\u00e4yt\u00e4mme samaa maksuv\u00e4linett\u00e4, jota k\u00e4ytit tilauksen tekemiseen, eik\u00e4 sinulle aiheudu mit\u00e4\u00e4n kuluja t\u00e4llaisesta korvauksesta.<\/p>\n\n\n\n<h6 class=\"wp-block-heading\">Palautusehdot:<\/h6>\n\n\n\n<p>Jotta tavarat voidaan palauttaa, varmista, ett\u00e4:<\/p>\n\n\n\n<ul class=\"wp-block-list\">\n<li>Tavarat on ostettu viimeisten 30 p\u00e4iv\u00e4n aikana<\/li>\n\n\n\n<li>tavarat ovat alkuper\u00e4ispakkauksessa<\/li>\n<\/ul>\n\n\n\n<p>Seuraavia tavaroita ei voi palauttaa:<\/p>\n\n\n\n<ul class=\"wp-block-list\">\n<li>Tavaroiden toimittaminen eritelmiesi mukaan tai selv\u00e4sti yksil\u00f6llisesti.<\/li>\n\n\n\n<li>sellaisten tavaroiden toimittaminen, jotka eiv\u00e4t luonteensa vuoksi sovellu palautettaviksi, esimerkiksi tavarat, jotka heikkenev\u00e4t nopeasti tai joiden viimeinen k\u00e4ytt\u00f6p\u00e4iv\u00e4 on kulunut umpeen.<\/li>\n\n\n\n<li>sellaisten tavaroiden toimittaminen, jotka eiv\u00e4t sovellu palautettaviksi terveydensuojelu- tai hygieniasyist\u00e4 ja jotka on toimituksen j\u00e4lkeen suljettu.<\/li>\n\n\n\n<li>Sellaisen tavaran luovutus, joka luonteensa vuoksi sekoittuu toimituksen j\u00e4lkeen erottamattomasti muihin tavaroihin.<\/li>\n<\/ul>\n\n\n\n<p>Pid\u00e4t\u00e4mme oikeuden kielt\u00e4yty\u00e4 palauttamasta tavaroita, jotka eiv\u00e4t t\u00e4yt\u00e4 edell\u00e4 mainittuja palautusehtoja, oman harkintamme mukaan.<\/p>\n\n\n\n<h6 class=\"wp-block-heading\">Tavaroiden palauttaminen<\/h6>\n\n\n\n<p>Olet vastuussa tavaroiden palauttamisesta meille aiheutuvista kustannuksista ja riskeist\u00e4. Sinun tulee l\u00e4hett\u00e4\u00e4 tavarat seuraavaan osoitteeseen:<\/p>\n\n\n\n<p>Global Center S1, 1137, CHENGDU, KIINA, 610000<\/p>\n\n\n\n<p>Emme ole vastuussa palautusl\u00e4hetyksen aikana vahingoittuneista tai kadonneista tavaroista. Siksi suosittelemme vakuutettua ja j\u00e4ljitett\u00e4v\u00e4\u00e4 postipalvelua. Emme voi my\u00f6nt\u00e4\u00e4 hyvityst\u00e4 ilman tavaroiden todellista vastaanottoa tai todistusta vastaanotetusta palautusl\u00e4hetyksest\u00e4.<\/p>\n\n\n\n<h6 class=\"wp-block-heading\">Lahjat:<\/h6>\n\n\n\n<p>Jos tavarat on ostettaessa merkitty lahjaksi ja l\u00e4hetetty suoraan sinulle, saat lahjahyvityksen palautuksen arvosta. Kun palautettu tuote on vastaanotettu, sinulle l\u00e4hetet\u00e4\u00e4n lahjakortti.<\/p>\n\n\n\n<p>Jos tavaroita ei ollut merkitty lahjaksi ostettaessa tai jos lahjan antaja l\u00e4hetti tilauksen itselleen antaakseen sen sinulle my\u00f6hemmin, l\u00e4het\u00e4mme hyvityksen lahjan antajalle.<\/p>\n\n\n\n<h6 class=\"wp-block-heading\">Ota yhteytt\u00e4<\/h6>\n\n\n\n<p>Jos sinulla on kysytt\u00e4v\u00e4\u00e4 palautus- ja hyvitysk\u00e4yt\u00e4nn\u00f6ist\u00e4mme, ota meihin yhteytt\u00e4 s\u00e4hk\u00f6postitse.&nbsp;<a target=\"_blank\" href=\"mailto:tianke1223@gmail.com\" rel=\"noreferrer noopener\">tianke1223@gmail.com<\/a><\/p>","protected":false},"excerpt":{"rendered":"<p>Returns Returns &amp; Refunds policy You are entitled to cancel your order within 30 days without giving any reason for doing so. The deadline for canceling an order is 30 days from the date you received the goods or on which a third party you have appointed, who is not the carrier, takes possession of [&hellip;]<\/p>\n","protected":false},"author":1,"featured_media":0,"parent":0,"menu_order":0,"comment_status":"closed","ping_status":"closed","template":"","meta":{"_uag_custom_page_level_css":"","site-sidebar-layout":"default","site-content-layout":"","ast-site-content-layout":"default","site-content-style":"default","site-sidebar-style":"default","ast-global-header-display":"","ast-banner-title-visibility":"","ast-main-header-display":"","ast-hfb-above-header-display":"","ast-hfb-below-header-display":"","ast-hfb-mobile-header-display":"","site-post-title":"","ast-breadcrumbs-content":"","ast-featured-img":"","footer-sml-layout":"","ast-disable-related-posts":"","theme-transparent-header-meta":"","adv-header-id-meta":"","stick-header-meta":"","header-above-stick-meta":"","header-main-stick-meta":"","header-below-stick-meta":"","astra-migrate-meta-layouts":"set","ast-page-background-enabled":"default","ast-page-background-meta":{"desktop":{"background-color":"var(--ast-global-color-4)","background-image":"","background-repeat":"repeat","background-position":"center center","background-size":"auto","background-attachment":"scroll","background-type":"","background-media":"","overlay-type":"","overlay-color":"","overlay-opacity":"","overlay-gradient":""},"tablet":{"background-color":"","background-image":"","background-repeat":"repeat","background-position":"center center","background-size":"auto","background-attachment":"scroll","background-type":"","background-media":"","overlay-type":"","overlay-color":"","overlay-opacity":"","overlay-gradient":""},"mobile":{"background-color":"","background-image":"","background-repeat":"repeat","background-position":"center center","background-size":"auto","background-attachment":"scroll","background-type":"","background-media":"","overlay-type":"","overlay-color":"","overlay-opacity":"","overlay-gradient":""}},"ast-content-background-meta":{"desktop":{"background-color":"var(--ast-global-color-5)","background-image":"","background-repeat":"repeat","background-position":"center center","background-size":"auto","background-attachment":"scroll","background-type":"","background-media":"","overlay-type":"","overlay-color":"","overlay-opacity":"","overlay-gradient":""},"tablet":{"background-color":"var(--ast-global-color-5)","background-image":"","background-repeat":"repeat","background-position":"center center","background-size":"auto","background-attachment":"scroll","background-type":"","background-media":"","overlay-type":"","overlay-color":"","overlay-opacity":"","overlay-gradient":""},"mobile":{"background-color":"var(--ast-global-color-5)","background-image":"","background-repeat":"repeat","background-position":"center center","background-size":"auto","background-attachment":"scroll","background-type":"","background-media":"","overlay-type":"","overlay-color":"","overlay-opacity":"","overlay-gradient":""}},"footnotes":""},"class_list":["post-9","page","type-page","status-publish","hentry"],"yoast_head":"<!-- This site is optimized with the Yoast SEO plugin v27.1.1 - https:\/\/yoast.com\/product\/yoast-seo-wordpress\/ -->\n<title>Returns Policy-Period Panties,Thong,G-Strings,Compression Sock<\/title>\n<meta name=\"description\" content=\"Understand our returns policy for period panties,thongs,G-strings,compression socks,and more. Shop confidently with our hassle-free returns.\" \/>\n<meta name=\"robots\" content=\"index, follow, max-snippet:-1, max-image-preview:large, max-video-preview:-1\" \/>\n<link rel=\"canonical\" href=\"https:\/\/yaxne.com\/fi\/refund_returns\/\" \/>\n<meta property=\"og:locale\" content=\"fi_FI\" \/>\n<meta property=\"og:type\" content=\"article\" \/>\n<meta property=\"og:title\" content=\"Returns Policy-Period Panties,Thong,G-Strings,Compression Sock\" \/>\n<meta property=\"og:description\" content=\"Understand our returns policy for period panties,thongs,G-strings,compression socks,and more. Shop confidently with our hassle-free returns.\" \/>\n<meta property=\"og:url\" content=\"https:\/\/yaxne.com\/fi\/refund_returns\/\" \/>\n<meta property=\"og:site_name\" content=\"Yaxne\" \/>\n<meta property=\"article:modified_time\" content=\"2024-07-12T08:55:55+00:00\" \/>\n<meta name=\"twitter:card\" content=\"summary_large_image\" \/>\n<meta name=\"twitter:label1\" content=\"Arvioitu lukuaika\" \/>\n\t<meta name=\"twitter:data1\" content=\"3 minuuttia\" \/>\n<script type=\"application\/ld+json\" class=\"yoast-schema-graph\">{\"@context\":\"https:\/\/schema.org\",\"@graph\":[{\"@type\":\"WebPage\",\"@id\":\"https:\/\/yaxne.com\/refund_returns\/\",\"url\":\"https:\/\/yaxne.com\/refund_returns\/\",\"name\":\"Returns Policy-Period Panties,Thong,G-Strings,Compression Sock\",\"isPartOf\":{\"@id\":\"https:\/\/yaxne.com\/#website\"},\"datePublished\":\"2024-07-12T08:55:51+00:00\",\"dateModified\":\"2024-07-12T08:55:55+00:00\",\"description\":\"Understand our returns policy for period panties,thongs,G-strings,compression socks,and more. Shop confidently with our hassle-free returns.\",\"breadcrumb\":{\"@id\":\"https:\/\/yaxne.com\/refund_returns\/#breadcrumb\"},\"inLanguage\":\"fi\",\"potentialAction\":[{\"@type\":\"ReadAction\",\"target\":[\"https:\/\/yaxne.com\/refund_returns\/\"]}]},{\"@type\":\"BreadcrumbList\",\"@id\":\"https:\/\/yaxne.com\/refund_returns\/#breadcrumb\",\"itemListElement\":[{\"@type\":\"ListItem\",\"position\":1,\"name\":\"\u9996\u9875\",\"item\":\"https:\/\/yaxne.com\/\"},{\"@type\":\"ListItem\",\"position\":2,\"name\":\"Refund and Returns Policy\"}]},{\"@type\":\"WebSite\",\"@id\":\"https:\/\/yaxne.com\/#website\",\"url\":\"https:\/\/yaxne.com\/\",\"name\":\"yaxne.com\",\"description\":\"\",\"publisher\":{\"@id\":\"https:\/\/yaxne.com\/#organization\"},\"potentialAction\":[{\"@type\":\"SearchAction\",\"target\":{\"@type\":\"EntryPoint\",\"urlTemplate\":\"https:\/\/yaxne.com\/?s={search_term_string}\"},\"query-input\":{\"@type\":\"PropertyValueSpecification\",\"valueRequired\":true,\"valueName\":\"search_term_string\"}}],\"inLanguage\":\"fi\"},{\"@type\":\"Organization\",\"@id\":\"https:\/\/yaxne.com\/#organization\",\"name\":\"yaxne.com\",\"url\":\"https:\/\/yaxne.com\/\",\"logo\":{\"@type\":\"ImageObject\",\"inLanguage\":\"fi\",\"@id\":\"https:\/\/yaxne.com\/#\/schema\/logo\/image\/\",\"url\":\"https:\/\/yaxne.com\/wp-content\/uploads\/2024\/07\/logo.png\",\"contentUrl\":\"https:\/\/yaxne.com\/wp-content\/uploads\/2024\/07\/logo.png\",\"width\":967,\"height\":246,\"caption\":\"yaxne.com\"},\"image\":{\"@id\":\"https:\/\/yaxne.com\/#\/schema\/logo\/image\/\"}}]}<\/script>\n<!-- \/ Yoast SEO plugin. -->","yoast_head_json":{"title":"Palautusk\u00e4yt\u00e4nt\u00f6-Kausihousut,Stringit,G-nauhat,Kompressiosukka,Kompressiosukka","description":"Ymm\u00e4rr\u00e4 palautusk\u00e4yt\u00e4nt\u00f6mme kuukautisp\u00f6ksyjen, stringien, G-stringien, kompressiosukkien ja muiden tuotteiden osalta. Osta luottavaisin mielin vaivattomien palautustemme ansiosta.","robots":{"index":"index","follow":"follow","max-snippet":"max-snippet:-1","max-image-preview":"max-image-preview:large","max-video-preview":"max-video-preview:-1"},"canonical":"https:\/\/yaxne.com\/fi\/refund_returns\/","og_locale":"fi_FI","og_type":"article","og_title":"Returns Policy-Period Panties,Thong,G-Strings,Compression Sock","og_description":"Understand our returns policy for period panties,thongs,G-strings,compression socks,and more. Shop confidently with our hassle-free returns.","og_url":"https:\/\/yaxne.com\/fi\/refund_returns\/","og_site_name":"Yaxne","article_modified_time":"2024-07-12T08:55:55+00:00","twitter_card":"summary_large_image","twitter_misc":{"Arvioitu lukuaika":"3 minuuttia"},"schema":{"@context":"https:\/\/schema.org","@graph":[{"@type":"WebPage","@id":"https:\/\/yaxne.com\/refund_returns\/","url":"https:\/\/yaxne.com\/refund_returns\/","name":"Palautusk\u00e4yt\u00e4nt\u00f6-Kausihousut,Stringit,G-nauhat,Kompressiosukka,Kompressiosukka","isPartOf":{"@id":"https:\/\/yaxne.com\/#website"},"datePublished":"2024-07-12T08:55:51+00:00","dateModified":"2024-07-12T08:55:55+00:00","description":"Ymm\u00e4rr\u00e4 palautusk\u00e4yt\u00e4nt\u00f6mme kuukautisp\u00f6ksyjen, stringien, G-stringien, kompressiosukkien ja muiden tuotteiden osalta. Osta luottavaisin mielin vaivattomien palautustemme ansiosta.","breadcrumb":{"@id":"https:\/\/yaxne.com\/refund_returns\/#breadcrumb"},"inLanguage":"fi","potentialAction":[{"@type":"ReadAction","target":["https:\/\/yaxne.com\/refund_returns\/"]}]},{"@type":"BreadcrumbList","@id":"https:\/\/yaxne.com\/refund_returns\/#breadcrumb","itemListElement":[{"@type":"ListItem","position":1,"name":"\u9996\u9875","item":"https:\/\/yaxne.com\/"},{"@type":"ListItem","position":2,"name":"Refund and Returns Policy"}]},{"@type":"WebSite","@id":"https:\/\/yaxne.com\/#website","url":"https:\/\/yaxne.com\/","name":"yaxne.com","description":"","publisher":{"@id":"https:\/\/yaxne.com\/#organization"},"potentialAction":[{"@type":"SearchAction","target":{"@type":"EntryPoint","urlTemplate":"https:\/\/yaxne.com\/?s={search_term_string}"},"query-input":{"@type":"PropertyValueSpecification","valueRequired":true,"valueName":"search_term_string"}}],"inLanguage":"fi"},{"@type":"Organization","@id":"https:\/\/yaxne.com\/#organization","name":"yaxne.com","url":"https:\/\/yaxne.com\/","logo":{"@type":"ImageObject","inLanguage":"fi","@id":"https:\/\/yaxne.com\/#\/schema\/logo\/image\/","url":"https:\/\/yaxne.com\/wp-content\/uploads\/2024\/07\/logo.png","contentUrl":"https:\/\/yaxne.com\/wp-content\/uploads\/2024\/07\/logo.png","width":967,"height":246,"caption":"yaxne.com"},"image":{"@id":"https:\/\/yaxne.com\/#\/schema\/logo\/image\/"}}]}},"uagb_featured_image_src":{"full":false,"thumbnail":false,"medium":false,"medium_large":false,"large":false,"1536x1536":false,"2048x2048":false,"trp-custom-language-flag":false,"woocommerce_thumbnail":false,"woocommerce_single":false,"woocommerce_gallery_thumbnail":false},"uagb_author_info":{"display_name":"tianke1223@gmail.com","author_link":"https:\/\/yaxne.com\/fi\/author\/tianke1223gmail-com\/"},"uagb_comment_info":0,"uagb_excerpt":"Returns Returns &amp; Refunds policy You are entitled to cancel your order within 30 days without giving any reason for doing so. The deadline for canceling an order is 30 days from the date you received the goods or on which a third party you have appointed, who is not the carrier, takes possession of&hellip;","jetpack_sharing_enabled":true,"_links":{"self":[{"href":"https:\/\/yaxne.com\/fi\/wp-json\/wp\/v2\/pages\/9","targetHints":{"allow":["GET"]}}],"collection":[{"href":"https:\/\/yaxne.com\/fi\/wp-json\/wp\/v2\/pages"}],"about":[{"href":"https:\/\/yaxne.com\/fi\/wp-json\/wp\/v2\/types\/page"}],"author":[{"embeddable":true,"href":"https:\/\/yaxne.com\/fi\/wp-json\/wp\/v2\/users\/1"}],"replies":[{"embeddable":true,"href":"https:\/\/yaxne.com\/fi\/wp-json\/wp\/v2\/comments?post=9"}],"version-history":[{"count":1,"href":"https:\/\/yaxne.com\/fi\/wp-json\/wp\/v2\/pages\/9\/revisions"}],"predecessor-version":[{"id":2452,"href":"https:\/\/yaxne.com\/fi\/wp-json\/wp\/v2\/pages\/9\/revisions\/2452"}],"wp:attachment":[{"href":"https:\/\/yaxne.com\/fi\/wp-json\/wp\/v2\/media?parent=9"}],"curies":[{"name":"wp","href":"https:\/\/api.w.org\/{rel}","templated":true}]}}