{"id":3,"date":"2024-07-08T02:26:21","date_gmt":"2024-07-08T02:26:21","guid":{"rendered":"http:\/\/yaxne.com\/?page_id=3"},"modified":"2024-07-12T08:49:36","modified_gmt":"2024-07-12T08:49:36","slug":"privacy-policy","status":"publish","type":"page","link":"https:\/\/yaxne.com\/fi\/tietosuojakaytanto\/","title":{"rendered":"Tietosuojak\u00e4yt\u00e4nt\u00f6"},"content":{"rendered":"<h3 class=\"wp-block-heading\">Tietosuojak\u00e4yt\u00e4nt\u00f6<\/h3>\n\n\n\n<p>Yaxne.com-sivuston omistaa Yaxne, joka on henkil\u00f6tietojesi rekisterinpit\u00e4j\u00e4.<\/p>\n\n\n\n<p>Olemme hyv\u00e4ksyneet t\u00e4m\u00e4n tietosuojak\u00e4yt\u00e4nn\u00f6n, jossa m\u00e4\u00e4ritet\u00e4\u00e4n, miten k\u00e4sittelemme Yaxne.com-sivuston ker\u00e4\u00e4mi\u00e4 tietoja, ja jossa kerrotaan my\u00f6s syyt, miksi meid\u00e4n on ker\u00e4tt\u00e4v\u00e4 sinusta tiettyj\u00e4 henkil\u00f6tietoja. Siksi sinun on luettava t\u00e4m\u00e4 tietosuojak\u00e4yt\u00e4nt\u00f6 ennen kuin k\u00e4yt\u00e4t Yaxne.com-sivustoa.<\/p>\n\n\n\n<p>Pid\u00e4mme huolta henkil\u00f6tiedoistasi ja sitoudumme takaamaan niiden luottamuksellisuuden ja turvallisuuden.<\/p>\n\n\n\n<h6 class=\"wp-block-heading\"><strong>Ker\u00e4\u00e4m\u00e4mme henkil\u00f6tiedot:<\/strong><\/h6>\n\n\n\n<p>Kun vierailet Yaxne.com-sivustolla, ker\u00e4\u00e4mme automaattisesti tiettyj\u00e4 tietoja laitteestasi, mukaan lukien tiedot verkkoselaimestasi, IP-osoitteestasi, aikavy\u00f6hykkeest\u00e4si ja joistakin laitteeseesi asennetuista ev\u00e4steist\u00e4. Lis\u00e4ksi, kun selaat sivustoa, ker\u00e4\u00e4mme tietoja yksitt\u00e4isist\u00e4 verkkosivuista tai tuotteista, joita katselet, mitk\u00e4 verkkosivustot tai hakusanat ohjasivat sinut sivustolle ja miten olet vuorovaikutuksessa sivuston kanssa. Viittaamme n\u00e4ihin automaattisesti ker\u00e4ttyihin tietoihin nimell\u00e4 \"laitetiedot\". Lis\u00e4ksi saatamme ker\u00e4t\u00e4 rekister\u00f6innin yhteydess\u00e4 antamiasi henkil\u00f6tietoja (mukaan lukien mutta ei rajoittuen nimi, sukunimi, osoite, maksutiedot jne.) voidaksemme t\u00e4ytt\u00e4\u00e4 sopimuksen.<\/p>\n\n\n\n<h6 class=\"wp-block-heading\"><strong>Miksi k\u00e4sittelemme tietojasi?<\/strong><\/h6>\n\n\n\n<p>Ensisijainen tavoitteemme on asiakastietojen turvallisuus, ja sen vuoksi voimme k\u00e4sitell\u00e4 vain v\u00e4h\u00e4isi\u00e4 k\u00e4ytt\u00e4j\u00e4tietoja ja vain niin paljon kuin on ehdottoman v\u00e4ltt\u00e4m\u00e4t\u00f6nt\u00e4 verkkosivuston yll\u00e4pit\u00e4miseksi. Automaattisesti ker\u00e4ttyj\u00e4 tietoja k\u00e4ytet\u00e4\u00e4n ainoastaan mahdollisten v\u00e4\u00e4rink\u00e4yt\u00f6stapausten tunnistamiseen ja verkkosivuston k\u00e4ytt\u00f6\u00e4 koskevien tilastotietojen laatimiseen. N\u00e4it\u00e4 tilastotietoja ei muutoin yhdistet\u00e4 siten, ett\u00e4 niist\u00e4 voitaisiin tunnistaa yksitt\u00e4isi\u00e4 j\u00e4rjestelm\u00e4n k\u00e4ytt\u00e4ji\u00e4.<\/p>\n\n\n\n<p>Voit vierailla verkkosivustolla kertomatta meille, kuka olet, tai paljastamatta mit\u00e4\u00e4n tietoja, joiden perusteella sinut voitaisiin tunnistaa tietyksi, tunnistettavaksi henkil\u00f6ksi. Jos kuitenkin haluat k\u00e4ytt\u00e4\u00e4 joitakin verkkosivuston ominaisuuksia tai haluat vastaanottaa uutiskirjeemme tai antaa muita tietoja t\u00e4ytt\u00e4m\u00e4ll\u00e4 lomakkeen, saatat antaa meille henkil\u00f6tietoja, kuten s\u00e4hk\u00f6postiosoitteesi, etunimesi, sukunimesi, asuinpaikkakuntasi, organisaatiosi ja puhelinnumerosi. Voit halutessasi olla antamatta meille henkil\u00f6tietojasi, mutta t\u00e4ll\u00f6in et ehk\u00e4 pysty hy\u00f6dynt\u00e4m\u00e4\u00e4n joitakin verkkosivuston ominaisuuksia. Et esimerkiksi voi vastaanottaa uutiskirjett\u00e4mme tai ottaa meihin yhteytt\u00e4 suoraan verkkosivustolta. K\u00e4ytt\u00e4j\u00e4t, jotka ovat ep\u00e4varmoja siit\u00e4, mitk\u00e4 tiedot ovat pakollisia, voivat ottaa meihin yhteytt\u00e4 osoitteessa <a target=\"_blank\" href=\"mailto:tianke1223@gmail.com\" rel=\"noreferrer noopener\">tianke1223@gmail.com<\/a>.<\/p>\n\n\n\n<h6 class=\"wp-block-heading\"><strong>Sinun oikeutesi:<\/strong><\/h6>\n\n\n\n<p>Jos asut Euroopassa, sinulla on seuraavat henkil\u00f6tietojasi koskevat oikeudet:<\/p>\n\n\n\n<ul class=\"wp-block-list\">\n<li>Oikeus saada tietoa.<\/li>\n\n\n\n<li>Oikeus tutustua.<\/li>\n\n\n\n<li>Oikeus tietojen oikaisemiseen.<\/li>\n\n\n\n<li>Oikeus tietojen poistamiseen.<\/li>\n\n\n\n<li>Oikeus rajoittaa k\u00e4sittely\u00e4.<\/li>\n\n\n\n<li>Oikeus tietojen siirrett\u00e4vyyteen.<\/li>\n\n\n\n<li>Oikeus vastustaa.<\/li>\n\n\n\n<li>Automaattiseen p\u00e4\u00e4t\u00f6ksentekoon ja profilointiin liittyv\u00e4t oikeudet.<\/li>\n<\/ul>\n\n\n\n<p>Jos haluat k\u00e4ytt\u00e4\u00e4 t\u00e4t\u00e4 oikeutta, ota meihin yhteytt\u00e4 alla olevien yhteystietojen kautta.<\/p>\n\n\n\n<p>Lis\u00e4ksi, jos asut Euroopassa, toteamme, ett\u00e4 k\u00e4sittelemme tietojasi t\u00e4ytt\u00e4\u00e4kseen kanssasi mahdollisesti tekem\u00e4mme sopimukset (esimerkiksi jos teet tilauksen sivuston kautta) tai muutoin noudattaaksemme edell\u00e4 mainittuja oikeutettuja liiketoimintaetujamme. Huomaa lis\u00e4ksi, ett\u00e4 tietojasi saatetaan siirt\u00e4\u00e4 Euroopan ulkopuolelle, mukaan lukien Kanada ja Yhdysvallat.<\/p>\n\n\n\n<h6 class=\"wp-block-heading\"><strong>Linkit muille verkkosivustoille:<\/strong><\/h6>\n\n\n\n<p>Verkkosivustomme voi sis\u00e4lt\u00e4\u00e4 linkkej\u00e4 muille verkkosivustoille, jotka eiv\u00e4t ole meid\u00e4n omistuksessamme tai hallinnassamme. Huomaa, ett\u00e4 emme ole vastuussa t\u00e4llaisista muista verkkosivustoista tai kolmansien osapuolten tietosuojak\u00e4yt\u00e4nn\u00f6ist\u00e4. Kehotamme sinua olemaan tietoinen, kun poistut verkkosivustoltamme, ja lukemaan kunkin sellaisen verkkosivuston tietosuojaselosteet, joka saattaa ker\u00e4t\u00e4 henkil\u00f6kohtaisia tietoja.<\/p>\n\n\n\n<h6 class=\"wp-block-heading\"><strong>Tietoturva:<\/strong><\/h6>\n\n\n\n<p>Suojaamme antamasi tiedot tietokonepalvelimilla valvotussa, turvallisessa ymp\u00e4rist\u00f6ss\u00e4, joka on suojattu luvattomalta k\u00e4yt\u00f6lt\u00e4, k\u00e4yt\u00f6lt\u00e4 tai paljastamiselta. Pid\u00e4mme hallinnollisia, teknisi\u00e4 ja fyysisi\u00e4 suojatoimia hallinnassaan ja huollossaan, jotta voimme suojautua luvattomalta p\u00e4\u00e4sylt\u00e4, k\u00e4yt\u00f6lt\u00e4, muokkaukselta ja henkil\u00f6tietojen luovuttamiselta. Mit\u00e4\u00e4n tiedonsiirtoa Internetin tai langattoman verkon kautta ei kuitenkaan voida taata.<\/p>\n\n\n\n<h6 class=\"wp-block-heading\"><strong>Oikeudellinen ilmoitus:<\/strong><\/h6>\n\n\n\n<p>Luovutamme ker\u00e4\u00e4mi\u00e4mme, k\u00e4ytt\u00e4mi\u00e4mme tai saamiamme tietoja, jos laki sit\u00e4 vaatii tai sallii, esimerkiksi noudattaaksemme haastetta tai vastaavaa oikeudellista menettely\u00e4, ja kun uskomme hyv\u00e4ss\u00e4 uskossa, ett\u00e4 tietojen luovuttaminen on tarpeen oikeuksiemme suojaamiseksi, sinun tai muiden turvallisuuden suojelemiseksi, petosten tutkimiseksi tai hallituksen pyynt\u00f6\u00f6n vastaamiseksi.<\/p>\n\n\n\n<h6 class=\"wp-block-heading\"><strong>Yhteystiedot:<\/strong><\/h6>\n\n\n\n<p>Jos haluat ottaa meihin yhteytt\u00e4 saadaksesi lis\u00e4tietoja t\u00e4st\u00e4 k\u00e4yt\u00e4nn\u00f6st\u00e4 tai haluat ottaa meihin yhteytt\u00e4 miss\u00e4 tahansa asiassa, joka liittyy yksil\u00f6n oikeuksiin ja henkil\u00f6tietoihisi, voit l\u00e4hett\u00e4\u00e4 s\u00e4hk\u00f6postia osoitteeseen <a target=\"_blank\" href=\"mailto:tianke1223@gmail.com\" rel=\"noreferrer noopener\">tianke1223@gmail.com<\/a>.<\/p>","protected":false},"excerpt":{"rendered":"<p>Privacy Policy Yaxne.com website is owned by Yaxne, which is a data controller of your personal data. We have adopted this Privacy Policy, which determines how we are processing the information collected by Yaxne.com, which also provides the reasons why we must collect certain personal data about you. Therefore, you must read this Privacy Policy [&hellip;]<\/p>\n","protected":false},"author":1,"featured_media":0,"parent":0,"menu_order":0,"comment_status":"closed","ping_status":"open","template":"","meta":{"_uag_custom_page_level_css":"","site-sidebar-layout":"default","site-content-layout":"","ast-site-content-layout":"default","site-content-style":"default","site-sidebar-style":"default","ast-global-header-display":"","ast-banner-title-visibility":"","ast-main-header-display":"","ast-hfb-above-header-display":"","ast-hfb-below-header-display":"","ast-hfb-mobile-header-display":"","site-post-title":"","ast-breadcrumbs-content":"","ast-featured-img":"","footer-sml-layout":"","ast-disable-related-posts":"","theme-transparent-header-meta":"","adv-header-id-meta":"","stick-header-meta":"","header-above-stick-meta":"","header-main-stick-meta":"","header-below-stick-meta":"","astra-migrate-meta-layouts":"set","ast-page-background-enabled":"default","ast-page-background-meta":{"desktop":{"background-color":"var(--ast-global-color-4)","background-image":"","background-repeat":"repeat","background-position":"center center","background-size":"auto","background-attachment":"scroll","background-type":"","background-media":"","overlay-type":"","overlay-color":"","overlay-opacity":"","overlay-gradient":""},"tablet":{"background-color":"","background-image":"","background-repeat":"repeat","background-position":"center center","background-size":"auto","background-attachment":"scroll","background-type":"","background-media":"","overlay-type":"","overlay-color":"","overlay-opacity":"","overlay-gradient":""},"mobile":{"background-color":"","background-image":"","background-repeat":"repeat","background-position":"center center","background-size":"auto","background-attachment":"scroll","background-type":"","background-media":"","overlay-type":"","overlay-color":"","overlay-opacity":"","overlay-gradient":""}},"ast-content-background-meta":{"desktop":{"background-color":"var(--ast-global-color-5)","background-image":"","background-repeat":"repeat","background-position":"center center","background-size":"auto","background-attachment":"scroll","background-type":"","background-media":"","overlay-type":"","overlay-color":"","overlay-opacity":"","overlay-gradient":""},"tablet":{"background-color":"var(--ast-global-color-5)","background-image":"","background-repeat":"repeat","background-position":"center center","background-size":"auto","background-attachment":"scroll","background-type":"","background-media":"","overlay-type":"","overlay-color":"","overlay-opacity":"","overlay-gradient":""},"mobile":{"background-color":"var(--ast-global-color-5)","background-image":"","background-repeat":"repeat","background-position":"center center","background-size":"auto","background-attachment":"scroll","background-type":"","background-media":"","overlay-type":"","overlay-color":"","overlay-opacity":"","overlay-gradient":""}},"footnotes":""},"class_list":["post-3","page","type-page","status-publish","hentry"],"yoast_head":"<!-- This site is optimized with the Yoast SEO plugin v27.4 - https:\/\/yoast.com\/product\/yoast-seo-wordpress\/ -->\n<title>Privacy Policy-Period Panties,G-Strings,Thongs,Compression Sock<\/title>\n<meta name=\"description\" content=\"Learn how we protect your privacy when you shop for period panties,thongs,G-strings, and compression socks.Your data security is our priority.\" \/>\n<meta name=\"robots\" content=\"index, follow, max-snippet:-1, max-image-preview:large, max-video-preview:-1\" \/>\n<link rel=\"canonical\" href=\"https:\/\/yaxne.com\/fi\/tietosuojakaytanto\/\" \/>\n<meta property=\"og:locale\" content=\"fi_FI\" \/>\n<meta property=\"og:type\" content=\"article\" \/>\n<meta property=\"og:title\" content=\"Privacy Policy-Period Panties,G-Strings,Thongs,Compression Sock\" \/>\n<meta property=\"og:description\" content=\"Learn how we protect your privacy when you shop for period panties,thongs,G-strings, and compression socks.Your data security is our priority.\" \/>\n<meta property=\"og:url\" content=\"https:\/\/yaxne.com\/fi\/tietosuojakaytanto\/\" \/>\n<meta property=\"og:site_name\" content=\"Yaxne\" \/>\n<meta property=\"article:modified_time\" content=\"2024-07-12T08:49:36+00:00\" \/>\n<meta name=\"twitter:card\" content=\"summary_large_image\" \/>\n<meta name=\"twitter:label1\" content=\"Arvioitu lukuaika\" \/>\n\t<meta name=\"twitter:data1\" content=\"5 minuuttia\" \/>\n<script type=\"application\/ld+json\" class=\"yoast-schema-graph\">{\"@context\":\"https:\\\/\\\/schema.org\",\"@graph\":[{\"@type\":\"WebPage\",\"@id\":\"https:\\\/\\\/yaxne.com\\\/privacy-policy\\\/\",\"url\":\"https:\\\/\\\/yaxne.com\\\/privacy-policy\\\/\",\"name\":\"Privacy Policy-Period Panties,G-Strings,Thongs,Compression Sock\",\"isPartOf\":{\"@id\":\"https:\\\/\\\/yaxne.com\\\/#website\"},\"datePublished\":\"2024-07-08T02:26:21+00:00\",\"dateModified\":\"2024-07-12T08:49:36+00:00\",\"description\":\"Learn how we protect your privacy when you shop for period panties,thongs,G-strings, and compression socks.Your data security is our priority.\",\"breadcrumb\":{\"@id\":\"https:\\\/\\\/yaxne.com\\\/privacy-policy\\\/#breadcrumb\"},\"inLanguage\":\"fi\",\"potentialAction\":[{\"@type\":\"ReadAction\",\"target\":[\"https:\\\/\\\/yaxne.com\\\/privacy-policy\\\/\"]}]},{\"@type\":\"BreadcrumbList\",\"@id\":\"https:\\\/\\\/yaxne.com\\\/privacy-policy\\\/#breadcrumb\",\"itemListElement\":[{\"@type\":\"ListItem\",\"position\":1,\"name\":\"\u9996\u9875\",\"item\":\"https:\\\/\\\/yaxne.com\\\/\"},{\"@type\":\"ListItem\",\"position\":2,\"name\":\"Privacy Policy\"}]},{\"@type\":\"WebSite\",\"@id\":\"https:\\\/\\\/yaxne.com\\\/#website\",\"url\":\"https:\\\/\\\/yaxne.com\\\/\",\"name\":\"yaxne.com\",\"description\":\"\",\"publisher\":{\"@id\":\"https:\\\/\\\/yaxne.com\\\/#organization\"},\"potentialAction\":[{\"@type\":\"SearchAction\",\"target\":{\"@type\":\"EntryPoint\",\"urlTemplate\":\"https:\\\/\\\/yaxne.com\\\/?s={search_term_string}\"},\"query-input\":{\"@type\":\"PropertyValueSpecification\",\"valueRequired\":true,\"valueName\":\"search_term_string\"}}],\"inLanguage\":\"fi\"},{\"@type\":\"Organization\",\"@id\":\"https:\\\/\\\/yaxne.com\\\/#organization\",\"name\":\"yaxne.com\",\"url\":\"https:\\\/\\\/yaxne.com\\\/\",\"logo\":{\"@type\":\"ImageObject\",\"inLanguage\":\"fi\",\"@id\":\"https:\\\/\\\/yaxne.com\\\/#\\\/schema\\\/logo\\\/image\\\/\",\"url\":\"https:\\\/\\\/yaxne.com\\\/wp-content\\\/uploads\\\/2024\\\/07\\\/logo.png\",\"contentUrl\":\"https:\\\/\\\/yaxne.com\\\/wp-content\\\/uploads\\\/2024\\\/07\\\/logo.png\",\"width\":967,\"height\":246,\"caption\":\"yaxne.com\"},\"image\":{\"@id\":\"https:\\\/\\\/yaxne.com\\\/#\\\/schema\\\/logo\\\/image\\\/\"}}]}<\/script>\n<!-- \/ Yoast SEO plugin. -->","yoast_head_json":{"title":"Yksityisyydensuoja-Periodin pikkuhousut,G-nauhat,stringit,stringit,kompressiosukka,kompressiosukka","description":"Lue, miten suojaamme yksityisyytesi, kun ostat kuukautispikkuhousuja, stringej\u00e4, G-stringej\u00e4 ja kompressiosukkia.Tietoturva on etusijalla.","robots":{"index":"index","follow":"follow","max-snippet":"max-snippet:-1","max-image-preview":"max-image-preview:large","max-video-preview":"max-video-preview:-1"},"canonical":"https:\/\/yaxne.com\/fi\/tietosuojakaytanto\/","og_locale":"fi_FI","og_type":"article","og_title":"Privacy Policy-Period Panties,G-Strings,Thongs,Compression Sock","og_description":"Learn how we protect your privacy when you shop for period panties,thongs,G-strings, and compression socks.Your data security is our priority.","og_url":"https:\/\/yaxne.com\/fi\/tietosuojakaytanto\/","og_site_name":"Yaxne","article_modified_time":"2024-07-12T08:49:36+00:00","twitter_card":"summary_large_image","twitter_misc":{"Arvioitu lukuaika":"5 minuuttia"},"schema":{"@context":"https:\/\/schema.org","@graph":[{"@type":"WebPage","@id":"https:\/\/yaxne.com\/privacy-policy\/","url":"https:\/\/yaxne.com\/privacy-policy\/","name":"Yksityisyydensuoja-Periodin pikkuhousut,G-nauhat,stringit,stringit,kompressiosukka,kompressiosukka","isPartOf":{"@id":"https:\/\/yaxne.com\/#website"},"datePublished":"2024-07-08T02:26:21+00:00","dateModified":"2024-07-12T08:49:36+00:00","description":"Lue, miten suojaamme yksityisyytesi, kun ostat kuukautispikkuhousuja, stringej\u00e4, G-stringej\u00e4 ja kompressiosukkia.Tietoturva on etusijalla.","breadcrumb":{"@id":"https:\/\/yaxne.com\/privacy-policy\/#breadcrumb"},"inLanguage":"fi","potentialAction":[{"@type":"ReadAction","target":["https:\/\/yaxne.com\/privacy-policy\/"]}]},{"@type":"BreadcrumbList","@id":"https:\/\/yaxne.com\/privacy-policy\/#breadcrumb","itemListElement":[{"@type":"ListItem","position":1,"name":"\u9996\u9875","item":"https:\/\/yaxne.com\/"},{"@type":"ListItem","position":2,"name":"Privacy Policy"}]},{"@type":"WebSite","@id":"https:\/\/yaxne.com\/#website","url":"https:\/\/yaxne.com\/","name":"yaxne.com","description":"","publisher":{"@id":"https:\/\/yaxne.com\/#organization"},"potentialAction":[{"@type":"SearchAction","target":{"@type":"EntryPoint","urlTemplate":"https:\/\/yaxne.com\/?s={search_term_string}"},"query-input":{"@type":"PropertyValueSpecification","valueRequired":true,"valueName":"search_term_string"}}],"inLanguage":"fi"},{"@type":"Organization","@id":"https:\/\/yaxne.com\/#organization","name":"yaxne.com","url":"https:\/\/yaxne.com\/","logo":{"@type":"ImageObject","inLanguage":"fi","@id":"https:\/\/yaxne.com\/#\/schema\/logo\/image\/","url":"https:\/\/yaxne.com\/wp-content\/uploads\/2024\/07\/logo.png","contentUrl":"https:\/\/yaxne.com\/wp-content\/uploads\/2024\/07\/logo.png","width":967,"height":246,"caption":"yaxne.com"},"image":{"@id":"https:\/\/yaxne.com\/#\/schema\/logo\/image\/"}}]}},"uagb_featured_image_src":{"full":false,"thumbnail":false,"medium":false,"medium_large":false,"large":false,"1536x1536":false,"2048x2048":false,"trp-custom-language-flag":false,"woocommerce_thumbnail":false,"woocommerce_single":false,"woocommerce_gallery_thumbnail":false},"uagb_author_info":{"display_name":"tianke1223@gmail.com","author_link":"https:\/\/yaxne.com\/fi\/author\/tianke1223gmail-com\/"},"uagb_comment_info":0,"uagb_excerpt":"Privacy Policy Yaxne.com website is owned by Yaxne, which is a data controller of your personal data. We have adopted this Privacy Policy, which determines how we are processing the information collected by Yaxne.com, which also provides the reasons why we must collect certain personal data about you. Therefore, you must read this Privacy Policy&hellip;","jetpack_sharing_enabled":true,"_links":{"self":[{"href":"https:\/\/yaxne.com\/fi\/wp-json\/wp\/v2\/pages\/3","targetHints":{"allow":["GET"]}}],"collection":[{"href":"https:\/\/yaxne.com\/fi\/wp-json\/wp\/v2\/pages"}],"about":[{"href":"https:\/\/yaxne.com\/fi\/wp-json\/wp\/v2\/types\/page"}],"author":[{"embeddable":true,"href":"https:\/\/yaxne.com\/fi\/wp-json\/wp\/v2\/users\/1"}],"replies":[{"embeddable":true,"href":"https:\/\/yaxne.com\/fi\/wp-json\/wp\/v2\/comments?post=3"}],"version-history":[{"count":2,"href":"https:\/\/yaxne.com\/fi\/wp-json\/wp\/v2\/pages\/3\/revisions"}],"predecessor-version":[{"id":2451,"href":"https:\/\/yaxne.com\/fi\/wp-json\/wp\/v2\/pages\/3\/revisions\/2451"}],"wp:attachment":[{"href":"https:\/\/yaxne.com\/fi\/wp-json\/wp\/v2\/media?parent=3"}],"curies":[{"name":"wp","href":"https:\/\/api.w.org\/{rel}","templated":true}]}}