{"id":2459,"date":"2024-07-12T09:30:42","date_gmt":"2024-07-12T09:30:42","guid":{"rendered":"https:\/\/yaxne.com\/?page_id=2459"},"modified":"2024-07-12T09:31:04","modified_gmt":"2024-07-12T09:31:04","slug":"shipping-policy","status":"publish","type":"page","link":"https:\/\/yaxne.com\/es\/politica-de-envios\/","title":{"rendered":"Pol\u00edtica de env\u00edos"},"content":{"rendered":"<h1 class=\"wp-block-heading\">POL\u00cdTICA DE ENV\u00cdOS<\/h1>\n\n\n\n<p>A. Gastos de env\u00edo<br><br><strong>Plazo de tramitaci\u00f3n: En 48 horas<\/strong><br><strong>Gastos de env\u00edo: Env\u00edo gratuito\uff01<\/strong><br><br>B. Hora l\u00edmite de tr\u00e1nsito, manipulaci\u00f3n y olores<br><br>Todos los pedidos se tramitan en 1-2 d\u00edas laborables<br>Todos los precios son en USD<br>Tenga en cuenta que durante los periodos de rebajas y vacaciones, la entrega puede tardar m\u00e1s de lo previsto.<br>Una vez enviado, el pedido no se puede cancelar<br><strong>Yaxne<\/strong> estar\u00e1n sujetos a derechos de aduana en todos los pa\u00edses durante el proceso de env\u00edo, por lo que los consumidores no ser\u00e1n responsables de los costes excesivos<br>Si no recibe el paquete en un plazo de 40 d\u00edas, le rogamos que se ponga en contacto con nosotros a tiempo. Le ayudaremos a rastrear el paquete o decidiremos si reenviamos el producto.<br><br>C. Plazo de entrega\uff1a<br><br>EE.UU.\/CA: 10-20 d\u00edas laborables<br>Europa: 10-20 d\u00edas laborables<br>Oriente Medio: 10-25 d\u00edas laborables<br>Otros: 10-25 d\u00edas laborables<br><br>DEVOLUCIONES Y CAMBIOS<br>F\u00e1cil 30 d\u00edas<br>Consulte las condiciones y el procedimiento en nuestra pol\u00edtica de devoluciones y reembolsos<br><br><br><br><strong>Ponemos especial cuidado en verificar todos los pedidos que recibimos. Nos esforzamos por llevar a cabo este proceso dentro del plazo para que su pedido se env\u00ede o se entregue al fabricante que lo env\u00eda. En determinadas situaciones, nuestro proceso de verificaci\u00f3n de pedidos puede retrasar el env\u00edo de su pedido. Por favor, aseg\u00farese de incluir la informaci\u00f3n exacta cuando usted est\u00e1 haciendo su pedido por lo que si es necesario podemos comunicarnos con usted en la informaci\u00f3n que aparece en un intento de conseguir su orden el mismo d\u00eda (si en stock en nuestro almac\u00e9n).<\/strong><br><br><strong>Compruebe el estado de las existencias antes de realizar un pedido, ya que no podemos estimar con exactitud el tiempo de tr\u00e1nsito de los art\u00edculos agotados.<\/strong><br><br><strong>Yaxne no se hace responsable de la p\u00e9rdida de paquetes robados. Si cree que su paquete se ha entregado de forma incorrecta, puede ponerse en contacto con nuestro equipo de atenci\u00f3n al cliente y podremos coordinarnos con el servicio de gesti\u00f3n de paquetes para iniciar una investigaci\u00f3n sobre la p\u00e9rdida del paquete. Si el servicio de mensajer\u00eda no es capaz de localizar el paquete o proporciona documentaci\u00f3n que demuestre que el paquete fue entregado en la direcci\u00f3n correcta, queda a la entera discreci\u00f3n de Yaxne la resoluci\u00f3n, no podemos garantizar un reemplazo o reembolso dependiendo del resultado de la investigaci\u00f3n del paquete perdido.<\/strong><\/p>","protected":false},"excerpt":{"rendered":"<p>SHIPPING POLICY A. Shipping Costs Processing time: Within 48 hoursShipping fee: Free Shipping\uff01 B. Transit, Handling &amp; Oders Cut Off Time All orders are processed within 1-2 business daysAll prices are in USDPlease note there could be slight During sale and holiday periods, delivery may take longer than the estimated time frames above.Once shipped, order [&hellip;]<\/p>\n","protected":false},"author":1,"featured_media":0,"parent":0,"menu_order":0,"comment_status":"closed","ping_status":"closed","template":"","meta":{"_uag_custom_page_level_css":"","site-sidebar-layout":"default","site-content-layout":"","ast-site-content-layout":"default","site-content-style":"default","site-sidebar-style":"default","ast-global-header-display":"","ast-banner-title-visibility":"","ast-main-header-display":"","ast-hfb-above-header-display":"","ast-hfb-below-header-display":"","ast-hfb-mobile-header-display":"","site-post-title":"","ast-breadcrumbs-content":"","ast-featured-img":"","footer-sml-layout":"","ast-disable-related-posts":"","theme-transparent-header-meta":"","adv-header-id-meta":"","stick-header-meta":"","header-above-stick-meta":"","header-main-stick-meta":"","header-below-stick-meta":"","astra-migrate-meta-layouts":"set","ast-page-background-enabled":"default","ast-page-background-meta":{"desktop":{"background-color":"var(--ast-global-color-4)","background-image":"","background-repeat":"repeat","background-position":"center center","background-size":"auto","background-attachment":"scroll","background-type":"","background-media":"","overlay-type":"","overlay-color":"","overlay-opacity":"","overlay-gradient":""},"tablet":{"background-color":"","background-image":"","background-repeat":"repeat","background-position":"center center","background-size":"auto","background-attachment":"scroll","background-type":"","background-media":"","overlay-type":"","overlay-color":"","overlay-opacity":"","overlay-gradient":""},"mobile":{"background-color":"","background-image":"","background-repeat":"repeat","background-position":"center center","background-size":"auto","background-attachment":"scroll","background-type":"","background-media":"","overlay-type":"","overlay-color":"","overlay-opacity":"","overlay-gradient":""}},"ast-content-background-meta":{"desktop":{"background-color":"var(--ast-global-color-5)","background-image":"","background-repeat":"repeat","background-position":"center center","background-size":"auto","background-attachment":"scroll","background-type":"","background-media":"","overlay-type":"","overlay-color":"","overlay-opacity":"","overlay-gradient":""},"tablet":{"background-color":"var(--ast-global-color-5)","background-image":"","background-repeat":"repeat","background-position":"center center","background-size":"auto","background-attachment":"scroll","background-type":"","background-media":"","overlay-type":"","overlay-color":"","overlay-opacity":"","overlay-gradient":""},"mobile":{"background-color":"var(--ast-global-color-5)","background-image":"","background-repeat":"repeat","background-position":"center center","background-size":"auto","background-attachment":"scroll","background-type":"","background-media":"","overlay-type":"","overlay-color":"","overlay-opacity":"","overlay-gradient":""}},"footnotes":""},"class_list":["post-2459","page","type-page","status-publish","hentry"],"yoast_head":"<!-- This site is optimized with the Yoast SEO plugin v27.1.1 - https:\/\/yoast.com\/product\/yoast-seo-wordpress\/ -->\n<title>Shipping Policy: Period Panties, Compression Socks &amp; More - Yaxne<\/title>\n<meta name=\"description\" content=\"Learn about our shipping policy for period underwear, G-strings, thongs, and compression wear. Fast, reliable delivery guaranteed.\" \/>\n<meta name=\"robots\" content=\"index, follow, max-snippet:-1, max-image-preview:large, max-video-preview:-1\" \/>\n<link rel=\"canonical\" href=\"https:\/\/yaxne.com\/es\/politica-de-envios\/\" \/>\n<meta property=\"og:locale\" content=\"es_ES\" \/>\n<meta property=\"og:type\" content=\"article\" \/>\n<meta property=\"og:title\" content=\"Shipping Policy: Period Panties, Compression Socks &amp; More - Yaxne\" \/>\n<meta property=\"og:description\" content=\"Learn about our shipping policy for period underwear, G-strings, thongs, and compression wear. Fast, reliable delivery guaranteed.\" \/>\n<meta property=\"og:url\" content=\"https:\/\/yaxne.com\/es\/politica-de-envios\/\" \/>\n<meta property=\"og:site_name\" content=\"Yaxne\" \/>\n<meta property=\"article:modified_time\" content=\"2024-07-12T09:31:04+00:00\" \/>\n<meta name=\"twitter:card\" content=\"summary_large_image\" \/>\n<meta name=\"twitter:label1\" content=\"Tiempo de lectura\" \/>\n\t<meta name=\"twitter:data1\" content=\"2 minutos\" \/>\n<script type=\"application\/ld+json\" class=\"yoast-schema-graph\">{\"@context\":\"https:\/\/schema.org\",\"@graph\":[{\"@type\":\"WebPage\",\"@id\":\"https:\/\/yaxne.com\/shipping-policy\/\",\"url\":\"https:\/\/yaxne.com\/shipping-policy\/\",\"name\":\"Shipping Policy: Period Panties, Compression Socks & More - Yaxne\",\"isPartOf\":{\"@id\":\"https:\/\/yaxne.com\/#website\"},\"datePublished\":\"2024-07-12T09:30:42+00:00\",\"dateModified\":\"2024-07-12T09:31:04+00:00\",\"description\":\"Learn about our shipping policy for period underwear, G-strings, thongs, and compression wear. Fast, reliable delivery guaranteed.\",\"breadcrumb\":{\"@id\":\"https:\/\/yaxne.com\/shipping-policy\/#breadcrumb\"},\"inLanguage\":\"es\",\"potentialAction\":[{\"@type\":\"ReadAction\",\"target\":[\"https:\/\/yaxne.com\/shipping-policy\/\"]}]},{\"@type\":\"BreadcrumbList\",\"@id\":\"https:\/\/yaxne.com\/shipping-policy\/#breadcrumb\",\"itemListElement\":[{\"@type\":\"ListItem\",\"position\":1,\"name\":\"\u9996\u9875\",\"item\":\"https:\/\/yaxne.com\/\"},{\"@type\":\"ListItem\",\"position\":2,\"name\":\"Shipping Policy\"}]},{\"@type\":\"WebSite\",\"@id\":\"https:\/\/yaxne.com\/#website\",\"url\":\"https:\/\/yaxne.com\/\",\"name\":\"yaxne.com\",\"description\":\"\",\"publisher\":{\"@id\":\"https:\/\/yaxne.com\/#organization\"},\"potentialAction\":[{\"@type\":\"SearchAction\",\"target\":{\"@type\":\"EntryPoint\",\"urlTemplate\":\"https:\/\/yaxne.com\/?s={search_term_string}\"},\"query-input\":{\"@type\":\"PropertyValueSpecification\",\"valueRequired\":true,\"valueName\":\"search_term_string\"}}],\"inLanguage\":\"es\"},{\"@type\":\"Organization\",\"@id\":\"https:\/\/yaxne.com\/#organization\",\"name\":\"yaxne.com\",\"url\":\"https:\/\/yaxne.com\/\",\"logo\":{\"@type\":\"ImageObject\",\"inLanguage\":\"es\",\"@id\":\"https:\/\/yaxne.com\/#\/schema\/logo\/image\/\",\"url\":\"https:\/\/yaxne.com\/wp-content\/uploads\/2024\/07\/logo.png\",\"contentUrl\":\"https:\/\/yaxne.com\/wp-content\/uploads\/2024\/07\/logo.png\",\"width\":967,\"height\":246,\"caption\":\"yaxne.com\"},\"image\":{\"@id\":\"https:\/\/yaxne.com\/#\/schema\/logo\/image\/\"}}]}<\/script>\n<!-- \/ Yoast SEO plugin. -->","yoast_head_json":{"title":"Pol\u00edtica de env\u00edo: Bragas para la regla, medias de compresi\u00f3n y m\u00e1s - Yaxne","description":"Inf\u00f3rmate sobre nuestra pol\u00edtica de env\u00edos de ropa interior para la regla, tangas y prendas de compresi\u00f3n. Entrega r\u00e1pida y fiable garantizada.","robots":{"index":"index","follow":"follow","max-snippet":"max-snippet:-1","max-image-preview":"max-image-preview:large","max-video-preview":"max-video-preview:-1"},"canonical":"https:\/\/yaxne.com\/es\/politica-de-envios\/","og_locale":"es_ES","og_type":"article","og_title":"Shipping Policy: Period Panties, Compression Socks & More - Yaxne","og_description":"Learn about our shipping policy for period underwear, G-strings, thongs, and compression wear. Fast, reliable delivery guaranteed.","og_url":"https:\/\/yaxne.com\/es\/politica-de-envios\/","og_site_name":"Yaxne","article_modified_time":"2024-07-12T09:31:04+00:00","twitter_card":"summary_large_image","twitter_misc":{"Tiempo de lectura":"2 minutos"},"schema":{"@context":"https:\/\/schema.org","@graph":[{"@type":"WebPage","@id":"https:\/\/yaxne.com\/shipping-policy\/","url":"https:\/\/yaxne.com\/shipping-policy\/","name":"Pol\u00edtica de env\u00edo: Bragas para la regla, medias de compresi\u00f3n y m\u00e1s - Yaxne","isPartOf":{"@id":"https:\/\/yaxne.com\/#website"},"datePublished":"2024-07-12T09:30:42+00:00","dateModified":"2024-07-12T09:31:04+00:00","description":"Inf\u00f3rmate sobre nuestra pol\u00edtica de env\u00edos de ropa interior para la regla, tangas y prendas de compresi\u00f3n. Entrega r\u00e1pida y fiable garantizada.","breadcrumb":{"@id":"https:\/\/yaxne.com\/shipping-policy\/#breadcrumb"},"inLanguage":"es","potentialAction":[{"@type":"ReadAction","target":["https:\/\/yaxne.com\/shipping-policy\/"]}]},{"@type":"BreadcrumbList","@id":"https:\/\/yaxne.com\/shipping-policy\/#breadcrumb","itemListElement":[{"@type":"ListItem","position":1,"name":"\u9996\u9875","item":"https:\/\/yaxne.com\/"},{"@type":"ListItem","position":2,"name":"Shipping Policy"}]},{"@type":"WebSite","@id":"https:\/\/yaxne.com\/#website","url":"https:\/\/yaxne.com\/","name":"yaxne.com","description":"","publisher":{"@id":"https:\/\/yaxne.com\/#organization"},"potentialAction":[{"@type":"SearchAction","target":{"@type":"EntryPoint","urlTemplate":"https:\/\/yaxne.com\/?s={search_term_string}"},"query-input":{"@type":"PropertyValueSpecification","valueRequired":true,"valueName":"search_term_string"}}],"inLanguage":"es"},{"@type":"Organization","@id":"https:\/\/yaxne.com\/#organization","name":"yaxne.com","url":"https:\/\/yaxne.com\/","logo":{"@type":"ImageObject","inLanguage":"es","@id":"https:\/\/yaxne.com\/#\/schema\/logo\/image\/","url":"https:\/\/yaxne.com\/wp-content\/uploads\/2024\/07\/logo.png","contentUrl":"https:\/\/yaxne.com\/wp-content\/uploads\/2024\/07\/logo.png","width":967,"height":246,"caption":"yaxne.com"},"image":{"@id":"https:\/\/yaxne.com\/#\/schema\/logo\/image\/"}}]}},"uagb_featured_image_src":{"full":false,"thumbnail":false,"medium":false,"medium_large":false,"large":false,"1536x1536":false,"2048x2048":false,"trp-custom-language-flag":false,"woocommerce_thumbnail":false,"woocommerce_single":false,"woocommerce_gallery_thumbnail":false},"uagb_author_info":{"display_name":"tianke1223@gmail.com","author_link":"https:\/\/yaxne.com\/es\/author\/tianke1223gmail-com\/"},"uagb_comment_info":0,"uagb_excerpt":"SHIPPING POLICY A. Shipping Costs Processing time: Within 48 hoursShipping fee: Free Shipping\uff01 B. Transit, Handling &amp; Oders Cut Off Time All orders are processed within 1-2 business daysAll prices are in USDPlease note there could be slight During sale and holiday periods, delivery may take longer than the estimated time frames above.Once shipped, order&hellip;","jetpack_sharing_enabled":true,"_links":{"self":[{"href":"https:\/\/yaxne.com\/es\/wp-json\/wp\/v2\/pages\/2459","targetHints":{"allow":["GET"]}}],"collection":[{"href":"https:\/\/yaxne.com\/es\/wp-json\/wp\/v2\/pages"}],"about":[{"href":"https:\/\/yaxne.com\/es\/wp-json\/wp\/v2\/types\/page"}],"author":[{"embeddable":true,"href":"https:\/\/yaxne.com\/es\/wp-json\/wp\/v2\/users\/1"}],"replies":[{"embeddable":true,"href":"https:\/\/yaxne.com\/es\/wp-json\/wp\/v2\/comments?post=2459"}],"version-history":[{"count":2,"href":"https:\/\/yaxne.com\/es\/wp-json\/wp\/v2\/pages\/2459\/revisions"}],"predecessor-version":[{"id":2461,"href":"https:\/\/yaxne.com\/es\/wp-json\/wp\/v2\/pages\/2459\/revisions\/2461"}],"wp:attachment":[{"href":"https:\/\/yaxne.com\/es\/wp-json\/wp\/v2\/media?parent=2459"}],"curies":[{"name":"wp","href":"https:\/\/api.w.org\/{rel}","templated":true}]}}