{"id":2453,"date":"2024-07-12T09:04:28","date_gmt":"2024-07-12T09:04:28","guid":{"rendered":"https:\/\/yaxne.com\/?page_id=2453"},"modified":"2024-07-15T13:32:01","modified_gmt":"2024-07-15T13:32:01","slug":"payment-policy","status":"publish","type":"page","link":"https:\/\/yaxne.com\/es\/politica-de-pagos\/","title":{"rendered":"Pol\u00edtica de pagos"},"content":{"rendered":"<p>FORMA DE PAGO<\/p>\n\n\n\n<p>Aceptamos tarjetas Visa, MasterCard y American Express.<\/p>\n\n\n\n<p>Tambi\u00e9n puede elegir pagar con PayPal. Al seleccionar esta opci\u00f3n en el momento de pagar, se le dirigir\u00e1 al sitio de PayPal para que complete su compra antes de volver a Yaxne.com.<\/p>\n\n\n\n<p>Si se aprueba la transacci\u00f3n con tarjeta, el importe se reservar\u00e1 inmediatamente Yaxne.com y recibir\u00e1 una confirmaci\u00f3n del pedido en su correo electr\u00f3nico. Si la transacci\u00f3n con tarjeta de cr\u00e9dito no es aprobada, su pedido ser\u00e1 cancelado. P\u00f3ngase en contacto con su banco o proveedor de tarjeta si tiene alguna duda al respecto.<\/p>\n\n\n\n<p>SEGURIDAD DE PAGO<\/p>\n\n\n\n<p>Yaxne.com utiliza la tecnolog\u00eda Secure Socket Layer (SSL) para cifrar y proteger los datos que nos env\u00eda a trav\u00e9s de Internet. Si SSL est\u00e1 activado, ver\u00e1 un candado en la parte superior de su navegador y podr\u00e1 hacer clic en \u00e9l para obtener m\u00e1s informaci\u00f3n sobre el registro del certificado digital SSL.<\/p>\n\n\n\n<p>Tambi\u00e9n observar\u00e1 que cuando mire la URL en la parte superior del navegador ver\u00e1 que empieza por 'https' en lugar de 'http'. Esto significa que est\u00e1s en modo seguro.<\/p>\n\n\n\n<p>Yaxne.com est\u00e1 registrado en Cybertrust como sitio aut\u00e9ntico. Esto asegura que su informaci\u00f3n se mantiene privada entre su navegador web y nuestro servidor web.<\/p>\n\n\n\n<p>Si la entidad emisora de su tarjeta est\u00e1 radicada en la UE, es posible que se le pida que verifique su pago debido a un nuevo requisito de la segunda Directiva sobre Servicios de Pago (PSD2). Se le dirigir\u00e1 a una p\u00e1gina espec\u00edfica para que introduzca m\u00e1s informaci\u00f3n o se le pedir\u00e1 que autorice el pago utilizando su tel\u00e9fono m\u00f3vil. Una vez completado, volver\u00e1 a Yaxne.com.<\/p>","protected":false},"excerpt":{"rendered":"<p>PAYMENT METHOD We accept Visa, MasterCard and American Express cards. You can also choose to pay with PayPal. When selecting this option at checkout, you will be directed to the PayPal site to complete your purchase before returning to Yaxne.com. If the card transaction is approved, the amount will be reserved immediately Yaxne.com and you [&hellip;]<\/p>\n","protected":false},"author":1,"featured_media":0,"parent":0,"menu_order":0,"comment_status":"closed","ping_status":"closed","template":"","meta":{"_uag_custom_page_level_css":"","site-sidebar-layout":"default","site-content-layout":"","ast-site-content-layout":"default","site-content-style":"default","site-sidebar-style":"default","ast-global-header-display":"","ast-banner-title-visibility":"","ast-main-header-display":"","ast-hfb-above-header-display":"","ast-hfb-below-header-display":"","ast-hfb-mobile-header-display":"","site-post-title":"","ast-breadcrumbs-content":"","ast-featured-img":"","footer-sml-layout":"","ast-disable-related-posts":"","theme-transparent-header-meta":"","adv-header-id-meta":"","stick-header-meta":"","header-above-stick-meta":"","header-main-stick-meta":"","header-below-stick-meta":"","astra-migrate-meta-layouts":"set","ast-page-background-enabled":"default","ast-page-background-meta":{"desktop":{"background-color":"var(--ast-global-color-4)","background-image":"","background-repeat":"repeat","background-position":"center center","background-size":"auto","background-attachment":"scroll","background-type":"","background-media":"","overlay-type":"","overlay-color":"","overlay-opacity":"","overlay-gradient":""},"tablet":{"background-color":"","background-image":"","background-repeat":"repeat","background-position":"center center","background-size":"auto","background-attachment":"scroll","background-type":"","background-media":"","overlay-type":"","overlay-color":"","overlay-opacity":"","overlay-gradient":""},"mobile":{"background-color":"","background-image":"","background-repeat":"repeat","background-position":"center center","background-size":"auto","background-attachment":"scroll","background-type":"","background-media":"","overlay-type":"","overlay-color":"","overlay-opacity":"","overlay-gradient":""}},"ast-content-background-meta":{"desktop":{"background-color":"var(--ast-global-color-5)","background-image":"","background-repeat":"repeat","background-position":"center center","background-size":"auto","background-attachment":"scroll","background-type":"","background-media":"","overlay-type":"","overlay-color":"","overlay-opacity":"","overlay-gradient":""},"tablet":{"background-color":"var(--ast-global-color-5)","background-image":"","background-repeat":"repeat","background-position":"center center","background-size":"auto","background-attachment":"scroll","background-type":"","background-media":"","overlay-type":"","overlay-color":"","overlay-opacity":"","overlay-gradient":""},"mobile":{"background-color":"var(--ast-global-color-5)","background-image":"","background-repeat":"repeat","background-position":"center center","background-size":"auto","background-attachment":"scroll","background-type":"","background-media":"","overlay-type":"","overlay-color":"","overlay-opacity":"","overlay-gradient":""}},"footnotes":""},"class_list":["post-2453","page","type-page","status-publish","hentry"],"yoast_head":"<!-- This site is optimized with the Yoast SEO plugin v27.4 - https:\/\/yoast.com\/product\/yoast-seo-wordpress\/ -->\n<title>Payment Policy-Period Panties,Thong,G-Strings,Compression Sock<\/title>\n<meta name=\"description\" content=\"Learn about our payment policy for period panties,thong,G-strings,micro thong,and compression sock.Secure and easy payment options available.\" \/>\n<meta name=\"robots\" content=\"index, follow, max-snippet:-1, max-image-preview:large, max-video-preview:-1\" \/>\n<link rel=\"canonical\" href=\"https:\/\/yaxne.com\/es\/politica-de-pagos\/\" \/>\n<meta property=\"og:locale\" content=\"es_ES\" \/>\n<meta property=\"og:type\" content=\"article\" \/>\n<meta property=\"og:title\" content=\"Payment Policy-Period Panties,Thong,G-Strings,Compression Sock\" \/>\n<meta property=\"og:description\" content=\"Learn about our payment policy for period panties,thong,G-strings,micro thong,and compression sock.Secure and easy payment options available.\" \/>\n<meta property=\"og:url\" content=\"https:\/\/yaxne.com\/es\/politica-de-pagos\/\" \/>\n<meta property=\"og:site_name\" content=\"Yaxne\" \/>\n<meta property=\"article:modified_time\" content=\"2024-07-15T13:32:01+00:00\" \/>\n<meta name=\"twitter:card\" content=\"summary_large_image\" \/>\n<meta name=\"twitter:label1\" content=\"Tiempo de lectura\" \/>\n\t<meta name=\"twitter:data1\" content=\"2 minutos\" \/>\n<script type=\"application\/ld+json\" class=\"yoast-schema-graph\">{\"@context\":\"https:\\\/\\\/schema.org\",\"@graph\":[{\"@type\":\"WebPage\",\"@id\":\"https:\\\/\\\/yaxne.com\\\/payment-policy\\\/\",\"url\":\"https:\\\/\\\/yaxne.com\\\/payment-policy\\\/\",\"name\":\"Payment Policy-Period Panties,Thong,G-Strings,Compression Sock\",\"isPartOf\":{\"@id\":\"https:\\\/\\\/yaxne.com\\\/#website\"},\"datePublished\":\"2024-07-12T09:04:28+00:00\",\"dateModified\":\"2024-07-15T13:32:01+00:00\",\"description\":\"Learn about our payment policy for period panties,thong,G-strings,micro thong,and compression sock.Secure and easy payment options available.\",\"breadcrumb\":{\"@id\":\"https:\\\/\\\/yaxne.com\\\/payment-policy\\\/#breadcrumb\"},\"inLanguage\":\"es\",\"potentialAction\":[{\"@type\":\"ReadAction\",\"target\":[\"https:\\\/\\\/yaxne.com\\\/payment-policy\\\/\"]}]},{\"@type\":\"BreadcrumbList\",\"@id\":\"https:\\\/\\\/yaxne.com\\\/payment-policy\\\/#breadcrumb\",\"itemListElement\":[{\"@type\":\"ListItem\",\"position\":1,\"name\":\"\u9996\u9875\",\"item\":\"https:\\\/\\\/yaxne.com\\\/\"},{\"@type\":\"ListItem\",\"position\":2,\"name\":\"Payment Policy\"}]},{\"@type\":\"WebSite\",\"@id\":\"https:\\\/\\\/yaxne.com\\\/#website\",\"url\":\"https:\\\/\\\/yaxne.com\\\/\",\"name\":\"yaxne.com\",\"description\":\"\",\"publisher\":{\"@id\":\"https:\\\/\\\/yaxne.com\\\/#organization\"},\"potentialAction\":[{\"@type\":\"SearchAction\",\"target\":{\"@type\":\"EntryPoint\",\"urlTemplate\":\"https:\\\/\\\/yaxne.com\\\/?s={search_term_string}\"},\"query-input\":{\"@type\":\"PropertyValueSpecification\",\"valueRequired\":true,\"valueName\":\"search_term_string\"}}],\"inLanguage\":\"es\"},{\"@type\":\"Organization\",\"@id\":\"https:\\\/\\\/yaxne.com\\\/#organization\",\"name\":\"yaxne.com\",\"url\":\"https:\\\/\\\/yaxne.com\\\/\",\"logo\":{\"@type\":\"ImageObject\",\"inLanguage\":\"es\",\"@id\":\"https:\\\/\\\/yaxne.com\\\/#\\\/schema\\\/logo\\\/image\\\/\",\"url\":\"https:\\\/\\\/yaxne.com\\\/wp-content\\\/uploads\\\/2024\\\/07\\\/logo.png\",\"contentUrl\":\"https:\\\/\\\/yaxne.com\\\/wp-content\\\/uploads\\\/2024\\\/07\\\/logo.png\",\"width\":967,\"height\":246,\"caption\":\"yaxne.com\"},\"image\":{\"@id\":\"https:\\\/\\\/yaxne.com\\\/#\\\/schema\\\/logo\\\/image\\\/\"}}]}<\/script>\n<!-- \/ Yoast SEO plugin. -->","yoast_head_json":{"title":"Pol\u00edtica de pago-Bragas para la regla,Tangas,Tanga,Medias de compresi\u00f3n","description":"Conozca nuestra pol\u00edtica de pago para bragas, tangas, tangas tanga, micro tangas y medias de compresi\u00f3n.","robots":{"index":"index","follow":"follow","max-snippet":"max-snippet:-1","max-image-preview":"max-image-preview:large","max-video-preview":"max-video-preview:-1"},"canonical":"https:\/\/yaxne.com\/es\/politica-de-pagos\/","og_locale":"es_ES","og_type":"article","og_title":"Payment Policy-Period Panties,Thong,G-Strings,Compression Sock","og_description":"Learn about our payment policy for period panties,thong,G-strings,micro thong,and compression sock.Secure and easy payment options available.","og_url":"https:\/\/yaxne.com\/es\/politica-de-pagos\/","og_site_name":"Yaxne","article_modified_time":"2024-07-15T13:32:01+00:00","twitter_card":"summary_large_image","twitter_misc":{"Tiempo de lectura":"2 minutos"},"schema":{"@context":"https:\/\/schema.org","@graph":[{"@type":"WebPage","@id":"https:\/\/yaxne.com\/payment-policy\/","url":"https:\/\/yaxne.com\/payment-policy\/","name":"Pol\u00edtica de pago-Bragas para la regla,Tangas,Tanga,Medias de compresi\u00f3n","isPartOf":{"@id":"https:\/\/yaxne.com\/#website"},"datePublished":"2024-07-12T09:04:28+00:00","dateModified":"2024-07-15T13:32:01+00:00","description":"Conozca nuestra pol\u00edtica de pago para bragas, tangas, tangas tanga, micro tangas y medias de compresi\u00f3n.","breadcrumb":{"@id":"https:\/\/yaxne.com\/payment-policy\/#breadcrumb"},"inLanguage":"es","potentialAction":[{"@type":"ReadAction","target":["https:\/\/yaxne.com\/payment-policy\/"]}]},{"@type":"BreadcrumbList","@id":"https:\/\/yaxne.com\/payment-policy\/#breadcrumb","itemListElement":[{"@type":"ListItem","position":1,"name":"\u9996\u9875","item":"https:\/\/yaxne.com\/"},{"@type":"ListItem","position":2,"name":"Payment Policy"}]},{"@type":"WebSite","@id":"https:\/\/yaxne.com\/#website","url":"https:\/\/yaxne.com\/","name":"yaxne.com","description":"","publisher":{"@id":"https:\/\/yaxne.com\/#organization"},"potentialAction":[{"@type":"SearchAction","target":{"@type":"EntryPoint","urlTemplate":"https:\/\/yaxne.com\/?s={search_term_string}"},"query-input":{"@type":"PropertyValueSpecification","valueRequired":true,"valueName":"search_term_string"}}],"inLanguage":"es"},{"@type":"Organization","@id":"https:\/\/yaxne.com\/#organization","name":"yaxne.com","url":"https:\/\/yaxne.com\/","logo":{"@type":"ImageObject","inLanguage":"es","@id":"https:\/\/yaxne.com\/#\/schema\/logo\/image\/","url":"https:\/\/yaxne.com\/wp-content\/uploads\/2024\/07\/logo.png","contentUrl":"https:\/\/yaxne.com\/wp-content\/uploads\/2024\/07\/logo.png","width":967,"height":246,"caption":"yaxne.com"},"image":{"@id":"https:\/\/yaxne.com\/#\/schema\/logo\/image\/"}}]}},"uagb_featured_image_src":{"full":false,"thumbnail":false,"medium":false,"medium_large":false,"large":false,"1536x1536":false,"2048x2048":false,"trp-custom-language-flag":false,"woocommerce_thumbnail":false,"woocommerce_single":false,"woocommerce_gallery_thumbnail":false},"uagb_author_info":{"display_name":"tianke1223@gmail.com","author_link":"https:\/\/yaxne.com\/es\/author\/tianke1223gmail-com\/"},"uagb_comment_info":0,"uagb_excerpt":"PAYMENT METHOD We accept Visa, MasterCard and American Express cards. You can also choose to pay with PayPal. When selecting this option at checkout, you will be directed to the PayPal site to complete your purchase before returning to Yaxne.com. If the card transaction is approved, the amount will be reserved immediately Yaxne.com and you&hellip;","jetpack_sharing_enabled":true,"_links":{"self":[{"href":"https:\/\/yaxne.com\/es\/wp-json\/wp\/v2\/pages\/2453","targetHints":{"allow":["GET"]}}],"collection":[{"href":"https:\/\/yaxne.com\/es\/wp-json\/wp\/v2\/pages"}],"about":[{"href":"https:\/\/yaxne.com\/es\/wp-json\/wp\/v2\/types\/page"}],"author":[{"embeddable":true,"href":"https:\/\/yaxne.com\/es\/wp-json\/wp\/v2\/users\/1"}],"replies":[{"embeddable":true,"href":"https:\/\/yaxne.com\/es\/wp-json\/wp\/v2\/comments?post=2453"}],"version-history":[{"count":3,"href":"https:\/\/yaxne.com\/es\/wp-json\/wp\/v2\/pages\/2453\/revisions"}],"predecessor-version":[{"id":2588,"href":"https:\/\/yaxne.com\/es\/wp-json\/wp\/v2\/pages\/2453\/revisions\/2588"}],"wp:attachment":[{"href":"https:\/\/yaxne.com\/es\/wp-json\/wp\/v2\/media?parent=2453"}],"curies":[{"name":"wp","href":"https:\/\/api.w.org\/{rel}","templated":true}]}}