{"id":9,"date":"2024-07-12T08:55:51","date_gmt":"2024-07-12T08:55:51","guid":{"rendered":"http:\/\/yaxne.com\/?page_id=9"},"modified":"2024-07-12T08:55:55","modified_gmt":"2024-07-12T08:55:55","slug":"refund_returns","status":"publish","type":"page","link":"https:\/\/yaxne.com\/de\/ruckerstattung_ruckgaben\/","title":{"rendered":"Erstattungs- und R\u00fcckgabebestimmungen"},"content":{"rendered":"<h1 class=\"wp-block-heading\">R\u00fcckgabe<\/h1>\n\n\n\n<h3 class=\"wp-block-heading\">R\u00fcckgabe- und Erstattungspolitik<\/h3>\n\n\n\n<p>Sie haben das Recht, Ihre Bestellung innerhalb von 30 Tagen ohne Angabe von Gr\u00fcnden zu widerrufen.<\/p>\n\n\n\n<p>Die Widerrufsfrist betr\u00e4gt 30 Tage ab dem Tag, an dem Sie die Ware erhalten haben oder an dem ein von Ihnen benannter Dritter, der nicht der Bef\u00f6rderer ist, die gelieferte Ware in Besitz genommen hat.<\/p>\n\n\n\n<p>Um von Ihrem Widerrufsrecht Gebrauch zu machen, m\u00fcssen Sie uns mittels einer eindeutigen Erkl\u00e4rung \u00fcber Ihre Entscheidung informieren.<\/p>\n\n\n\n<p>Sie k\u00f6nnen uns per E-Mail \u00fcber Ihre Entscheidung informieren&nbsp;<a target=\"_blank\" href=\"mailto:tianke1223@gmail.com\" rel=\"noreferrer noopener\">tianke1223@gmail.com<\/a><\/p>\n\n\n\n<p>Wir erstatten Ihnen den Betrag sp\u00e4testens 30 Tage nach Erhalt der zur\u00fcckgesandten Waren. Wir verwenden dasselbe Zahlungsmittel, das Sie f\u00fcr die Bestellung verwendet haben, und es fallen f\u00fcr Sie keine Geb\u00fchren f\u00fcr diese R\u00fcckerstattung an.<\/p>\n\n\n\n<h6 class=\"wp-block-heading\">Bedingungen f\u00fcr die R\u00fcckgabe:<\/h6>\n\n\n\n<p>Damit die Waren f\u00fcr eine R\u00fcckgabe in Frage kommen, stellen Sie bitte sicher, dass:<\/p>\n\n\n\n<ul class=\"wp-block-list\">\n<li>Die Waren wurden in den letzten 30 Tagen gekauft<\/li>\n\n\n\n<li>Die Waren sind in der Originalverpackung<\/li>\n<\/ul>\n\n\n\n<p>Die folgenden Waren k\u00f6nnen nicht zur\u00fcckgegeben werden:<\/p>\n\n\n\n<ul class=\"wp-block-list\">\n<li>Die Lieferung von Waren, die nach Ihren Spezifikationen angefertigt oder eindeutig personalisiert sind.<\/li>\n\n\n\n<li>Lieferung von Waren, die aufgrund ihrer Beschaffenheit nicht f\u00fcr eine R\u00fccksendung geeignet sind, z. B. Waren, die schnell verderben oder deren Verfallsdatum \u00fcberschritten wurde.<\/li>\n\n\n\n<li>Die Lieferung von Waren, die aus Gr\u00fcnden des Gesundheitsschutzes oder der Hygiene nicht zur R\u00fcckgabe geeignet sind und nach der Lieferung entsiegelt wurden.<\/li>\n\n\n\n<li>Die Lieferung von Gegenst\u00e4nden, die nach ihrer Lieferung ihrer Art nach untrennbar mit anderen Gegenst\u00e4nden vermischt sind.<\/li>\n<\/ul>\n\n\n\n<p>Wir behalten uns das Recht vor, die R\u00fcckgabe von Waren, die nicht den oben genannten Bedingungen entsprechen, nach unserem alleinigen Ermessen abzulehnen.<\/p>\n\n\n\n<h6 class=\"wp-block-heading\">R\u00fccksendung von Waren<\/h6>\n\n\n\n<p>Sie tragen die Kosten und das Risiko der R\u00fccksendung der Waren an uns. Sie sollten die Waren an die folgende Adresse schicken:<\/p>\n\n\n\n<p>Global Center S1, 1137, CHENGDU, CHINA, 610000<\/p>\n\n\n\n<p>Wir k\u00f6nnen nicht f\u00fcr Waren verantwortlich gemacht werden, die beim R\u00fcckversand besch\u00e4digt werden oder verloren gehen. Daher empfehlen wir einen versicherten und verfolgbaren Postdienst. Wir sind nicht in der Lage, eine R\u00fcckerstattung ohne den tats\u00e4chlichen Erhalt der Ware oder den Nachweis der erhaltenen R\u00fccksendung auszustellen.<\/p>\n\n\n\n<h6 class=\"wp-block-heading\">Geschenke:<\/h6>\n\n\n\n<p>Wenn die Ware beim Kauf als Geschenk gekennzeichnet war und direkt an Sie versandt wurde, erhalten Sie eine Geschenkgutschrift in H\u00f6he des Wertes Ihrer R\u00fccksendung. Sobald das zur\u00fcckgesandte Produkt eingegangen ist, wird Ihnen ein Geschenkgutschein zugeschickt.<\/p>\n\n\n\n<p>Wenn die Ware beim Kauf nicht als Geschenk gekennzeichnet war oder der Schenkende die Bestellung an sich selbst geschickt hat, um sie Ihnen sp\u00e4ter zu schenken, senden wir die R\u00fcckerstattung an den Schenkenden.<\/p>\n\n\n\n<h6 class=\"wp-block-heading\">Kontakt<\/h6>\n\n\n\n<p>Wenn Sie Fragen zu unserer R\u00fcckgabe- und Erstattungspolitik haben, kontaktieren Sie uns bitte per E-Mail&nbsp;<a target=\"_blank\" href=\"mailto:tianke1223@gmail.com\" rel=\"noreferrer noopener\">tianke1223@gmail.com<\/a><\/p>","protected":false},"excerpt":{"rendered":"<p>Returns Returns &amp; Refunds policy You are entitled to cancel your order within 30 days without giving any reason for doing so. The deadline for canceling an order is 30 days from the date you received the goods or on which a third party you have appointed, who is not the carrier, takes possession of [&hellip;]<\/p>\n","protected":false},"author":1,"featured_media":0,"parent":0,"menu_order":0,"comment_status":"closed","ping_status":"closed","template":"","meta":{"_uag_custom_page_level_css":"","site-sidebar-layout":"default","site-content-layout":"","ast-site-content-layout":"default","site-content-style":"default","site-sidebar-style":"default","ast-global-header-display":"","ast-banner-title-visibility":"","ast-main-header-display":"","ast-hfb-above-header-display":"","ast-hfb-below-header-display":"","ast-hfb-mobile-header-display":"","site-post-title":"","ast-breadcrumbs-content":"","ast-featured-img":"","footer-sml-layout":"","ast-disable-related-posts":"","theme-transparent-header-meta":"","adv-header-id-meta":"","stick-header-meta":"","header-above-stick-meta":"","header-main-stick-meta":"","header-below-stick-meta":"","astra-migrate-meta-layouts":"set","ast-page-background-enabled":"default","ast-page-background-meta":{"desktop":{"background-color":"var(--ast-global-color-4)","background-image":"","background-repeat":"repeat","background-position":"center center","background-size":"auto","background-attachment":"scroll","background-type":"","background-media":"","overlay-type":"","overlay-color":"","overlay-opacity":"","overlay-gradient":""},"tablet":{"background-color":"","background-image":"","background-repeat":"repeat","background-position":"center center","background-size":"auto","background-attachment":"scroll","background-type":"","background-media":"","overlay-type":"","overlay-color":"","overlay-opacity":"","overlay-gradient":""},"mobile":{"background-color":"","background-image":"","background-repeat":"repeat","background-position":"center center","background-size":"auto","background-attachment":"scroll","background-type":"","background-media":"","overlay-type":"","overlay-color":"","overlay-opacity":"","overlay-gradient":""}},"ast-content-background-meta":{"desktop":{"background-color":"var(--ast-global-color-5)","background-image":"","background-repeat":"repeat","background-position":"center center","background-size":"auto","background-attachment":"scroll","background-type":"","background-media":"","overlay-type":"","overlay-color":"","overlay-opacity":"","overlay-gradient":""},"tablet":{"background-color":"var(--ast-global-color-5)","background-image":"","background-repeat":"repeat","background-position":"center center","background-size":"auto","background-attachment":"scroll","background-type":"","background-media":"","overlay-type":"","overlay-color":"","overlay-opacity":"","overlay-gradient":""},"mobile":{"background-color":"var(--ast-global-color-5)","background-image":"","background-repeat":"repeat","background-position":"center center","background-size":"auto","background-attachment":"scroll","background-type":"","background-media":"","overlay-type":"","overlay-color":"","overlay-opacity":"","overlay-gradient":""}},"footnotes":""},"class_list":["post-9","page","type-page","status-publish","hentry"],"yoast_head":"<!-- This site is optimized with the Yoast SEO plugin v27.4 - https:\/\/yoast.com\/product\/yoast-seo-wordpress\/ -->\n<title>Returns Policy-Period Panties,Thong,G-Strings,Compression Sock<\/title>\n<meta name=\"description\" content=\"Understand our returns policy for period panties,thongs,G-strings,compression socks,and more. Shop confidently with our hassle-free returns.\" \/>\n<meta name=\"robots\" content=\"index, follow, max-snippet:-1, max-image-preview:large, max-video-preview:-1\" \/>\n<link rel=\"canonical\" href=\"https:\/\/yaxne.com\/de\/ruckerstattung_ruckgaben\/\" \/>\n<meta property=\"og:locale\" content=\"de_DE\" \/>\n<meta property=\"og:type\" content=\"article\" \/>\n<meta property=\"og:title\" content=\"Returns Policy-Period Panties,Thong,G-Strings,Compression Sock\" \/>\n<meta property=\"og:description\" content=\"Understand our returns policy for period panties,thongs,G-strings,compression socks,and more. Shop confidently with our hassle-free returns.\" \/>\n<meta property=\"og:url\" content=\"https:\/\/yaxne.com\/de\/ruckerstattung_ruckgaben\/\" \/>\n<meta property=\"og:site_name\" content=\"Yaxne\" \/>\n<meta property=\"article:modified_time\" content=\"2024-07-12T08:55:55+00:00\" \/>\n<meta name=\"twitter:card\" content=\"summary_large_image\" \/>\n<meta name=\"twitter:label1\" content=\"Gesch\u00e4tzte Lesezeit\" \/>\n\t<meta name=\"twitter:data1\" content=\"3\u00a0Minuten\" \/>\n<script type=\"application\/ld+json\" class=\"yoast-schema-graph\">{\"@context\":\"https:\\\/\\\/schema.org\",\"@graph\":[{\"@type\":\"WebPage\",\"@id\":\"https:\\\/\\\/yaxne.com\\\/refund_returns\\\/\",\"url\":\"https:\\\/\\\/yaxne.com\\\/refund_returns\\\/\",\"name\":\"Returns Policy-Period Panties,Thong,G-Strings,Compression Sock\",\"isPartOf\":{\"@id\":\"https:\\\/\\\/yaxne.com\\\/#website\"},\"datePublished\":\"2024-07-12T08:55:51+00:00\",\"dateModified\":\"2024-07-12T08:55:55+00:00\",\"description\":\"Understand our returns policy for period panties,thongs,G-strings,compression socks,and more. Shop confidently with our hassle-free returns.\",\"breadcrumb\":{\"@id\":\"https:\\\/\\\/yaxne.com\\\/refund_returns\\\/#breadcrumb\"},\"inLanguage\":\"de\",\"potentialAction\":[{\"@type\":\"ReadAction\",\"target\":[\"https:\\\/\\\/yaxne.com\\\/refund_returns\\\/\"]}]},{\"@type\":\"BreadcrumbList\",\"@id\":\"https:\\\/\\\/yaxne.com\\\/refund_returns\\\/#breadcrumb\",\"itemListElement\":[{\"@type\":\"ListItem\",\"position\":1,\"name\":\"\u9996\u9875\",\"item\":\"https:\\\/\\\/yaxne.com\\\/\"},{\"@type\":\"ListItem\",\"position\":2,\"name\":\"Refund and Returns Policy\"}]},{\"@type\":\"WebSite\",\"@id\":\"https:\\\/\\\/yaxne.com\\\/#website\",\"url\":\"https:\\\/\\\/yaxne.com\\\/\",\"name\":\"yaxne.com\",\"description\":\"\",\"publisher\":{\"@id\":\"https:\\\/\\\/yaxne.com\\\/#organization\"},\"potentialAction\":[{\"@type\":\"SearchAction\",\"target\":{\"@type\":\"EntryPoint\",\"urlTemplate\":\"https:\\\/\\\/yaxne.com\\\/?s={search_term_string}\"},\"query-input\":{\"@type\":\"PropertyValueSpecification\",\"valueRequired\":true,\"valueName\":\"search_term_string\"}}],\"inLanguage\":\"de\"},{\"@type\":\"Organization\",\"@id\":\"https:\\\/\\\/yaxne.com\\\/#organization\",\"name\":\"yaxne.com\",\"url\":\"https:\\\/\\\/yaxne.com\\\/\",\"logo\":{\"@type\":\"ImageObject\",\"inLanguage\":\"de\",\"@id\":\"https:\\\/\\\/yaxne.com\\\/#\\\/schema\\\/logo\\\/image\\\/\",\"url\":\"https:\\\/\\\/yaxne.com\\\/wp-content\\\/uploads\\\/2024\\\/07\\\/logo.png\",\"contentUrl\":\"https:\\\/\\\/yaxne.com\\\/wp-content\\\/uploads\\\/2024\\\/07\\\/logo.png\",\"width\":967,\"height\":246,\"caption\":\"yaxne.com\"},\"image\":{\"@id\":\"https:\\\/\\\/yaxne.com\\\/#\\\/schema\\\/logo\\\/image\\\/\"}}]}<\/script>\n<!-- \/ Yoast SEO plugin. -->","yoast_head_json":{"title":"R\u00fcckgabebedingungen-Perioden-H\u00f6schen,Tanga,G-Strings,Kompressionsstr\u00fcmpfe","description":"Informieren Sie sich \u00fcber unsere R\u00fcckgabebedingungen f\u00fcr Periodenslips, Strings, G-Strings, Kompressionsstr\u00fcmpfe und mehr. Kaufen Sie vertrauensvoll ein mit unseren problemlosen R\u00fccksendungen.","robots":{"index":"index","follow":"follow","max-snippet":"max-snippet:-1","max-image-preview":"max-image-preview:large","max-video-preview":"max-video-preview:-1"},"canonical":"https:\/\/yaxne.com\/de\/ruckerstattung_ruckgaben\/","og_locale":"de_DE","og_type":"article","og_title":"Returns Policy-Period Panties,Thong,G-Strings,Compression Sock","og_description":"Understand our returns policy for period panties,thongs,G-strings,compression socks,and more. Shop confidently with our hassle-free returns.","og_url":"https:\/\/yaxne.com\/de\/ruckerstattung_ruckgaben\/","og_site_name":"Yaxne","article_modified_time":"2024-07-12T08:55:55+00:00","twitter_card":"summary_large_image","twitter_misc":{"Gesch\u00e4tzte Lesezeit":"3\u00a0Minuten"},"schema":{"@context":"https:\/\/schema.org","@graph":[{"@type":"WebPage","@id":"https:\/\/yaxne.com\/refund_returns\/","url":"https:\/\/yaxne.com\/refund_returns\/","name":"R\u00fcckgabebedingungen-Perioden-H\u00f6schen,Tanga,G-Strings,Kompressionsstr\u00fcmpfe","isPartOf":{"@id":"https:\/\/yaxne.com\/#website"},"datePublished":"2024-07-12T08:55:51+00:00","dateModified":"2024-07-12T08:55:55+00:00","description":"Informieren Sie sich \u00fcber unsere R\u00fcckgabebedingungen f\u00fcr Periodenslips, Strings, G-Strings, Kompressionsstr\u00fcmpfe und mehr. Kaufen Sie vertrauensvoll ein mit unseren problemlosen R\u00fccksendungen.","breadcrumb":{"@id":"https:\/\/yaxne.com\/refund_returns\/#breadcrumb"},"inLanguage":"de","potentialAction":[{"@type":"ReadAction","target":["https:\/\/yaxne.com\/refund_returns\/"]}]},{"@type":"BreadcrumbList","@id":"https:\/\/yaxne.com\/refund_returns\/#breadcrumb","itemListElement":[{"@type":"ListItem","position":1,"name":"\u9996\u9875","item":"https:\/\/yaxne.com\/"},{"@type":"ListItem","position":2,"name":"Refund and Returns Policy"}]},{"@type":"WebSite","@id":"https:\/\/yaxne.com\/#website","url":"https:\/\/yaxne.com\/","name":"yaxne.de","description":"","publisher":{"@id":"https:\/\/yaxne.com\/#organization"},"potentialAction":[{"@type":"SearchAction","target":{"@type":"EntryPoint","urlTemplate":"https:\/\/yaxne.com\/?s={search_term_string}"},"query-input":{"@type":"PropertyValueSpecification","valueRequired":true,"valueName":"search_term_string"}}],"inLanguage":"de"},{"@type":"Organization","@id":"https:\/\/yaxne.com\/#organization","name":"yaxne.de","url":"https:\/\/yaxne.com\/","logo":{"@type":"ImageObject","inLanguage":"de","@id":"https:\/\/yaxne.com\/#\/schema\/logo\/image\/","url":"https:\/\/yaxne.com\/wp-content\/uploads\/2024\/07\/logo.png","contentUrl":"https:\/\/yaxne.com\/wp-content\/uploads\/2024\/07\/logo.png","width":967,"height":246,"caption":"yaxne.com"},"image":{"@id":"https:\/\/yaxne.com\/#\/schema\/logo\/image\/"}}]}},"uagb_featured_image_src":{"full":false,"thumbnail":false,"medium":false,"medium_large":false,"large":false,"1536x1536":false,"2048x2048":false,"trp-custom-language-flag":false,"woocommerce_thumbnail":false,"woocommerce_single":false,"woocommerce_gallery_thumbnail":false},"uagb_author_info":{"display_name":"tianke1223@gmail.com","author_link":"https:\/\/yaxne.com\/de\/author\/tianke1223gmail-com\/"},"uagb_comment_info":0,"uagb_excerpt":"Returns Returns &amp; Refunds policy You are entitled to cancel your order within 30 days without giving any reason for doing so. The deadline for canceling an order is 30 days from the date you received the goods or on which a third party you have appointed, who is not the carrier, takes possession of&hellip;","jetpack_sharing_enabled":true,"_links":{"self":[{"href":"https:\/\/yaxne.com\/de\/wp-json\/wp\/v2\/pages\/9","targetHints":{"allow":["GET"]}}],"collection":[{"href":"https:\/\/yaxne.com\/de\/wp-json\/wp\/v2\/pages"}],"about":[{"href":"https:\/\/yaxne.com\/de\/wp-json\/wp\/v2\/types\/page"}],"author":[{"embeddable":true,"href":"https:\/\/yaxne.com\/de\/wp-json\/wp\/v2\/users\/1"}],"replies":[{"embeddable":true,"href":"https:\/\/yaxne.com\/de\/wp-json\/wp\/v2\/comments?post=9"}],"version-history":[{"count":1,"href":"https:\/\/yaxne.com\/de\/wp-json\/wp\/v2\/pages\/9\/revisions"}],"predecessor-version":[{"id":2452,"href":"https:\/\/yaxne.com\/de\/wp-json\/wp\/v2\/pages\/9\/revisions\/2452"}],"wp:attachment":[{"href":"https:\/\/yaxne.com\/de\/wp-json\/wp\/v2\/media?parent=9"}],"curies":[{"name":"wp","href":"https:\/\/api.w.org\/{rel}","templated":true}]}}