{"id":2459,"date":"2024-07-12T09:30:42","date_gmt":"2024-07-12T09:30:42","guid":{"rendered":"https:\/\/yaxne.com\/?page_id=2459"},"modified":"2024-07-12T09:31:04","modified_gmt":"2024-07-12T09:31:04","slug":"shipping-policy","status":"publish","type":"page","link":"https:\/\/yaxne.com\/de\/schifffahrtspolitik\/","title":{"rendered":"Versandpolitik"},"content":{"rendered":"<h1 class=\"wp-block-heading\">SCHIFFFAHRTSPOLITIK<\/h1>\n\n\n\n<p>A. Kosten f\u00fcr den Versand<br><br><strong>Bearbeitungszeit: Innerhalb von 48 Stunden<\/strong><br><strong>Versandgeb\u00fchren: Kostenloser Versand\uff01<\/strong><br><br>B. Transit, Handhabung &amp; Oders Cut Off Zeit<br><br>Alle Bestellungen werden innerhalb von 1-2 Werktagen bearbeitet.<br>Alle Preise sind in USD angegeben.<br>Bitte beachten Sie, dass es w\u00e4hrend der Verkaufs- und Ferienzeiten zu geringf\u00fcgigen Verz\u00f6gerungen bei der Lieferung kommen kann.<br>Einmal versandt, kann die Bestellung nicht mehr storniert werden.<br><strong>Yaxne<\/strong> werden in allen L\u00e4ndern w\u00e4hrend des Versandvorgangs verzollt, so dass die Verbraucher nicht f\u00fcr \u00fcberm\u00e4\u00dfige Kosten aufkommen m\u00fcssen<br>Wenn Sie das Paket nicht innerhalb von 40 Tagen erhalten, bitten wir Sie, uns rechtzeitig zu kontaktieren. Wir werden Sie bei der Verfolgung des Pakets unterst\u00fctzen oder entscheiden, ob das Produkt erneut gesendet werden soll<br><br>C. Versandzeit\uff1a<br><br>USA\/CA: 10-20 Arbeitstage<br>Europa: 10-20 Arbeitstage<br>Naher Osten: 10-25 Arbeitstage<br>Andere: 10-25 Arbeitstage<br><br>R\u00dcCKGABE UND UMTAUSCH<br>Einfach 30 Tage<br>Siehe Bedingungen und Verfahren in unserer R\u00fcckgabe- und Erstattungsrichtlinie<br><br><br><br><strong>Wir \u00fcberpr\u00fcfen jede Bestellung, die wir erhalten, mit besonderer Sorgfalt. Wir bem\u00fchen uns, diesen Prozess innerhalb des Zeitrahmens durchzuf\u00fchren, in dem Ihre Bestellung versandt oder an den Hersteller weitergeleitet wird, der Ihre Bestellung ausliefert. In bestimmten Situationen kann sich der Versand Ihrer Bestellung durch unseren Bestellungspr\u00fcfungsprozess verz\u00f6gern. Bitte achten Sie darauf, dass Sie bei Ihrer Bestellung genaue Angaben machen, damit wir Sie bei Bedarf unter den angegebenen Daten kontaktieren k\u00f6nnen, um Ihre Bestellung noch am selben Tag zu versenden (sofern sie in unserem Lager vorr\u00e4tig ist).<\/strong><br><br><strong>Bitte \u00fcberpr\u00fcfen Sie den Lagerbestand, bevor Sie eine Bestellung aufgeben, da wir die Lieferzeiten f\u00fcr Artikel, die nicht auf Lager sind, nicht genau einsch\u00e4tzen k\u00f6nnen.<\/strong><br><br><strong>Yaxne ist nicht verantwortlich f\u00fcr verlorene oder gestohlene Pakete. Wenn Sie der Meinung sind, dass Ihr Paket falsch zugestellt wurde, k\u00f6nnen Sie sich mit unserem Kundendienst in Verbindung setzen und wir k\u00f6nnen uns mit dem Paketdienst in Verbindung setzen, um eine Untersuchung des verlorenen Pakets einzuleiten. Wenn der Paketdienst nicht in der Lage ist, das Paket ausfindig zu machen oder den Nachweis zu erbringen, dass das Paket an die richtige Adresse geliefert wurde, liegt es im alleinigen Ermessen von Yaxne, eine L\u00f6sung zu finden; wir k\u00f6nnen keinen Ersatz oder eine R\u00fcckerstattung garantieren, je nach dem Ergebnis der Untersuchung des verlorenen Pakets.<\/strong><\/p>","protected":false},"excerpt":{"rendered":"<p>SHIPPING POLICY A. Shipping Costs Processing time: Within 48 hoursShipping fee: Free Shipping\uff01 B. Transit, Handling &amp; Oders Cut Off Time All orders are processed within 1-2 business daysAll prices are in USDPlease note there could be slight During sale and holiday periods, delivery may take longer than the estimated time frames above.Once shipped, order [&hellip;]<\/p>\n","protected":false},"author":1,"featured_media":0,"parent":0,"menu_order":0,"comment_status":"closed","ping_status":"closed","template":"","meta":{"_uag_custom_page_level_css":"","site-sidebar-layout":"default","site-content-layout":"","ast-site-content-layout":"default","site-content-style":"default","site-sidebar-style":"default","ast-global-header-display":"","ast-banner-title-visibility":"","ast-main-header-display":"","ast-hfb-above-header-display":"","ast-hfb-below-header-display":"","ast-hfb-mobile-header-display":"","site-post-title":"","ast-breadcrumbs-content":"","ast-featured-img":"","footer-sml-layout":"","ast-disable-related-posts":"","theme-transparent-header-meta":"","adv-header-id-meta":"","stick-header-meta":"","header-above-stick-meta":"","header-main-stick-meta":"","header-below-stick-meta":"","astra-migrate-meta-layouts":"set","ast-page-background-enabled":"default","ast-page-background-meta":{"desktop":{"background-color":"var(--ast-global-color-4)","background-image":"","background-repeat":"repeat","background-position":"center center","background-size":"auto","background-attachment":"scroll","background-type":"","background-media":"","overlay-type":"","overlay-color":"","overlay-opacity":"","overlay-gradient":""},"tablet":{"background-color":"","background-image":"","background-repeat":"repeat","background-position":"center center","background-size":"auto","background-attachment":"scroll","background-type":"","background-media":"","overlay-type":"","overlay-color":"","overlay-opacity":"","overlay-gradient":""},"mobile":{"background-color":"","background-image":"","background-repeat":"repeat","background-position":"center center","background-size":"auto","background-attachment":"scroll","background-type":"","background-media":"","overlay-type":"","overlay-color":"","overlay-opacity":"","overlay-gradient":""}},"ast-content-background-meta":{"desktop":{"background-color":"var(--ast-global-color-5)","background-image":"","background-repeat":"repeat","background-position":"center center","background-size":"auto","background-attachment":"scroll","background-type":"","background-media":"","overlay-type":"","overlay-color":"","overlay-opacity":"","overlay-gradient":""},"tablet":{"background-color":"var(--ast-global-color-5)","background-image":"","background-repeat":"repeat","background-position":"center center","background-size":"auto","background-attachment":"scroll","background-type":"","background-media":"","overlay-type":"","overlay-color":"","overlay-opacity":"","overlay-gradient":""},"mobile":{"background-color":"var(--ast-global-color-5)","background-image":"","background-repeat":"repeat","background-position":"center center","background-size":"auto","background-attachment":"scroll","background-type":"","background-media":"","overlay-type":"","overlay-color":"","overlay-opacity":"","overlay-gradient":""}},"footnotes":""},"class_list":["post-2459","page","type-page","status-publish","hentry"],"yoast_head":"<!-- This site is optimized with the Yoast SEO plugin v27.4 - https:\/\/yoast.com\/product\/yoast-seo-wordpress\/ -->\n<title>Shipping Policy: Period Panties, Compression Socks &amp; More - Yaxne<\/title>\n<meta name=\"description\" content=\"Learn about our shipping policy for period underwear, G-strings, thongs, and compression wear. Fast, reliable delivery guaranteed.\" \/>\n<meta name=\"robots\" content=\"index, follow, max-snippet:-1, max-image-preview:large, max-video-preview:-1\" \/>\n<link rel=\"canonical\" href=\"https:\/\/yaxne.com\/de\/schifffahrtspolitik\/\" \/>\n<meta property=\"og:locale\" content=\"de_DE\" \/>\n<meta property=\"og:type\" content=\"article\" \/>\n<meta property=\"og:title\" content=\"Shipping Policy: Period Panties, Compression Socks &amp; More - Yaxne\" \/>\n<meta property=\"og:description\" content=\"Learn about our shipping policy for period underwear, G-strings, thongs, and compression wear. Fast, reliable delivery guaranteed.\" \/>\n<meta property=\"og:url\" content=\"https:\/\/yaxne.com\/de\/schifffahrtspolitik\/\" \/>\n<meta property=\"og:site_name\" content=\"Yaxne\" \/>\n<meta property=\"article:modified_time\" content=\"2024-07-12T09:31:04+00:00\" \/>\n<meta name=\"twitter:card\" content=\"summary_large_image\" \/>\n<meta name=\"twitter:label1\" content=\"Gesch\u00e4tzte Lesezeit\" \/>\n\t<meta name=\"twitter:data1\" content=\"2\u00a0Minuten\" \/>\n<script type=\"application\/ld+json\" class=\"yoast-schema-graph\">{\"@context\":\"https:\\\/\\\/schema.org\",\"@graph\":[{\"@type\":\"WebPage\",\"@id\":\"https:\\\/\\\/yaxne.com\\\/shipping-policy\\\/\",\"url\":\"https:\\\/\\\/yaxne.com\\\/shipping-policy\\\/\",\"name\":\"Shipping Policy: Period Panties, Compression Socks & More - Yaxne\",\"isPartOf\":{\"@id\":\"https:\\\/\\\/yaxne.com\\\/#website\"},\"datePublished\":\"2024-07-12T09:30:42+00:00\",\"dateModified\":\"2024-07-12T09:31:04+00:00\",\"description\":\"Learn about our shipping policy for period underwear, G-strings, thongs, and compression wear. Fast, reliable delivery guaranteed.\",\"breadcrumb\":{\"@id\":\"https:\\\/\\\/yaxne.com\\\/shipping-policy\\\/#breadcrumb\"},\"inLanguage\":\"de\",\"potentialAction\":[{\"@type\":\"ReadAction\",\"target\":[\"https:\\\/\\\/yaxne.com\\\/shipping-policy\\\/\"]}]},{\"@type\":\"BreadcrumbList\",\"@id\":\"https:\\\/\\\/yaxne.com\\\/shipping-policy\\\/#breadcrumb\",\"itemListElement\":[{\"@type\":\"ListItem\",\"position\":1,\"name\":\"\u9996\u9875\",\"item\":\"https:\\\/\\\/yaxne.com\\\/\"},{\"@type\":\"ListItem\",\"position\":2,\"name\":\"Shipping Policy\"}]},{\"@type\":\"WebSite\",\"@id\":\"https:\\\/\\\/yaxne.com\\\/#website\",\"url\":\"https:\\\/\\\/yaxne.com\\\/\",\"name\":\"yaxne.com\",\"description\":\"\",\"publisher\":{\"@id\":\"https:\\\/\\\/yaxne.com\\\/#organization\"},\"potentialAction\":[{\"@type\":\"SearchAction\",\"target\":{\"@type\":\"EntryPoint\",\"urlTemplate\":\"https:\\\/\\\/yaxne.com\\\/?s={search_term_string}\"},\"query-input\":{\"@type\":\"PropertyValueSpecification\",\"valueRequired\":true,\"valueName\":\"search_term_string\"}}],\"inLanguage\":\"de\"},{\"@type\":\"Organization\",\"@id\":\"https:\\\/\\\/yaxne.com\\\/#organization\",\"name\":\"yaxne.com\",\"url\":\"https:\\\/\\\/yaxne.com\\\/\",\"logo\":{\"@type\":\"ImageObject\",\"inLanguage\":\"de\",\"@id\":\"https:\\\/\\\/yaxne.com\\\/#\\\/schema\\\/logo\\\/image\\\/\",\"url\":\"https:\\\/\\\/yaxne.com\\\/wp-content\\\/uploads\\\/2024\\\/07\\\/logo.png\",\"contentUrl\":\"https:\\\/\\\/yaxne.com\\\/wp-content\\\/uploads\\\/2024\\\/07\\\/logo.png\",\"width\":967,\"height\":246,\"caption\":\"yaxne.com\"},\"image\":{\"@id\":\"https:\\\/\\\/yaxne.com\\\/#\\\/schema\\\/logo\\\/image\\\/\"}}]}<\/script>\n<!-- \/ Yoast SEO plugin. -->","yoast_head_json":{"title":"Versandpolitik: Periodenh\u00f6schen, Kompressionssocken &amp; mehr - Yaxne","description":"Informieren Sie sich \u00fcber unsere Versandbedingungen f\u00fcr Periodenunterw\u00e4sche, G-Strings, Tangas und Kompressionsbekleidung. Schnelle, zuverl\u00e4ssige Lieferung garantiert.","robots":{"index":"index","follow":"follow","max-snippet":"max-snippet:-1","max-image-preview":"max-image-preview:large","max-video-preview":"max-video-preview:-1"},"canonical":"https:\/\/yaxne.com\/de\/schifffahrtspolitik\/","og_locale":"de_DE","og_type":"article","og_title":"Shipping Policy: Period Panties, Compression Socks & More - Yaxne","og_description":"Learn about our shipping policy for period underwear, G-strings, thongs, and compression wear. Fast, reliable delivery guaranteed.","og_url":"https:\/\/yaxne.com\/de\/schifffahrtspolitik\/","og_site_name":"Yaxne","article_modified_time":"2024-07-12T09:31:04+00:00","twitter_card":"summary_large_image","twitter_misc":{"Gesch\u00e4tzte Lesezeit":"2\u00a0Minuten"},"schema":{"@context":"https:\/\/schema.org","@graph":[{"@type":"WebPage","@id":"https:\/\/yaxne.com\/shipping-policy\/","url":"https:\/\/yaxne.com\/shipping-policy\/","name":"Versandpolitik: Periodenh\u00f6schen, Kompressionssocken &amp; mehr - Yaxne","isPartOf":{"@id":"https:\/\/yaxne.com\/#website"},"datePublished":"2024-07-12T09:30:42+00:00","dateModified":"2024-07-12T09:31:04+00:00","description":"Informieren Sie sich \u00fcber unsere Versandbedingungen f\u00fcr Periodenunterw\u00e4sche, G-Strings, Tangas und Kompressionsbekleidung. Schnelle, zuverl\u00e4ssige Lieferung garantiert.","breadcrumb":{"@id":"https:\/\/yaxne.com\/shipping-policy\/#breadcrumb"},"inLanguage":"de","potentialAction":[{"@type":"ReadAction","target":["https:\/\/yaxne.com\/shipping-policy\/"]}]},{"@type":"BreadcrumbList","@id":"https:\/\/yaxne.com\/shipping-policy\/#breadcrumb","itemListElement":[{"@type":"ListItem","position":1,"name":"\u9996\u9875","item":"https:\/\/yaxne.com\/"},{"@type":"ListItem","position":2,"name":"Shipping Policy"}]},{"@type":"WebSite","@id":"https:\/\/yaxne.com\/#website","url":"https:\/\/yaxne.com\/","name":"yaxne.de","description":"","publisher":{"@id":"https:\/\/yaxne.com\/#organization"},"potentialAction":[{"@type":"SearchAction","target":{"@type":"EntryPoint","urlTemplate":"https:\/\/yaxne.com\/?s={search_term_string}"},"query-input":{"@type":"PropertyValueSpecification","valueRequired":true,"valueName":"search_term_string"}}],"inLanguage":"de"},{"@type":"Organization","@id":"https:\/\/yaxne.com\/#organization","name":"yaxne.de","url":"https:\/\/yaxne.com\/","logo":{"@type":"ImageObject","inLanguage":"de","@id":"https:\/\/yaxne.com\/#\/schema\/logo\/image\/","url":"https:\/\/yaxne.com\/wp-content\/uploads\/2024\/07\/logo.png","contentUrl":"https:\/\/yaxne.com\/wp-content\/uploads\/2024\/07\/logo.png","width":967,"height":246,"caption":"yaxne.com"},"image":{"@id":"https:\/\/yaxne.com\/#\/schema\/logo\/image\/"}}]}},"uagb_featured_image_src":{"full":false,"thumbnail":false,"medium":false,"medium_large":false,"large":false,"1536x1536":false,"2048x2048":false,"trp-custom-language-flag":false,"woocommerce_thumbnail":false,"woocommerce_single":false,"woocommerce_gallery_thumbnail":false},"uagb_author_info":{"display_name":"tianke1223@gmail.com","author_link":"https:\/\/yaxne.com\/de\/author\/tianke1223gmail-com\/"},"uagb_comment_info":0,"uagb_excerpt":"SHIPPING POLICY A. Shipping Costs Processing time: Within 48 hoursShipping fee: Free Shipping\uff01 B. Transit, Handling &amp; Oders Cut Off Time All orders are processed within 1-2 business daysAll prices are in USDPlease note there could be slight During sale and holiday periods, delivery may take longer than the estimated time frames above.Once shipped, order&hellip;","jetpack_sharing_enabled":true,"_links":{"self":[{"href":"https:\/\/yaxne.com\/de\/wp-json\/wp\/v2\/pages\/2459","targetHints":{"allow":["GET"]}}],"collection":[{"href":"https:\/\/yaxne.com\/de\/wp-json\/wp\/v2\/pages"}],"about":[{"href":"https:\/\/yaxne.com\/de\/wp-json\/wp\/v2\/types\/page"}],"author":[{"embeddable":true,"href":"https:\/\/yaxne.com\/de\/wp-json\/wp\/v2\/users\/1"}],"replies":[{"embeddable":true,"href":"https:\/\/yaxne.com\/de\/wp-json\/wp\/v2\/comments?post=2459"}],"version-history":[{"count":2,"href":"https:\/\/yaxne.com\/de\/wp-json\/wp\/v2\/pages\/2459\/revisions"}],"predecessor-version":[{"id":2461,"href":"https:\/\/yaxne.com\/de\/wp-json\/wp\/v2\/pages\/2459\/revisions\/2461"}],"wp:attachment":[{"href":"https:\/\/yaxne.com\/de\/wp-json\/wp\/v2\/media?parent=2459"}],"curies":[{"name":"wp","href":"https:\/\/api.w.org\/{rel}","templated":true}]}}