{"id":2453,"date":"2024-07-12T09:04:28","date_gmt":"2024-07-12T09:04:28","guid":{"rendered":"https:\/\/yaxne.com\/?page_id=2453"},"modified":"2024-07-15T13:32:01","modified_gmt":"2024-07-15T13:32:01","slug":"payment-policy","status":"publish","type":"page","link":"https:\/\/yaxne.com\/de\/zahlungspolitik\/","title":{"rendered":"Zahlungspolitik"},"content":{"rendered":"<p>ZAHLUNGSART<\/p>\n\n\n\n<p>Wir akzeptieren Visa, MasterCard und American Express Karten.<\/p>\n\n\n\n<p>Sie haben auch die M\u00f6glichkeit, mit PayPal zu bezahlen. Wenn Sie diese Option an der Kasse ausw\u00e4hlen, werden Sie zur PayPal-Website weitergeleitet, um Ihren Kauf abzuschlie\u00dfen, bevor Sie zu Yaxne.com zur\u00fcckkehren.<\/p>\n\n\n\n<p>Wenn die Kreditkartentransaktion genehmigt wird, wird der Betrag sofort von Yaxne.com reserviert und Sie erhalten eine Auftragsbest\u00e4tigung an Ihre E-Mail. Wenn die Kreditkartentransaktion nicht genehmigt wird, wird Ihre Bestellung storniert. Bitte kontaktieren Sie Ihre Bank oder Kartenanbieter, wenn Sie Fragen dazu haben.<\/p>\n\n\n\n<p>ZAHLUNGSSICHERHEIT<\/p>\n\n\n\n<p>Yaxne.com verwendet die Secure Socket Layer (SSL) Technologie, um die Daten, die Sie uns \u00fcber das Internet senden, zu verschl\u00fcsseln und zu sch\u00fctzen. Wenn SSL aktiviert ist, sehen Sie oben in Ihrem Browser ein Vorh\u00e4ngeschloss, auf das Sie klicken k\u00f6nnen, um weitere Informationen \u00fcber die Registrierung des digitalen SSL-Zertifikats zu erhalten.<\/p>\n\n\n\n<p>Sie werden auch feststellen, dass die URL am oberen Rand des Browsers mit \"https\" statt mit \"http\" beginnt. Dies bedeutet, dass Sie sich im sicheren Modus befinden.<\/p>\n\n\n\n<p>Yaxne.com ist bei Cybertrust als authentische Website registriert. Dadurch wird sichergestellt, dass Ihre Informationen zwischen Ihrem Webbrowser und unserem Webserver vertraulich behandelt werden.<\/p>\n\n\n\n<p>Wenn Ihr Kartenaussteller in der EU ans\u00e4ssig ist, werden Sie m\u00f6glicherweise aufgefordert, Ihre Zahlung aufgrund einer neuen Anforderung im Rahmen der zweiten Zahlungsdiensterichtlinie (PSD2) zu verifizieren. Sie werden auf eine spezielle Seite weitergeleitet, auf der Sie weitere Informationen eingeben k\u00f6nnen, oder Sie werden gebeten, die Zahlung \u00fcber Ihr Mobiltelefon zu autorisieren. Sobald Sie dies getan haben, kehren Sie zu Yaxne.com zur\u00fcck.<\/p>","protected":false},"excerpt":{"rendered":"<p>PAYMENT METHOD We accept Visa, MasterCard and American Express cards. You can also choose to pay with PayPal. When selecting this option at checkout, you will be directed to the PayPal site to complete your purchase before returning to Yaxne.com. If the card transaction is approved, the amount will be reserved immediately Yaxne.com and you [&hellip;]<\/p>\n","protected":false},"author":1,"featured_media":0,"parent":0,"menu_order":0,"comment_status":"closed","ping_status":"closed","template":"","meta":{"_uag_custom_page_level_css":"","site-sidebar-layout":"default","site-content-layout":"","ast-site-content-layout":"default","site-content-style":"default","site-sidebar-style":"default","ast-global-header-display":"","ast-banner-title-visibility":"","ast-main-header-display":"","ast-hfb-above-header-display":"","ast-hfb-below-header-display":"","ast-hfb-mobile-header-display":"","site-post-title":"","ast-breadcrumbs-content":"","ast-featured-img":"","footer-sml-layout":"","ast-disable-related-posts":"","theme-transparent-header-meta":"","adv-header-id-meta":"","stick-header-meta":"","header-above-stick-meta":"","header-main-stick-meta":"","header-below-stick-meta":"","astra-migrate-meta-layouts":"set","ast-page-background-enabled":"default","ast-page-background-meta":{"desktop":{"background-color":"var(--ast-global-color-4)","background-image":"","background-repeat":"repeat","background-position":"center center","background-size":"auto","background-attachment":"scroll","background-type":"","background-media":"","overlay-type":"","overlay-color":"","overlay-opacity":"","overlay-gradient":""},"tablet":{"background-color":"","background-image":"","background-repeat":"repeat","background-position":"center center","background-size":"auto","background-attachment":"scroll","background-type":"","background-media":"","overlay-type":"","overlay-color":"","overlay-opacity":"","overlay-gradient":""},"mobile":{"background-color":"","background-image":"","background-repeat":"repeat","background-position":"center center","background-size":"auto","background-attachment":"scroll","background-type":"","background-media":"","overlay-type":"","overlay-color":"","overlay-opacity":"","overlay-gradient":""}},"ast-content-background-meta":{"desktop":{"background-color":"var(--ast-global-color-5)","background-image":"","background-repeat":"repeat","background-position":"center center","background-size":"auto","background-attachment":"scroll","background-type":"","background-media":"","overlay-type":"","overlay-color":"","overlay-opacity":"","overlay-gradient":""},"tablet":{"background-color":"var(--ast-global-color-5)","background-image":"","background-repeat":"repeat","background-position":"center center","background-size":"auto","background-attachment":"scroll","background-type":"","background-media":"","overlay-type":"","overlay-color":"","overlay-opacity":"","overlay-gradient":""},"mobile":{"background-color":"var(--ast-global-color-5)","background-image":"","background-repeat":"repeat","background-position":"center center","background-size":"auto","background-attachment":"scroll","background-type":"","background-media":"","overlay-type":"","overlay-color":"","overlay-opacity":"","overlay-gradient":""}},"footnotes":""},"class_list":["post-2453","page","type-page","status-publish","hentry"],"yoast_head":"<!-- This site is optimized with the Yoast SEO plugin v27.4 - https:\/\/yoast.com\/product\/yoast-seo-wordpress\/ -->\n<title>Payment Policy-Period Panties,Thong,G-Strings,Compression Sock<\/title>\n<meta name=\"description\" content=\"Learn about our payment policy for period panties,thong,G-strings,micro thong,and compression sock.Secure and easy payment options available.\" \/>\n<meta name=\"robots\" content=\"index, follow, max-snippet:-1, max-image-preview:large, max-video-preview:-1\" \/>\n<link rel=\"canonical\" href=\"https:\/\/yaxne.com\/de\/zahlungspolitik\/\" \/>\n<meta property=\"og:locale\" content=\"de_DE\" \/>\n<meta property=\"og:type\" content=\"article\" \/>\n<meta property=\"og:title\" content=\"Payment Policy-Period Panties,Thong,G-Strings,Compression Sock\" \/>\n<meta property=\"og:description\" content=\"Learn about our payment policy for period panties,thong,G-strings,micro thong,and compression sock.Secure and easy payment options available.\" \/>\n<meta property=\"og:url\" content=\"https:\/\/yaxne.com\/de\/zahlungspolitik\/\" \/>\n<meta property=\"og:site_name\" content=\"Yaxne\" \/>\n<meta property=\"article:modified_time\" content=\"2024-07-15T13:32:01+00:00\" \/>\n<meta name=\"twitter:card\" content=\"summary_large_image\" \/>\n<meta name=\"twitter:label1\" content=\"Gesch\u00e4tzte Lesezeit\" \/>\n\t<meta name=\"twitter:data1\" content=\"2\u00a0Minuten\" \/>\n<script type=\"application\/ld+json\" class=\"yoast-schema-graph\">{\"@context\":\"https:\\\/\\\/schema.org\",\"@graph\":[{\"@type\":\"WebPage\",\"@id\":\"https:\\\/\\\/yaxne.com\\\/payment-policy\\\/\",\"url\":\"https:\\\/\\\/yaxne.com\\\/payment-policy\\\/\",\"name\":\"Payment Policy-Period Panties,Thong,G-Strings,Compression Sock\",\"isPartOf\":{\"@id\":\"https:\\\/\\\/yaxne.com\\\/#website\"},\"datePublished\":\"2024-07-12T09:04:28+00:00\",\"dateModified\":\"2024-07-15T13:32:01+00:00\",\"description\":\"Learn about our payment policy for period panties,thong,G-strings,micro thong,and compression sock.Secure and easy payment options available.\",\"breadcrumb\":{\"@id\":\"https:\\\/\\\/yaxne.com\\\/payment-policy\\\/#breadcrumb\"},\"inLanguage\":\"de\",\"potentialAction\":[{\"@type\":\"ReadAction\",\"target\":[\"https:\\\/\\\/yaxne.com\\\/payment-policy\\\/\"]}]},{\"@type\":\"BreadcrumbList\",\"@id\":\"https:\\\/\\\/yaxne.com\\\/payment-policy\\\/#breadcrumb\",\"itemListElement\":[{\"@type\":\"ListItem\",\"position\":1,\"name\":\"\u9996\u9875\",\"item\":\"https:\\\/\\\/yaxne.com\\\/\"},{\"@type\":\"ListItem\",\"position\":2,\"name\":\"Payment Policy\"}]},{\"@type\":\"WebSite\",\"@id\":\"https:\\\/\\\/yaxne.com\\\/#website\",\"url\":\"https:\\\/\\\/yaxne.com\\\/\",\"name\":\"yaxne.com\",\"description\":\"\",\"publisher\":{\"@id\":\"https:\\\/\\\/yaxne.com\\\/#organization\"},\"potentialAction\":[{\"@type\":\"SearchAction\",\"target\":{\"@type\":\"EntryPoint\",\"urlTemplate\":\"https:\\\/\\\/yaxne.com\\\/?s={search_term_string}\"},\"query-input\":{\"@type\":\"PropertyValueSpecification\",\"valueRequired\":true,\"valueName\":\"search_term_string\"}}],\"inLanguage\":\"de\"},{\"@type\":\"Organization\",\"@id\":\"https:\\\/\\\/yaxne.com\\\/#organization\",\"name\":\"yaxne.com\",\"url\":\"https:\\\/\\\/yaxne.com\\\/\",\"logo\":{\"@type\":\"ImageObject\",\"inLanguage\":\"de\",\"@id\":\"https:\\\/\\\/yaxne.com\\\/#\\\/schema\\\/logo\\\/image\\\/\",\"url\":\"https:\\\/\\\/yaxne.com\\\/wp-content\\\/uploads\\\/2024\\\/07\\\/logo.png\",\"contentUrl\":\"https:\\\/\\\/yaxne.com\\\/wp-content\\\/uploads\\\/2024\\\/07\\\/logo.png\",\"width\":967,\"height\":246,\"caption\":\"yaxne.com\"},\"image\":{\"@id\":\"https:\\\/\\\/yaxne.com\\\/#\\\/schema\\\/logo\\\/image\\\/\"}}]}<\/script>\n<!-- \/ Yoast SEO plugin. -->","yoast_head_json":{"title":"Zahlungsbedingungen-Perioden-H\u00f6schen,Tanga,G-Strings,Kompressionsstr\u00fcmpfe","description":"Informieren Sie sich \u00fcber unsere Zahlungsbedingungen f\u00fcr Periodenslips, Tangas, G-Strings, Mikro-Tangas und Kompressionsstr\u00fcmpfe, die Sie sicher und einfach bezahlen k\u00f6nnen.","robots":{"index":"index","follow":"follow","max-snippet":"max-snippet:-1","max-image-preview":"max-image-preview:large","max-video-preview":"max-video-preview:-1"},"canonical":"https:\/\/yaxne.com\/de\/zahlungspolitik\/","og_locale":"de_DE","og_type":"article","og_title":"Payment Policy-Period Panties,Thong,G-Strings,Compression Sock","og_description":"Learn about our payment policy for period panties,thong,G-strings,micro thong,and compression sock.Secure and easy payment options available.","og_url":"https:\/\/yaxne.com\/de\/zahlungspolitik\/","og_site_name":"Yaxne","article_modified_time":"2024-07-15T13:32:01+00:00","twitter_card":"summary_large_image","twitter_misc":{"Gesch\u00e4tzte Lesezeit":"2\u00a0Minuten"},"schema":{"@context":"https:\/\/schema.org","@graph":[{"@type":"WebPage","@id":"https:\/\/yaxne.com\/payment-policy\/","url":"https:\/\/yaxne.com\/payment-policy\/","name":"Zahlungsbedingungen-Perioden-H\u00f6schen,Tanga,G-Strings,Kompressionsstr\u00fcmpfe","isPartOf":{"@id":"https:\/\/yaxne.com\/#website"},"datePublished":"2024-07-12T09:04:28+00:00","dateModified":"2024-07-15T13:32:01+00:00","description":"Informieren Sie sich \u00fcber unsere Zahlungsbedingungen f\u00fcr Periodenslips, Tangas, G-Strings, Mikro-Tangas und Kompressionsstr\u00fcmpfe, die Sie sicher und einfach bezahlen k\u00f6nnen.","breadcrumb":{"@id":"https:\/\/yaxne.com\/payment-policy\/#breadcrumb"},"inLanguage":"de","potentialAction":[{"@type":"ReadAction","target":["https:\/\/yaxne.com\/payment-policy\/"]}]},{"@type":"BreadcrumbList","@id":"https:\/\/yaxne.com\/payment-policy\/#breadcrumb","itemListElement":[{"@type":"ListItem","position":1,"name":"\u9996\u9875","item":"https:\/\/yaxne.com\/"},{"@type":"ListItem","position":2,"name":"Payment Policy"}]},{"@type":"WebSite","@id":"https:\/\/yaxne.com\/#website","url":"https:\/\/yaxne.com\/","name":"yaxne.de","description":"","publisher":{"@id":"https:\/\/yaxne.com\/#organization"},"potentialAction":[{"@type":"SearchAction","target":{"@type":"EntryPoint","urlTemplate":"https:\/\/yaxne.com\/?s={search_term_string}"},"query-input":{"@type":"PropertyValueSpecification","valueRequired":true,"valueName":"search_term_string"}}],"inLanguage":"de"},{"@type":"Organization","@id":"https:\/\/yaxne.com\/#organization","name":"yaxne.de","url":"https:\/\/yaxne.com\/","logo":{"@type":"ImageObject","inLanguage":"de","@id":"https:\/\/yaxne.com\/#\/schema\/logo\/image\/","url":"https:\/\/yaxne.com\/wp-content\/uploads\/2024\/07\/logo.png","contentUrl":"https:\/\/yaxne.com\/wp-content\/uploads\/2024\/07\/logo.png","width":967,"height":246,"caption":"yaxne.com"},"image":{"@id":"https:\/\/yaxne.com\/#\/schema\/logo\/image\/"}}]}},"uagb_featured_image_src":{"full":false,"thumbnail":false,"medium":false,"medium_large":false,"large":false,"1536x1536":false,"2048x2048":false,"trp-custom-language-flag":false,"woocommerce_thumbnail":false,"woocommerce_single":false,"woocommerce_gallery_thumbnail":false},"uagb_author_info":{"display_name":"tianke1223@gmail.com","author_link":"https:\/\/yaxne.com\/de\/author\/tianke1223gmail-com\/"},"uagb_comment_info":0,"uagb_excerpt":"PAYMENT METHOD We accept Visa, MasterCard and American Express cards. You can also choose to pay with PayPal. When selecting this option at checkout, you will be directed to the PayPal site to complete your purchase before returning to Yaxne.com. If the card transaction is approved, the amount will be reserved immediately Yaxne.com and you&hellip;","jetpack_sharing_enabled":true,"_links":{"self":[{"href":"https:\/\/yaxne.com\/de\/wp-json\/wp\/v2\/pages\/2453","targetHints":{"allow":["GET"]}}],"collection":[{"href":"https:\/\/yaxne.com\/de\/wp-json\/wp\/v2\/pages"}],"about":[{"href":"https:\/\/yaxne.com\/de\/wp-json\/wp\/v2\/types\/page"}],"author":[{"embeddable":true,"href":"https:\/\/yaxne.com\/de\/wp-json\/wp\/v2\/users\/1"}],"replies":[{"embeddable":true,"href":"https:\/\/yaxne.com\/de\/wp-json\/wp\/v2\/comments?post=2453"}],"version-history":[{"count":3,"href":"https:\/\/yaxne.com\/de\/wp-json\/wp\/v2\/pages\/2453\/revisions"}],"predecessor-version":[{"id":2588,"href":"https:\/\/yaxne.com\/de\/wp-json\/wp\/v2\/pages\/2453\/revisions\/2588"}],"wp:attachment":[{"href":"https:\/\/yaxne.com\/de\/wp-json\/wp\/v2\/media?parent=2453"}],"curies":[{"name":"wp","href":"https:\/\/api.w.org\/{rel}","templated":true}]}}