{"id":9,"date":"2024-07-12T08:55:51","date_gmt":"2024-07-12T08:55:51","guid":{"rendered":"http:\/\/yaxne.com\/?page_id=9"},"modified":"2024-07-12T08:55:55","modified_gmt":"2024-07-12T08:55:55","slug":"refund_returns","status":"publish","type":"page","link":"https:\/\/yaxne.com\/da\/refusion_returneringer\/","title":{"rendered":"Politik for tilbagebetaling og returnering"},"content":{"rendered":"<h1 class=\"wp-block-heading\">Returnerer<\/h1>\n\n\n\n<h3 class=\"wp-block-heading\">Politik for returnering og tilbagebetaling<\/h3>\n\n\n\n<p>Du har ret til at annullere din ordre inden for 30 dage uden at angive nogen grund.<\/p>\n\n\n\n<p>Fristen for at annullere en ordre er 30 dage fra den dato, hvor du har modtaget varerne, eller hvor en tredjepart, som du har udpeget, og som ikke er transport\u00f8ren, tager det leverede produkt i besiddelse.<\/p>\n\n\n\n<p>For at g\u00f8re brug af din fortrydelsesret skal du informere os om din beslutning ved hj\u00e6lp af en klar erkl\u00e6ring.<\/p>\n\n\n\n<p>Du kan informere os om din beslutning via e-mail&nbsp;<a target=\"_blank\" href=\"mailto:tianke1223@gmail.com\" rel=\"noreferrer noopener\">tianke1223@gmail.com<\/a><\/p>\n\n\n\n<p>Vi refunderer dig senest 30 dage fra den dag, hvor vi modtager de returnerede varer. Vi bruger det samme betalingsmiddel, som du brugte til ordren, og du vil ikke blive p\u00e5lagt nogen gebyrer for en s\u00e5dan refusion.<\/p>\n\n\n\n<h6 class=\"wp-block-heading\">Betingelser for returnering:<\/h6>\n\n\n\n<p>For at varerne kan returneres, skal du sikre dig, at:<\/p>\n\n\n\n<ul class=\"wp-block-list\">\n<li>Varerne blev k\u00f8bt inden for de sidste 30 dage<\/li>\n\n\n\n<li>Varerne er i den originale emballage<\/li>\n<\/ul>\n\n\n\n<p>F\u00f8lgende varer kan ikke returneres:<\/p>\n\n\n\n<ul class=\"wp-block-list\">\n<li>Levering af varer, der er fremstillet efter dine specifikationer eller tydeligt personaliserede.<\/li>\n\n\n\n<li>Levering af varer, som p\u00e5 grund af deres art ikke er egnet til at blive returneret, f.eks. varer, der forringes hurtigt, eller hvis udl\u00f8bsdato er overskredet.<\/li>\n\n\n\n<li>Levering af varer, som af sundhedsbeskyttelses- eller hygiejnem\u00e6ssige \u00e5rsager ikke er egnet til at blive returneret, og som var uforseglede efter levering.<\/li>\n\n\n\n<li>Levering af varer, som efter levering p\u00e5 grund af deres art er uadskilleligt blandet med andre varer.<\/li>\n<\/ul>\n\n\n\n<p>Vi forbeholder os ret til at afvise returnering af varer, der ikke opfylder ovenst\u00e5ende returbetingelser, efter eget sk\u00f8n.<\/p>\n\n\n\n<h6 class=\"wp-block-heading\">Returnering af varer<\/h6>\n\n\n\n<p>Du er ansvarlig for omkostningerne og risikoen ved at returnere varerne til os. Du skal sende varerne til f\u00f8lgende adresse:<\/p>\n\n\n\n<p>Global Center S1, 1137, CHENGDU, KINA, 610000<\/p>\n\n\n\n<p>Vi kan ikke holdes ansvarlige for varer, der er beskadiget eller g\u00e5et tabt under returforsendelsen. Derfor anbefaler vi en forsikret og sporbar posttjeneste. Vi kan ikke udstede en refusion uden faktisk modtagelse af varerne eller bevis for modtaget returlevering.<\/p>\n\n\n\n<h6 class=\"wp-block-heading\">Gaver:<\/h6>\n\n\n\n<p>Hvis varerne blev markeret som en gave, da de blev k\u00f8bt og derefter sendt direkte til dig, vil du modtage en gavekredit for v\u00e6rdien af din returnering. N\u00e5r det returnerede produkt er modtaget, vil du f\u00e5 tilsendt et gavekort.<\/p>\n\n\n\n<p>Hvis varerne ikke var markeret som en gave, da de blev k\u00f8bt, eller hvis gavegiveren fik ordren sendt til sig selv for at give den til dig senere, sender vi refusionen til gavegiveren.<\/p>\n\n\n\n<h6 class=\"wp-block-heading\">Kontakt os<\/h6>\n\n\n\n<p>Hvis du har sp\u00f8rgsm\u00e5l til vores retur- og tilbagebetalingspolitik, bedes du kontakte os via e-mail&nbsp;<a target=\"_blank\" href=\"mailto:tianke1223@gmail.com\" rel=\"noreferrer noopener\">tianke1223@gmail.com<\/a><\/p>","protected":false},"excerpt":{"rendered":"<p>Returns Returns &amp; Refunds policy You are entitled to cancel your order within 30 days without giving any reason for doing so. The deadline for canceling an order is 30 days from the date you received the goods or on which a third party you have appointed, who is not the carrier, takes possession of [&hellip;]<\/p>\n","protected":false},"author":1,"featured_media":0,"parent":0,"menu_order":0,"comment_status":"closed","ping_status":"closed","template":"","meta":{"_uag_custom_page_level_css":"","site-sidebar-layout":"default","site-content-layout":"","ast-site-content-layout":"default","site-content-style":"default","site-sidebar-style":"default","ast-global-header-display":"","ast-banner-title-visibility":"","ast-main-header-display":"","ast-hfb-above-header-display":"","ast-hfb-below-header-display":"","ast-hfb-mobile-header-display":"","site-post-title":"","ast-breadcrumbs-content":"","ast-featured-img":"","footer-sml-layout":"","ast-disable-related-posts":"","theme-transparent-header-meta":"","adv-header-id-meta":"","stick-header-meta":"","header-above-stick-meta":"","header-main-stick-meta":"","header-below-stick-meta":"","astra-migrate-meta-layouts":"set","ast-page-background-enabled":"default","ast-page-background-meta":{"desktop":{"background-color":"var(--ast-global-color-4)","background-image":"","background-repeat":"repeat","background-position":"center center","background-size":"auto","background-attachment":"scroll","background-type":"","background-media":"","overlay-type":"","overlay-color":"","overlay-opacity":"","overlay-gradient":""},"tablet":{"background-color":"","background-image":"","background-repeat":"repeat","background-position":"center center","background-size":"auto","background-attachment":"scroll","background-type":"","background-media":"","overlay-type":"","overlay-color":"","overlay-opacity":"","overlay-gradient":""},"mobile":{"background-color":"","background-image":"","background-repeat":"repeat","background-position":"center center","background-size":"auto","background-attachment":"scroll","background-type":"","background-media":"","overlay-type":"","overlay-color":"","overlay-opacity":"","overlay-gradient":""}},"ast-content-background-meta":{"desktop":{"background-color":"var(--ast-global-color-5)","background-image":"","background-repeat":"repeat","background-position":"center center","background-size":"auto","background-attachment":"scroll","background-type":"","background-media":"","overlay-type":"","overlay-color":"","overlay-opacity":"","overlay-gradient":""},"tablet":{"background-color":"var(--ast-global-color-5)","background-image":"","background-repeat":"repeat","background-position":"center center","background-size":"auto","background-attachment":"scroll","background-type":"","background-media":"","overlay-type":"","overlay-color":"","overlay-opacity":"","overlay-gradient":""},"mobile":{"background-color":"var(--ast-global-color-5)","background-image":"","background-repeat":"repeat","background-position":"center center","background-size":"auto","background-attachment":"scroll","background-type":"","background-media":"","overlay-type":"","overlay-color":"","overlay-opacity":"","overlay-gradient":""}},"footnotes":""},"class_list":["post-9","page","type-page","status-publish","hentry"],"yoast_head":"<!-- This site is optimized with the Yoast SEO plugin v27.4 - https:\/\/yoast.com\/product\/yoast-seo-wordpress\/ -->\n<title>Returns Policy-Period Panties,Thong,G-Strings,Compression Sock<\/title>\n<meta name=\"description\" content=\"Understand our returns policy for period panties,thongs,G-strings,compression socks,and more. Shop confidently with our hassle-free returns.\" \/>\n<meta name=\"robots\" content=\"index, follow, max-snippet:-1, max-image-preview:large, max-video-preview:-1\" \/>\n<link rel=\"canonical\" href=\"https:\/\/yaxne.com\/da\/refusion_returneringer\/\" \/>\n<meta property=\"og:locale\" content=\"da_DK\" \/>\n<meta property=\"og:type\" content=\"article\" \/>\n<meta property=\"og:title\" content=\"Returns Policy-Period Panties,Thong,G-Strings,Compression Sock\" \/>\n<meta property=\"og:description\" content=\"Understand our returns policy for period panties,thongs,G-strings,compression socks,and more. Shop confidently with our hassle-free returns.\" \/>\n<meta property=\"og:url\" content=\"https:\/\/yaxne.com\/da\/refusion_returneringer\/\" \/>\n<meta property=\"og:site_name\" content=\"Yaxne\" \/>\n<meta property=\"article:modified_time\" content=\"2024-07-12T08:55:55+00:00\" \/>\n<meta name=\"twitter:card\" content=\"summary_large_image\" \/>\n<meta name=\"twitter:label1\" content=\"Estimeret l\u00e6setid\" \/>\n\t<meta name=\"twitter:data1\" content=\"3 minutter\" \/>\n<script type=\"application\/ld+json\" class=\"yoast-schema-graph\">{\"@context\":\"https:\\\/\\\/schema.org\",\"@graph\":[{\"@type\":\"WebPage\",\"@id\":\"https:\\\/\\\/yaxne.com\\\/refund_returns\\\/\",\"url\":\"https:\\\/\\\/yaxne.com\\\/refund_returns\\\/\",\"name\":\"Returns Policy-Period Panties,Thong,G-Strings,Compression Sock\",\"isPartOf\":{\"@id\":\"https:\\\/\\\/yaxne.com\\\/#website\"},\"datePublished\":\"2024-07-12T08:55:51+00:00\",\"dateModified\":\"2024-07-12T08:55:55+00:00\",\"description\":\"Understand our returns policy for period panties,thongs,G-strings,compression socks,and more. Shop confidently with our hassle-free returns.\",\"breadcrumb\":{\"@id\":\"https:\\\/\\\/yaxne.com\\\/refund_returns\\\/#breadcrumb\"},\"inLanguage\":\"da-DK\",\"potentialAction\":[{\"@type\":\"ReadAction\",\"target\":[\"https:\\\/\\\/yaxne.com\\\/refund_returns\\\/\"]}]},{\"@type\":\"BreadcrumbList\",\"@id\":\"https:\\\/\\\/yaxne.com\\\/refund_returns\\\/#breadcrumb\",\"itemListElement\":[{\"@type\":\"ListItem\",\"position\":1,\"name\":\"\u9996\u9875\",\"item\":\"https:\\\/\\\/yaxne.com\\\/\"},{\"@type\":\"ListItem\",\"position\":2,\"name\":\"Refund and Returns Policy\"}]},{\"@type\":\"WebSite\",\"@id\":\"https:\\\/\\\/yaxne.com\\\/#website\",\"url\":\"https:\\\/\\\/yaxne.com\\\/\",\"name\":\"yaxne.com\",\"description\":\"\",\"publisher\":{\"@id\":\"https:\\\/\\\/yaxne.com\\\/#organization\"},\"potentialAction\":[{\"@type\":\"SearchAction\",\"target\":{\"@type\":\"EntryPoint\",\"urlTemplate\":\"https:\\\/\\\/yaxne.com\\\/?s={search_term_string}\"},\"query-input\":{\"@type\":\"PropertyValueSpecification\",\"valueRequired\":true,\"valueName\":\"search_term_string\"}}],\"inLanguage\":\"da-DK\"},{\"@type\":\"Organization\",\"@id\":\"https:\\\/\\\/yaxne.com\\\/#organization\",\"name\":\"yaxne.com\",\"url\":\"https:\\\/\\\/yaxne.com\\\/\",\"logo\":{\"@type\":\"ImageObject\",\"inLanguage\":\"da-DK\",\"@id\":\"https:\\\/\\\/yaxne.com\\\/#\\\/schema\\\/logo\\\/image\\\/\",\"url\":\"https:\\\/\\\/yaxne.com\\\/wp-content\\\/uploads\\\/2024\\\/07\\\/logo.png\",\"contentUrl\":\"https:\\\/\\\/yaxne.com\\\/wp-content\\\/uploads\\\/2024\\\/07\\\/logo.png\",\"width\":967,\"height\":246,\"caption\":\"yaxne.com\"},\"image\":{\"@id\":\"https:\\\/\\\/yaxne.com\\\/#\\\/schema\\\/logo\\\/image\\\/\"}}]}<\/script>\n<!-- \/ Yoast SEO plugin. -->","yoast_head_json":{"title":"Returpolitik-Periodetrusser, g-streng, g-streng, kompressionsstr\u00f8mpe","description":"Forst\u00e5 vores returpolitik for menstruationstrusser, g-strenge, kompressionsstr\u00f8mper og meget mere. Shop trygt med vores problemfri returnering.","robots":{"index":"index","follow":"follow","max-snippet":"max-snippet:-1","max-image-preview":"max-image-preview:large","max-video-preview":"max-video-preview:-1"},"canonical":"https:\/\/yaxne.com\/da\/refusion_returneringer\/","og_locale":"da_DK","og_type":"article","og_title":"Returns Policy-Period Panties,Thong,G-Strings,Compression Sock","og_description":"Understand our returns policy for period panties,thongs,G-strings,compression socks,and more. Shop confidently with our hassle-free returns.","og_url":"https:\/\/yaxne.com\/da\/refusion_returneringer\/","og_site_name":"Yaxne","article_modified_time":"2024-07-12T08:55:55+00:00","twitter_card":"summary_large_image","twitter_misc":{"Estimeret l\u00e6setid":"3 minutter"},"schema":{"@context":"https:\/\/schema.org","@graph":[{"@type":"WebPage","@id":"https:\/\/yaxne.com\/refund_returns\/","url":"https:\/\/yaxne.com\/refund_returns\/","name":"Returpolitik-Periodetrusser, g-streng, g-streng, kompressionsstr\u00f8mpe","isPartOf":{"@id":"https:\/\/yaxne.com\/#website"},"datePublished":"2024-07-12T08:55:51+00:00","dateModified":"2024-07-12T08:55:55+00:00","description":"Forst\u00e5 vores returpolitik for menstruationstrusser, g-strenge, kompressionsstr\u00f8mper og meget mere. Shop trygt med vores problemfri returnering.","breadcrumb":{"@id":"https:\/\/yaxne.com\/refund_returns\/#breadcrumb"},"inLanguage":"da-DK","potentialAction":[{"@type":"ReadAction","target":["https:\/\/yaxne.com\/refund_returns\/"]}]},{"@type":"BreadcrumbList","@id":"https:\/\/yaxne.com\/refund_returns\/#breadcrumb","itemListElement":[{"@type":"ListItem","position":1,"name":"\u9996\u9875","item":"https:\/\/yaxne.com\/"},{"@type":"ListItem","position":2,"name":"Refund and Returns Policy"}]},{"@type":"WebSite","@id":"https:\/\/yaxne.com\/#website","url":"https:\/\/yaxne.com\/","name":"yaxne.com","description":"","publisher":{"@id":"https:\/\/yaxne.com\/#organization"},"potentialAction":[{"@type":"SearchAction","target":{"@type":"EntryPoint","urlTemplate":"https:\/\/yaxne.com\/?s={search_term_string}"},"query-input":{"@type":"PropertyValueSpecification","valueRequired":true,"valueName":"search_term_string"}}],"inLanguage":"da-DK"},{"@type":"Organization","@id":"https:\/\/yaxne.com\/#organization","name":"yaxne.com","url":"https:\/\/yaxne.com\/","logo":{"@type":"ImageObject","inLanguage":"da-DK","@id":"https:\/\/yaxne.com\/#\/schema\/logo\/image\/","url":"https:\/\/yaxne.com\/wp-content\/uploads\/2024\/07\/logo.png","contentUrl":"https:\/\/yaxne.com\/wp-content\/uploads\/2024\/07\/logo.png","width":967,"height":246,"caption":"yaxne.com"},"image":{"@id":"https:\/\/yaxne.com\/#\/schema\/logo\/image\/"}}]}},"uagb_featured_image_src":{"full":false,"thumbnail":false,"medium":false,"medium_large":false,"large":false,"1536x1536":false,"2048x2048":false,"trp-custom-language-flag":false,"woocommerce_thumbnail":false,"woocommerce_single":false,"woocommerce_gallery_thumbnail":false},"uagb_author_info":{"display_name":"tianke1223@gmail.com","author_link":"https:\/\/yaxne.com\/da\/author\/tianke1223gmail-com\/"},"uagb_comment_info":0,"uagb_excerpt":"Returns Returns &amp; Refunds policy You are entitled to cancel your order within 30 days without giving any reason for doing so. The deadline for canceling an order is 30 days from the date you received the goods or on which a third party you have appointed, who is not the carrier, takes possession of&hellip;","jetpack_sharing_enabled":true,"_links":{"self":[{"href":"https:\/\/yaxne.com\/da\/wp-json\/wp\/v2\/pages\/9","targetHints":{"allow":["GET"]}}],"collection":[{"href":"https:\/\/yaxne.com\/da\/wp-json\/wp\/v2\/pages"}],"about":[{"href":"https:\/\/yaxne.com\/da\/wp-json\/wp\/v2\/types\/page"}],"author":[{"embeddable":true,"href":"https:\/\/yaxne.com\/da\/wp-json\/wp\/v2\/users\/1"}],"replies":[{"embeddable":true,"href":"https:\/\/yaxne.com\/da\/wp-json\/wp\/v2\/comments?post=9"}],"version-history":[{"count":1,"href":"https:\/\/yaxne.com\/da\/wp-json\/wp\/v2\/pages\/9\/revisions"}],"predecessor-version":[{"id":2452,"href":"https:\/\/yaxne.com\/da\/wp-json\/wp\/v2\/pages\/9\/revisions\/2452"}],"wp:attachment":[{"href":"https:\/\/yaxne.com\/da\/wp-json\/wp\/v2\/media?parent=9"}],"curies":[{"name":"wp","href":"https:\/\/api.w.org\/{rel}","templated":true}]}}