{"id":3,"date":"2024-07-08T02:26:21","date_gmt":"2024-07-08T02:26:21","guid":{"rendered":"http:\/\/yaxne.com\/?page_id=3"},"modified":"2024-07-12T08:49:36","modified_gmt":"2024-07-12T08:49:36","slug":"privacy-policy","status":"publish","type":"page","link":"https:\/\/yaxne.com\/da\/privatlivspolitik\/","title":{"rendered":"Politik for beskyttelse af personlige oplysninger"},"content":{"rendered":"<h3 class=\"wp-block-heading\">Politik for beskyttelse af personlige oplysninger<\/h3>\n\n\n\n<p>Hjemmesiden Yaxne.com ejes af Yaxne, som er dataansvarlig for dine personoplysninger.<\/p>\n\n\n\n<p>Vi har vedtaget denne privatlivspolitik, som bestemmer, hvordan vi behandler de oplysninger, der indsamles af Yaxne.com, og som ogs\u00e5 angiver \u00e5rsagerne til, at vi skal indsamle visse personlige data om dig. Derfor skal du l\u00e6se denne fortrolighedspolitik, f\u00f8r du bruger Yaxne.com's websted.<\/p>\n\n\n\n<p>Vi passer p\u00e5 dine personlige data og forpligter os til at garantere deres fortrolighed og sikkerhed.<\/p>\n\n\n\n<h6 class=\"wp-block-heading\"><strong>Personlige oplysninger, vi indsamler:<\/strong><\/h6>\n\n\n\n<p>N\u00e5r du bes\u00f8ger Yaxne.com, indsamler vi automatisk visse oplysninger om din enhed, herunder oplysninger om din webbrowser, IP-adresse, tidszone og nogle af de cookies, der er installeret p\u00e5 din enhed. N\u00e5r du surfer p\u00e5 webstedet, indsamler vi desuden oplysninger om de enkelte websider eller produkter, du ser, hvilke websteder eller s\u00f8getermer, der henviste dig til webstedet, og hvordan du interagerer med webstedet. Vi henviser til disse automatisk indsamlede oplysninger som \"Enhedsoplysninger\". Desuden kan vi indsamle de personoplysninger, du giver os (herunder, men ikke begr\u00e6nset til, navn, efternavn, adresse, betalingsoplysninger osv.) under registreringen for at kunne opfylde aftalen.<\/p>\n\n\n\n<h6 class=\"wp-block-heading\"><strong>Hvorfor behandler vi dine data?<\/strong><\/h6>\n\n\n\n<p>Vores h\u00f8jeste prioritet er kundedatasikkerhed, og derfor m\u00e5 vi kun behandle minimale brugerdata og kun s\u00e5 meget, som det er absolut n\u00f8dvendigt for at vedligeholde webstedet. Oplysninger, der indsamles automatisk, bruges kun til at identificere potentielle tilf\u00e6lde af misbrug og etablere statistiske oplysninger om brug af webstedet. Disse statistiske oplysninger aggregeres ikke p\u00e5 en s\u00e5dan m\u00e5de, at de kan identificere en bestemt bruger af systemet.<\/p>\n\n\n\n<p>Du kan bes\u00f8ge webstedet uden at fort\u00e6lle os, hvem du er, eller afsl\u00f8re oplysninger, der kan identificere dig som en bestemt, identificerbar person. Hvis du imidlertid \u00f8nsker at bruge nogle af webstedets funktioner, eller hvis du \u00f8nsker at modtage vores nyhedsbrev eller give andre oplysninger ved at udfylde en formular, kan du give os personlige data, s\u00e5som din e-mail, fornavn, efternavn, bop\u00e6lsby, organisation, telefonnummer. Du kan v\u00e6lge ikke at give os dine personlige data, men s\u00e5 kan du muligvis ikke drage fordel af nogle af webstedets funktioner. For eksempel vil du ikke kunne modtage vores nyhedsbrev eller kontakte os direkte fra hjemmesiden. Brugere, der er usikre p\u00e5, hvilke oplysninger der er obligatoriske, er velkomne til at kontakte os via <a target=\"_blank\" href=\"mailto:tianke1223@gmail.com\" rel=\"noreferrer noopener\">tianke1223@gmail.com<\/a>.<\/p>\n\n\n\n<h6 class=\"wp-block-heading\"><strong>Dine rettigheder:<\/strong><\/h6>\n\n\n\n<p>Hvis du er bosiddende i Europa, har du f\u00f8lgende rettigheder i forbindelse med dine personoplysninger:<\/p>\n\n\n\n<ul class=\"wp-block-list\">\n<li>Retten til at blive informeret.<\/li>\n\n\n\n<li>Retten til adgang.<\/li>\n\n\n\n<li>Retten til berigtigelse.<\/li>\n\n\n\n<li>Retten til sletning.<\/li>\n\n\n\n<li>Retten til at begr\u00e6nse behandlingen.<\/li>\n\n\n\n<li>Retten til dataportabilitet.<\/li>\n\n\n\n<li>Retten til at g\u00f8re indsigelse.<\/li>\n\n\n\n<li>Rettigheder i forbindelse med automatiseret beslutningstagning og profilering.<\/li>\n<\/ul>\n\n\n\n<p>Hvis du vil g\u00f8re brug af denne ret, bedes du kontakte os via nedenst\u00e5ende kontaktoplysninger.<\/p>\n\n\n\n<p>Hvis du er bosiddende i Europa, bem\u00e6rker vi desuden, at vi behandler dine oplysninger for at opfylde kontrakter, vi m\u00e5tte have med dig (f.eks. hvis du foretager en bestilling via webstedet), eller p\u00e5 anden m\u00e5de for at forf\u00f8lge vores legitime forretningsinteresser, der er anf\u00f8rt ovenfor. Bem\u00e6rk desuden, at dine oplysninger kan blive overf\u00f8rt til lande uden for Europa, herunder Canada og USA.<\/p>\n\n\n\n<h6 class=\"wp-block-heading\"><strong>Links til andre hjemmesider:<\/strong><\/h6>\n\n\n\n<p>Vores hjemmeside kan indeholde links til andre hjemmesider, der ikke ejes eller kontrolleres af os. V\u00e6r opm\u00e6rksom p\u00e5, at vi ikke er ansvarlige for s\u00e5danne andre hjemmesider eller tredjeparters praksis for beskyttelse af personlige oplysninger. Vi opfordrer dig til at v\u00e6re opm\u00e6rksom, n\u00e5r du forlader vores websted, og l\u00e6se fortrolighedserkl\u00e6ringerne p\u00e5 hvert websted, der kan indsamle personlige oplysninger.<\/p>\n\n\n\n<h6 class=\"wp-block-heading\"><strong>Informationssikkerhed:<\/strong><\/h6>\n\n\n\n<p>Vi sikrer de oplysninger, du giver os, p\u00e5 computerservere i et kontrolleret, sikkert milj\u00f8, der er beskyttet mod uautoriseret adgang, brug eller videregivelse. Vi tr\u00e6ffer rimelige administrative, tekniske og fysiske sikkerhedsforanstaltninger for at beskytte mod uautoriseret adgang, brug, \u00e6ndring og videregivelse af personlige data under vores kontrol og varet\u00e6gt. Ingen datatransmission over internettet eller tr\u00e5dl\u00f8se netv\u00e6rk kan dog garanteres.<\/p>\n\n\n\n<h6 class=\"wp-block-heading\"><strong>Juridisk oplysning:<\/strong><\/h6>\n\n\n\n<p>Vi videregiver alle oplysninger, vi indsamler, bruger eller modtager, hvis det er p\u00e5kr\u00e6vet eller tilladt ved lov, f.eks. for at overholde en st\u00e6vning eller lignende juridisk proces, og n\u00e5r vi i god tro mener, at videregivelse er n\u00f8dvendig for at beskytte vores rettigheder, beskytte din eller andres sikkerhed, unders\u00f8ge bedrageri eller reagere p\u00e5 en regeringsanmodning.<\/p>\n\n\n\n<h6 class=\"wp-block-heading\"><strong>Kontaktoplysninger:<\/strong><\/h6>\n\n\n\n<p>Hvis du gerne vil kontakte os for at forst\u00e5 mere om denne politik eller \u00f8nsker at kontakte os vedr\u00f8rende ethvert sp\u00f8rgsm\u00e5l, der vedr\u00f8rer individuelle rettigheder og dine personlige oplysninger, kan du sende en e-mail til <a target=\"_blank\" href=\"mailto:tianke1223@gmail.com\" rel=\"noreferrer noopener\">tianke1223@gmail.com<\/a>.<\/p>","protected":false},"excerpt":{"rendered":"<p>Privacy Policy Yaxne.com website is owned by Yaxne, which is a data controller of your personal data. We have adopted this Privacy Policy, which determines how we are processing the information collected by Yaxne.com, which also provides the reasons why we must collect certain personal data about you. Therefore, you must read this Privacy Policy [&hellip;]<\/p>\n","protected":false},"author":1,"featured_media":0,"parent":0,"menu_order":0,"comment_status":"closed","ping_status":"open","template":"","meta":{"_uag_custom_page_level_css":"","site-sidebar-layout":"default","site-content-layout":"","ast-site-content-layout":"default","site-content-style":"default","site-sidebar-style":"default","ast-global-header-display":"","ast-banner-title-visibility":"","ast-main-header-display":"","ast-hfb-above-header-display":"","ast-hfb-below-header-display":"","ast-hfb-mobile-header-display":"","site-post-title":"","ast-breadcrumbs-content":"","ast-featured-img":"","footer-sml-layout":"","ast-disable-related-posts":"","theme-transparent-header-meta":"","adv-header-id-meta":"","stick-header-meta":"","header-above-stick-meta":"","header-main-stick-meta":"","header-below-stick-meta":"","astra-migrate-meta-layouts":"set","ast-page-background-enabled":"default","ast-page-background-meta":{"desktop":{"background-color":"var(--ast-global-color-4)","background-image":"","background-repeat":"repeat","background-position":"center center","background-size":"auto","background-attachment":"scroll","background-type":"","background-media":"","overlay-type":"","overlay-color":"","overlay-opacity":"","overlay-gradient":""},"tablet":{"background-color":"","background-image":"","background-repeat":"repeat","background-position":"center center","background-size":"auto","background-attachment":"scroll","background-type":"","background-media":"","overlay-type":"","overlay-color":"","overlay-opacity":"","overlay-gradient":""},"mobile":{"background-color":"","background-image":"","background-repeat":"repeat","background-position":"center center","background-size":"auto","background-attachment":"scroll","background-type":"","background-media":"","overlay-type":"","overlay-color":"","overlay-opacity":"","overlay-gradient":""}},"ast-content-background-meta":{"desktop":{"background-color":"var(--ast-global-color-5)","background-image":"","background-repeat":"repeat","background-position":"center center","background-size":"auto","background-attachment":"scroll","background-type":"","background-media":"","overlay-type":"","overlay-color":"","overlay-opacity":"","overlay-gradient":""},"tablet":{"background-color":"var(--ast-global-color-5)","background-image":"","background-repeat":"repeat","background-position":"center center","background-size":"auto","background-attachment":"scroll","background-type":"","background-media":"","overlay-type":"","overlay-color":"","overlay-opacity":"","overlay-gradient":""},"mobile":{"background-color":"var(--ast-global-color-5)","background-image":"","background-repeat":"repeat","background-position":"center center","background-size":"auto","background-attachment":"scroll","background-type":"","background-media":"","overlay-type":"","overlay-color":"","overlay-opacity":"","overlay-gradient":""}},"footnotes":""},"class_list":["post-3","page","type-page","status-publish","hentry"],"yoast_head":"<!-- This site is optimized with the Yoast SEO plugin v27.4 - https:\/\/yoast.com\/product\/yoast-seo-wordpress\/ -->\n<title>Privacy Policy-Period Panties,G-Strings,Thongs,Compression Sock<\/title>\n<meta name=\"description\" content=\"Learn how we protect your privacy when you shop for period panties,thongs,G-strings, and compression socks.Your data security is our priority.\" \/>\n<meta name=\"robots\" content=\"index, follow, max-snippet:-1, max-image-preview:large, max-video-preview:-1\" \/>\n<link rel=\"canonical\" href=\"https:\/\/yaxne.com\/da\/privatlivspolitik\/\" \/>\n<meta property=\"og:locale\" content=\"da_DK\" \/>\n<meta property=\"og:type\" content=\"article\" \/>\n<meta property=\"og:title\" content=\"Privacy Policy-Period Panties,G-Strings,Thongs,Compression Sock\" \/>\n<meta property=\"og:description\" content=\"Learn how we protect your privacy when you shop for period panties,thongs,G-strings, and compression socks.Your data security is our priority.\" \/>\n<meta property=\"og:url\" content=\"https:\/\/yaxne.com\/da\/privatlivspolitik\/\" \/>\n<meta property=\"og:site_name\" content=\"Yaxne\" \/>\n<meta property=\"article:modified_time\" content=\"2024-07-12T08:49:36+00:00\" \/>\n<meta name=\"twitter:card\" content=\"summary_large_image\" \/>\n<meta name=\"twitter:label1\" content=\"Estimeret l\u00e6setid\" \/>\n\t<meta name=\"twitter:data1\" content=\"5 minutter\" \/>\n<script type=\"application\/ld+json\" class=\"yoast-schema-graph\">{\"@context\":\"https:\\\/\\\/schema.org\",\"@graph\":[{\"@type\":\"WebPage\",\"@id\":\"https:\\\/\\\/yaxne.com\\\/privacy-policy\\\/\",\"url\":\"https:\\\/\\\/yaxne.com\\\/privacy-policy\\\/\",\"name\":\"Privacy Policy-Period Panties,G-Strings,Thongs,Compression Sock\",\"isPartOf\":{\"@id\":\"https:\\\/\\\/yaxne.com\\\/#website\"},\"datePublished\":\"2024-07-08T02:26:21+00:00\",\"dateModified\":\"2024-07-12T08:49:36+00:00\",\"description\":\"Learn how we protect your privacy when you shop for period panties,thongs,G-strings, and compression socks.Your data security is our priority.\",\"breadcrumb\":{\"@id\":\"https:\\\/\\\/yaxne.com\\\/privacy-policy\\\/#breadcrumb\"},\"inLanguage\":\"da-DK\",\"potentialAction\":[{\"@type\":\"ReadAction\",\"target\":[\"https:\\\/\\\/yaxne.com\\\/privacy-policy\\\/\"]}]},{\"@type\":\"BreadcrumbList\",\"@id\":\"https:\\\/\\\/yaxne.com\\\/privacy-policy\\\/#breadcrumb\",\"itemListElement\":[{\"@type\":\"ListItem\",\"position\":1,\"name\":\"\u9996\u9875\",\"item\":\"https:\\\/\\\/yaxne.com\\\/\"},{\"@type\":\"ListItem\",\"position\":2,\"name\":\"Privacy Policy\"}]},{\"@type\":\"WebSite\",\"@id\":\"https:\\\/\\\/yaxne.com\\\/#website\",\"url\":\"https:\\\/\\\/yaxne.com\\\/\",\"name\":\"yaxne.com\",\"description\":\"\",\"publisher\":{\"@id\":\"https:\\\/\\\/yaxne.com\\\/#organization\"},\"potentialAction\":[{\"@type\":\"SearchAction\",\"target\":{\"@type\":\"EntryPoint\",\"urlTemplate\":\"https:\\\/\\\/yaxne.com\\\/?s={search_term_string}\"},\"query-input\":{\"@type\":\"PropertyValueSpecification\",\"valueRequired\":true,\"valueName\":\"search_term_string\"}}],\"inLanguage\":\"da-DK\"},{\"@type\":\"Organization\",\"@id\":\"https:\\\/\\\/yaxne.com\\\/#organization\",\"name\":\"yaxne.com\",\"url\":\"https:\\\/\\\/yaxne.com\\\/\",\"logo\":{\"@type\":\"ImageObject\",\"inLanguage\":\"da-DK\",\"@id\":\"https:\\\/\\\/yaxne.com\\\/#\\\/schema\\\/logo\\\/image\\\/\",\"url\":\"https:\\\/\\\/yaxne.com\\\/wp-content\\\/uploads\\\/2024\\\/07\\\/logo.png\",\"contentUrl\":\"https:\\\/\\\/yaxne.com\\\/wp-content\\\/uploads\\\/2024\\\/07\\\/logo.png\",\"width\":967,\"height\":246,\"caption\":\"yaxne.com\"},\"image\":{\"@id\":\"https:\\\/\\\/yaxne.com\\\/#\\\/schema\\\/logo\\\/image\\\/\"}}]}<\/script>\n<!-- \/ Yoast SEO plugin. -->","yoast_head_json":{"title":"Fortrolighedspolitik-Periodetrusser, G-strenge, g-strenge, kompressionsstr\u00f8mper","description":"Se, hvordan vi beskytter dit privatliv, n\u00e5r du handler menstruationstrusser, g-strenge og kompressionsstr\u00f8mper. Din datasikkerhed er vores prioritet.","robots":{"index":"index","follow":"follow","max-snippet":"max-snippet:-1","max-image-preview":"max-image-preview:large","max-video-preview":"max-video-preview:-1"},"canonical":"https:\/\/yaxne.com\/da\/privatlivspolitik\/","og_locale":"da_DK","og_type":"article","og_title":"Privacy Policy-Period Panties,G-Strings,Thongs,Compression Sock","og_description":"Learn how we protect your privacy when you shop for period panties,thongs,G-strings, and compression socks.Your data security is our priority.","og_url":"https:\/\/yaxne.com\/da\/privatlivspolitik\/","og_site_name":"Yaxne","article_modified_time":"2024-07-12T08:49:36+00:00","twitter_card":"summary_large_image","twitter_misc":{"Estimeret l\u00e6setid":"5 minutter"},"schema":{"@context":"https:\/\/schema.org","@graph":[{"@type":"WebPage","@id":"https:\/\/yaxne.com\/privacy-policy\/","url":"https:\/\/yaxne.com\/privacy-policy\/","name":"Fortrolighedspolitik-Periodetrusser, G-strenge, g-strenge, kompressionsstr\u00f8mper","isPartOf":{"@id":"https:\/\/yaxne.com\/#website"},"datePublished":"2024-07-08T02:26:21+00:00","dateModified":"2024-07-12T08:49:36+00:00","description":"Se, hvordan vi beskytter dit privatliv, n\u00e5r du handler menstruationstrusser, g-strenge og kompressionsstr\u00f8mper. Din datasikkerhed er vores prioritet.","breadcrumb":{"@id":"https:\/\/yaxne.com\/privacy-policy\/#breadcrumb"},"inLanguage":"da-DK","potentialAction":[{"@type":"ReadAction","target":["https:\/\/yaxne.com\/privacy-policy\/"]}]},{"@type":"BreadcrumbList","@id":"https:\/\/yaxne.com\/privacy-policy\/#breadcrumb","itemListElement":[{"@type":"ListItem","position":1,"name":"\u9996\u9875","item":"https:\/\/yaxne.com\/"},{"@type":"ListItem","position":2,"name":"Privacy Policy"}]},{"@type":"WebSite","@id":"https:\/\/yaxne.com\/#website","url":"https:\/\/yaxne.com\/","name":"yaxne.com","description":"","publisher":{"@id":"https:\/\/yaxne.com\/#organization"},"potentialAction":[{"@type":"SearchAction","target":{"@type":"EntryPoint","urlTemplate":"https:\/\/yaxne.com\/?s={search_term_string}"},"query-input":{"@type":"PropertyValueSpecification","valueRequired":true,"valueName":"search_term_string"}}],"inLanguage":"da-DK"},{"@type":"Organization","@id":"https:\/\/yaxne.com\/#organization","name":"yaxne.com","url":"https:\/\/yaxne.com\/","logo":{"@type":"ImageObject","inLanguage":"da-DK","@id":"https:\/\/yaxne.com\/#\/schema\/logo\/image\/","url":"https:\/\/yaxne.com\/wp-content\/uploads\/2024\/07\/logo.png","contentUrl":"https:\/\/yaxne.com\/wp-content\/uploads\/2024\/07\/logo.png","width":967,"height":246,"caption":"yaxne.com"},"image":{"@id":"https:\/\/yaxne.com\/#\/schema\/logo\/image\/"}}]}},"uagb_featured_image_src":{"full":false,"thumbnail":false,"medium":false,"medium_large":false,"large":false,"1536x1536":false,"2048x2048":false,"trp-custom-language-flag":false,"woocommerce_thumbnail":false,"woocommerce_single":false,"woocommerce_gallery_thumbnail":false},"uagb_author_info":{"display_name":"tianke1223@gmail.com","author_link":"https:\/\/yaxne.com\/da\/author\/tianke1223gmail-com\/"},"uagb_comment_info":0,"uagb_excerpt":"Privacy Policy Yaxne.com website is owned by Yaxne, which is a data controller of your personal data. We have adopted this Privacy Policy, which determines how we are processing the information collected by Yaxne.com, which also provides the reasons why we must collect certain personal data about you. Therefore, you must read this Privacy Policy&hellip;","jetpack_sharing_enabled":true,"_links":{"self":[{"href":"https:\/\/yaxne.com\/da\/wp-json\/wp\/v2\/pages\/3","targetHints":{"allow":["GET"]}}],"collection":[{"href":"https:\/\/yaxne.com\/da\/wp-json\/wp\/v2\/pages"}],"about":[{"href":"https:\/\/yaxne.com\/da\/wp-json\/wp\/v2\/types\/page"}],"author":[{"embeddable":true,"href":"https:\/\/yaxne.com\/da\/wp-json\/wp\/v2\/users\/1"}],"replies":[{"embeddable":true,"href":"https:\/\/yaxne.com\/da\/wp-json\/wp\/v2\/comments?post=3"}],"version-history":[{"count":2,"href":"https:\/\/yaxne.com\/da\/wp-json\/wp\/v2\/pages\/3\/revisions"}],"predecessor-version":[{"id":2451,"href":"https:\/\/yaxne.com\/da\/wp-json\/wp\/v2\/pages\/3\/revisions\/2451"}],"wp:attachment":[{"href":"https:\/\/yaxne.com\/da\/wp-json\/wp\/v2\/media?parent=3"}],"curies":[{"name":"wp","href":"https:\/\/api.w.org\/{rel}","templated":true}]}}