{"id":2455,"date":"2024-07-12T09:08:51","date_gmt":"2024-07-12T09:08:51","guid":{"rendered":"https:\/\/yaxne.com\/?page_id=2455"},"modified":"2024-07-12T09:18:19","modified_gmt":"2024-07-12T09:18:19","slug":"terms-and-conditions","status":"publish","type":"page","link":"https:\/\/yaxne.com\/da\/vilkar-og-betingelser\/","title":{"rendered":"Vilk\u00e5r og betingelser"},"content":{"rendered":"<h3 class=\"wp-block-heading\">Vilk\u00e5r og betingelser<\/h3>\n\n\n\n<p>Velkommen til Yaxne.com!<\/p>\n\n\n\n<p>Disse vilk\u00e5r og betingelser beskriver regler og bestemmelser for brugen af Yaxnes websted, der ligger p\u00e5 <a href=\"http:\/\/Yaxne.COM\" target=\"_blank\" rel=\"noreferrer noopener\">https:\/\/Yaxne.com<\/a>.<\/p>\n\n\n\n<p>Ved at g\u00e5 ind p\u00e5 dette websted antager vi, at du accepterer disse vilk\u00e5r og betingelser. Forts\u00e6t ikke med at bruge Yaxne.com, hvis du ikke accepterer alle de vilk\u00e5r og betingelser, der er angivet p\u00e5 denne side.<\/p>\n\n\n\n<h6 class=\"wp-block-heading\">Cookies:<\/h6>\n\n\n\n<p>Hjemmesiden bruger cookies til at g\u00f8re din onlineoplevelse mere personlig. Ved at g\u00e5 ind p\u00e5 Yaxne.com accepterer du at bruge de n\u00f8dvendige cookies.<\/p>\n\n\n\n<p>En cookie er en tekstfil, der placeres p\u00e5 din harddisk af en websideserver. Cookies kan ikke bruges til at k\u00f8re programmer eller levere virus til din computer. Cookies er unikt tildelt dig og kan kun l\u00e6ses af en webserver i det dom\u00e6ne, der udstedte cookien til dig.<\/p>\n\n\n\n<p>Vi kan bruge cookies til at indsamle, gemme og spore oplysninger til statistiske eller markedsf\u00f8ringsm\u00e6ssige form\u00e5l for at drive vores websted. Du har mulighed for at acceptere eller afvise valgfrie cookies. Der er nogle p\u00e5kr\u00e6vede cookies, som er n\u00f8dvendige for driften af vores hjemmeside. Disse cookies kr\u00e6ver ikke dit samtykke, da de altid fungerer. V\u00e6r opm\u00e6rksom p\u00e5, at du ved at acceptere p\u00e5kr\u00e6vede cookies ogs\u00e5 accepterer tredjepartscookies, som kan blive brugt via tredjepartstjenester, hvis du bruger s\u00e5danne tjenester p\u00e5 vores hjemmeside, f.eks. et videovindue, der leveres af tredjepart og er integreret i vores hjemmeside.<\/p>\n\n\n\n<h6 class=\"wp-block-heading\">Licens:<\/h6>\n\n\n\n<p>Medmindre andet er angivet, ejer Yaxne og\/eller dets licensgivere de intellektuelle ejendomsrettigheder til alt materiale p\u00e5 Yaxne.com. Alle intellektuelle ejendomsrettigheder er forbeholdt. Du kan f\u00e5 adgang til dette fra Yaxne.com til din egen personlige brug underlagt de begr\u00e6nsninger, der er fastsat i disse vilk\u00e5r og betingelser.<\/p>\n\n\n\n<p>Det m\u00e5 du ikke:<\/p>\n\n\n\n<ul class=\"wp-block-list\">\n<li>Kopier eller genudgiv materiale fra Yaxne.com<\/li>\n\n\n\n<li>S\u00e6lge, udleje eller underlicensere materiale fra Yaxne.com<\/li>\n\n\n\n<li>Reproducere, duplikere eller kopiere materiale fra Yaxne.com<\/li>\n\n\n\n<li>Videreformidl indhold fra Yaxne.com<\/li>\n<\/ul>\n\n\n\n<p>Denne aftale tr\u00e6der i kraft p\u00e5 datoen herfor.<\/p>\n\n\n\n<p>Dele af dette websted giver brugerne mulighed for at sende og udveksle meninger og oplysninger i visse omr\u00e5der af webstedet. Yaxne filtrerer, redigerer, offentligg\u00f8r eller gennemg\u00e5r ikke kommentarer, f\u00f8r de vises p\u00e5 hjemmesiden. Kommentarer afspejler ikke Yaxnes, dets agenters og\/eller tilknyttede selskabers synspunkter og meninger. Kommentarer afspejler synspunkter og meninger hos den person, der poster deres synspunkter og meninger. I det omfang det er tilladt i henhold til g\u00e6ldende lovgivning, er Yaxne ikke ansvarlig for kommentarerne eller noget ansvar, skader eller udgifter for\u00e5rsaget og\/eller lidt som f\u00f8lge af nogen brug af og\/eller udstationering af og\/eller udseende af kommentarerne p\u00e5 dette websted.<\/p>\n\n\n\n<p>Yaxne forbeholder sig ret til at overv\u00e5ge alle kommentarer og fjerne alle kommentarer, der kan betragtes som upassende, st\u00f8dende eller for\u00e5rsager overtr\u00e6delse af disse vilk\u00e5r og betingelser.<\/p>\n\n\n\n<p>Du garanterer og erkl\u00e6rer, at:<\/p>\n\n\n\n<ul class=\"wp-block-list\">\n<li>Du har ret til at l\u00e6gge kommentarer ud p\u00e5 vores hjemmeside og har alle n\u00f8dvendige licenser og tilladelser til at g\u00f8re det;<\/li>\n\n\n\n<li>Kommentarerne kr\u00e6nker ikke nogen intellektuel ejendomsret, herunder uden begr\u00e6nsning ophavsret, patent eller varem\u00e6rke tilh\u00f8rende nogen tredjepart;<\/li>\n\n\n\n<li>Kommentarerne indeholder ikke \u00e6rekr\u00e6nkende, injurierende, st\u00f8dende, uanst\u00e6ndigt eller p\u00e5 anden m\u00e5de ulovligt materiale, som er en kr\u00e6nkelse af privatlivets fred.<\/li>\n\n\n\n<li>Kommentarerne vil ikke blive brugt til at anmode om eller fremme forretning eller skik eller pr\u00e6sentere kommercielle aktiviteter eller ulovlig aktivitet.<\/li>\n<\/ul>\n\n\n\n<p>Du giver hermed Yaxne en ikke-eksklusiv licens til at bruge, gengive, redigere og autorisere andre til at bruge, gengive og redigere alle dine kommentarer i alle former, formater eller medier.<\/p>\n\n\n\n<h6 class=\"wp-block-heading\">Hyperlink til vores indhold:<\/h6>\n\n\n\n<p>F\u00f8lgende organisationer kan linke til vores hjemmeside uden forudg\u00e5ende skriftlig godkendelse:<\/p>\n\n\n\n<ul class=\"wp-block-list\">\n<li>Offentlige myndigheder;<\/li>\n\n\n\n<li>S\u00f8gemaskiner;<\/li>\n\n\n\n<li>Nyhedsorganisationer;<\/li>\n\n\n\n<li>Online katalogdistribut\u00f8rer kan linke til vores hjemmeside p\u00e5 samme m\u00e5de, som de hyperlinker til andre listede virksomheders hjemmesider; og<\/li>\n\n\n\n<li>Akkrediterede virksomheder, der d\u00e6kker hele systemet, undtagen velg\u00f8rende nonprofitorganisationer, velg\u00f8renhedsindk\u00f8bscentre og velg\u00f8renhedsindsamlingsgrupper, som ikke m\u00e5 hyperlinke til vores websted.<\/li>\n<\/ul>\n\n\n\n<p>Disse organisationer kan linke til vores hjemmeside, til publikationer eller til andre oplysninger p\u00e5 hjemmesiden, s\u00e5 l\u00e6nge linket: (a) ikke p\u00e5 nogen m\u00e5de er vildledende; (b) ikke fejlagtigt antyder sponsorering, st\u00f8tte eller godkendelse af den linkende part og dens produkter og\/eller tjenester; og (c) passer ind i sammenh\u00e6ngen p\u00e5 den linkende parts websted.<\/p>\n\n\n\n<p>Vi kan overveje og godkende andre linkanmodninger fra f\u00f8lgende typer organisationer:<\/p>\n\n\n\n<ul class=\"wp-block-list\">\n<li>Almindeligt kendte informationskilder for forbrugere og\/eller virksomheder;<\/li>\n\n\n\n<li><a href=\"http:\/\/dot.com\/\" target=\"_blank\" rel=\"noreferrer noopener\">Dot.com<\/a> samfundssteder;<\/li>\n\n\n\n<li>Foreninger eller andre grupper, der repr\u00e6senterer velg\u00f8renhedsorganisationer;<\/li>\n\n\n\n<li>Online katalogdistribut\u00f8rer;<\/li>\n\n\n\n<li>Internetportaler;<\/li>\n\n\n\n<li>Regnskabs-, advokat- og konsulentfirmaer; og<\/li>\n\n\n\n<li>Uddannelsesinstitutioner og brancheforeninger.<\/li>\n<\/ul>\n\n\n\n<p>Vi vil godkende linkanmodninger fra disse organisationer, hvis vi beslutter, at: (a) linket ikke vil stille os eller vores akkrediterede virksomheder i et d\u00e5rligt lys; (b) organisationen ikke har nogen negativ historie med os; (c) fordelen for os ved synligheden af hyperlinket opvejer frav\u00e6ret af Yaxne; og (d) linket er i forbindelse med generel ressourceinformation.<\/p>\n\n\n\n<p>Disse organisationer kan linke til vores hjemmeside, s\u00e5 l\u00e6nge linket: (a) ikke p\u00e5 nogen m\u00e5de er vildledende; (b) ikke fejlagtigt antyder sponsorering, st\u00f8tte eller godkendelse af den linkende part og dens produkter eller tjenester; og (c) passer ind i sammenh\u00e6ngen med den linkende parts websted.<\/p>\n\n\n\n<p>Hvis du er en af de organisationer, der er anf\u00f8rt i afsnit 2 ovenfor, og er interesseret i at linke til vores websted, skal du informere os ved at sende en e-mail til Yaxne. Inkluder venligst dit navn, din organisations navn, kontaktoplysninger samt URL'en til dit websted, en liste over alle URL'er, hvorfra du har til hensigt at linke til vores websted, og en liste over de URL'er p\u00e5 vores websted, som du gerne vil linke til. Vent 2-3 uger p\u00e5 svar.<\/p>\n\n\n\n<p>Godkendte organisationer kan hyperlinke til vores hjemmeside p\u00e5 f\u00f8lgende m\u00e5de:<\/p>\n\n\n\n<ul class=\"wp-block-list\">\n<li>Ved brug af vores firmanavn; eller<\/li>\n\n\n\n<li>Ved brug af den uniform resource locator, der linkes til; eller<\/li>\n\n\n\n<li>Brug af enhver anden beskrivelse af vores websted, der linkes til, som giver mening inden for konteksten og formatet af indholdet p\u00e5 den linkende parts websted.<\/li>\n<\/ul>\n\n\n\n<p>Ingen brug af Yaxnes logo eller andre illustrationer vil blive tilladt til linking uden en varem\u00e6rkelicensaftale.<\/p>\n\n\n\n<h6 class=\"wp-block-heading\">Ansvar for indhold:<\/h6>\n\n\n\n<p>Vi kan ikke holdes ansvarlige for noget indhold, der vises p\u00e5 din hjemmeside. Du accepterer at beskytte og forsvare os mod alle krav, der rejses p\u00e5 din hjemmeside. Der m\u00e5 ikke vises link(s) p\u00e5 nogen hjemmeside, der kan fortolkes som injurierende, uanst\u00e6ndigt eller kriminelt, eller som kr\u00e6nker, p\u00e5 anden m\u00e5de overtr\u00e6der eller opfordrer til kr\u00e6nkelse eller anden overtr\u00e6delse af tredjeparts rettigheder.<\/p>\n\n\n\n<h6 class=\"wp-block-heading\">Forbehold for rettigheder:<\/h6>\n\n\n\n<p>Vi forbeholder os ret til at anmode om, at du fjerner alle links eller et bestemt link til vores websted. Du godkender straks at fjerne alle links til vores websted efter anmodning. Vi forbeholder os ogs\u00e5 ret til at \u00e6ndre disse vilk\u00e5r og betingelser og dens linkpolitik til enhver tid. Ved l\u00f8bende at linke til vores websted accepterer du at v\u00e6re bundet til og f\u00f8lge disse linkbetingelser.<\/p>\n\n\n\n<h6 class=\"wp-block-heading\">Fjernelse af links fra vores hjemmeside:<\/h6>\n\n\n\n<p>Hvis du finder et link p\u00e5 vores websted, der af en eller anden grund er st\u00f8dende, er du velkommen til at kontakte og informere os p\u00e5 et hvilket som helst tidspunkt. Vi vil overveje anmodninger om at fjerne links, men vi er ikke forpligtet til at g\u00f8re det eller til at svare dig direkte.<\/p>\n\n\n\n<p>Vi sikrer ikke, at oplysningerne p\u00e5 dette websted er korrekte. Vi garanterer ikke for deres fuldst\u00e6ndighed eller n\u00f8jagtighed, og vi lover heller ikke at sikre, at webstedet forbliver tilg\u00e6ngeligt, eller at materialet p\u00e5 webstedet holdes opdateret.<\/p>\n\n\n\n<h6 class=\"wp-block-heading\">Ansvarsfraskrivelse:<\/h6>\n\n\n\n<p>I det maksimale omfang, det er tilladt i henhold til g\u00e6ldende lov, udelukker vi alle erkl\u00e6ringer, garantier og betingelser i forbindelse med vores websted og brugen af dette websted. Intet i denne ansvarsfraskrivelse vil:<\/p>\n\n\n\n<ul class=\"wp-block-list\">\n<li>Begr\u00e6nse eller udelukke vores eller dit ansvar for d\u00f8d eller personskade;<\/li>\n\n\n\n<li>Begr\u00e6nse eller udelukke vores eller dit ansvar for bedrageri eller svigagtig vildledning;<\/li>\n\n\n\n<li>Begr\u00e6nse noget af vores eller dit ansvar p\u00e5 nogen m\u00e5de, der ikke er tilladt i henhold til g\u00e6ldende lov; eller<\/li>\n\n\n\n<li>Udelukke ethvert af vores eller dine forpligtelser, der ikke kan udelukkes i henhold til g\u00e6ldende lov.<\/li>\n<\/ul>\n\n\n\n<p>De begr\u00e6nsninger og forbud mod ansvar, der er fastsat i dette afsnit og andre steder i denne ansvarsfraskrivelse: (a) er underlagt det foreg\u00e5ende afsnit; og (b) regulerer alle forpligtelser, der opst\u00e5r i henhold til ansvarsfraskrivelsen, herunder forpligtelser, der opst\u00e5r i kontrakt, i erstatning og for brud p\u00e5 lovbestemt pligt.<\/p>\n\n\n\n<p>S\u00e5 l\u00e6nge webstedet og oplysningerne og tjenesterne p\u00e5 webstedet stilles gratis til r\u00e5dighed, er vi ikke ansvarlige for tab eller skader af nogen art.<\/p>","protected":false},"excerpt":{"rendered":"<p>Terms and Conditions Welcome to Yaxne.com! These terms and conditions outline the rules and regulations for the use of Yaxne&#8217;s Website, located at https:\/\/Yaxne.com. By accessing this website, we assume you accept these terms and conditions. Do not continue to use Yaxne.com if you do not agree to take all of the terms and conditions [&hellip;]<\/p>\n","protected":false},"author":1,"featured_media":0,"parent":0,"menu_order":0,"comment_status":"closed","ping_status":"closed","template":"","meta":{"_uag_custom_page_level_css":"","site-sidebar-layout":"default","site-content-layout":"","ast-site-content-layout":"default","site-content-style":"default","site-sidebar-style":"default","ast-global-header-display":"","ast-banner-title-visibility":"","ast-main-header-display":"","ast-hfb-above-header-display":"","ast-hfb-below-header-display":"","ast-hfb-mobile-header-display":"","site-post-title":"","ast-breadcrumbs-content":"","ast-featured-img":"","footer-sml-layout":"","ast-disable-related-posts":"","theme-transparent-header-meta":"","adv-header-id-meta":"","stick-header-meta":"","header-above-stick-meta":"","header-main-stick-meta":"","header-below-stick-meta":"","astra-migrate-meta-layouts":"set","ast-page-background-enabled":"default","ast-page-background-meta":{"desktop":{"background-color":"var(--ast-global-color-4)","background-image":"","background-repeat":"repeat","background-position":"center center","background-size":"auto","background-attachment":"scroll","background-type":"","background-media":"","overlay-type":"","overlay-color":"","overlay-opacity":"","overlay-gradient":""},"tablet":{"background-color":"","background-image":"","background-repeat":"repeat","background-position":"center center","background-size":"auto","background-attachment":"scroll","background-type":"","background-media":"","overlay-type":"","overlay-color":"","overlay-opacity":"","overlay-gradient":""},"mobile":{"background-color":"","background-image":"","background-repeat":"repeat","background-position":"center center","background-size":"auto","background-attachment":"scroll","background-type":"","background-media":"","overlay-type":"","overlay-color":"","overlay-opacity":"","overlay-gradient":""}},"ast-content-background-meta":{"desktop":{"background-color":"var(--ast-global-color-5)","background-image":"","background-repeat":"repeat","background-position":"center center","background-size":"auto","background-attachment":"scroll","background-type":"","background-media":"","overlay-type":"","overlay-color":"","overlay-opacity":"","overlay-gradient":""},"tablet":{"background-color":"var(--ast-global-color-5)","background-image":"","background-repeat":"repeat","background-position":"center center","background-size":"auto","background-attachment":"scroll","background-type":"","background-media":"","overlay-type":"","overlay-color":"","overlay-opacity":"","overlay-gradient":""},"mobile":{"background-color":"var(--ast-global-color-5)","background-image":"","background-repeat":"repeat","background-position":"center center","background-size":"auto","background-attachment":"scroll","background-type":"","background-media":"","overlay-type":"","overlay-color":"","overlay-opacity":"","overlay-gradient":""}},"footnotes":""},"class_list":["post-2455","page","type-page","status-publish","hentry"],"yoast_head":"<!-- This site is optimized with the Yoast SEO plugin v27.4 - https:\/\/yoast.com\/product\/yoast-seo-wordpress\/ -->\n<title>Terms and Conditions - Period Panties, Thongs, G-Strings - Yaxne<\/title>\n<meta name=\"description\" content=\"Read our terms and conditions for period panties, panties, G-strings, thongs, micro thongs. Ensure your purchase is secure and informed.\" \/>\n<meta name=\"robots\" content=\"index, follow, max-snippet:-1, max-image-preview:large, max-video-preview:-1\" \/>\n<link rel=\"canonical\" href=\"https:\/\/yaxne.com\/da\/vilkar-og-betingelser\/\" \/>\n<meta property=\"og:locale\" content=\"da_DK\" \/>\n<meta property=\"og:type\" content=\"article\" \/>\n<meta property=\"og:title\" content=\"Terms and Conditions - Period Panties, Thongs, G-Strings - Yaxne\" \/>\n<meta property=\"og:description\" content=\"Read our terms and conditions for period panties, panties, G-strings, thongs, micro thongs. Ensure your purchase is secure and informed.\" \/>\n<meta property=\"og:url\" content=\"https:\/\/yaxne.com\/da\/vilkar-og-betingelser\/\" \/>\n<meta property=\"og:site_name\" content=\"Yaxne\" \/>\n<meta property=\"article:modified_time\" content=\"2024-07-12T09:18:19+00:00\" \/>\n<meta name=\"twitter:card\" content=\"summary_large_image\" \/>\n<meta name=\"twitter:label1\" content=\"Estimeret l\u00e6setid\" \/>\n\t<meta name=\"twitter:data1\" content=\"8 minutter\" \/>\n<script type=\"application\/ld+json\" class=\"yoast-schema-graph\">{\"@context\":\"https:\\\/\\\/schema.org\",\"@graph\":[{\"@type\":\"WebPage\",\"@id\":\"https:\\\/\\\/yaxne.com\\\/terms-and-conditions\\\/\",\"url\":\"https:\\\/\\\/yaxne.com\\\/terms-and-conditions\\\/\",\"name\":\"Terms and Conditions - Period Panties, Thongs, G-Strings - Yaxne\",\"isPartOf\":{\"@id\":\"https:\\\/\\\/yaxne.com\\\/#website\"},\"datePublished\":\"2024-07-12T09:08:51+00:00\",\"dateModified\":\"2024-07-12T09:18:19+00:00\",\"description\":\"Read our terms and conditions for period panties, panties, G-strings, thongs, micro thongs. Ensure your purchase is secure and informed.\",\"breadcrumb\":{\"@id\":\"https:\\\/\\\/yaxne.com\\\/terms-and-conditions\\\/#breadcrumb\"},\"inLanguage\":\"da-DK\",\"potentialAction\":[{\"@type\":\"ReadAction\",\"target\":[\"https:\\\/\\\/yaxne.com\\\/terms-and-conditions\\\/\"]}]},{\"@type\":\"BreadcrumbList\",\"@id\":\"https:\\\/\\\/yaxne.com\\\/terms-and-conditions\\\/#breadcrumb\",\"itemListElement\":[{\"@type\":\"ListItem\",\"position\":1,\"name\":\"\u9996\u9875\",\"item\":\"https:\\\/\\\/yaxne.com\\\/\"},{\"@type\":\"ListItem\",\"position\":2,\"name\":\"Terms and Conditions\"}]},{\"@type\":\"WebSite\",\"@id\":\"https:\\\/\\\/yaxne.com\\\/#website\",\"url\":\"https:\\\/\\\/yaxne.com\\\/\",\"name\":\"yaxne.com\",\"description\":\"\",\"publisher\":{\"@id\":\"https:\\\/\\\/yaxne.com\\\/#organization\"},\"potentialAction\":[{\"@type\":\"SearchAction\",\"target\":{\"@type\":\"EntryPoint\",\"urlTemplate\":\"https:\\\/\\\/yaxne.com\\\/?s={search_term_string}\"},\"query-input\":{\"@type\":\"PropertyValueSpecification\",\"valueRequired\":true,\"valueName\":\"search_term_string\"}}],\"inLanguage\":\"da-DK\"},{\"@type\":\"Organization\",\"@id\":\"https:\\\/\\\/yaxne.com\\\/#organization\",\"name\":\"yaxne.com\",\"url\":\"https:\\\/\\\/yaxne.com\\\/\",\"logo\":{\"@type\":\"ImageObject\",\"inLanguage\":\"da-DK\",\"@id\":\"https:\\\/\\\/yaxne.com\\\/#\\\/schema\\\/logo\\\/image\\\/\",\"url\":\"https:\\\/\\\/yaxne.com\\\/wp-content\\\/uploads\\\/2024\\\/07\\\/logo.png\",\"contentUrl\":\"https:\\\/\\\/yaxne.com\\\/wp-content\\\/uploads\\\/2024\\\/07\\\/logo.png\",\"width\":967,\"height\":246,\"caption\":\"yaxne.com\"},\"image\":{\"@id\":\"https:\\\/\\\/yaxne.com\\\/#\\\/schema\\\/logo\\\/image\\\/\"}}]}<\/script>\n<!-- \/ Yoast SEO plugin. -->","yoast_head_json":{"title":"Vilk\u00e5r og betingelser - Periodiske trusser, g-strenge og tangaer - Yaxne","description":"L\u00e6s vores vilk\u00e5r og betingelser for menstruationstrusser, trusser, G-strenge, g-strenge, mikro-g-strenge. S\u00f8rg for, at dit k\u00f8b er sikkert og informeret.","robots":{"index":"index","follow":"follow","max-snippet":"max-snippet:-1","max-image-preview":"max-image-preview:large","max-video-preview":"max-video-preview:-1"},"canonical":"https:\/\/yaxne.com\/da\/vilkar-og-betingelser\/","og_locale":"da_DK","og_type":"article","og_title":"Terms and Conditions - Period Panties, Thongs, G-Strings - Yaxne","og_description":"Read our terms and conditions for period panties, panties, G-strings, thongs, micro thongs. Ensure your purchase is secure and informed.","og_url":"https:\/\/yaxne.com\/da\/vilkar-og-betingelser\/","og_site_name":"Yaxne","article_modified_time":"2024-07-12T09:18:19+00:00","twitter_card":"summary_large_image","twitter_misc":{"Estimeret l\u00e6setid":"8 minutter"},"schema":{"@context":"https:\/\/schema.org","@graph":[{"@type":"WebPage","@id":"https:\/\/yaxne.com\/terms-and-conditions\/","url":"https:\/\/yaxne.com\/terms-and-conditions\/","name":"Vilk\u00e5r og betingelser - Periodiske trusser, g-strenge og tangaer - Yaxne","isPartOf":{"@id":"https:\/\/yaxne.com\/#website"},"datePublished":"2024-07-12T09:08:51+00:00","dateModified":"2024-07-12T09:18:19+00:00","description":"L\u00e6s vores vilk\u00e5r og betingelser for menstruationstrusser, trusser, G-strenge, g-strenge, mikro-g-strenge. S\u00f8rg for, at dit k\u00f8b er sikkert og informeret.","breadcrumb":{"@id":"https:\/\/yaxne.com\/terms-and-conditions\/#breadcrumb"},"inLanguage":"da-DK","potentialAction":[{"@type":"ReadAction","target":["https:\/\/yaxne.com\/terms-and-conditions\/"]}]},{"@type":"BreadcrumbList","@id":"https:\/\/yaxne.com\/terms-and-conditions\/#breadcrumb","itemListElement":[{"@type":"ListItem","position":1,"name":"\u9996\u9875","item":"https:\/\/yaxne.com\/"},{"@type":"ListItem","position":2,"name":"Terms and Conditions"}]},{"@type":"WebSite","@id":"https:\/\/yaxne.com\/#website","url":"https:\/\/yaxne.com\/","name":"yaxne.com","description":"","publisher":{"@id":"https:\/\/yaxne.com\/#organization"},"potentialAction":[{"@type":"SearchAction","target":{"@type":"EntryPoint","urlTemplate":"https:\/\/yaxne.com\/?s={search_term_string}"},"query-input":{"@type":"PropertyValueSpecification","valueRequired":true,"valueName":"search_term_string"}}],"inLanguage":"da-DK"},{"@type":"Organization","@id":"https:\/\/yaxne.com\/#organization","name":"yaxne.com","url":"https:\/\/yaxne.com\/","logo":{"@type":"ImageObject","inLanguage":"da-DK","@id":"https:\/\/yaxne.com\/#\/schema\/logo\/image\/","url":"https:\/\/yaxne.com\/wp-content\/uploads\/2024\/07\/logo.png","contentUrl":"https:\/\/yaxne.com\/wp-content\/uploads\/2024\/07\/logo.png","width":967,"height":246,"caption":"yaxne.com"},"image":{"@id":"https:\/\/yaxne.com\/#\/schema\/logo\/image\/"}}]}},"uagb_featured_image_src":{"full":false,"thumbnail":false,"medium":false,"medium_large":false,"large":false,"1536x1536":false,"2048x2048":false,"trp-custom-language-flag":false,"woocommerce_thumbnail":false,"woocommerce_single":false,"woocommerce_gallery_thumbnail":false},"uagb_author_info":{"display_name":"tianke1223@gmail.com","author_link":"https:\/\/yaxne.com\/da\/author\/tianke1223gmail-com\/"},"uagb_comment_info":0,"uagb_excerpt":"Terms and Conditions Welcome to Yaxne.com! These terms and conditions outline the rules and regulations for the use of Yaxne&#8217;s Website, located at https:\/\/Yaxne.com. By accessing this website, we assume you accept these terms and conditions. Do not continue to use Yaxne.com if you do not agree to take all of the terms and conditions&hellip;","jetpack_sharing_enabled":true,"_links":{"self":[{"href":"https:\/\/yaxne.com\/da\/wp-json\/wp\/v2\/pages\/2455","targetHints":{"allow":["GET"]}}],"collection":[{"href":"https:\/\/yaxne.com\/da\/wp-json\/wp\/v2\/pages"}],"about":[{"href":"https:\/\/yaxne.com\/da\/wp-json\/wp\/v2\/types\/page"}],"author":[{"embeddable":true,"href":"https:\/\/yaxne.com\/da\/wp-json\/wp\/v2\/users\/1"}],"replies":[{"embeddable":true,"href":"https:\/\/yaxne.com\/da\/wp-json\/wp\/v2\/comments?post=2455"}],"version-history":[{"count":2,"href":"https:\/\/yaxne.com\/da\/wp-json\/wp\/v2\/pages\/2455\/revisions"}],"predecessor-version":[{"id":2457,"href":"https:\/\/yaxne.com\/da\/wp-json\/wp\/v2\/pages\/2455\/revisions\/2457"}],"wp:attachment":[{"href":"https:\/\/yaxne.com\/da\/wp-json\/wp\/v2\/media?parent=2455"}],"curies":[{"name":"wp","href":"https:\/\/api.w.org\/{rel}","templated":true}]}}